{"id":14395,"date":"2020-06-08T08:50:39","date_gmt":"2020-06-08T08:50:39","guid":{"rendered":"http:\/\/www.manabi.gob.ec\/?page_id=14395"},"modified":"2025-04-08T17:03:48","modified_gmt":"2025-04-08T17:03:48","slug":"desarrollo-humano","status":"publish","type":"page","link":"https:\/\/www.manabi.gob.ec\/index.php\/desarrollo-humano\/","title":{"rendered":"Desarrollo Humano"},"content":{"rendered":"<p>[vc_row color_skin=\u00bbskin-dark\u00bb bg_overlay_mode=\u00bbcolor\u00bb bg_overlay_color=\u00bbrgba(3,101,54,0.95)\u00bb css=\u00bb.vc_custom_1586687334237{background-image: url(http:\/\/www.manabi.gob.ec\/wp-content\/uploads\/2020\/04\/excavadorr.jpg?id=2140) !important;background-position: center !important;background-repeat: no-repeat !important;background-size: cover !important;}\u00bb][vc_column][gsf_space desktop=\u00bb65&#8243; tablet=\u00bb80&#8243; tablet_portrait=\u00bb70&#8243; mobile_landscape=\u00bb60&#8243; mobile=\u00bb60&#8243;][vc_row_inner][vc_column_inner width=\u00bb2\/6&#8243;][vc_column_text]<\/p>\n<h2 class=\"primary-font fs-40\" style=\"line-height: 1.125; margin-top: 13px; letter-spacing: 0.02em; text-align: right;\">Desarrollo<br \/>\n<span class=\"fw-light\">Humano<\/span><\/h2>\n<p>[\/vc_column_text][\/vc_column_inner][vc_column_inner width=\u00bb3\/6&#8243; css=\u00bb.vc_custom_1744131758573{padding-top: 25px !important;}\u00bb][vc_column_text css=\u00bb.vc_custom_1701463814361{margin-bottom: 45px !important;}\u00bb]<\/p>\n<p><span style=\"color: #ffffff;\"><span style=\"caret-color: #ffffff;\">Con sus proyectos Manab\u00ed Saludable, Rompiendo Barreras, Entrenando Valores y proyectos de Erradicaci\u00f3n de la Violencia de Genero, el Gobierno de Manab\u00ed trabaja por el desarrollo de sus ciudadanos con desarrollo y equidad <\/span><\/span><\/p>\n<p>[\/vc_column_text][\/vc_column_inner][vc_column_inner width=\u00bb1\/6&#8243;][\/vc_column_inner][\/vc_row_inner][gsf_space desktop=\u00bb60&#8243; tablet=\u00bb50&#8243; tablet_portrait=\u00bb40&#8243; mobile_landscape=\u00bb30&#8243; mobile=\u00bb30&#8243;][\/vc_column][\/vc_row][vc_row][vc_column][gsf_space desktop=\u00bb150&#8243; tablet=\u00bb70&#8243; tablet_portrait=\u00bb60&#8243; mobile_landscape=\u00bb60&#8243; mobile=\u00bb60&#8243;][gsf_slider_container nav=\u00bb\u00bb autoplay=\u00bbon\u00bb columns=\u00bb3&#8243; columns_md=\u00bb3&#8243; columns_sm=\u00bb2&#8243; columns_xs=\u00bb1&#8243; columns_mb=\u00bb1&#8243;][gsf_feature_box image=\u00bb13526&#8243; text_align=\u00bbtext-left\u00bb link=\u00bb|||\u00bb feature_images=\u00bb108&#8243; title=\u00bbEje de Inclusi\u00f3n Social\u00bb]<span style=\"color: #e28c33; font-size: 55px; line-height: 45px;\"><strong>12.388<\/strong><\/span><br \/>\n<span style=\"font-size: 18px;\">Beneficiados<\/span>[\/gsf_feature_box][gsf_feature_box image=\u00bb13545&#8243; text_align=\u00bbtext-left\u00bb link=\u00bb|||\u00bb feature_images=\u00bb127&#8243; title=\u00bbEje de gesti\u00f3n comunitaria\u00bb]<span style=\"color: #e28c33; font-size: 55px; line-height: 45px;\"><strong>14.462<\/strong><\/span><br \/>\n<span style=\"font-size: 18px;\">Beneficiados<\/span>[\/gsf_feature_box][gsf_feature_box image=\u00bb14030&#8243; text_align=\u00bbtext-left\u00bb link=\u00bburl:%23|||\u00bb feature_images=\u00bb417&#8243; title=\u00bbEje Arte, Cultura y Recreaci\u00f3n\u00bb]<span style=\"color: #e28c33; font-size: 55px; line-height: 45px;\"><strong>14.102<\/strong><\/span><br \/>\n<span style=\"font-size: 18px;\">Beneficiados<\/span>[\/gsf_feature_box][\/gsf_slider_container][gsf_space desktop=\u00bb50&#8243; tablet=\u00bb70&#8243; tablet_portrait=\u00bb60&#8243; mobile_landscape=\u00bb60&#8243; mobile=\u00bb60&#8243;][\/vc_column][\/vc_row][vc_row color_skin=\u00bbskin-dark\u00bb container_width=\u00bblimit\u00bb equal_height=\u00bbyes\u00bb parallax=\u00bbcontent-moving\u00bb css=\u00bb.vc_custom_1591721405451{background-position: center;background-repeat: no-repeat;background-size: cover !important;}\u00bb][vc_column color_skin=\u00bbskin-light\u00bb width=\u00bb1\/2&#8243; css=\u00bb.vc_custom_1591721654667{background-color: #f4f4f4 !important;}\u00bb][vc_separator color=\u00bbchino\u00bb style=\u00bbdotted\u00bb][gsf_space desktop=\u00bb90&#8243; tablet=\u00bb70&#8243; tablet_portrait=\u00bb60&#8243; mobile_landscape=\u00bb60&#8243; mobile=\u00bb60&#8243;][gsf_heading sub_title=\u00bb\u00bb local_subtitle=\u00bbsubtitle-bottom\u00bb text_align=\u00bbtext-center\u00bb title=\u00bbCertificates of RubyBuild\u00bb]<strong class=\"uppercase\">ENTRENANDO VALORES<br \/>\n<\/strong><span class=\"accent-color\" style=\"color: #036536;\">Impulsando el deporte<\/span>[\/gsf_heading][vc_column_text]<\/p>\n<p style=\"text-align: center;\">El programa entrenando valores<br \/>\nes el proyecto Deportivo y Recreacional<br \/>\nque impulsa el Gobierno de Manab\u00ed<br \/>\ncon ni\u00f1os, ni\u00f1as y adolescentes.[\/vc_column_text][gsf_space desktop=\u00bb100&#8243; tablet=\u00bb70&#8243; tablet_portrait=\u00bb60&#8243; mobile_landscape=\u00bb60&#8243; mobile=\u00bb60&#8243;][\/vc_column][vc_column parallax=\u00bbcontent-moving\u00bb parallax_image=\u00bb14482&#8243; parallax_speed_bg=\u00bb1.3&#8243; width=\u00bb1\/2&#8243; css=\u00bb.vc_custom_1591722155327{background-position: center !important;background-repeat: no-repeat !important;background-size: cover !important;}\u00bb offset=\u00bbvc_col-xs-12&#8243;][vc_empty_space height=\u00bb300px\u00bb][\/vc_column][\/vc_row][vc_row color_skin=\u00bbskin-light\u00bb container_width=\u00bblimit\u00bb equal_height=\u00bbyes\u00bb parallax=\u00bbcontent-moving\u00bb css=\u00bb.vc_custom_1591721670176{background-color: #f2f2f2 !important;background-position: center;background-repeat: no-repeat;background-size: cover !important;}\u00bb][vc_column color_skin=\u00bbskin-light\u00bb parallax=\u00bbcontent-moving\u00bb parallax_image=\u00bb14491&#8243; width=\u00bb1\/2&#8243; css=\u00bb.vc_custom_1591722064256{background-position: center !important;background-repeat: no-repeat !important;background-size: cover !important;}\u00bb][vc_empty_space height=\u00bb300px\u00bb][\/vc_column][vc_column width=\u00bb1\/2&#8243; css=\u00bb.vc_custom_1586689829404{background-position: center !important;background-repeat: no-repeat !important;background-size: cover !important;}\u00bb][gsf_space desktop=\u00bb90&#8243; tablet=\u00bb70&#8243; tablet_portrait=\u00bb60&#8243; mobile_landscape=\u00bb60&#8243; mobile=\u00bb60&#8243;][gsf_heading sub_title=\u00bb\u00bb local_subtitle=\u00bbsubtitle-bottom\u00bb text_align=\u00bbtext-center\u00bb title=\u00bbCertificates of RubyBuild\u00bb]<strong class=\"uppercase\">Manab\u00ed te cuenta unA HISTORIA<br \/>\n<\/strong><span class=\"accent-color\" style=\"color: #036536;\">Impulsando el arte en los j\u00f3venes<\/span>[\/gsf_heading][vc_column_text css=\u00bb.vc_custom_1591722417434{padding-right: 55px !important;padding-left: 55px !important;}\u00bb]<\/p>\n<p style=\"text-align: center;\">Talleres de pintura y arte para<br \/>\nni\u00f1os y ni\u00f1as manabitas que ha<br \/>\nproducido hermosos murales en<br \/>\ntoda la provincia.[\/vc_column_text][gsf_space desktop=\u00bb100&#8243; tablet=\u00bb70&#8243; tablet_portrait=\u00bb60&#8243; mobile_landscape=\u00bb60&#8243; mobile=\u00bb60&#8243;][\/vc_column][\/vc_row][vc_row color_skin=\u00bbskin-dark\u00bb container_width=\u00bblimit\u00bb equal_height=\u00bbyes\u00bb parallax=\u00bbcontent-moving\u00bb css=\u00bb.vc_custom_1586690051039{background-position: center;background-repeat: no-repeat;background-size:cover !important;}\u00bb][vc_column color_skin=\u00bbskin-light\u00bb width=\u00bb1\/2&#8243; css=\u00bb.vc_custom_1591721688310{background-color: #f2f2f2 !important;}\u00bb][gsf_space desktop=\u00bb90&#8243; tablet=\u00bb70&#8243; tablet_portrait=\u00bb60&#8243; mobile_landscape=\u00bb60&#8243; mobile=\u00bb60&#8243;][gsf_heading sub_title=\u00bb\u00bb local_subtitle=\u00bbsubtitle-bottom\u00bb text_align=\u00bbtext-center\u00bb title=\u00bbCertificates of RubyBuild\u00bb]<strong class=\"uppercase\">Rompiendo barreras<br \/>\n<\/strong><span class=\"accent-color\" style=\"color: #036536;\">Programa fitness para adultos mayores<\/span>[\/gsf_heading][vc_column_text]<\/p>\n<p style=\"text-align: center;\">Proyecto para mejorar el estilo de vida<br \/>\ndel adulto mayor previniendo su envejecimiento<br \/>\nf\u00edsico prematuro, mental, y emocional, a trav\u00e9s<br \/>\nde actividades f\u00edsicas moderadas.[\/vc_column_text][gsf_space desktop=\u00bb100&#8243; tablet=\u00bb70&#8243; tablet_portrait=\u00bb60&#8243; mobile_landscape=\u00bb60&#8243; mobile=\u00bb60&#8243;][\/vc_column][vc_column parallax=\u00bbcontent-moving\u00bb parallax_image=\u00bb14495&#8243; parallax_speed_bg=\u00bb1.3&#8243; width=\u00bb1\/2&#8243; css=\u00bb.vc_custom_1591722694161{background-position: center !important;background-repeat: no-repeat !important;background-size: cover !important;}\u00bb][vc_empty_space height=\u00bb300px\u00bb][\/vc_column][\/vc_row][vc_row el_class=\u00bbposition-relative\u00bb][vc_column][gsf_space desktop=\u00bb100&#8243; tablet=\u00bb60&#8243; tablet_portrait=\u00bb60&#8243; mobile_landscape=\u00bb50&#8243; mobile=\u00bb50&#8243;][vc_separator color=\u00bbchino\u00bb style=\u00bbdotted\u00bb][gsf_heading sub_title=\u00bb\u00bb text_align=\u00bbtext-center\u00bb]<strong class=\"uppercase\">NOTICIAS<\/strong>[\/gsf_heading][gsf_space desktop=\u00bb40&#8243; tablet=\u00bb60&#8243; tablet_portrait=\u00bb60&#8243; mobile_landscape=\u00bb50&#8243; mobile=\u00bb50&#8243;][gsf_posts posts_per_page=\u00bb3&#8243; show_cate_filter=\u00bb\u00bb post_columns_gutter=\u00bb20&#8243; post_animation=\u00bb\u00bb category=\u00bbdesarrollo-humano\u00bb columns=\u00bb3&#8243; columns_md=\u00bb2&#8243; columns_sm=\u00bb2&#8243; columns_xs=\u00bb1&#8243; columns_mb=\u00bb1&#8243; include_heading=\u00bb\u00bb ids=\u00bb\u00bb][gsf_space desktop=\u00bb50&#8243; tablet=\u00bb60&#8243; tablet_portrait=\u00bb60&#8243; mobile_landscape=\u00bb50&#8243; mobile=\u00bb50&#8243;][gsf_button title=\u00bbTodas las noticias\u00bb color=\u00bbblack\u00bb size=\u00bbmd\u00bb align=\u00bbcenter\u00bb link=\u00bburl:https%3A%2F%2Fsebastiandelacadena.com%2Fpruebagpm2%2Fblog%2F|||\u00bb][gsf_space desktop=\u00bb130&#8243; tablet=\u00bb60&#8243; tablet_portrait=\u00bb60&#8243; mobile_landscape=\u00bb50&#8243; mobile=\u00bb50&#8243;][\/vc_column][\/vc_row][vc_row color_skin=\u00bbskin-dark\u00bb parallax=\u00bbcontent-moving\u00bb bg_overlay_mode=\u00bbcolor\u00bb bg_overlay_color=\u00bbrgba(3,101,54,0.95)\u00bb css=\u00bb.vc_custom_1588022010060{background-position: 0 0;background-repeat:epeat !important;}\u00bb][vc_column][gsf_space desktop=\u00bb90&#8243; tablet=\u00bb70&#8243; tablet_portrait=\u00bb60&#8243; mobile_landscape=\u00bb60&#8243; mobile=\u00bb60&#8243;][gsf_heading sub_title=\u00bb\u00bb local_subtitle=\u00bbsubtitle-bottom\u00bb text_align=\u00bbtext-center\u00bb title=\u00bbCertificates of RubyBuild\u00bb]<strong class=\"uppercase\">Manab\u00ed<\/strong> te cuenta <span class=\"accent-color\">una historia<\/span>[\/gsf_heading][vc_video link=\u00bbhttps:\/\/www.youtube.com\/watch?v=YWhRZDItb2g\u00bb align=\u00bbcenter\u00bb][gsf_space desktop=\u00bb130&#8243; tablet=\u00bb70&#8243; tablet_portrait=\u00bb60&#8243; mobile_landscape=\u00bb60&#8243; mobile=\u00bb60&#8243;][\/vc_column][\/vc_row][vc_row color_skin=\u00bbskin-light\u00bb bg_overlay_mode=\u00bbcolor\u00bb css=\u00bb.vc_custom_1587627854348{background-position: center !important;background-repeat: no-repeat !important;background-size: cover !important;}\u00bb][vc_column][gsf_space desktop=\u00bb90&#8243; tablet=\u00bb70&#8243; tablet_portrait=\u00bb60&#8243; mobile_landscape=\u00bb60&#8243; mobile=\u00bb60&#8243;][gsf_heading sub_title=\u00bb\u00bb local_subtitle=\u00bbsubtitle-bottom\u00bb text_align=\u00bbtext-center\u00bb title=\u00bbCertificates of RubyBuild\u00bb]<strong class=\"uppercase\">Nuestras<\/strong><span class=\"accent-color\"> autoridades<\/span>[\/gsf_heading][gsf_space desktop=\u00bb60&#8243; tablet=\u00bb70&#8243; tablet_portrait=\u00bb60&#8243; mobile_landscape=\u00bb60&#8243; mobile=\u00bb60&#8243;][vc_row_inner gap=\u00bb35&#8243;][vc_column_inner width=\u00bb1\/12&#8243;][\/vc_column_inner][vc_column_inner width=\u00bb10\/12&#8243; css=\u00bb.vc_custom_1587886356198{margin-bottom: 0px !important;}\u00bb][gsf_our_team our_team_layout=\u00bblist\u00bb our_team_per_page=\u00bb2&#8243; our_team_animation=\u00bb\u00bb][\/vc_column_inner][vc_column_inner width=\u00bb1\/12&#8243; css=\u00bb.vc_custom_1587630422574{margin-bottom: 0px !important;background-color: #efefef !important;}\u00bb][\/vc_column_inner][\/vc_row_inner][gsf_space desktop=\u00bb100&#8243; tablet=\u00bb70&#8243; tablet_portrait=\u00bb60&#8243; mobile_landscape=\u00bb60&#8243; mobile=\u00bb60&#8243;][\/vc_column][\/vc_row][vc_row color_skin=\u00bbskin-light\u00bb parallax=\u00bbcontent-moving\u00bb css=\u00bb.vc_custom_1588092715385{background-color: #f4f4f4 !important;background-position: center;background-repeat: no-repeat;background-size: cover !important;}\u00bb][vc_column][gsf_space desktop=\u00bb100&#8243; tablet=\u00bb70&#8243; tablet_portrait=\u00bb60&#8243; mobile_landscape=\u00bb60&#8243; mobile=\u00bb60&#8243;][gsf_heading sub_title=\u00bb\u00bb local_subtitle=\u00bbsubtitle-bottom\u00bb text_align=\u00bbtext-center\u00bb title=\u00bbCertificates of RubyBuild\u00bb]<strong class=\"uppercase\">Directorio<\/strong><span class=\"accent-color\"> GAD parroquiales<\/span>[\/gsf_heading][gsf_space desktop=\u00bb70&#8243; tablet=\u00bb70&#8243; tablet_portrait=\u00bb60&#8243; mobile_landscape=\u00bb60&#8243; mobile=\u00bb60&#8243;][vc_row_inner gap=\u00bb35&#8243;][vc_column_inner width=\u00bb1\/2&#8243;][vc_raw_html]JTVCZGV2dm5faWhvdHNwb3QlMjBpZCUzRCUyMjI1OTIlMjIlNUQ=[\/vc_raw_html][\/vc_column_inner][vc_column_inner width=\u00bb1\/2&#8243; css=\u00bb.vc_custom_1587886356198{margin-bottom: 0px !important;}\u00bb][gsf_space desktop=\u00bb100&#8243; tablet=\u00bb70&#8243; tablet_portrait=\u00bb60&#8243; mobile_landscape=\u00bb50&#8243; mobile=\u00bb40&#8243;][gsf_heading sub_title=\u00bb\u00bb]<strong class=\"uppercase\"><span style=\"font-size: 60px; line-height: 5px;\">22<\/span><\/strong><br \/>\n<span class=\"accent-color\" style=\"font-size: 24px; line-height: 5px;\">cantones<\/span>[\/gsf_heading][gsf_space desktop=\u00bb50&#8243; tablet=\u00bb70&#8243; tablet_portrait=\u00bb60&#8243; mobile_landscape=\u00bb50&#8243; mobile=\u00bb40&#8243;][gsf_heading sub_title=\u00bb\u00bb]<strong class=\"uppercase\"><span style=\"font-size: 60px; line-height: 5px;\">55<\/span><\/strong><br \/>\n<span class=\"accent-color\" style=\"font-size: 24px; line-height: 5px;\">Parroquias Rurales<\/span>[\/gsf_heading][gsf_space desktop=\u00bb70&#8243; tablet=\u00bb70&#8243; tablet_portrait=\u00bb60&#8243; mobile_landscape=\u00bb50&#8243; mobile=\u00bb40&#8243;][vc_column_text css=\u00bb.vc_custom_1588063240129{padding-right: 50px !important;}\u00bb]Donec varius sodales orci. Class aptent taciti sociosqu ad litora citi sociosqu ad litora torquent per nostra, per inceptos himenae varius a sodales orci. Class aptent tasciti sociosqu ad litora per conubia end of content.[\/vc_column_text][gsf_space desktop=\u00bb25&#8243; tablet=\u00bb70&#8243; tablet_portrait=\u00bb60&#8243; mobile_landscape=\u00bb50&#8243; mobile=\u00bb40&#8243;][gsf_button title=\u00bbir al directorio\u00bb link=\u00bburl:%23|||\u00bb][\/vc_column_inner][\/vc_row_inner][gsf_space desktop=\u00bb70&#8243; tablet=\u00bb70&#8243; tablet_portrait=\u00bb60&#8243; mobile_landscape=\u00bb60&#8243; mobile=\u00bb60&#8243;][\/vc_column][\/vc_row]<\/p>\n","protected":false},"excerpt":{"rendered":"<p>[vc_row color_skin=\u00bbskin-dark\u00bb bg_overlay_mode=\u00bbcolor\u00bb bg_overlay_color=\u00bbrgba(3,101,54,0.95)\u00bb css=\u00bb.vc_custom_1586687334237{background-image: url(http:\/\/www.manabi.gob.ec\/wp-content\/uploads\/2020\/04\/excavadorr.jpg?id=2140) !important;background-position: center !important;background-repeat: no-repeat !important;background-size: cover !important;}\u00bb][vc_column][gsf_space desktop=\u00bb65&#8243; tablet=\u00bb80&#8243; tablet_portrait=\u00bb70&#8243; mobile_landscape=\u00bb60&#8243; mobile=\u00bb60&#8243;][vc_row_inner][vc_column_inner width=\u00bb2\/6&#8243;][vc_column_text] Desarrollo Humano [\/vc_column_text][\/vc_column_inner][vc_column_inner width=\u00bb3\/6&#8243; css=\u00bb.vc_custom_1744131758573{padding-top: 25px !important;}\u00bb][vc_column_text css=\u00bb.vc_custom_1701463814361{margin-bottom: 45px !important;}\u00bb] Con sus proyectos Manab\u00ed Saludable, Rompiendo Barreras, Entrenando Valores y proyectos de Erradicaci\u00f3n de la Violencia de Genero, el Gobierno de Manab\u00ed trabaja por el desarrollo [&hellip;]<\/p>\n","protected":false},"author":1,"featured_media":0,"parent":0,"menu_order":0,"comment_status":"closed","ping_status":"closed","template":"","meta":{"_joinchat":[],"footnotes":""},"class_list":["post-14395","page","type-page","status-publish","hentry"],"yoast_head":"<!-- This site is optimized with the Yoast SEO plugin v27.4 - https:\/\/yoast.com\/product\/yoast-seo-wordpress\/ -->\n<title>Desarrollo Humano - Prefectura de Manab\u00ed<\/title>\n<meta name=\"robots\" content=\"index, follow, max-snippet:-1, max-image-preview:large, max-video-preview:-1\" \/>\n<link rel=\"canonical\" href=\"https:\/\/www.manabi.gob.ec\/index.php\/desarrollo-humano\/\" \/>\n<meta property=\"og:locale\" content=\"es_ES\" \/>\n<meta property=\"og:type\" content=\"article\" \/>\n<meta property=\"og:title\" content=\"Desarrollo Humano - Prefectura de Manab\u00ed\" \/>\n<meta property=\"og:description\" content=\"[vc_row color_skin=\u00bbskin-dark\u00bb bg_overlay_mode=\u00bbcolor\u00bb bg_overlay_color=\u00bbrgba(3,101,54,0.95)\u00bb css=\u00bb.vc_custom_1586687334237{background-image: url(http:\/\/www.manabi.gob.ec\/wp-content\/uploads\/2020\/04\/excavadorr.jpg?id=2140) !important;background-position: center !important;background-repeat: no-repeat !important;background-size: cover !important;}\u00bb][vc_column][gsf_space desktop=\u00bb65&#8243; tablet=\u00bb80&#8243; tablet_portrait=\u00bb70&#8243; mobile_landscape=\u00bb60&#8243; mobile=\u00bb60&#8243;][vc_row_inner][vc_column_inner width=\u00bb2\/6&#8243;][vc_column_text] Desarrollo Humano [\/vc_column_text][\/vc_column_inner][vc_column_inner width=\u00bb3\/6&#8243; css=\u00bb.vc_custom_1744131758573{padding-top: 25px !important;}\u00bb][vc_column_text css=\u00bb.vc_custom_1701463814361{margin-bottom: 45px !important;}\u00bb] Con sus proyectos Manab\u00ed Saludable, Rompiendo Barreras, Entrenando Valores y proyectos de Erradicaci\u00f3n de la Violencia de Genero, el Gobierno de Manab\u00ed trabaja por el desarrollo [&hellip;]\" \/>\n<meta property=\"og:url\" content=\"https:\/\/www.manabi.gob.ec\/index.php\/desarrollo-humano\/\" \/>\n<meta property=\"og:site_name\" content=\"Prefectura de Manab\u00ed\" \/>\n<meta property=\"article:modified_time\" content=\"2025-04-08T17:03:48+00:00\" \/>\n<meta name=\"twitter:card\" content=\"summary_large_image\" \/>\n<meta name=\"twitter:label1\" content=\"Tiempo de lectura\" \/>\n\t<meta name=\"twitter:data1\" content=\"3 minutos\" \/>\n<script type=\"application\/ld+json\" class=\"yoast-schema-graph\">{\"@context\":\"https:\\\/\\\/schema.org\",\"@graph\":[{\"@type\":\"WebPage\",\"@id\":\"https:\\\/\\\/www.manabi.gob.ec\\\/index.php\\\/desarrollo-humano\\\/\",\"url\":\"https:\\\/\\\/www.manabi.gob.ec\\\/index.php\\\/desarrollo-humano\\\/\",\"name\":\"Desarrollo Humano - Prefectura de Manab\u00ed\",\"isPartOf\":{\"@id\":\"https:\\\/\\\/www.manabi.gob.ec\\\/#website\"},\"datePublished\":\"2020-06-08T08:50:39+00:00\",\"dateModified\":\"2025-04-08T17:03:48+00:00\",\"breadcrumb\":{\"@id\":\"https:\\\/\\\/www.manabi.gob.ec\\\/index.php\\\/desarrollo-humano\\\/#breadcrumb\"},\"inLanguage\":\"es\",\"potentialAction\":[{\"@type\":\"ReadAction\",\"target\":[\"https:\\\/\\\/www.manabi.gob.ec\\\/index.php\\\/desarrollo-humano\\\/\"]}]},{\"@type\":\"BreadcrumbList\",\"@id\":\"https:\\\/\\\/www.manabi.gob.ec\\\/index.php\\\/desarrollo-humano\\\/#breadcrumb\",\"itemListElement\":[{\"@type\":\"ListItem\",\"position\":1,\"name\":\"Portada\",\"item\":\"https:\\\/\\\/www.manabi.gob.ec\\\/\"},{\"@type\":\"ListItem\",\"position\":2,\"name\":\"Desarrollo Humano\"}]},{\"@type\":\"WebSite\",\"@id\":\"https:\\\/\\\/www.manabi.gob.ec\\\/#website\",\"url\":\"https:\\\/\\\/www.manabi.gob.ec\\\/\",\"name\":\"Prefectura de Manab\u00ed\",\"description\":\"P\u00e1gina web de la prefectura\",\"potentialAction\":[{\"@type\":\"SearchAction\",\"target\":{\"@type\":\"EntryPoint\",\"urlTemplate\":\"https:\\\/\\\/www.manabi.gob.ec\\\/?s={search_term_string}\"},\"query-input\":{\"@type\":\"PropertyValueSpecification\",\"valueRequired\":true,\"valueName\":\"search_term_string\"}}],\"inLanguage\":\"es\"}]}<\/script>\n<!-- \/ Yoast SEO plugin. -->","yoast_head_json":{"title":"Desarrollo Humano - Prefectura de Manab\u00ed","robots":{"index":"index","follow":"follow","max-snippet":"max-snippet:-1","max-image-preview":"max-image-preview:large","max-video-preview":"max-video-preview:-1"},"canonical":"https:\/\/www.manabi.gob.ec\/index.php\/desarrollo-humano\/","og_locale":"es_ES","og_type":"article","og_title":"Desarrollo Humano - Prefectura de Manab\u00ed","og_description":"[vc_row color_skin=\u00bbskin-dark\u00bb bg_overlay_mode=\u00bbcolor\u00bb bg_overlay_color=\u00bbrgba(3,101,54,0.95)\u00bb css=\u00bb.vc_custom_1586687334237{background-image: url(http:\/\/www.manabi.gob.ec\/wp-content\/uploads\/2020\/04\/excavadorr.jpg?id=2140) !important;background-position: center !important;background-repeat: no-repeat !important;background-size: cover !important;}\u00bb][vc_column][gsf_space desktop=\u00bb65&#8243; tablet=\u00bb80&#8243; tablet_portrait=\u00bb70&#8243; mobile_landscape=\u00bb60&#8243; mobile=\u00bb60&#8243;][vc_row_inner][vc_column_inner width=\u00bb2\/6&#8243;][vc_column_text] Desarrollo Humano [\/vc_column_text][\/vc_column_inner][vc_column_inner width=\u00bb3\/6&#8243; css=\u00bb.vc_custom_1744131758573{padding-top: 25px !important;}\u00bb][vc_column_text css=\u00bb.vc_custom_1701463814361{margin-bottom: 45px !important;}\u00bb] Con sus proyectos Manab\u00ed Saludable, Rompiendo Barreras, Entrenando Valores y proyectos de Erradicaci\u00f3n de la Violencia de Genero, el Gobierno de Manab\u00ed trabaja por el desarrollo [&hellip;]","og_url":"https:\/\/www.manabi.gob.ec\/index.php\/desarrollo-humano\/","og_site_name":"Prefectura de Manab\u00ed","article_modified_time":"2025-04-08T17:03:48+00:00","twitter_card":"summary_large_image","twitter_misc":{"Tiempo de lectura":"3 minutos"},"schema":{"@context":"https:\/\/schema.org","@graph":[{"@type":"WebPage","@id":"https:\/\/www.manabi.gob.ec\/index.php\/desarrollo-humano\/","url":"https:\/\/www.manabi.gob.ec\/index.php\/desarrollo-humano\/","name":"Desarrollo Humano - Prefectura de Manab\u00ed","isPartOf":{"@id":"https:\/\/www.manabi.gob.ec\/#website"},"datePublished":"2020-06-08T08:50:39+00:00","dateModified":"2025-04-08T17:03:48+00:00","breadcrumb":{"@id":"https:\/\/www.manabi.gob.ec\/index.php\/desarrollo-humano\/#breadcrumb"},"inLanguage":"es","potentialAction":[{"@type":"ReadAction","target":["https:\/\/www.manabi.gob.ec\/index.php\/desarrollo-humano\/"]}]},{"@type":"BreadcrumbList","@id":"https:\/\/www.manabi.gob.ec\/index.php\/desarrollo-humano\/#breadcrumb","itemListElement":[{"@type":"ListItem","position":1,"name":"Portada","item":"https:\/\/www.manabi.gob.ec\/"},{"@type":"ListItem","position":2,"name":"Desarrollo Humano"}]},{"@type":"WebSite","@id":"https:\/\/www.manabi.gob.ec\/#website","url":"https:\/\/www.manabi.gob.ec\/","name":"Prefectura de Manab\u00ed","description":"P\u00e1gina web de la prefectura","potentialAction":[{"@type":"SearchAction","target":{"@type":"EntryPoint","urlTemplate":"https:\/\/www.manabi.gob.ec\/?s={search_term_string}"},"query-input":{"@type":"PropertyValueSpecification","valueRequired":true,"valueName":"search_term_string"}}],"inLanguage":"es"}]}},"_links":{"self":[{"href":"https:\/\/www.manabi.gob.ec\/index.php\/wp-json\/wp\/v2\/pages\/14395","targetHints":{"allow":["GET"]}}],"collection":[{"href":"https:\/\/www.manabi.gob.ec\/index.php\/wp-json\/wp\/v2\/pages"}],"about":[{"href":"https:\/\/www.manabi.gob.ec\/index.php\/wp-json\/wp\/v2\/types\/page"}],"author":[{"embeddable":true,"href":"https:\/\/www.manabi.gob.ec\/index.php\/wp-json\/wp\/v2\/users\/1"}],"replies":[{"embeddable":true,"href":"https:\/\/www.manabi.gob.ec\/index.php\/wp-json\/wp\/v2\/comments?post=14395"}],"version-history":[{"count":10,"href":"https:\/\/www.manabi.gob.ec\/index.php\/wp-json\/wp\/v2\/pages\/14395\/revisions"}],"predecessor-version":[{"id":30479,"href":"https:\/\/www.manabi.gob.ec\/index.php\/wp-json\/wp\/v2\/pages\/14395\/revisions\/30479"}],"wp:attachment":[{"href":"https:\/\/www.manabi.gob.ec\/index.php\/wp-json\/wp\/v2\/media?parent=14395"}],"curies":[{"name":"wp","href":"https:\/\/api.w.org\/{rel}","templated":true}]}}