{"id":14711,"date":"2020-07-31T09:10:32","date_gmt":"2020-07-31T09:10:32","guid":{"rendered":"http:\/\/www.manabi.gob.ec\/?page_id=14711"},"modified":"2025-04-08T20:42:39","modified_gmt":"2025-04-08T20:42:39","slug":"fomento-productivo","status":"publish","type":"page","link":"https:\/\/www.manabi.gob.ec\/index.php\/fomento-productivo\/","title":{"rendered":"Fomento Productivo"},"content":{"rendered":"<p>[vc_row color_skin=\u00bbskin-dark\u00bb bg_overlay_mode=\u00bbcolor\u00bb bg_overlay_color=\u00bbrgba(3,101,54,0.95)\u00bb css=\u00bb.vc_custom_1591510867473{background-image: url(http:\/\/www.manabi.gob.ec\/wp-content\/uploads\/2020\/04\/excavadorr.jpg?id=2140) !important;background-position: center !important;background-repeat: no-repeat !important;background-size: cover !important;}\u00bb][vc_column][gsf_space desktop=\u00bb80&#8243; tablet=\u00bb70&#8243; tablet_portrait=\u00bb60&#8243; mobile_landscape=\u00bb50&#8243; mobile=\u00bb40&#8243;][gsf_heading sub_title=\u00bb\u00bb]<\/p>\n<h2 style=\"text-align: center;\"><strong>Fomento <\/strong><span class=\"accent-color\">Productivo<\/span><\/h2>\n<p>[\/gsf_heading][gsf_space desktop=\u00bb40&#8243; tablet=\u00bb70&#8243; tablet_portrait=\u00bb60&#8243; mobile_landscape=\u00bb50&#8243; mobile=\u00bb40&#8243;][vc_row_inner][vc_column_inner width=\u00bb4\/12&#8243;][gsf_space desktop=\u00bb30&#8243; tablet=\u00bb70&#8243; tablet_portrait=\u00bb60&#8243; mobile_landscape=\u00bb50&#8243; mobile=\u00bb40&#8243;][vc_column_text]<\/p>\n<p style=\"text-align: left;\"><span style=\"color: #ffffff; font-size: 18px;\">La Direcci\u00f3n de Fomento Productivo tiene como misi\u00f3n fomentar el desarrollo productivo de la provincia en las \u00e1reas: Agr\u00edcola, Pecuario, Pesca, Agricultura, Agroindustria, Comercializaci\u00f3n, Microempresas y Fortalecimiento Organizacional, mediante la implementaci\u00f3n y ejecuci\u00f3n de los proyectos en el sector rural, con el fin de contribuir al mejoramiento de los ingresos econ\u00f3micos de las familias y procurar la seguridad alimentaria de sus pobladores<\/span><\/p>\n<p>[\/vc_column_text][\/vc_column_inner][vc_column_inner width=\u00bb8\/12&#8243;][vc_video link=\u00bbhttps:\/\/www.youtube.com\/watch?v=fhai0AP5ckQ\u00bb][\/vc_column_inner][\/vc_row_inner][gsf_space desktop=\u00bb75&#8243; tablet=\u00bb80&#8243; tablet_portrait=\u00bb70&#8243; mobile_landscape=\u00bb60&#8243; mobile=\u00bb60&#8243;][\/vc_column][\/vc_row][vc_row color_skin=\u00bbskin-light\u00bb bg_overlay_mode=\u00bbcolor\u00bb css=\u00bb.vc_custom_1596188359997{background-position: center !important;background-repeat: no-repeat !important;background-size: cover !important;}\u00bb][vc_column][gsf_space desktop=\u00bb90&#8243; tablet=\u00bb70&#8243; tablet_portrait=\u00bb60&#8243; mobile_landscape=\u00bb50&#8243; mobile=\u00bb40&#8243;][gsf_heading sub_title=\u00bb\u00bb text_align=\u00bbtext-center\u00bb]<\/p>\n<h3 style=\"text-align: center;\"><strong class=\"uppercase\">Proyectos<\/strong><\/h3>\n<p>[\/gsf_heading][gsf_slider_container nav_position=\u00bbnav-bottom-center\u00bb autoplay=\u00bbon\u00bb autoplay_timeout=\u00bb3000&#8243; columns=\u00bb3&#8243; columns_md=\u00bb2&#8243; columns_sm=\u00bb2&#8243; columns_xs=\u00bb1&#8243; columns_mb=\u00bb1&#8243;][gsf_feature_box image=\u00bb2747&#8243; title=\u00bbFOMENTO A LA PRODUCCI\u00d3N AGROPECUARIA CAMPESINA FAMILIAR\u00bb]Fortalecer la crianza de gallinas criollas mejoradas, cr\u00eda de cerdos y la producci\u00f3n de hortalizas, empleando buenas pr\u00e1cticas agropecuarias a trav\u00e9s de la implementaci\u00f3n de unidades.[\/gsf_feature_box][gsf_feature_box image=\u00bb14735&#8243; title=\u00bbDOTACI\u00d3N DE EQUIPOS E IMPLEMENTACI\u00d3N DE FERRETER\u00cdA MARINA PARA LA REACTIVACION ECONOMICA DE CALETAS PESQUERAS\u00bb]Comunidades Beneficiadas 570: San Jacinto, San Mateo, Las Pi\u00f1as, Santa Rosa, Coaque, La Chorrera, El Toro, Jaramijo, Los Perales, Puerto Cayo, perteneciente a los cantones Jaramij\u00f3; Jipijapa; Manta, Pedernales, y Sucre[\/gsf_feature_box][gsf_feature_box image=\u00bb14736&#8243; title=\u00bbPROYECTO PILOTO PARA EL FORTALECIMIENTO COMERCIAL DE LA PLANTA LACTEA DE LA COOPERATIVA CHONE, NOVILLO, ZAPALLITO.\u00bb]47 Organizaciones: San Roque, Santa Teresa, San Ignacio, Pasadero, Charapot\u00f3, El Blanco, La California, El Horc\u00f3n, San Eloy, Puerto Loor, El Pueblito, El Guabital, La Jagua, El Frutillo, San Jacinto, Valdez, y otras.[\/gsf_feature_box][\/gsf_slider_container][gsf_space desktop=\u00bb40&#8243; tablet=\u00bb70&#8243; tablet_portrait=\u00bb60&#8243; mobile_landscape=\u00bb50&#8243; mobile=\u00bb40&#8243;][gsf_space desktop=\u00bb40&#8243; tablet=\u00bb70&#8243; tablet_portrait=\u00bb60&#8243; mobile_landscape=\u00bb50&#8243; mobile=\u00bb40&#8243;][gsf_slider_container nav_position=\u00bbnav-bottom-center\u00bb autoplay=\u00bbon\u00bb autoplay_timeout=\u00bb3000&#8243; columns=\u00bb3&#8243; columns_md=\u00bb2&#8243; columns_sm=\u00bb2&#8243; columns_xs=\u00bb1&#8243; columns_mb=\u00bb1&#8243;][gsf_feature_box image=\u00bb14740&#8243; title=\u00bbIMPULSO A LA PRODUCTIVIDAD DE MA\u00cdZ DURO AMARILLO PARA PEQUE\u00d1OS PRODUCTORES\u00bb]36 organizaciones en las comunidades: \u00a0Flor\u00f3n, Ruta del Chocolo, El Naranjo, Maconta, Sanc\u00e1n, Cerrito el Asunci\u00f3n, Chicompe, Corral\u00f3n, La Vizueta, Danzar\u00edn, Tierra Bonita, Ojo de Agua, San Isidro, Junco de Charapot\u00f3, La Esperanza, Barraganete, La Mocora, Bigua, y otros[\/gsf_feature_box][gsf_feature_box image=\u00bb14742&#8243; title=\u00bbIMPLEMENTACI\u00d3N DE UN CENTRO LOG\u00cdSTICO PARA SEGURIDAD ALIMENTARIA.\u00bb]160 productores beneficiados en las\u00a0Comunidades Barquero, El Cerro, El Flor\u00f3n, Tres Mar\u00edas, Los Esteros, Barrio centenario y barrio C\u00f3rdova, La paz y 5 de agosto en los cantones de Portoviejo, Manta, Chone, El Carmen y Jipijapa.[\/gsf_feature_box][gsf_feature_box image=\u00bb14745&#8243; title=\u00bbFORTALECIMIENTO ORGANIZACIONAL DE 60 MUJERES EMPRENDEDORAS\u00bb]<\/p>\n<p style=\"text-align: left;\">Beneficia a mujeres de los distintos cantones de la provincia de Manab\u00ed a trav\u00e9s de la articulaci\u00f3n p\u00fablico privada entre la escuela de negocio AWE de la c\u00e1mara de comercio de Quito y el GPM<\/p>\n<p>[\/gsf_feature_box][vc_row_inner][vc_column_inner][\/vc_column_inner][\/vc_row_inner][\/gsf_slider_container][gsf_slider_container nav_position=\u00bbnav-bottom-center\u00bb autoplay=\u00bbon\u00bb autoplay_timeout=\u00bb3000&#8243; columns=\u00bb3&#8243; columns_md=\u00bb2&#8243; columns_sm=\u00bb2&#8243; columns_xs=\u00bb1&#8243; columns_mb=\u00bb1&#8243;][gsf_feature_box image=\u00bb26637&#8243; title=\u00bbIMPULSO A LA PRODUCTIVIDAD DE ARROZ EN PEQUE\u00d1OS PRODUCTORES\u00bb]La producci\u00f3n de arroz, es parte fundamental de la econom\u00eda de la provincia de Manab\u00ed, 1372 productores de esta gram\u00ednea se benefician de esta inversi\u00f3n que alcanza los $352,200.00[\/gsf_feature_box][\/gsf_slider_container][gsf_space desktop=\u00bb90&#8243; tablet=\u00bb70&#8243; tablet_portrait=\u00bb60&#8243; mobile_landscape=\u00bb50&#8243; mobile=\u00bb40&#8243;][\/vc_column][\/vc_row][vc_row bg_overlay_mode=\u00bbcolor\u00bb bg_overlay_color=\u00bbrgba(252,252,252,0.95)\u00bb css=\u00bb.vc_custom_1591482641837{background-image: url(http:\/\/www.manabi.gob.ec\/wp-content\/uploads\/2020\/06\/SALMUERA-POZOS-CARTAGENA-1.jpg?id=2740) !important;background-position: center !important;background-repeat: no-repeat !important;background-size: cover !important;}\u00bb][vc_column offset=\u00bbvc_col-lg-offset-2 vc_col-lg-8 vc_col-md-12&#8243;][gsf_space desktop=\u00bb96&#8243; tablet=\u00bb80&#8243; tablet_portrait=\u00bb70&#8243; mobile_landscape=\u00bb60&#8243; mobile=\u00bb60&#8243;][gsf_testimonials testimonials_layout=\u00bbavatar-slider-horizontal\u00bb item_active=\u00bb3&#8243; values=\u00bb%5B%7B%22title%22%3A%22%5C%22El%20agua%20antes%20la%20tra%C3%ADamos%20del%20r%C3%ADo%5C%22%22%2C%22author_bio%22%3A%22%5C%22Yo%20agradezco%20al%20prefecto%20Leonardo%20Orlando%2C%20lo%20que%20est%C3%A1%20haciendo%20por%20nosotros%20los%20campesinos%5C%22%22%2C%22author_name%22%3A%22Jos%C3%A9%20Palacios%22%2C%22author_job%22%3A%22Agricultor%20de%20la%20parroquia%20Calder%C3%B3n.%22%2C%22image%22%3A%222807%22%2C%22author_link%22%3A%22%23%22%7D%2C%7B%22author_bio%22%3A%22%5C%22Gracias%20al%20prefecto%20Leonardo%20Orlando%20por%20terminar%20esta%20gran%20obra%20como%20lo%20es%20el%20proyecto%20de%20riego%20Florestal%5C%22%22%2C%22author_name%22%3A%22Gonzalo%20P%C3%A1rraga%22%2C%22author_job%22%3A%22Pdte.%20Junta%20de%20Riego%20Florestal%22%2C%22image%22%3A%222809%22%7D%2C%7B%22title%22%3A%22%C2%A1El%20agua%20es%20vida!%22%2C%22author_bio%22%3A%22%5C%22Gracias%20a%20la%20gesti%C3%B3n%20del%20prefecto%20Leonardo%20Orlando%2C%20ya%20contamos%20con%20agua%20para%20riego%20aqu%C3%AD%20en%20Riochico%5C%22%22%2C%22author_name%22%3A%22Jose%20Zambrano%22%2C%22author_job%22%3A%22Agricultor%22%2C%22image%22%3A%222811%22%2C%22author_link%22%3A%22%23%22%7D%5D\u00bb autoplaytimeout=\u00bb5000&#8243;][gsf_space desktop=\u00bb100&#8243; tablet=\u00bb200&#8243; tablet_portrait=\u00bb180&#8243; mobile_landscape=\u00bb180&#8243; mobile=\u00bb180&#8243;][\/vc_column][\/vc_row]<\/p>\n","protected":false},"excerpt":{"rendered":"<p>[vc_row color_skin=\u00bbskin-dark\u00bb bg_overlay_mode=\u00bbcolor\u00bb bg_overlay_color=\u00bbrgba(3,101,54,0.95)\u00bb css=\u00bb.vc_custom_1591510867473{background-image: url(http:\/\/www.manabi.gob.ec\/wp-content\/uploads\/2020\/04\/excavadorr.jpg?id=2140) !important;background-position: center !important;background-repeat: no-repeat !important;background-size: cover !important;}\u00bb][vc_column][gsf_space desktop=\u00bb80&#8243; tablet=\u00bb70&#8243; tablet_portrait=\u00bb60&#8243; mobile_landscape=\u00bb50&#8243; mobile=\u00bb40&#8243;][gsf_heading sub_title=\u00bb\u00bb] Fomento Productivo [\/gsf_heading][gsf_space desktop=\u00bb40&#8243; tablet=\u00bb70&#8243; tablet_portrait=\u00bb60&#8243; mobile_landscape=\u00bb50&#8243; mobile=\u00bb40&#8243;][vc_row_inner][vc_column_inner width=\u00bb4\/12&#8243;][gsf_space desktop=\u00bb30&#8243; tablet=\u00bb70&#8243; tablet_portrait=\u00bb60&#8243; mobile_landscape=\u00bb50&#8243; mobile=\u00bb40&#8243;][vc_column_text] La Direcci\u00f3n de Fomento Productivo tiene como misi\u00f3n fomentar el desarrollo productivo de la provincia en las \u00e1reas: Agr\u00edcola, Pecuario, Pesca, Agricultura, [&hellip;]<\/p>\n","protected":false},"author":1,"featured_media":0,"parent":0,"menu_order":0,"comment_status":"closed","ping_status":"closed","template":"","meta":{"_joinchat":[],"footnotes":""},"class_list":["post-14711","page","type-page","status-publish","hentry"],"yoast_head":"<!-- This site is optimized with the Yoast SEO plugin v27.4 - https:\/\/yoast.com\/product\/yoast-seo-wordpress\/ -->\n<title>Fomento Productivo - Prefectura de Manab\u00ed<\/title>\n<meta name=\"robots\" content=\"index, follow, max-snippet:-1, max-image-preview:large, max-video-preview:-1\" \/>\n<link rel=\"canonical\" href=\"https:\/\/www.manabi.gob.ec\/index.php\/fomento-productivo\/\" \/>\n<meta property=\"og:locale\" content=\"es_ES\" \/>\n<meta property=\"og:type\" content=\"article\" \/>\n<meta property=\"og:title\" content=\"Fomento Productivo - Prefectura de Manab\u00ed\" \/>\n<meta property=\"og:description\" content=\"[vc_row color_skin=\u00bbskin-dark\u00bb bg_overlay_mode=\u00bbcolor\u00bb bg_overlay_color=\u00bbrgba(3,101,54,0.95)\u00bb css=\u00bb.vc_custom_1591510867473{background-image: url(http:\/\/www.manabi.gob.ec\/wp-content\/uploads\/2020\/04\/excavadorr.jpg?id=2140) !important;background-position: center !important;background-repeat: no-repeat !important;background-size: cover !important;}\u00bb][vc_column][gsf_space desktop=\u00bb80&#8243; tablet=\u00bb70&#8243; tablet_portrait=\u00bb60&#8243; mobile_landscape=\u00bb50&#8243; mobile=\u00bb40&#8243;][gsf_heading sub_title=\u00bb\u00bb] Fomento Productivo [\/gsf_heading][gsf_space desktop=\u00bb40&#8243; tablet=\u00bb70&#8243; tablet_portrait=\u00bb60&#8243; mobile_landscape=\u00bb50&#8243; mobile=\u00bb40&#8243;][vc_row_inner][vc_column_inner width=\u00bb4\/12&#8243;][gsf_space desktop=\u00bb30&#8243; tablet=\u00bb70&#8243; tablet_portrait=\u00bb60&#8243; mobile_landscape=\u00bb50&#8243; mobile=\u00bb40&#8243;][vc_column_text] La Direcci\u00f3n de Fomento Productivo tiene como misi\u00f3n fomentar el desarrollo productivo de la provincia en las \u00e1reas: Agr\u00edcola, Pecuario, Pesca, Agricultura, [&hellip;]\" \/>\n<meta property=\"og:url\" content=\"https:\/\/www.manabi.gob.ec\/index.php\/fomento-productivo\/\" \/>\n<meta property=\"og:site_name\" content=\"Prefectura de Manab\u00ed\" \/>\n<meta property=\"article:modified_time\" content=\"2025-04-08T20:42:39+00:00\" \/>\n<meta name=\"twitter:card\" content=\"summary_large_image\" \/>\n<meta name=\"twitter:label1\" content=\"Tiempo de lectura\" \/>\n\t<meta name=\"twitter:data1\" content=\"3 minutos\" \/>\n<script type=\"application\/ld+json\" class=\"yoast-schema-graph\">{\"@context\":\"https:\\\/\\\/schema.org\",\"@graph\":[{\"@type\":\"WebPage\",\"@id\":\"https:\\\/\\\/www.manabi.gob.ec\\\/index.php\\\/fomento-productivo\\\/\",\"url\":\"https:\\\/\\\/www.manabi.gob.ec\\\/index.php\\\/fomento-productivo\\\/\",\"name\":\"Fomento Productivo - Prefectura de Manab\u00ed\",\"isPartOf\":{\"@id\":\"https:\\\/\\\/www.manabi.gob.ec\\\/#website\"},\"datePublished\":\"2020-07-31T09:10:32+00:00\",\"dateModified\":\"2025-04-08T20:42:39+00:00\",\"breadcrumb\":{\"@id\":\"https:\\\/\\\/www.manabi.gob.ec\\\/index.php\\\/fomento-productivo\\\/#breadcrumb\"},\"inLanguage\":\"es\",\"potentialAction\":[{\"@type\":\"ReadAction\",\"target\":[\"https:\\\/\\\/www.manabi.gob.ec\\\/index.php\\\/fomento-productivo\\\/\"]}]},{\"@type\":\"BreadcrumbList\",\"@id\":\"https:\\\/\\\/www.manabi.gob.ec\\\/index.php\\\/fomento-productivo\\\/#breadcrumb\",\"itemListElement\":[{\"@type\":\"ListItem\",\"position\":1,\"name\":\"Portada\",\"item\":\"https:\\\/\\\/www.manabi.gob.ec\\\/\"},{\"@type\":\"ListItem\",\"position\":2,\"name\":\"Fomento Productivo\"}]},{\"@type\":\"WebSite\",\"@id\":\"https:\\\/\\\/www.manabi.gob.ec\\\/#website\",\"url\":\"https:\\\/\\\/www.manabi.gob.ec\\\/\",\"name\":\"Prefectura de Manab\u00ed\",\"description\":\"P\u00e1gina web de la prefectura\",\"potentialAction\":[{\"@type\":\"SearchAction\",\"target\":{\"@type\":\"EntryPoint\",\"urlTemplate\":\"https:\\\/\\\/www.manabi.gob.ec\\\/?s={search_term_string}\"},\"query-input\":{\"@type\":\"PropertyValueSpecification\",\"valueRequired\":true,\"valueName\":\"search_term_string\"}}],\"inLanguage\":\"es\"}]}<\/script>\n<!-- \/ Yoast SEO plugin. -->","yoast_head_json":{"title":"Fomento Productivo - Prefectura de Manab\u00ed","robots":{"index":"index","follow":"follow","max-snippet":"max-snippet:-1","max-image-preview":"max-image-preview:large","max-video-preview":"max-video-preview:-1"},"canonical":"https:\/\/www.manabi.gob.ec\/index.php\/fomento-productivo\/","og_locale":"es_ES","og_type":"article","og_title":"Fomento Productivo - Prefectura de Manab\u00ed","og_description":"[vc_row color_skin=\u00bbskin-dark\u00bb bg_overlay_mode=\u00bbcolor\u00bb bg_overlay_color=\u00bbrgba(3,101,54,0.95)\u00bb css=\u00bb.vc_custom_1591510867473{background-image: url(http:\/\/www.manabi.gob.ec\/wp-content\/uploads\/2020\/04\/excavadorr.jpg?id=2140) !important;background-position: center !important;background-repeat: no-repeat !important;background-size: cover !important;}\u00bb][vc_column][gsf_space desktop=\u00bb80&#8243; tablet=\u00bb70&#8243; tablet_portrait=\u00bb60&#8243; mobile_landscape=\u00bb50&#8243; mobile=\u00bb40&#8243;][gsf_heading sub_title=\u00bb\u00bb] Fomento Productivo [\/gsf_heading][gsf_space desktop=\u00bb40&#8243; tablet=\u00bb70&#8243; tablet_portrait=\u00bb60&#8243; mobile_landscape=\u00bb50&#8243; mobile=\u00bb40&#8243;][vc_row_inner][vc_column_inner width=\u00bb4\/12&#8243;][gsf_space desktop=\u00bb30&#8243; tablet=\u00bb70&#8243; tablet_portrait=\u00bb60&#8243; mobile_landscape=\u00bb50&#8243; mobile=\u00bb40&#8243;][vc_column_text] La Direcci\u00f3n de Fomento Productivo tiene como misi\u00f3n fomentar el desarrollo productivo de la provincia en las \u00e1reas: Agr\u00edcola, Pecuario, Pesca, Agricultura, [&hellip;]","og_url":"https:\/\/www.manabi.gob.ec\/index.php\/fomento-productivo\/","og_site_name":"Prefectura de Manab\u00ed","article_modified_time":"2025-04-08T20:42:39+00:00","twitter_card":"summary_large_image","twitter_misc":{"Tiempo de lectura":"3 minutos"},"schema":{"@context":"https:\/\/schema.org","@graph":[{"@type":"WebPage","@id":"https:\/\/www.manabi.gob.ec\/index.php\/fomento-productivo\/","url":"https:\/\/www.manabi.gob.ec\/index.php\/fomento-productivo\/","name":"Fomento Productivo - Prefectura de Manab\u00ed","isPartOf":{"@id":"https:\/\/www.manabi.gob.ec\/#website"},"datePublished":"2020-07-31T09:10:32+00:00","dateModified":"2025-04-08T20:42:39+00:00","breadcrumb":{"@id":"https:\/\/www.manabi.gob.ec\/index.php\/fomento-productivo\/#breadcrumb"},"inLanguage":"es","potentialAction":[{"@type":"ReadAction","target":["https:\/\/www.manabi.gob.ec\/index.php\/fomento-productivo\/"]}]},{"@type":"BreadcrumbList","@id":"https:\/\/www.manabi.gob.ec\/index.php\/fomento-productivo\/#breadcrumb","itemListElement":[{"@type":"ListItem","position":1,"name":"Portada","item":"https:\/\/www.manabi.gob.ec\/"},{"@type":"ListItem","position":2,"name":"Fomento Productivo"}]},{"@type":"WebSite","@id":"https:\/\/www.manabi.gob.ec\/#website","url":"https:\/\/www.manabi.gob.ec\/","name":"Prefectura de Manab\u00ed","description":"P\u00e1gina web de la prefectura","potentialAction":[{"@type":"SearchAction","target":{"@type":"EntryPoint","urlTemplate":"https:\/\/www.manabi.gob.ec\/?s={search_term_string}"},"query-input":{"@type":"PropertyValueSpecification","valueRequired":true,"valueName":"search_term_string"}}],"inLanguage":"es"}]}},"_links":{"self":[{"href":"https:\/\/www.manabi.gob.ec\/index.php\/wp-json\/wp\/v2\/pages\/14711","targetHints":{"allow":["GET"]}}],"collection":[{"href":"https:\/\/www.manabi.gob.ec\/index.php\/wp-json\/wp\/v2\/pages"}],"about":[{"href":"https:\/\/www.manabi.gob.ec\/index.php\/wp-json\/wp\/v2\/types\/page"}],"author":[{"embeddable":true,"href":"https:\/\/www.manabi.gob.ec\/index.php\/wp-json\/wp\/v2\/users\/1"}],"replies":[{"embeddable":true,"href":"https:\/\/www.manabi.gob.ec\/index.php\/wp-json\/wp\/v2\/comments?post=14711"}],"version-history":[{"count":4,"href":"https:\/\/www.manabi.gob.ec\/index.php\/wp-json\/wp\/v2\/pages\/14711\/revisions"}],"predecessor-version":[{"id":30488,"href":"https:\/\/www.manabi.gob.ec\/index.php\/wp-json\/wp\/v2\/pages\/14711\/revisions\/30488"}],"wp:attachment":[{"href":"https:\/\/www.manabi.gob.ec\/index.php\/wp-json\/wp\/v2\/media?parent=14711"}],"curies":[{"name":"wp","href":"https:\/\/api.w.org\/{rel}","templated":true}]}}