{"id":14824,"date":"2020-07-31T18:09:29","date_gmt":"2020-07-31T18:09:29","guid":{"rendered":"http:\/\/www.manabi.gob.ec\/?page_id=14824"},"modified":"2026-02-13T15:42:29","modified_gmt":"2026-02-13T15:42:29","slug":"transparencia","status":"publish","type":"page","link":"https:\/\/www.manabi.gob.ec\/index.php\/transparencia\/","title":{"rendered":"Transparencia"},"content":{"rendered":"<p>[vc_row css=\u00bb.vc_custom_1592118863409{background-color: #ffffff !important;}\u00bb][vc_column][gsf_slider_container nav_position=\u00bbnav-bottom-left\u00bb margin=\u00bb10&#8243; columns=\u00bb6&#8243; columns_md=\u00bb2&#8243; columns_sm=\u00bb2&#8243; columns_xs=\u00bb1&#8243; columns_mb=\u00bb1&#8243;][gsf_button title=\u00bb2026&#8243; size=\u00bbmd\u00bb el_class=\u00bb\u00bb link=\u00bburl:https%3A%2F%2Fwww.manabi.gob.ec%2Findex.php%2Ftransparencia-2026%2F|||\u00bb][gsf_button title=\u00bb2025&#8243; size=\u00bbmd\u00bb link=\u00bburl:https%3A%2F%2Fwww.manabi.gob.ec%2Findex.php%2Ftransparencia-2025%2F|||\u00bb][gsf_button title=\u00bb2024&#8243; size=\u00bbmd\u00bb link=\u00bburl:https%3A%2F%2Fwww.manabi.gob.ec%2Findex.php%2Ftransparencia-2024%2F|||\u00bb][gsf_button title=\u00bb2023&#8243; size=\u00bbmd\u00bb link=\u00bburl:https%3A%2F%2Fwww.manabi.gob.ec%2Findex.php%2Ftransparencia-2023%2F|||\u00bb][gsf_button title=\u00bb2022&#8243; size=\u00bbmd\u00bb link=\u00bburl:https%3A%2F%2Fwww.manabi.gob.ec%2F%3Fpage_id%3D19360|||\u00bb][gsf_button title=\u00bb2021&#8243; size=\u00bbmd\u00bb link=\u00bburl:https%3A%2F%2Fwww.manabi.gob.ec%2F%3Fpage_id%3D15918|||\u00bb][gsf_button title=\u00bb2020&#8243; size=\u00bbmd\u00bb link=\u00bburl:https%3A%2F%2Fwww.manabi.gob.ec%2F%3Fpage_id%3D14843|||\u00bb][gsf_button title=\u00bb2019&#8243; size=\u00bbmd\u00bb link=\u00bburl:https%3A%2F%2Fwww.manabi.gob.ec%2F%3Fpage_id%3D14993|||\u00bb][gsf_button title=\u00bb2018&#8243; size=\u00bbmd\u00bb link=\u00bburl:https%3A%2F%2Fwww.manabi.gob.ec%2F%3Fpage_id%3D15657|||\u00bb][gsf_button title=\u00bb2017&#8243; size=\u00bbmd\u00bb link=\u00bburl:https%3A%2F%2Fwww.manabi.gob.ec%2F%3Fpage_id%3D15690|||\u00bb][gsf_button title=\u00bb2016&#8243; size=\u00bbmd\u00bb link=\u00bburl:https%3A%2F%2Fwww.manabi.gob.ec%2F%3Fpage_id%3D15709|||\u00bb][gsf_button title=\u00bb2015&#8243; size=\u00bbmd\u00bb link=\u00bburl:%20https%3A%2F%2Fwww.manabi.gob.ec%2F%3Fpage_id%3D15721%20|||\u00bb][gsf_button title=\u00bb2014&#8243; size=\u00bbmd\u00bb link=\u00bburl:%23|||\u00bb][\/gsf_slider_container][gsf_space desktop=\u00bb10&#8243; tablet=\u00bb70&#8243; tablet_portrait=\u00bb60&#8243; mobile_landscape=\u00bb50&#8243; mobile=\u00bb40&#8243;][vc_column_text]<\/p>\n<h4><strong>Seleccione el a\u00f1o que desee consultar<\/strong><\/h4>\n<p>La Ley Org\u00e1nica de Transparencia y Acceso a la Informaci\u00f3n P\u00fablica (LOTAIP) plantea la participaci\u00f3n ciudadana y el derecho de acceso a la informaci\u00f3n relacionada con asuntos p\u00fablicos, para ejercer un efectivo control y exigir la rendici\u00f3n de cuentas a las instituciones gubernamentales o aquellas que perciben recursos estatales.<\/p>\n<p>En cumplimiento de la Ley Org\u00e1nica de Transparencia y Acceso a la Informaci\u00f3n P\u00fablica (LOTAIP), todas las entidades poseedoras de informaci\u00f3n p\u00fablica est\u00e1n obligadas a difundir a traves de su portal institucional, la siguiente informaci\u00f3n m\u00ednima actualizada.[\/vc_column_text][gsf_space desktop=\u00bb20&#8243; tablet=\u00bb70&#8243; tablet_portrait=\u00bb60&#8243; mobile_landscape=\u00bb50&#8243; mobile=\u00bb40&#8243;][\/vc_column][\/vc_row]<\/p>\n","protected":false},"excerpt":{"rendered":"<p>[vc_row css=\u00bb.vc_custom_1592118863409{background-color: #ffffff !important;}\u00bb][vc_column][gsf_slider_container nav_position=\u00bbnav-bottom-left\u00bb margin=\u00bb10&#8243; columns=\u00bb6&#8243; columns_md=\u00bb2&#8243; columns_sm=\u00bb2&#8243; columns_xs=\u00bb1&#8243; columns_mb=\u00bb1&#8243;][gsf_button title=\u00bb2026&#8243; size=\u00bbmd\u00bb el_class=\u00bb\u00bb link=\u00bburl:https%3A%2F%2Fwww.manabi.gob.ec%2Findex.php%2Ftransparencia-2026%2F|||\u00bb][gsf_button title=\u00bb2025&#8243; size=\u00bbmd\u00bb link=\u00bburl:https%3A%2F%2Fwww.manabi.gob.ec%2Findex.php%2Ftransparencia-2025%2F|||\u00bb][gsf_button title=\u00bb2024&#8243; size=\u00bbmd\u00bb link=\u00bburl:https%3A%2F%2Fwww.manabi.gob.ec%2Findex.php%2Ftransparencia-2024%2F|||\u00bb][gsf_button title=\u00bb2023&#8243; size=\u00bbmd\u00bb link=\u00bburl:https%3A%2F%2Fwww.manabi.gob.ec%2Findex.php%2Ftransparencia-2023%2F|||\u00bb][gsf_button title=\u00bb2022&#8243; size=\u00bbmd\u00bb link=\u00bburl:https%3A%2F%2Fwww.manabi.gob.ec%2F%3Fpage_id%3D19360|||\u00bb][gsf_button title=\u00bb2021&#8243; size=\u00bbmd\u00bb link=\u00bburl:https%3A%2F%2Fwww.manabi.gob.ec%2F%3Fpage_id%3D15918|||\u00bb][gsf_button title=\u00bb2020&#8243; size=\u00bbmd\u00bb link=\u00bburl:https%3A%2F%2Fwww.manabi.gob.ec%2F%3Fpage_id%3D14843|||\u00bb][gsf_button title=\u00bb2019&#8243; size=\u00bbmd\u00bb link=\u00bburl:https%3A%2F%2Fwww.manabi.gob.ec%2F%3Fpage_id%3D14993|||\u00bb][gsf_button title=\u00bb2018&#8243; size=\u00bbmd\u00bb link=\u00bburl:https%3A%2F%2Fwww.manabi.gob.ec%2F%3Fpage_id%3D15657|||\u00bb][gsf_button title=\u00bb2017&#8243; size=\u00bbmd\u00bb link=\u00bburl:https%3A%2F%2Fwww.manabi.gob.ec%2F%3Fpage_id%3D15690|||\u00bb][gsf_button title=\u00bb2016&#8243; size=\u00bbmd\u00bb link=\u00bburl:https%3A%2F%2Fwww.manabi.gob.ec%2F%3Fpage_id%3D15709|||\u00bb][gsf_button title=\u00bb2015&#8243; size=\u00bbmd\u00bb link=\u00bburl:%20https%3A%2F%2Fwww.manabi.gob.ec%2F%3Fpage_id%3D15721%20|||\u00bb][gsf_button title=\u00bb2014&#8243; size=\u00bbmd\u00bb link=\u00bburl:%23|||\u00bb][\/gsf_slider_container][gsf_space desktop=\u00bb10&#8243; tablet=\u00bb70&#8243; tablet_portrait=\u00bb60&#8243; mobile_landscape=\u00bb50&#8243; [&hellip;]<\/p>\n","protected":false},"author":1,"featured_media":0,"parent":0,"menu_order":0,"comment_status":"closed","ping_status":"closed","template":"","meta":{"_joinchat":[],"footnotes":""},"class_list":["post-14824","page","type-page","status-publish","hentry"],"yoast_head":"<!-- This site is optimized with the Yoast SEO plugin v27.4 - https:\/\/yoast.com\/product\/yoast-seo-wordpress\/ -->\n<title>Transparencia - Prefectura de Manab\u00ed<\/title>\n<meta name=\"robots\" content=\"index, follow, max-snippet:-1, max-image-preview:large, max-video-preview:-1\" \/>\n<link rel=\"canonical\" href=\"https:\/\/www.manabi.gob.ec\/index.php\/transparencia\/\" \/>\n<meta property=\"og:locale\" content=\"es_ES\" \/>\n<meta property=\"og:type\" content=\"article\" \/>\n<meta property=\"og:title\" content=\"Transparencia - Prefectura de Manab\u00ed\" \/>\n<meta property=\"og:description\" content=\"[vc_row css=\u00bb.vc_custom_1592118863409{background-color: #ffffff !important;}\u00bb][vc_column][gsf_slider_container nav_position=\u00bbnav-bottom-left\u00bb margin=\u00bb10&#8243; columns=\u00bb6&#8243; columns_md=\u00bb2&#8243; columns_sm=\u00bb2&#8243; columns_xs=\u00bb1&#8243; columns_mb=\u00bb1&#8243;][gsf_button title=\u00bb2026&#8243; size=\u00bbmd\u00bb el_class=\u00bb\u00bb link=\u00bburl:https%3A%2F%2Fwww.manabi.gob.ec%2Findex.php%2Ftransparencia-2026%2F|||\u00bb][gsf_button title=\u00bb2025&#8243; size=\u00bbmd\u00bb link=\u00bburl:https%3A%2F%2Fwww.manabi.gob.ec%2Findex.php%2Ftransparencia-2025%2F|||\u00bb][gsf_button title=\u00bb2024&#8243; size=\u00bbmd\u00bb link=\u00bburl:https%3A%2F%2Fwww.manabi.gob.ec%2Findex.php%2Ftransparencia-2024%2F|||\u00bb][gsf_button title=\u00bb2023&#8243; size=\u00bbmd\u00bb link=\u00bburl:https%3A%2F%2Fwww.manabi.gob.ec%2Findex.php%2Ftransparencia-2023%2F|||\u00bb][gsf_button title=\u00bb2022&#8243; size=\u00bbmd\u00bb link=\u00bburl:https%3A%2F%2Fwww.manabi.gob.ec%2F%3Fpage_id%3D19360|||\u00bb][gsf_button title=\u00bb2021&#8243; size=\u00bbmd\u00bb link=\u00bburl:https%3A%2F%2Fwww.manabi.gob.ec%2F%3Fpage_id%3D15918|||\u00bb][gsf_button title=\u00bb2020&#8243; size=\u00bbmd\u00bb link=\u00bburl:https%3A%2F%2Fwww.manabi.gob.ec%2F%3Fpage_id%3D14843|||\u00bb][gsf_button title=\u00bb2019&#8243; size=\u00bbmd\u00bb link=\u00bburl:https%3A%2F%2Fwww.manabi.gob.ec%2F%3Fpage_id%3D14993|||\u00bb][gsf_button title=\u00bb2018&#8243; size=\u00bbmd\u00bb link=\u00bburl:https%3A%2F%2Fwww.manabi.gob.ec%2F%3Fpage_id%3D15657|||\u00bb][gsf_button title=\u00bb2017&#8243; size=\u00bbmd\u00bb link=\u00bburl:https%3A%2F%2Fwww.manabi.gob.ec%2F%3Fpage_id%3D15690|||\u00bb][gsf_button title=\u00bb2016&#8243; size=\u00bbmd\u00bb link=\u00bburl:https%3A%2F%2Fwww.manabi.gob.ec%2F%3Fpage_id%3D15709|||\u00bb][gsf_button title=\u00bb2015&#8243; size=\u00bbmd\u00bb link=\u00bburl:%20https%3A%2F%2Fwww.manabi.gob.ec%2F%3Fpage_id%3D15721%20|||\u00bb][gsf_button title=\u00bb2014&#8243; size=\u00bbmd\u00bb link=\u00bburl:%23|||\u00bb][\/gsf_slider_container][gsf_space desktop=\u00bb10&#8243; tablet=\u00bb70&#8243; tablet_portrait=\u00bb60&#8243; mobile_landscape=\u00bb50&#8243; [&hellip;]\" \/>\n<meta property=\"og:url\" content=\"https:\/\/www.manabi.gob.ec\/index.php\/transparencia\/\" \/>\n<meta property=\"og:site_name\" content=\"Prefectura de Manab\u00ed\" \/>\n<meta property=\"article:modified_time\" content=\"2026-02-13T15:42:29+00:00\" \/>\n<meta name=\"twitter:card\" content=\"summary_large_image\" \/>\n<meta name=\"twitter:label1\" content=\"Tiempo de lectura\" \/>\n\t<meta name=\"twitter:data1\" content=\"1 minuto\" \/>\n<script type=\"application\/ld+json\" class=\"yoast-schema-graph\">{\"@context\":\"https:\\\/\\\/schema.org\",\"@graph\":[{\"@type\":\"WebPage\",\"@id\":\"https:\\\/\\\/www.manabi.gob.ec\\\/index.php\\\/transparencia\\\/\",\"url\":\"https:\\\/\\\/www.manabi.gob.ec\\\/index.php\\\/transparencia\\\/\",\"name\":\"Transparencia - Prefectura de Manab\u00ed\",\"isPartOf\":{\"@id\":\"https:\\\/\\\/www.manabi.gob.ec\\\/#website\"},\"datePublished\":\"2020-07-31T18:09:29+00:00\",\"dateModified\":\"2026-02-13T15:42:29+00:00\",\"breadcrumb\":{\"@id\":\"https:\\\/\\\/www.manabi.gob.ec\\\/index.php\\\/transparencia\\\/#breadcrumb\"},\"inLanguage\":\"es\",\"potentialAction\":[{\"@type\":\"ReadAction\",\"target\":[\"https:\\\/\\\/www.manabi.gob.ec\\\/index.php\\\/transparencia\\\/\"]}]},{\"@type\":\"BreadcrumbList\",\"@id\":\"https:\\\/\\\/www.manabi.gob.ec\\\/index.php\\\/transparencia\\\/#breadcrumb\",\"itemListElement\":[{\"@type\":\"ListItem\",\"position\":1,\"name\":\"Portada\",\"item\":\"https:\\\/\\\/www.manabi.gob.ec\\\/\"},{\"@type\":\"ListItem\",\"position\":2,\"name\":\"Transparencia\"}]},{\"@type\":\"WebSite\",\"@id\":\"https:\\\/\\\/www.manabi.gob.ec\\\/#website\",\"url\":\"https:\\\/\\\/www.manabi.gob.ec\\\/\",\"name\":\"Prefectura de Manab\u00ed\",\"description\":\"P\u00e1gina web de la prefectura\",\"potentialAction\":[{\"@type\":\"SearchAction\",\"target\":{\"@type\":\"EntryPoint\",\"urlTemplate\":\"https:\\\/\\\/www.manabi.gob.ec\\\/?s={search_term_string}\"},\"query-input\":{\"@type\":\"PropertyValueSpecification\",\"valueRequired\":true,\"valueName\":\"search_term_string\"}}],\"inLanguage\":\"es\"}]}<\/script>\n<!-- \/ Yoast SEO plugin. -->","yoast_head_json":{"title":"Transparencia - Prefectura de Manab\u00ed","robots":{"index":"index","follow":"follow","max-snippet":"max-snippet:-1","max-image-preview":"max-image-preview:large","max-video-preview":"max-video-preview:-1"},"canonical":"https:\/\/www.manabi.gob.ec\/index.php\/transparencia\/","og_locale":"es_ES","og_type":"article","og_title":"Transparencia - Prefectura de Manab\u00ed","og_description":"[vc_row css=\u00bb.vc_custom_1592118863409{background-color: #ffffff !important;}\u00bb][vc_column][gsf_slider_container nav_position=\u00bbnav-bottom-left\u00bb margin=\u00bb10&#8243; columns=\u00bb6&#8243; columns_md=\u00bb2&#8243; columns_sm=\u00bb2&#8243; columns_xs=\u00bb1&#8243; columns_mb=\u00bb1&#8243;][gsf_button title=\u00bb2026&#8243; size=\u00bbmd\u00bb el_class=\u00bb\u00bb link=\u00bburl:https%3A%2F%2Fwww.manabi.gob.ec%2Findex.php%2Ftransparencia-2026%2F|||\u00bb][gsf_button title=\u00bb2025&#8243; size=\u00bbmd\u00bb link=\u00bburl:https%3A%2F%2Fwww.manabi.gob.ec%2Findex.php%2Ftransparencia-2025%2F|||\u00bb][gsf_button title=\u00bb2024&#8243; size=\u00bbmd\u00bb link=\u00bburl:https%3A%2F%2Fwww.manabi.gob.ec%2Findex.php%2Ftransparencia-2024%2F|||\u00bb][gsf_button title=\u00bb2023&#8243; size=\u00bbmd\u00bb link=\u00bburl:https%3A%2F%2Fwww.manabi.gob.ec%2Findex.php%2Ftransparencia-2023%2F|||\u00bb][gsf_button title=\u00bb2022&#8243; size=\u00bbmd\u00bb link=\u00bburl:https%3A%2F%2Fwww.manabi.gob.ec%2F%3Fpage_id%3D19360|||\u00bb][gsf_button title=\u00bb2021&#8243; size=\u00bbmd\u00bb link=\u00bburl:https%3A%2F%2Fwww.manabi.gob.ec%2F%3Fpage_id%3D15918|||\u00bb][gsf_button title=\u00bb2020&#8243; size=\u00bbmd\u00bb link=\u00bburl:https%3A%2F%2Fwww.manabi.gob.ec%2F%3Fpage_id%3D14843|||\u00bb][gsf_button title=\u00bb2019&#8243; size=\u00bbmd\u00bb link=\u00bburl:https%3A%2F%2Fwww.manabi.gob.ec%2F%3Fpage_id%3D14993|||\u00bb][gsf_button title=\u00bb2018&#8243; size=\u00bbmd\u00bb link=\u00bburl:https%3A%2F%2Fwww.manabi.gob.ec%2F%3Fpage_id%3D15657|||\u00bb][gsf_button title=\u00bb2017&#8243; size=\u00bbmd\u00bb link=\u00bburl:https%3A%2F%2Fwww.manabi.gob.ec%2F%3Fpage_id%3D15690|||\u00bb][gsf_button title=\u00bb2016&#8243; size=\u00bbmd\u00bb link=\u00bburl:https%3A%2F%2Fwww.manabi.gob.ec%2F%3Fpage_id%3D15709|||\u00bb][gsf_button title=\u00bb2015&#8243; size=\u00bbmd\u00bb link=\u00bburl:%20https%3A%2F%2Fwww.manabi.gob.ec%2F%3Fpage_id%3D15721%20|||\u00bb][gsf_button title=\u00bb2014&#8243; size=\u00bbmd\u00bb link=\u00bburl:%23|||\u00bb][\/gsf_slider_container][gsf_space desktop=\u00bb10&#8243; tablet=\u00bb70&#8243; tablet_portrait=\u00bb60&#8243; mobile_landscape=\u00bb50&#8243; [&hellip;]","og_url":"https:\/\/www.manabi.gob.ec\/index.php\/transparencia\/","og_site_name":"Prefectura de Manab\u00ed","article_modified_time":"2026-02-13T15:42:29+00:00","twitter_card":"summary_large_image","twitter_misc":{"Tiempo de lectura":"1 minuto"},"schema":{"@context":"https:\/\/schema.org","@graph":[{"@type":"WebPage","@id":"https:\/\/www.manabi.gob.ec\/index.php\/transparencia\/","url":"https:\/\/www.manabi.gob.ec\/index.php\/transparencia\/","name":"Transparencia - Prefectura de Manab\u00ed","isPartOf":{"@id":"https:\/\/www.manabi.gob.ec\/#website"},"datePublished":"2020-07-31T18:09:29+00:00","dateModified":"2026-02-13T15:42:29+00:00","breadcrumb":{"@id":"https:\/\/www.manabi.gob.ec\/index.php\/transparencia\/#breadcrumb"},"inLanguage":"es","potentialAction":[{"@type":"ReadAction","target":["https:\/\/www.manabi.gob.ec\/index.php\/transparencia\/"]}]},{"@type":"BreadcrumbList","@id":"https:\/\/www.manabi.gob.ec\/index.php\/transparencia\/#breadcrumb","itemListElement":[{"@type":"ListItem","position":1,"name":"Portada","item":"https:\/\/www.manabi.gob.ec\/"},{"@type":"ListItem","position":2,"name":"Transparencia"}]},{"@type":"WebSite","@id":"https:\/\/www.manabi.gob.ec\/#website","url":"https:\/\/www.manabi.gob.ec\/","name":"Prefectura de Manab\u00ed","description":"P\u00e1gina web de la prefectura","potentialAction":[{"@type":"SearchAction","target":{"@type":"EntryPoint","urlTemplate":"https:\/\/www.manabi.gob.ec\/?s={search_term_string}"},"query-input":{"@type":"PropertyValueSpecification","valueRequired":true,"valueName":"search_term_string"}}],"inLanguage":"es"}]}},"_links":{"self":[{"href":"https:\/\/www.manabi.gob.ec\/index.php\/wp-json\/wp\/v2\/pages\/14824","targetHints":{"allow":["GET"]}}],"collection":[{"href":"https:\/\/www.manabi.gob.ec\/index.php\/wp-json\/wp\/v2\/pages"}],"about":[{"href":"https:\/\/www.manabi.gob.ec\/index.php\/wp-json\/wp\/v2\/types\/page"}],"author":[{"embeddable":true,"href":"https:\/\/www.manabi.gob.ec\/index.php\/wp-json\/wp\/v2\/users\/1"}],"replies":[{"embeddable":true,"href":"https:\/\/www.manabi.gob.ec\/index.php\/wp-json\/wp\/v2\/comments?post=14824"}],"version-history":[{"count":9,"href":"https:\/\/www.manabi.gob.ec\/index.php\/wp-json\/wp\/v2\/pages\/14824\/revisions"}],"predecessor-version":[{"id":32956,"href":"https:\/\/www.manabi.gob.ec\/index.php\/wp-json\/wp\/v2\/pages\/14824\/revisions\/32956"}],"wp:attachment":[{"href":"https:\/\/www.manabi.gob.ec\/index.php\/wp-json\/wp\/v2\/media?parent=14824"}],"curies":[{"name":"wp","href":"https:\/\/api.w.org\/{rel}","templated":true}]}}