{"id":14961,"date":"2020-08-19T17:29:08","date_gmt":"2020-08-19T17:29:08","guid":{"rendered":"http:\/\/www.manabi.gob.ec\/?page_id=14961"},"modified":"2020-09-01T08:56:31","modified_gmt":"2020-09-01T08:56:31","slug":"chone","status":"publish","type":"page","link":"https:\/\/www.manabi.gob.ec\/index.php\/chone\/","title":{"rendered":"Chone"},"content":{"rendered":"<p>[vc_row][vc_column width=\u00bb1\/4&#8243;][vc_empty_space][vc_column_text]<strong>Cabecera Cantonal<\/strong><br \/>\nChone<br \/>\n<strong>Parroquias Urbanas<\/strong><br \/>\nChone, Santa Rita<br \/>\n<strong>Parroquias Rurales<\/strong><br \/>\nBoyac\u00e1 , Canuto , Chibunga, Convento, Eloy Alfaro , Ricaurte , San Antonio<\/p>\n<p><img decoding=\"async\" src=\"https:\/\/www.manabi.gob.ec\/images2010\/2010\/01\/escudo-del-canton-chone.gif\" alt=\"escudo del canton chone\" \/><\/p>\n<p><img decoding=\"async\" src=\"https:\/\/www.manabi.gob.ec\/images2010\/2010\/01\/bandera-de-chone.gif\" alt=\"bandera de chone\" \/>[\/vc_column_text][\/vc_column][vc_column width=\u00bb3\/4&#8243;][vc_column_text]<\/p>\n<p data-wahfont=\"14\">Su potencialidad est\u00e1 en el turismo rural y paisaj\u00edstico, donde se practica la pesca deportiva.\u00a0Otro atractivo son sus grandes monta\u00f1as, donde se desarrolla el turismo de excursi\u00f3n y aventura.<\/p>\n<p data-wahfont=\"14\">Con potencial para turismo arqueol\u00f3gico, en el sitio La Dibujada, donde se han encontrado vestigios arqueol\u00f3gicos de las tribus \u201c\u00d1auzas\u201d y \u201cChunos\u201d.\u00a0Cuenta con la reserva de humedales m\u00e1s grande del pa\u00eds, en el sitio \u201cLa Segua\u201d.<\/p>\n<p data-wahfont=\"14\">El caldo y bistec de gallina criolla, es uno de los platos t\u00edpicos, tambi\u00e9n los productos l\u00e1cteos especialmente el \u201cqueso chonero\u201d. La ganader\u00eda es su mayor potencial productivo.<\/p>\n<p>&nbsp;<\/p>\n<p data-wahfont=\"14\"><strong>Municipio de Chone<\/strong><br \/>\n(593) 05 \u2013 2695442 \/ 2695349 \/ 2695349 \/ 2697827 \/ 2695321<\/p>\n<p data-wahfont=\"14\">Este cant\u00f3n es din\u00e1mico, hospitalario y cuna de mujeres bellas y hombres responsables. Como parroquia eclesi\u00e1stica fue fundada el 7 de agosto de 1735, por el religioso portovejense Fray Jos\u00e9 Antonio Cede\u00f1o, y bautizada como Villa de San Cayetano de Chone.<br \/>\nEntre las principales actividades de los habitantes constan la agricultura, el comercio y la ganader\u00eda. Este \u00faltimo rubro convierte al cant\u00f3n en el principal centro ganadero de la provincia, existiendo alrededor de 300 mil cabezas de ganado vacuno adaptadas a las duras condiciones de la monta\u00f1a tropical.<\/p>\n<p data-wahfont=\"14\">En aspecto tur\u00edstico existen diferentes atractivos y lugares de inter\u00e9s, como el R\u00edo Chone, Cerro Guayas, donde se encuentra la figura del Cristo Redentor; las galleras, las kermeses de octubre.<\/p>\n<p data-wahfont=\"14\">Chone se encuentra al norte de Manab\u00ed y tiene una superficie de 3.570,6 kil\u00f3metros cuadrados.<\/p>\n<p data-wahfont=\"14\">El principal r\u00edo es el Chone, que desemboca en un estuario de la Bah\u00eda de Car\u00e1quez; y como tributarios est\u00e1n el Garrapata, San Lorenzo y el Tosagua, por el sur, que nace en las monta\u00f1as de Bol\u00edvar y Jun\u00edn.<\/p>\n<p data-wahfont=\"14\">En Chone funcionan extensiones de las principales universidades, como son la UTM, la ULEAM, la PUCE, la Abierta de Loja, permitiendo a la juventud escoger la profesi\u00f3n acorde con sus aptitudes, para servir al desarrollo del pa\u00eds en un futuro cercano.<\/p>\n<div>\n<h3 data-wahfont=\"18\">Los Chunos<\/h3>\n<\/div>\n<p data-wahfont=\"14\">Chone fue asentamiento de los Chunos, quienes habitaron cerca de las riberas de los r\u00edos Chone, Chagual\u00fa y Garrapata, comunidad que tom\u00f3 el nombre de Chonana, seg\u00fan Mar Cede\u00f1o, en su obra Chone.<\/p>\n<p data-wahfont=\"14\">El dominio de los chonanas comenzaba en Las Margaritas y se extendi\u00f3 hasta Maicito y El Mayal, comunidades que hoy pertenecen a El Carmen y Flavio Alfaro, respectivamente.<\/p>\n<p data-wahfont=\"14\">La tribu, como toda organizaci\u00f3n, ten\u00eda un jefe que impart\u00eda justicia, y cuyas decisiones eran inapelables. Manten\u00eda estrechas relaciones con Los \u00d1auzas, Daulis, Caras, Cayapas, Colorados y Tosahuas, no obstante ten\u00edan una mala relaci\u00f3n con los Calcetas, que habitaban lo que hoy es Bol\u00edvar.<\/p>\n<div>\n<h3 data-wahfont=\"18\">Saqueo y devastaci\u00f3n<\/h3>\n<\/div>\n<p data-wahfont=\"14\">La historia dice que el conquistador Pedro de Alvarado saque\u00f3 y devast\u00f3 las poblaciones a su paso, principalmente Manta, Jipijapa y Bah\u00eda; pero cuando escuch\u00f3 de las riquezas del Reino de Quito intent\u00f3 llegar all\u00e1, se intern\u00f3 en la selva y se perdi\u00f3.<\/p>\n<p data-wahfont=\"14\">Al verse en ese problema, organiz\u00f3 algunos grupos de exploradores, y por una ruta hacia el sur envi\u00f3 al capit\u00e1n Luis de Moscoso, quien descubri\u00f3 el caser\u00edo chonana, donde recogi\u00f3 v\u00edveres y tom\u00f3 algunos prisioneros para sacarles informaci\u00f3n sobre el camino que conduc\u00eda a Quito. Este acontecimiento se registr\u00f3 entre marzo y abril de 1534; pasados los a\u00f1os una nueva misi\u00f3n volvi\u00f3 al lugar, pero solo encontr\u00f3 covachas vac\u00edas que fueron incendiadas por los espa\u00f1oles.<\/p>\n<p data-wahfont=\"14\">En 1735, misioneros de Quito llegaron al caser\u00edo y lo elevaron a la categor\u00eda de Villa de San Cayetano de Chone Ecuador. El fundador fue Fray Jos\u00e9 Antonio Cede\u00f1o, cl\u00e9rigo portovejense. En esa \u00e9poca Chone pertenec\u00eda a la gobernaci\u00f3n de Esmeraldas.<\/p>\n<div>\n<h3 data-wahfont=\"18\">Parroquia de Montecristi<\/h3>\n<\/div>\n<p data-wahfont=\"14\">En 1822, con la creaci\u00f3n de la provincia de Manab\u00ed e independencia de Espa\u00f1a, se convierte en parroquia de Montecristi. Cinco a\u00f1os m\u00e1s tarde, el 11 de junio de 1827, fue parroquia de Portoviejo; luego, con la cantonizaci\u00f3n de Rocafuerte, se convierte en su parroquia.<br \/>\nPerteneciendo a Rocafuerte, Chone adquiri\u00f3 gran importancia econ\u00f3mica, por lo que los senadores Elio Santos Macay e Isidro Freile Chiriboga consiguieron su cantonizaci\u00f3n, mediante decreto legislativo expedido el 24 de julio de 1884.<\/p>\n<div>\n<h3 data-wahfont=\"18\">Parroquias<\/h3>\n<\/div>\n<p data-wahfont=\"14\">Chone tiene 9 parroquias: 2 urbanas y 7 rurales.<br \/>\nUrbanas:<\/p>\n<ul>\n<li>Chone\u00a0y Santa Rita<\/li>\n<\/ul>\n<p data-wahfont=\"14\">Rurales:<\/p>\n<ul>\n<li>Canuto, fue elevada a la categor\u00eda de parroquia el 13 de agosto de 1862.<\/li>\n<li>Ricaurte, alcanza su parroquializaci\u00f3n el 20 de septiembre de 1907.<\/li>\n<li>San Antonio, parroquializada el 12 de diciembre de 1944.<\/li>\n<li>Boyac\u00e1, alcanza la categor\u00eda de parroquia el 18 de marzo de 1820.<\/li>\n<li>Eloy Alfaro, consigue ser parroquia el 28 de febrero de 1919.<\/li>\n<li>Convento, su parroquializaci\u00f3n fue aprobada el 25 de junio de 1954.<\/li>\n<li>Chibunga, fue elevada a la categor\u00eda de parroquia el 30 de noviembre de 1987<\/li>\n<\/ul>\n<p>[\/vc_column_text][\/vc_column][\/vc_row]<\/p>\n","protected":false},"excerpt":{"rendered":"<p>[vc_row][vc_column width=\u00bb1\/4&#8243;][vc_empty_space][vc_column_text]Cabecera Cantonal Chone Parroquias Urbanas Chone, Santa Rita Parroquias Rurales Boyac\u00e1 , Canuto , Chibunga, Convento, Eloy Alfaro , Ricaurte , San Antonio [\/vc_column_text][\/vc_column][vc_column width=\u00bb3\/4&#8243;][vc_column_text] Su potencialidad est\u00e1 en el turismo rural y paisaj\u00edstico, donde se practica la pesca deportiva.\u00a0Otro atractivo son sus grandes monta\u00f1as, donde se desarrolla el turismo de excursi\u00f3n y aventura. [&hellip;]<\/p>\n","protected":false},"author":1,"featured_media":0,"parent":0,"menu_order":0,"comment_status":"closed","ping_status":"closed","template":"","meta":{"_joinchat":[],"footnotes":""},"class_list":["post-14961","page","type-page","status-publish","hentry"],"yoast_head":"<!-- This site is optimized with the Yoast SEO plugin v27.4 - https:\/\/yoast.com\/product\/yoast-seo-wordpress\/ -->\n<title>Chone - Prefectura de Manab\u00ed<\/title>\n<meta name=\"robots\" content=\"index, follow, max-snippet:-1, max-image-preview:large, max-video-preview:-1\" \/>\n<link rel=\"canonical\" href=\"https:\/\/www.manabi.gob.ec\/index.php\/chone\/\" \/>\n<meta property=\"og:locale\" content=\"es_ES\" \/>\n<meta property=\"og:type\" content=\"article\" \/>\n<meta property=\"og:title\" content=\"Chone - Prefectura de Manab\u00ed\" \/>\n<meta property=\"og:description\" content=\"[vc_row][vc_column width=\u00bb1\/4&#8243;][vc_empty_space][vc_column_text]Cabecera Cantonal Chone Parroquias Urbanas Chone, Santa Rita Parroquias Rurales Boyac\u00e1 , Canuto , Chibunga, Convento, Eloy Alfaro , Ricaurte , San Antonio [\/vc_column_text][\/vc_column][vc_column width=\u00bb3\/4&#8243;][vc_column_text] Su potencialidad est\u00e1 en el turismo rural y paisaj\u00edstico, donde se practica la pesca deportiva.\u00a0Otro atractivo son sus grandes monta\u00f1as, donde se desarrolla el turismo de excursi\u00f3n y aventura. [&hellip;]\" \/>\n<meta property=\"og:url\" content=\"https:\/\/www.manabi.gob.ec\/index.php\/chone\/\" \/>\n<meta property=\"og:site_name\" content=\"Prefectura de Manab\u00ed\" \/>\n<meta property=\"article:modified_time\" content=\"2020-09-01T08:56:31+00:00\" \/>\n<meta property=\"og:image\" content=\"https:\/\/www.manabi.gob.ec\/images2010\/2010\/01\/escudo-del-canton-chone.gif\" \/>\n<meta name=\"twitter:card\" content=\"summary_large_image\" \/>\n<meta name=\"twitter:label1\" content=\"Tiempo de lectura\" \/>\n\t<meta name=\"twitter:data1\" content=\"4 minutos\" \/>\n<script type=\"application\/ld+json\" class=\"yoast-schema-graph\">{\"@context\":\"https:\\\/\\\/schema.org\",\"@graph\":[{\"@type\":\"WebPage\",\"@id\":\"https:\\\/\\\/www.manabi.gob.ec\\\/index.php\\\/chone\\\/\",\"url\":\"https:\\\/\\\/www.manabi.gob.ec\\\/index.php\\\/chone\\\/\",\"name\":\"Chone - Prefectura de Manab\u00ed\",\"isPartOf\":{\"@id\":\"https:\\\/\\\/www.manabi.gob.ec\\\/#website\"},\"primaryImageOfPage\":{\"@id\":\"https:\\\/\\\/www.manabi.gob.ec\\\/index.php\\\/chone\\\/#primaryimage\"},\"image\":{\"@id\":\"https:\\\/\\\/www.manabi.gob.ec\\\/index.php\\\/chone\\\/#primaryimage\"},\"thumbnailUrl\":\"https:\\\/\\\/www.manabi.gob.ec\\\/images2010\\\/2010\\\/01\\\/escudo-del-canton-chone.gif\",\"datePublished\":\"2020-08-19T17:29:08+00:00\",\"dateModified\":\"2020-09-01T08:56:31+00:00\",\"breadcrumb\":{\"@id\":\"https:\\\/\\\/www.manabi.gob.ec\\\/index.php\\\/chone\\\/#breadcrumb\"},\"inLanguage\":\"es\",\"potentialAction\":[{\"@type\":\"ReadAction\",\"target\":[\"https:\\\/\\\/www.manabi.gob.ec\\\/index.php\\\/chone\\\/\"]}]},{\"@type\":\"ImageObject\",\"inLanguage\":\"es\",\"@id\":\"https:\\\/\\\/www.manabi.gob.ec\\\/index.php\\\/chone\\\/#primaryimage\",\"url\":\"https:\\\/\\\/www.manabi.gob.ec\\\/images2010\\\/2010\\\/01\\\/escudo-del-canton-chone.gif\",\"contentUrl\":\"https:\\\/\\\/www.manabi.gob.ec\\\/images2010\\\/2010\\\/01\\\/escudo-del-canton-chone.gif\"},{\"@type\":\"BreadcrumbList\",\"@id\":\"https:\\\/\\\/www.manabi.gob.ec\\\/index.php\\\/chone\\\/#breadcrumb\",\"itemListElement\":[{\"@type\":\"ListItem\",\"position\":1,\"name\":\"Portada\",\"item\":\"https:\\\/\\\/www.manabi.gob.ec\\\/\"},{\"@type\":\"ListItem\",\"position\":2,\"name\":\"Chone\"}]},{\"@type\":\"WebSite\",\"@id\":\"https:\\\/\\\/www.manabi.gob.ec\\\/#website\",\"url\":\"https:\\\/\\\/www.manabi.gob.ec\\\/\",\"name\":\"Prefectura de Manab\u00ed\",\"description\":\"P\u00e1gina web de la prefectura\",\"potentialAction\":[{\"@type\":\"SearchAction\",\"target\":{\"@type\":\"EntryPoint\",\"urlTemplate\":\"https:\\\/\\\/www.manabi.gob.ec\\\/?s={search_term_string}\"},\"query-input\":{\"@type\":\"PropertyValueSpecification\",\"valueRequired\":true,\"valueName\":\"search_term_string\"}}],\"inLanguage\":\"es\"}]}<\/script>\n<!-- \/ Yoast SEO plugin. -->","yoast_head_json":{"title":"Chone - Prefectura de Manab\u00ed","robots":{"index":"index","follow":"follow","max-snippet":"max-snippet:-1","max-image-preview":"max-image-preview:large","max-video-preview":"max-video-preview:-1"},"canonical":"https:\/\/www.manabi.gob.ec\/index.php\/chone\/","og_locale":"es_ES","og_type":"article","og_title":"Chone - Prefectura de Manab\u00ed","og_description":"[vc_row][vc_column width=\u00bb1\/4&#8243;][vc_empty_space][vc_column_text]Cabecera Cantonal Chone Parroquias Urbanas Chone, Santa Rita Parroquias Rurales Boyac\u00e1 , Canuto , Chibunga, Convento, Eloy Alfaro , Ricaurte , San Antonio [\/vc_column_text][\/vc_column][vc_column width=\u00bb3\/4&#8243;][vc_column_text] Su potencialidad est\u00e1 en el turismo rural y paisaj\u00edstico, donde se practica la pesca deportiva.\u00a0Otro atractivo son sus grandes monta\u00f1as, donde se desarrolla el turismo de excursi\u00f3n y aventura. [&hellip;]","og_url":"https:\/\/www.manabi.gob.ec\/index.php\/chone\/","og_site_name":"Prefectura de Manab\u00ed","article_modified_time":"2020-09-01T08:56:31+00:00","og_image":[{"url":"https:\/\/www.manabi.gob.ec\/images2010\/2010\/01\/escudo-del-canton-chone.gif","type":"","width":"","height":""}],"twitter_card":"summary_large_image","twitter_misc":{"Tiempo de lectura":"4 minutos"},"schema":{"@context":"https:\/\/schema.org","@graph":[{"@type":"WebPage","@id":"https:\/\/www.manabi.gob.ec\/index.php\/chone\/","url":"https:\/\/www.manabi.gob.ec\/index.php\/chone\/","name":"Chone - Prefectura de Manab\u00ed","isPartOf":{"@id":"https:\/\/www.manabi.gob.ec\/#website"},"primaryImageOfPage":{"@id":"https:\/\/www.manabi.gob.ec\/index.php\/chone\/#primaryimage"},"image":{"@id":"https:\/\/www.manabi.gob.ec\/index.php\/chone\/#primaryimage"},"thumbnailUrl":"https:\/\/www.manabi.gob.ec\/images2010\/2010\/01\/escudo-del-canton-chone.gif","datePublished":"2020-08-19T17:29:08+00:00","dateModified":"2020-09-01T08:56:31+00:00","breadcrumb":{"@id":"https:\/\/www.manabi.gob.ec\/index.php\/chone\/#breadcrumb"},"inLanguage":"es","potentialAction":[{"@type":"ReadAction","target":["https:\/\/www.manabi.gob.ec\/index.php\/chone\/"]}]},{"@type":"ImageObject","inLanguage":"es","@id":"https:\/\/www.manabi.gob.ec\/index.php\/chone\/#primaryimage","url":"https:\/\/www.manabi.gob.ec\/images2010\/2010\/01\/escudo-del-canton-chone.gif","contentUrl":"https:\/\/www.manabi.gob.ec\/images2010\/2010\/01\/escudo-del-canton-chone.gif"},{"@type":"BreadcrumbList","@id":"https:\/\/www.manabi.gob.ec\/index.php\/chone\/#breadcrumb","itemListElement":[{"@type":"ListItem","position":1,"name":"Portada","item":"https:\/\/www.manabi.gob.ec\/"},{"@type":"ListItem","position":2,"name":"Chone"}]},{"@type":"WebSite","@id":"https:\/\/www.manabi.gob.ec\/#website","url":"https:\/\/www.manabi.gob.ec\/","name":"Prefectura de Manab\u00ed","description":"P\u00e1gina web de la prefectura","potentialAction":[{"@type":"SearchAction","target":{"@type":"EntryPoint","urlTemplate":"https:\/\/www.manabi.gob.ec\/?s={search_term_string}"},"query-input":{"@type":"PropertyValueSpecification","valueRequired":true,"valueName":"search_term_string"}}],"inLanguage":"es"}]}},"_links":{"self":[{"href":"https:\/\/www.manabi.gob.ec\/index.php\/wp-json\/wp\/v2\/pages\/14961","targetHints":{"allow":["GET"]}}],"collection":[{"href":"https:\/\/www.manabi.gob.ec\/index.php\/wp-json\/wp\/v2\/pages"}],"about":[{"href":"https:\/\/www.manabi.gob.ec\/index.php\/wp-json\/wp\/v2\/types\/page"}],"author":[{"embeddable":true,"href":"https:\/\/www.manabi.gob.ec\/index.php\/wp-json\/wp\/v2\/users\/1"}],"replies":[{"embeddable":true,"href":"https:\/\/www.manabi.gob.ec\/index.php\/wp-json\/wp\/v2\/comments?post=14961"}],"version-history":[{"count":0,"href":"https:\/\/www.manabi.gob.ec\/index.php\/wp-json\/wp\/v2\/pages\/14961\/revisions"}],"wp:attachment":[{"href":"https:\/\/www.manabi.gob.ec\/index.php\/wp-json\/wp\/v2\/media?parent=14961"}],"curies":[{"name":"wp","href":"https:\/\/api.w.org\/{rel}","templated":true}]}}