{"id":14968,"date":"2020-08-19T17:29:47","date_gmt":"2020-08-19T17:29:47","guid":{"rendered":"http:\/\/www.manabi.gob.ec\/?page_id=14968"},"modified":"2021-02-24T14:14:34","modified_gmt":"2021-02-24T14:14:34","slug":"tosagua","status":"publish","type":"page","link":"https:\/\/www.manabi.gob.ec\/index.php\/tosagua\/","title":{"rendered":"Tosagua"},"content":{"rendered":"<p>[vc_row][vc_column width=\u00bb1\/4&#8243;][vc_empty_space][vc_column_text]<strong>Cabecera Cantonal<\/strong><br \/>\nTosagua<br \/>\n<strong>Parroquias Urbanas<\/strong><br \/>\nTosagua<br \/>\n<strong>Parroquias Rurales<\/strong><br \/>\nBachillero, \u00c1ngel Pedro Giler<\/p>\n<p><img decoding=\"async\" src=\"https:\/\/www.manabi.gob.ec\/images2010\/2010\/01\/escudo-del-canton-tosagua.gif\" alt=\"escudo-del-canton-tosagua\" \/><\/p>\n<p><img decoding=\"async\" src=\"https:\/\/www.manabi.gob.ec\/images2010\/2010\/01\/bandera-del-canton-tosagua.gif\" alt=\"bandera-del-canton-tosagua\" \/>[\/vc_column_text][\/vc_column][vc_column width=\u00bb3\/4&#8243;][vc_column_text]<\/p>\n<p data-wahfont=\"14\">La Estancilla es un atractivo por sus condiciones fluviales, donde existen balnearios muy visitados por turistas. Es una zona productora de \u201cChame\u201d, pez cultivado en grandes \u201cci\u00e9nagas\u201d, habitan 130 clases de aves, cuatro provienen de Canad\u00e1. Tambi\u00e9n se cultiva el camar\u00f3n.<\/p>\n<p data-wahfont=\"14\">Se cultivan una gran cantidad de productos de ciclo corto como sand\u00eda, mel\u00f3n, tomate, fr\u00e9jol, papaya, yuca, man\u00ed, algod\u00f3n.<\/p>\n<h2 data-wahfont=\"21\"><span data-wahfont=\"21\">HIMNO DEL CANT\u00d3N TOSAGUA<\/span><\/h2>\n<div class=\"sc_line sc_line_position_center_center sc_line_style_solid\"><\/div>\n<p data-wahfont=\"14\"><strong>Letra: \u00a0<\/strong>\u00a0 Adri\u00e1n Palomeque Castro<br \/>\n<strong>M\u00fasica:<\/strong>\u00a0\u00a0\u00a0 Dacho Pablo<\/p>\n<p data-wahfont=\"14\">Coro<\/p>\n<p data-wahfont=\"14\">De Los Caras la tribu Tosagua<br \/>\nse desprende su estirpe gloriosa,<br \/>\nfue crisol de beldad primorosa<br \/>\ndel eterno y jay\u00e1n carrizal<\/p>\n<p data-wahfont=\"14\">I<\/p>\n<p data-wahfont=\"14\">Tierra magna, gentil, generosa<br \/>\nde higuerilla, algodon y maizales,<br \/>\nfecundada por tibios cristales<br \/>\nque engalanan tu hermosa heredad.<br \/>\nGanadera, Oh cuna perpetua,<br \/>\nel trabajo es riqueza inmanente<br \/>\ncomo el sol es valor de tu gente<br \/>\ny los valles tu gracia sin par\u2026<\/p>\n<p data-wahfont=\"14\">II<\/p>\n<p data-wahfont=\"14\">Tus parroquias de hoy y de siempre<br \/>\nson estrellas que escudan tu suelo,<br \/>\ntus paisajes te visten de cielo,<br \/>\nBuena Vista, Amarillos, Juncal,<br \/>\nMatapalo, Las Guaijas, El Tambo,<br \/>\nPitahaya, El Junco, El Viento<br \/>\ny mas sitios que son el sustento<br \/>\nde este pueblo heroico, inmortal\u2026<\/p>\n<p data-wahfont=\"14\">III<\/p>\n<p data-wahfont=\"14\">Ser\u00e1 grande, Tosagua, muy pronto<br \/>\nTres de Octubre, con garbo, se dijo:<br \/>\nel esfuerzo de todos sus hijos<br \/>\ndar\u00e1 fruto perenne de paz.<br \/>\nY la lucha conjunta confirma<br \/>\ncon en\u00e9rgica acci\u00f3n el camino,<br \/>\ngu\u00eda intr\u00e9pida de otro destino<br \/>\nque es la luz de la gloria final\u2026<\/p>\n<p data-wahfont=\"14\">IV<\/p>\n<p data-wahfont=\"14\">Veinticinco de Enero, anunciaba<br \/>\nen la noche, a las doce, Victoria;<br \/>\nsempiterna inscripci\u00f3n en la historia<br \/>\nproclamando, por fin, libertad.<br \/>\nTus mujeres, tus hombres alzaron<br \/>\ncon euforia y civismo las manos<br \/>\ny vibr\u00f3 con ardor soberano<br \/>\nla sagrada canci\u00f3n nacional<\/p>\n<p>[\/vc_column_text][\/vc_column][\/vc_row]<\/p>\n","protected":false},"excerpt":{"rendered":"<p>[vc_row][vc_column width=\u00bb1\/4&#8243;][vc_empty_space][vc_column_text]Cabecera Cantonal Tosagua Parroquias Urbanas Tosagua Parroquias Rurales Bachillero, \u00c1ngel Pedro Giler [\/vc_column_text][\/vc_column][vc_column width=\u00bb3\/4&#8243;][vc_column_text] La Estancilla es un atractivo por sus condiciones fluviales, donde existen balnearios muy visitados por turistas. Es una zona productora de \u201cChame\u201d, pez cultivado en grandes \u201cci\u00e9nagas\u201d, habitan 130 clases de aves, cuatro provienen de Canad\u00e1. Tambi\u00e9n se cultiva el [&hellip;]<\/p>\n","protected":false},"author":1,"featured_media":0,"parent":0,"menu_order":0,"comment_status":"closed","ping_status":"closed","template":"","meta":{"_joinchat":[],"footnotes":""},"class_list":["post-14968","page","type-page","status-publish","hentry"],"yoast_head":"<!-- This site is optimized with the Yoast SEO plugin v27.4 - https:\/\/yoast.com\/product\/yoast-seo-wordpress\/ -->\n<title>Tosagua - Prefectura de Manab\u00ed<\/title>\n<meta name=\"robots\" content=\"index, follow, max-snippet:-1, max-image-preview:large, max-video-preview:-1\" \/>\n<link rel=\"canonical\" href=\"https:\/\/www.manabi.gob.ec\/index.php\/tosagua\/\" \/>\n<meta property=\"og:locale\" content=\"es_ES\" \/>\n<meta property=\"og:type\" content=\"article\" \/>\n<meta property=\"og:title\" content=\"Tosagua - Prefectura de Manab\u00ed\" \/>\n<meta property=\"og:description\" content=\"[vc_row][vc_column width=\u00bb1\/4&#8243;][vc_empty_space][vc_column_text]Cabecera Cantonal Tosagua Parroquias Urbanas Tosagua Parroquias Rurales Bachillero, \u00c1ngel Pedro Giler [\/vc_column_text][\/vc_column][vc_column width=\u00bb3\/4&#8243;][vc_column_text] La Estancilla es un atractivo por sus condiciones fluviales, donde existen balnearios muy visitados por turistas. Es una zona productora de \u201cChame\u201d, pez cultivado en grandes \u201cci\u00e9nagas\u201d, habitan 130 clases de aves, cuatro provienen de Canad\u00e1. Tambi\u00e9n se cultiva el [&hellip;]\" \/>\n<meta property=\"og:url\" content=\"https:\/\/www.manabi.gob.ec\/index.php\/tosagua\/\" \/>\n<meta property=\"og:site_name\" content=\"Prefectura de Manab\u00ed\" \/>\n<meta property=\"article:modified_time\" content=\"2021-02-24T14:14:34+00:00\" \/>\n<meta property=\"og:image\" content=\"https:\/\/www.manabi.gob.ec\/images2010\/2010\/01\/escudo-del-canton-tosagua.gif\" \/>\n<meta name=\"twitter:card\" content=\"summary_large_image\" \/>\n<meta name=\"twitter:label1\" content=\"Tiempo de lectura\" \/>\n\t<meta name=\"twitter:data1\" content=\"2 minutos\" \/>\n<script type=\"application\/ld+json\" class=\"yoast-schema-graph\">{\"@context\":\"https:\\\/\\\/schema.org\",\"@graph\":[{\"@type\":\"WebPage\",\"@id\":\"https:\\\/\\\/www.manabi.gob.ec\\\/index.php\\\/tosagua\\\/\",\"url\":\"https:\\\/\\\/www.manabi.gob.ec\\\/index.php\\\/tosagua\\\/\",\"name\":\"Tosagua - Prefectura de Manab\u00ed\",\"isPartOf\":{\"@id\":\"https:\\\/\\\/www.manabi.gob.ec\\\/#website\"},\"primaryImageOfPage\":{\"@id\":\"https:\\\/\\\/www.manabi.gob.ec\\\/index.php\\\/tosagua\\\/#primaryimage\"},\"image\":{\"@id\":\"https:\\\/\\\/www.manabi.gob.ec\\\/index.php\\\/tosagua\\\/#primaryimage\"},\"thumbnailUrl\":\"https:\\\/\\\/www.manabi.gob.ec\\\/images2010\\\/2010\\\/01\\\/escudo-del-canton-tosagua.gif\",\"datePublished\":\"2020-08-19T17:29:47+00:00\",\"dateModified\":\"2021-02-24T14:14:34+00:00\",\"breadcrumb\":{\"@id\":\"https:\\\/\\\/www.manabi.gob.ec\\\/index.php\\\/tosagua\\\/#breadcrumb\"},\"inLanguage\":\"es\",\"potentialAction\":[{\"@type\":\"ReadAction\",\"target\":[\"https:\\\/\\\/www.manabi.gob.ec\\\/index.php\\\/tosagua\\\/\"]}]},{\"@type\":\"ImageObject\",\"inLanguage\":\"es\",\"@id\":\"https:\\\/\\\/www.manabi.gob.ec\\\/index.php\\\/tosagua\\\/#primaryimage\",\"url\":\"https:\\\/\\\/www.manabi.gob.ec\\\/images2010\\\/2010\\\/01\\\/escudo-del-canton-tosagua.gif\",\"contentUrl\":\"https:\\\/\\\/www.manabi.gob.ec\\\/images2010\\\/2010\\\/01\\\/escudo-del-canton-tosagua.gif\"},{\"@type\":\"BreadcrumbList\",\"@id\":\"https:\\\/\\\/www.manabi.gob.ec\\\/index.php\\\/tosagua\\\/#breadcrumb\",\"itemListElement\":[{\"@type\":\"ListItem\",\"position\":1,\"name\":\"Portada\",\"item\":\"https:\\\/\\\/www.manabi.gob.ec\\\/\"},{\"@type\":\"ListItem\",\"position\":2,\"name\":\"Tosagua\"}]},{\"@type\":\"WebSite\",\"@id\":\"https:\\\/\\\/www.manabi.gob.ec\\\/#website\",\"url\":\"https:\\\/\\\/www.manabi.gob.ec\\\/\",\"name\":\"Prefectura de Manab\u00ed\",\"description\":\"P\u00e1gina web de la prefectura\",\"potentialAction\":[{\"@type\":\"SearchAction\",\"target\":{\"@type\":\"EntryPoint\",\"urlTemplate\":\"https:\\\/\\\/www.manabi.gob.ec\\\/?s={search_term_string}\"},\"query-input\":{\"@type\":\"PropertyValueSpecification\",\"valueRequired\":true,\"valueName\":\"search_term_string\"}}],\"inLanguage\":\"es\"}]}<\/script>\n<!-- \/ Yoast SEO plugin. -->","yoast_head_json":{"title":"Tosagua - Prefectura de Manab\u00ed","robots":{"index":"index","follow":"follow","max-snippet":"max-snippet:-1","max-image-preview":"max-image-preview:large","max-video-preview":"max-video-preview:-1"},"canonical":"https:\/\/www.manabi.gob.ec\/index.php\/tosagua\/","og_locale":"es_ES","og_type":"article","og_title":"Tosagua - Prefectura de Manab\u00ed","og_description":"[vc_row][vc_column width=\u00bb1\/4&#8243;][vc_empty_space][vc_column_text]Cabecera Cantonal Tosagua Parroquias Urbanas Tosagua Parroquias Rurales Bachillero, \u00c1ngel Pedro Giler [\/vc_column_text][\/vc_column][vc_column width=\u00bb3\/4&#8243;][vc_column_text] La Estancilla es un atractivo por sus condiciones fluviales, donde existen balnearios muy visitados por turistas. Es una zona productora de \u201cChame\u201d, pez cultivado en grandes \u201cci\u00e9nagas\u201d, habitan 130 clases de aves, cuatro provienen de Canad\u00e1. Tambi\u00e9n se cultiva el [&hellip;]","og_url":"https:\/\/www.manabi.gob.ec\/index.php\/tosagua\/","og_site_name":"Prefectura de Manab\u00ed","article_modified_time":"2021-02-24T14:14:34+00:00","og_image":[{"url":"https:\/\/www.manabi.gob.ec\/images2010\/2010\/01\/escudo-del-canton-tosagua.gif","type":"","width":"","height":""}],"twitter_card":"summary_large_image","twitter_misc":{"Tiempo de lectura":"2 minutos"},"schema":{"@context":"https:\/\/schema.org","@graph":[{"@type":"WebPage","@id":"https:\/\/www.manabi.gob.ec\/index.php\/tosagua\/","url":"https:\/\/www.manabi.gob.ec\/index.php\/tosagua\/","name":"Tosagua - Prefectura de Manab\u00ed","isPartOf":{"@id":"https:\/\/www.manabi.gob.ec\/#website"},"primaryImageOfPage":{"@id":"https:\/\/www.manabi.gob.ec\/index.php\/tosagua\/#primaryimage"},"image":{"@id":"https:\/\/www.manabi.gob.ec\/index.php\/tosagua\/#primaryimage"},"thumbnailUrl":"https:\/\/www.manabi.gob.ec\/images2010\/2010\/01\/escudo-del-canton-tosagua.gif","datePublished":"2020-08-19T17:29:47+00:00","dateModified":"2021-02-24T14:14:34+00:00","breadcrumb":{"@id":"https:\/\/www.manabi.gob.ec\/index.php\/tosagua\/#breadcrumb"},"inLanguage":"es","potentialAction":[{"@type":"ReadAction","target":["https:\/\/www.manabi.gob.ec\/index.php\/tosagua\/"]}]},{"@type":"ImageObject","inLanguage":"es","@id":"https:\/\/www.manabi.gob.ec\/index.php\/tosagua\/#primaryimage","url":"https:\/\/www.manabi.gob.ec\/images2010\/2010\/01\/escudo-del-canton-tosagua.gif","contentUrl":"https:\/\/www.manabi.gob.ec\/images2010\/2010\/01\/escudo-del-canton-tosagua.gif"},{"@type":"BreadcrumbList","@id":"https:\/\/www.manabi.gob.ec\/index.php\/tosagua\/#breadcrumb","itemListElement":[{"@type":"ListItem","position":1,"name":"Portada","item":"https:\/\/www.manabi.gob.ec\/"},{"@type":"ListItem","position":2,"name":"Tosagua"}]},{"@type":"WebSite","@id":"https:\/\/www.manabi.gob.ec\/#website","url":"https:\/\/www.manabi.gob.ec\/","name":"Prefectura de Manab\u00ed","description":"P\u00e1gina web de la prefectura","potentialAction":[{"@type":"SearchAction","target":{"@type":"EntryPoint","urlTemplate":"https:\/\/www.manabi.gob.ec\/?s={search_term_string}"},"query-input":{"@type":"PropertyValueSpecification","valueRequired":true,"valueName":"search_term_string"}}],"inLanguage":"es"}]}},"_links":{"self":[{"href":"https:\/\/www.manabi.gob.ec\/index.php\/wp-json\/wp\/v2\/pages\/14968","targetHints":{"allow":["GET"]}}],"collection":[{"href":"https:\/\/www.manabi.gob.ec\/index.php\/wp-json\/wp\/v2\/pages"}],"about":[{"href":"https:\/\/www.manabi.gob.ec\/index.php\/wp-json\/wp\/v2\/types\/page"}],"author":[{"embeddable":true,"href":"https:\/\/www.manabi.gob.ec\/index.php\/wp-json\/wp\/v2\/users\/1"}],"replies":[{"embeddable":true,"href":"https:\/\/www.manabi.gob.ec\/index.php\/wp-json\/wp\/v2\/comments?post=14968"}],"version-history":[{"count":0,"href":"https:\/\/www.manabi.gob.ec\/index.php\/wp-json\/wp\/v2\/pages\/14968\/revisions"}],"wp:attachment":[{"href":"https:\/\/www.manabi.gob.ec\/index.php\/wp-json\/wp\/v2\/media?parent=14968"}],"curies":[{"name":"wp","href":"https:\/\/api.w.org\/{rel}","templated":true}]}}