{"id":14979,"date":"2020-08-19T17:32:38","date_gmt":"2020-08-19T17:32:38","guid":{"rendered":"http:\/\/www.manabi.gob.ec\/?page_id=14979"},"modified":"2020-08-25T18:50:40","modified_gmt":"2020-08-25T18:50:40","slug":"jaramijo","status":"publish","type":"page","link":"https:\/\/www.manabi.gob.ec\/index.php\/jaramijo\/","title":{"rendered":"Jaramij\u00f3"},"content":{"rendered":"<p>[vc_row][vc_column width=\u00bb1\/4&#8243;][vc_empty_space][vc_column_text]<strong>Cabecera Cantonal<\/strong><br \/>\nJaramij\u00f3 (cant\u00f3n)<br \/>\n<strong>Parroquias Urbanas<\/strong><br \/>\nJaramij\u00f3 (parroquia)<\/p>\n<p><img loading=\"lazy\" decoding=\"async\" class=\"alignnone size-full wp-image-15025\" src=\"http:\/\/www.manabi.gob.ec\/wp-content\/uploads\/2020\/08\/escudo-del-canton-jaramijo.gif\" alt=\"\" width=\"120\" height=\"152\" \/><\/p>\n<p><img loading=\"lazy\" decoding=\"async\" class=\"alignnone size-full wp-image-15026\" src=\"http:\/\/www.manabi.gob.ec\/wp-content\/uploads\/2020\/08\/bandera-del-canton-jaramijo.gif\" alt=\"\" width=\"120\" height=\"85\" \/>[\/vc_column_text][\/vc_column][vc_column width=\u00bb3\/4&#8243;][vc_column_text]<\/p>\n<p data-wahfont=\"14\">Conocido como \u201cCaleta de Pescadores\u201d. Frente a la costa se puede observar gran cantidad de embarcaciones peque\u00f1as, que es un atractivo tur\u00edstico para el visitante.<\/p>\n<p data-wahfont=\"14\">En su interior se encuentran los pozos de aguas azufradas, con propiedades curativas. Hacia el norte est\u00e1n las playas de arena dura, aguas calmadas y piscinas rocosas.<\/p>\n<p data-wahfont=\"14\">Las fiestas de San Pedro y San Pablo, que se celebra los 24 de agosto, es reconocida en toda la regi\u00f3n, que se constituye en atractivo tur\u00edstico.<\/p>\n<h4 style=\"text-align: center;\" data-wahfont=\"21\"><span data-wahfont=\"21\">HIMNO DEL CANT\u00d3N JARAMIJ\u00d3<\/span><\/h4>\n<div class=\"sc_line sc_line_position_center_center sc_line_style_solid\"><\/div>\n<p style=\"text-align: center;\" data-wahfont=\"14\">Salve oh pueblo de Jaramij\u00f3<br \/>\ncuna de hechos,. de viejo historial<br \/>\nde hombres fuertes valientes decididos<br \/>\nde trabajo de lucha y fervor.<\/p>\n<p style=\"text-align: center;\" data-wahfont=\"14\">Alfaro altivo combatiente al enemigo<br \/>\nglorioso genio inmortal de admiraci\u00f3n<br \/>\nya el combate naval se ha consumado<br \/>\nfiel testigo la nave Alajuela.<\/p>\n<p style=\"text-align: center;\" data-wahfont=\"14\">Cristalinas son las aguas de tu oc\u00e9ano<br \/>\ncual retina de tus ojos cielo y mar<br \/>\ntu epopeya se levanta y se agiganta<br \/>\ncual gaviota incansable que te canta.<\/p>\n<p style=\"text-align: center;\" data-wahfont=\"14\">Hermosa tierra, oh Jaramij\u00f3<br \/>\nde esperanza, civismo y de candor.<br \/>\nhermoso suelo parte de mi vida<br \/>\nlucharemos hasta siempre y venceremos.<\/p>\n<p style=\"text-align: center;\" data-wahfont=\"14\">Eres puerto progresivo en nuestra patria<br \/>\nromperemos las cadenas por tu honor<br \/>\ndefendiendo con af\u00e1n tu noble gloria<br \/>\ncon la pluma, la ciencia y la victoria.<\/p>\n<p style=\"text-align: center;\" data-wahfont=\"14\">Ya los pueblos admiran tu historia<br \/>\neres triunfo de batalla y valor<br \/>\npor las llamas de la sangre derramada<br \/>\nde tus hombres nobles y enardecidos<\/p>\n<p>[\/vc_column_text][\/vc_column][\/vc_row]<\/p>\n","protected":false},"excerpt":{"rendered":"<p>[vc_row][vc_column width=\u00bb1\/4&#8243;][vc_empty_space][vc_column_text]Cabecera Cantonal Jaramij\u00f3 (cant\u00f3n) Parroquias Urbanas Jaramij\u00f3 (parroquia) [\/vc_column_text][\/vc_column][vc_column width=\u00bb3\/4&#8243;][vc_column_text] Conocido como \u201cCaleta de Pescadores\u201d. Frente a la costa se puede observar gran cantidad de embarcaciones peque\u00f1as, que es un atractivo tur\u00edstico para el visitante. En su interior se encuentran los pozos de aguas azufradas, con propiedades curativas. Hacia el norte est\u00e1n las playas [&hellip;]<\/p>\n","protected":false},"author":1,"featured_media":0,"parent":0,"menu_order":0,"comment_status":"closed","ping_status":"closed","template":"","meta":{"_joinchat":[],"footnotes":""},"class_list":["post-14979","page","type-page","status-publish","hentry"],"yoast_head":"<!-- This site is optimized with the Yoast SEO plugin v27.4 - https:\/\/yoast.com\/product\/yoast-seo-wordpress\/ -->\n<title>Jaramij\u00f3 - Prefectura de Manab\u00ed<\/title>\n<meta name=\"robots\" content=\"index, follow, max-snippet:-1, max-image-preview:large, max-video-preview:-1\" \/>\n<link rel=\"canonical\" href=\"https:\/\/www.manabi.gob.ec\/index.php\/jaramijo\/\" \/>\n<meta property=\"og:locale\" content=\"es_ES\" \/>\n<meta property=\"og:type\" content=\"article\" \/>\n<meta property=\"og:title\" content=\"Jaramij\u00f3 - Prefectura de Manab\u00ed\" \/>\n<meta property=\"og:description\" content=\"[vc_row][vc_column width=\u00bb1\/4&#8243;][vc_empty_space][vc_column_text]Cabecera Cantonal Jaramij\u00f3 (cant\u00f3n) Parroquias Urbanas Jaramij\u00f3 (parroquia) [\/vc_column_text][\/vc_column][vc_column width=\u00bb3\/4&#8243;][vc_column_text] Conocido como \u201cCaleta de Pescadores\u201d. Frente a la costa se puede observar gran cantidad de embarcaciones peque\u00f1as, que es un atractivo tur\u00edstico para el visitante. En su interior se encuentran los pozos de aguas azufradas, con propiedades curativas. Hacia el norte est\u00e1n las playas [&hellip;]\" \/>\n<meta property=\"og:url\" content=\"https:\/\/www.manabi.gob.ec\/index.php\/jaramijo\/\" \/>\n<meta property=\"og:site_name\" content=\"Prefectura de Manab\u00ed\" \/>\n<meta property=\"article:modified_time\" content=\"2020-08-25T18:50:40+00:00\" \/>\n<meta property=\"og:image\" content=\"http:\/\/www.manabi.gob.ec\/wp-content\/uploads\/2020\/08\/escudo-del-canton-jaramijo.gif\" \/>\n<meta name=\"twitter:card\" content=\"summary_large_image\" \/>\n<meta name=\"twitter:label1\" content=\"Tiempo de lectura\" \/>\n\t<meta name=\"twitter:data1\" content=\"1 minuto\" \/>\n<script type=\"application\/ld+json\" class=\"yoast-schema-graph\">{\"@context\":\"https:\\\/\\\/schema.org\",\"@graph\":[{\"@type\":\"WebPage\",\"@id\":\"https:\\\/\\\/www.manabi.gob.ec\\\/index.php\\\/jaramijo\\\/\",\"url\":\"https:\\\/\\\/www.manabi.gob.ec\\\/index.php\\\/jaramijo\\\/\",\"name\":\"Jaramij\u00f3 - Prefectura de Manab\u00ed\",\"isPartOf\":{\"@id\":\"https:\\\/\\\/www.manabi.gob.ec\\\/#website\"},\"primaryImageOfPage\":{\"@id\":\"https:\\\/\\\/www.manabi.gob.ec\\\/index.php\\\/jaramijo\\\/#primaryimage\"},\"image\":{\"@id\":\"https:\\\/\\\/www.manabi.gob.ec\\\/index.php\\\/jaramijo\\\/#primaryimage\"},\"thumbnailUrl\":\"http:\\\/\\\/www.manabi.gob.ec\\\/wp-content\\\/uploads\\\/2020\\\/08\\\/escudo-del-canton-jaramijo.gif\",\"datePublished\":\"2020-08-19T17:32:38+00:00\",\"dateModified\":\"2020-08-25T18:50:40+00:00\",\"breadcrumb\":{\"@id\":\"https:\\\/\\\/www.manabi.gob.ec\\\/index.php\\\/jaramijo\\\/#breadcrumb\"},\"inLanguage\":\"es\",\"potentialAction\":[{\"@type\":\"ReadAction\",\"target\":[\"https:\\\/\\\/www.manabi.gob.ec\\\/index.php\\\/jaramijo\\\/\"]}]},{\"@type\":\"ImageObject\",\"inLanguage\":\"es\",\"@id\":\"https:\\\/\\\/www.manabi.gob.ec\\\/index.php\\\/jaramijo\\\/#primaryimage\",\"url\":\"https:\\\/\\\/www.manabi.gob.ec\\\/wp-content\\\/uploads\\\/2020\\\/08\\\/escudo-del-canton-jaramijo.gif\",\"contentUrl\":\"https:\\\/\\\/www.manabi.gob.ec\\\/wp-content\\\/uploads\\\/2020\\\/08\\\/escudo-del-canton-jaramijo.gif\",\"width\":120,\"height\":152},{\"@type\":\"BreadcrumbList\",\"@id\":\"https:\\\/\\\/www.manabi.gob.ec\\\/index.php\\\/jaramijo\\\/#breadcrumb\",\"itemListElement\":[{\"@type\":\"ListItem\",\"position\":1,\"name\":\"Portada\",\"item\":\"https:\\\/\\\/www.manabi.gob.ec\\\/\"},{\"@type\":\"ListItem\",\"position\":2,\"name\":\"Jaramij\u00f3\"}]},{\"@type\":\"WebSite\",\"@id\":\"https:\\\/\\\/www.manabi.gob.ec\\\/#website\",\"url\":\"https:\\\/\\\/www.manabi.gob.ec\\\/\",\"name\":\"Prefectura de Manab\u00ed\",\"description\":\"P\u00e1gina web de la prefectura\",\"potentialAction\":[{\"@type\":\"SearchAction\",\"target\":{\"@type\":\"EntryPoint\",\"urlTemplate\":\"https:\\\/\\\/www.manabi.gob.ec\\\/?s={search_term_string}\"},\"query-input\":{\"@type\":\"PropertyValueSpecification\",\"valueRequired\":true,\"valueName\":\"search_term_string\"}}],\"inLanguage\":\"es\"}]}<\/script>\n<!-- \/ Yoast SEO plugin. -->","yoast_head_json":{"title":"Jaramij\u00f3 - Prefectura de Manab\u00ed","robots":{"index":"index","follow":"follow","max-snippet":"max-snippet:-1","max-image-preview":"max-image-preview:large","max-video-preview":"max-video-preview:-1"},"canonical":"https:\/\/www.manabi.gob.ec\/index.php\/jaramijo\/","og_locale":"es_ES","og_type":"article","og_title":"Jaramij\u00f3 - Prefectura de Manab\u00ed","og_description":"[vc_row][vc_column width=\u00bb1\/4&#8243;][vc_empty_space][vc_column_text]Cabecera Cantonal Jaramij\u00f3 (cant\u00f3n) Parroquias Urbanas Jaramij\u00f3 (parroquia) [\/vc_column_text][\/vc_column][vc_column width=\u00bb3\/4&#8243;][vc_column_text] Conocido como \u201cCaleta de Pescadores\u201d. Frente a la costa se puede observar gran cantidad de embarcaciones peque\u00f1as, que es un atractivo tur\u00edstico para el visitante. En su interior se encuentran los pozos de aguas azufradas, con propiedades curativas. Hacia el norte est\u00e1n las playas [&hellip;]","og_url":"https:\/\/www.manabi.gob.ec\/index.php\/jaramijo\/","og_site_name":"Prefectura de Manab\u00ed","article_modified_time":"2020-08-25T18:50:40+00:00","og_image":[{"url":"http:\/\/www.manabi.gob.ec\/wp-content\/uploads\/2020\/08\/escudo-del-canton-jaramijo.gif","type":"","width":"","height":""}],"twitter_card":"summary_large_image","twitter_misc":{"Tiempo de lectura":"1 minuto"},"schema":{"@context":"https:\/\/schema.org","@graph":[{"@type":"WebPage","@id":"https:\/\/www.manabi.gob.ec\/index.php\/jaramijo\/","url":"https:\/\/www.manabi.gob.ec\/index.php\/jaramijo\/","name":"Jaramij\u00f3 - Prefectura de Manab\u00ed","isPartOf":{"@id":"https:\/\/www.manabi.gob.ec\/#website"},"primaryImageOfPage":{"@id":"https:\/\/www.manabi.gob.ec\/index.php\/jaramijo\/#primaryimage"},"image":{"@id":"https:\/\/www.manabi.gob.ec\/index.php\/jaramijo\/#primaryimage"},"thumbnailUrl":"http:\/\/www.manabi.gob.ec\/wp-content\/uploads\/2020\/08\/escudo-del-canton-jaramijo.gif","datePublished":"2020-08-19T17:32:38+00:00","dateModified":"2020-08-25T18:50:40+00:00","breadcrumb":{"@id":"https:\/\/www.manabi.gob.ec\/index.php\/jaramijo\/#breadcrumb"},"inLanguage":"es","potentialAction":[{"@type":"ReadAction","target":["https:\/\/www.manabi.gob.ec\/index.php\/jaramijo\/"]}]},{"@type":"ImageObject","inLanguage":"es","@id":"https:\/\/www.manabi.gob.ec\/index.php\/jaramijo\/#primaryimage","url":"https:\/\/www.manabi.gob.ec\/wp-content\/uploads\/2020\/08\/escudo-del-canton-jaramijo.gif","contentUrl":"https:\/\/www.manabi.gob.ec\/wp-content\/uploads\/2020\/08\/escudo-del-canton-jaramijo.gif","width":120,"height":152},{"@type":"BreadcrumbList","@id":"https:\/\/www.manabi.gob.ec\/index.php\/jaramijo\/#breadcrumb","itemListElement":[{"@type":"ListItem","position":1,"name":"Portada","item":"https:\/\/www.manabi.gob.ec\/"},{"@type":"ListItem","position":2,"name":"Jaramij\u00f3"}]},{"@type":"WebSite","@id":"https:\/\/www.manabi.gob.ec\/#website","url":"https:\/\/www.manabi.gob.ec\/","name":"Prefectura de Manab\u00ed","description":"P\u00e1gina web de la prefectura","potentialAction":[{"@type":"SearchAction","target":{"@type":"EntryPoint","urlTemplate":"https:\/\/www.manabi.gob.ec\/?s={search_term_string}"},"query-input":{"@type":"PropertyValueSpecification","valueRequired":true,"valueName":"search_term_string"}}],"inLanguage":"es"}]}},"_links":{"self":[{"href":"https:\/\/www.manabi.gob.ec\/index.php\/wp-json\/wp\/v2\/pages\/14979","targetHints":{"allow":["GET"]}}],"collection":[{"href":"https:\/\/www.manabi.gob.ec\/index.php\/wp-json\/wp\/v2\/pages"}],"about":[{"href":"https:\/\/www.manabi.gob.ec\/index.php\/wp-json\/wp\/v2\/types\/page"}],"author":[{"embeddable":true,"href":"https:\/\/www.manabi.gob.ec\/index.php\/wp-json\/wp\/v2\/users\/1"}],"replies":[{"embeddable":true,"href":"https:\/\/www.manabi.gob.ec\/index.php\/wp-json\/wp\/v2\/comments?post=14979"}],"version-history":[{"count":0,"href":"https:\/\/www.manabi.gob.ec\/index.php\/wp-json\/wp\/v2\/pages\/14979\/revisions"}],"wp:attachment":[{"href":"https:\/\/www.manabi.gob.ec\/index.php\/wp-json\/wp\/v2\/media?parent=14979"}],"curies":[{"name":"wp","href":"https:\/\/api.w.org\/{rel}","templated":true}]}}