{"id":15955,"date":"2021-02-26T17:50:49","date_gmt":"2021-02-26T17:50:49","guid":{"rendered":"https:\/\/www.manabi.gob.ec\/?page_id=15955"},"modified":"2021-03-04T21:47:19","modified_gmt":"2021-03-04T21:47:19","slug":"aviso-de-remate-segundo-llamamiento-de-remate-de-inventarios","status":"publish","type":"page","link":"https:\/\/www.manabi.gob.ec\/index.php\/aviso-de-remate-segundo-llamamiento-de-remate-de-inventarios\/","title":{"rendered":"Aviso de remate &#8211; Segundo llamamiento de remate de inventarios"},"content":{"rendered":"<p>[vc_row css=\u00bb.vc_custom_1614360116399{margin-top: 20px !important;}\u00bb][vc_column width=\u00bb2\/4&#8243;][vc_column_text el_class=\u00bb\u00bb]<\/p>\n<ul>\n<li><span style=\"color: #333399;\"><a style=\"color: #333399;\" href=\"https:\/\/www.manabi.gob.ec\/wp-content\/uploads\/2021\/02\/RESOLUCION-No.EPCMC-EP-LIQUIDACION-2021-01.pdf\">RESOLUCION No.EPCMC EP-LIQUIDACI\u00d3N-2021-01<\/a><\/span><\/li>\n<li><span style=\"color: #333399;\"><a style=\"color: #333399;\" href=\"https:\/\/www.manabi.gob.ec\/wp-content\/uploads\/2021\/03\/RESOLUCION-No.EPCMC-EP-LIQUIDACION-2021-04.pdf\">RESOLUCION No.EPCMC EP-LIQUIDACI\u00d3N-2021-04<\/a><\/span><\/li>\n<li><span lang=\"ES-MX\" style=\"color: #333399;\"><a style=\"color: #333399;\" href=\"https:\/\/www.manabi.gob.ec\/wp-content\/uploads\/2021\/02\/BASES-DEL-CONCURSO.pdf\">Bases del Concurso<u><\/u>\u00a0<\/a><u><\/u><\/span><\/li>\n<li><span style=\"color: #333399;\"><a style=\"color: #333399;\" href=\"https:\/\/www.manabi.gob.ec\/wp-content\/uploads\/2021\/02\/AVISO-REMATE.pdf\">Aviso de remate<\/a><\/span><\/li>\n<li><a href=\"https:\/\/www.manabi.gob.ec\/wp-content\/uploads\/2021\/03\/a-MATERIALES-DE-SSO.pdf\"><span style=\"color: #333399;\">a) Materiales de SSO<\/span><\/a><\/li>\n<li><a href=\"https:\/\/www.manabi.gob.ec\/wp-content\/uploads\/2021\/03\/b-M.-S.-DE-OFICINA.pdf\"><span style=\"color: #333399;\">b) M. S. DE OFICINA<\/span><\/a><\/li>\n<li><a href=\"https:\/\/www.manabi.gob.ec\/wp-content\/uploads\/2021\/03\/c-M.-DE-LIMPIEZA.pdf\"><span style=\"color: #333399;\">c) M. DE LIMPIEZA<\/span><\/a><\/li>\n<li><a href=\"https:\/\/www.manabi.gob.ec\/wp-content\/uploads\/2021\/03\/d-M.-P.-ASFALTO.pdf\"><span style=\"color: #333399;\">d) M. P. ASFALTO<\/span><\/a><\/li>\n<li><a href=\"https:\/\/www.manabi.gob.ec\/wp-content\/uploads\/2021\/03\/e-M.SENAL_.-VIAL-.pdf\"><span style=\"color: #333399;\">e) M.SE\u00d1AL. VIAL <\/span><\/a><\/li>\n<li><a href=\"https:\/\/www.manabi.gob.ec\/wp-content\/uploads\/2021\/03\/f-M.-ELECTROMECANICO.pdf\"><span style=\"color: #333399;\">f) M. ELECTROMECANICO<\/span><\/a><\/li>\n<li><a href=\"https:\/\/www.manabi.gob.ec\/wp-content\/uploads\/2021\/03\/g-MATERIALES-DE-FERRETERI-Y-OTROS.pdf\"><span style=\"color: #333399;\">g) MATERIALES Y OTROS<\/span><\/a><\/li>\n<li><a href=\"https:\/\/www.manabi.gob.ec\/wp-content\/uploads\/2021\/03\/h-M.-REPUESTOS-Y-OTROS.pdf\"><span style=\"color: #333399;\">h) M. REPUESTOS Y OTROS<\/span><\/a><\/li>\n<li><a href=\"https:\/\/www.manabi.gob.ec\/wp-content\/uploads\/2021\/03\/i-ACEITES-Y-GRASAS.pdf\"><span style=\"color: #333399;\">i) ACEITES Y GRASAS<\/span><\/a><\/li>\n<li><span style=\"color: #333399;\"><a style=\"color: #333399;\" href=\"https:\/\/www.manabi.gob.ec\/wp-content\/uploads\/2021\/03\/CRONOGRAMA-1.pdf\">Cronograma<\/a><\/span><\/li>\n<li><span style=\"color: #333399;\"><a style=\"color: #333399;\" href=\"https:\/\/www.manabi.gob.ec\/wp-content\/uploads\/2021\/02\/ANEXO-3.-Esquema-sugerido-para-DECLARACION-JURADA.docx\"><span lang=\"ES-MX\">Anexo 3 &#8211; Esquema sugerido para DECLARACI\u00d3N JURADA <\/span><\/a><\/span><\/li>\n<li><span style=\"color: #333399;\"><a style=\"color: #333399;\" href=\"https:\/\/www.manabi.gob.ec\/wp-content\/uploads\/2021\/02\/ANEXO-4.-Formulario-para-PRESENTACION-DE-OFERTAS.xls\">Anexo 4 &#8211; formulario2<\/a><\/span><\/li>\n<\/ul>\n<p>[\/vc_column_text][\/vc_column][vc_column width=\u00bb2\/4&#8243;][vc_single_image image=\u00bb15822&#8243; img_size=\u00bbfull\u00bb][\/vc_column][\/vc_row][vc_row css=\u00bb.vc_custom_1614360070115{padding-right: 20px !important;}\u00bb][vc_column][vc_empty_space height=\u00bb20px\u00bb][vc_column_text]\u201cArt\u00edculo 2.- AUTORIZAR el inicio del segundo se\u00f1alamiento del proceso de remate de los inventarios de propiedad de la EMPRESA P\u00daBLICA DE CONSTRUCCI\u00d3N MANAB\u00cd CONSTRUYE EP EN LIQUIDACI\u00d3N, que se encuentran detallados en el anexo 01 que forma parte de la presente resoluci\u00f3n, bajo la modalidad de concurso de ofertas en sobre cerrado, con base en la normativa vigente, y observando el tiempo que debe transcurrir de conformidad al art\u00edculo 17 del REGLAMENTO INTERNO PARA LA ADMINISTRACI\u00d3N, CUSTODIA, UTILIZACI\u00d3N Y CONTROL DE INVENTARIOS Y BIENES MUEBLES E INMUEBLES DE LA EMPRESA P\u00daBLICA DE CONSTRUCCI\u00d3N MANAB\u00cd CONSTRUYE EP EN LIQUIDACI\u00d3N y al art\u00edculo 86 del REGLAMENTO GENERAL SUSTITUTIVO PARA LA ADMINISTRACI\u00d3N, UTILIZACI\u00d3N, MANEJO Y CONTROL DE LOS BIENES E INVENTARIOS DEL SECTOR P\u00daBLICO\u201d.<\/p>\n<p>1) Lugar, d\u00eda y hora del remate: El remate de inventarios correspondiente al segundo se\u00f1alamiento, se llevar\u00e1 a efecto el d\u00eda lunes 08 de marzo de 2021, a las 10h00, en las instalaciones de la empresa, ubicadas en el Kil\u00f3metro 8 \u00bd V\u00eda Portoviejo \u2013 Manta, Sector R\u00edo de Oro, cant\u00f3n Portoviejo, provincia de Manab\u00ed.<\/p>\n<p>2) Descripci\u00f3n completa, estado o condici\u00f3n, y valor base de los inventarios: La descripci\u00f3n completa, el estado y\/o condici\u00f3n, y el valor base de los inventarios, se encuentran disponibles en la p\u00e1gina web institucional del Gobierno Aut\u00f3nomo Descentralizado Provincial de Manab\u00ed: https:\/\/www.manabi.gob.ec, clasificados de la siguiente manera:<\/p>\n<p>a. MATERIALES DE SEGURIDAD Y SALUD OCUPACIONAL<br \/>\nb. MATERIALES DE OFICINA<br \/>\nc. MATERIALES DE LIMPIEZA<br \/>\nd. MATERIALES DE PLANTA DE ASFALTO<br \/>\ne. MATERIALES SE\u00d1ALIZACI\u00d3N VIAL<br \/>\nf. MATERIALES ELECTROMEC\u00c1NICO<br \/>\ng. MATERIALES Y OTROS<br \/>\nh. MATERIALES REPUESTOS Y OTROS<br \/>\ni. ACEITES<\/p>\n<p>3) Inspecci\u00f3n de los inventarios del remate: Los inventarios podr\u00e1n ser inspeccionados desde el jueves 25 de febrero hasta el viernes 05 de marzo de 2021, en d\u00edas laborables, en horario de 10h00 a 16h00.<\/p>\n<p>4) Forma de remate: De conformidad al art\u00edculo 2 de la Resoluci\u00f3n Nro. EPCMC EP \u2013 LIQUIDACI\u00d3N \u2013 2021\u201301 y su reforma, el segundo se\u00f1alamiento del proceso de remate de inventarios, se efectuar\u00e1 mediante concurso de ofertas en sobre cerrado.<\/p>\n<p>Las bases del remate, as\u00ed como formularios y otros requisitos para la participaci\u00f3n en este proceso, se encuentran disponibles en la p\u00e1gina web institucional del Gobierno Aut\u00f3nomo Descentralizado Provincial de Manab\u00ed: https:\/\/www.manabi.gob.ec[\/vc_column_text][vc_empty_space height=\u00bb40px\u00bb][\/vc_column][\/vc_row]<\/p>\n","protected":false},"excerpt":{"rendered":"<p>[vc_row css=\u00bb.vc_custom_1614360116399{margin-top: 20px !important;}\u00bb][vc_column width=\u00bb2\/4&#8243;][vc_column_text el_class=\u00bb\u00bb] RESOLUCION No.EPCMC EP-LIQUIDACI\u00d3N-2021-01 RESOLUCION No.EPCMC EP-LIQUIDACI\u00d3N-2021-04 Bases del Concurso\u00a0 Aviso de remate a) Materiales de SSO b) M. S. DE OFICINA c) M. DE LIMPIEZA d) M. P. ASFALTO e) M.SE\u00d1AL. VIAL f) M. ELECTROMECANICO g) MATERIALES Y OTROS h) M. REPUESTOS Y OTROS i) ACEITES Y GRASAS Cronograma [&hellip;]<\/p>\n","protected":false},"author":1,"featured_media":0,"parent":0,"menu_order":0,"comment_status":"closed","ping_status":"closed","template":"","meta":{"_joinchat":[],"footnotes":""},"class_list":["post-15955","page","type-page","status-publish","hentry"],"yoast_head":"<!-- This site is optimized with the Yoast SEO plugin v27.4 - https:\/\/yoast.com\/product\/yoast-seo-wordpress\/ -->\n<title>Aviso de remate - Segundo llamamiento de remate de inventarios - Prefectura de Manab\u00ed<\/title>\n<meta name=\"robots\" content=\"index, follow, max-snippet:-1, max-image-preview:large, max-video-preview:-1\" \/>\n<link rel=\"canonical\" href=\"https:\/\/www.manabi.gob.ec\/index.php\/aviso-de-remate-segundo-llamamiento-de-remate-de-inventarios\/\" \/>\n<meta property=\"og:locale\" content=\"es_ES\" \/>\n<meta property=\"og:type\" content=\"article\" \/>\n<meta property=\"og:title\" content=\"Aviso de remate - Segundo llamamiento de remate de inventarios - Prefectura de Manab\u00ed\" \/>\n<meta property=\"og:description\" content=\"[vc_row css=\u00bb.vc_custom_1614360116399{margin-top: 20px !important;}\u00bb][vc_column width=\u00bb2\/4&#8243;][vc_column_text el_class=\u00bb\u00bb] RESOLUCION No.EPCMC EP-LIQUIDACI\u00d3N-2021-01 RESOLUCION No.EPCMC EP-LIQUIDACI\u00d3N-2021-04 Bases del Concurso\u00a0 Aviso de remate a) Materiales de SSO b) M. S. DE OFICINA c) M. DE LIMPIEZA d) M. P. ASFALTO e) M.SE\u00d1AL. VIAL f) M. ELECTROMECANICO g) MATERIALES Y OTROS h) M. REPUESTOS Y OTROS i) ACEITES Y GRASAS Cronograma [&hellip;]\" \/>\n<meta property=\"og:url\" content=\"https:\/\/www.manabi.gob.ec\/index.php\/aviso-de-remate-segundo-llamamiento-de-remate-de-inventarios\/\" \/>\n<meta property=\"og:site_name\" content=\"Prefectura de Manab\u00ed\" \/>\n<meta property=\"article:modified_time\" content=\"2021-03-04T21:47:19+00:00\" \/>\n<meta name=\"twitter:card\" content=\"summary_large_image\" \/>\n<meta name=\"twitter:label1\" content=\"Tiempo de lectura\" \/>\n\t<meta name=\"twitter:data1\" content=\"2 minutos\" \/>\n<script type=\"application\/ld+json\" class=\"yoast-schema-graph\">{\"@context\":\"https:\\\/\\\/schema.org\",\"@graph\":[{\"@type\":\"WebPage\",\"@id\":\"https:\\\/\\\/www.manabi.gob.ec\\\/index.php\\\/aviso-de-remate-segundo-llamamiento-de-remate-de-inventarios\\\/\",\"url\":\"https:\\\/\\\/www.manabi.gob.ec\\\/index.php\\\/aviso-de-remate-segundo-llamamiento-de-remate-de-inventarios\\\/\",\"name\":\"Aviso de remate - Segundo llamamiento de remate de inventarios - Prefectura de Manab\u00ed\",\"isPartOf\":{\"@id\":\"https:\\\/\\\/www.manabi.gob.ec\\\/#website\"},\"datePublished\":\"2021-02-26T17:50:49+00:00\",\"dateModified\":\"2021-03-04T21:47:19+00:00\",\"breadcrumb\":{\"@id\":\"https:\\\/\\\/www.manabi.gob.ec\\\/index.php\\\/aviso-de-remate-segundo-llamamiento-de-remate-de-inventarios\\\/#breadcrumb\"},\"inLanguage\":\"es\",\"potentialAction\":[{\"@type\":\"ReadAction\",\"target\":[\"https:\\\/\\\/www.manabi.gob.ec\\\/index.php\\\/aviso-de-remate-segundo-llamamiento-de-remate-de-inventarios\\\/\"]}]},{\"@type\":\"BreadcrumbList\",\"@id\":\"https:\\\/\\\/www.manabi.gob.ec\\\/index.php\\\/aviso-de-remate-segundo-llamamiento-de-remate-de-inventarios\\\/#breadcrumb\",\"itemListElement\":[{\"@type\":\"ListItem\",\"position\":1,\"name\":\"Portada\",\"item\":\"https:\\\/\\\/www.manabi.gob.ec\\\/\"},{\"@type\":\"ListItem\",\"position\":2,\"name\":\"Aviso de remate &#8211; Segundo llamamiento de remate de inventarios\"}]},{\"@type\":\"WebSite\",\"@id\":\"https:\\\/\\\/www.manabi.gob.ec\\\/#website\",\"url\":\"https:\\\/\\\/www.manabi.gob.ec\\\/\",\"name\":\"Prefectura de Manab\u00ed\",\"description\":\"P\u00e1gina web de la prefectura\",\"potentialAction\":[{\"@type\":\"SearchAction\",\"target\":{\"@type\":\"EntryPoint\",\"urlTemplate\":\"https:\\\/\\\/www.manabi.gob.ec\\\/?s={search_term_string}\"},\"query-input\":{\"@type\":\"PropertyValueSpecification\",\"valueRequired\":true,\"valueName\":\"search_term_string\"}}],\"inLanguage\":\"es\"}]}<\/script>\n<!-- \/ Yoast SEO plugin. -->","yoast_head_json":{"title":"Aviso de remate - Segundo llamamiento de remate de inventarios - Prefectura de Manab\u00ed","robots":{"index":"index","follow":"follow","max-snippet":"max-snippet:-1","max-image-preview":"max-image-preview:large","max-video-preview":"max-video-preview:-1"},"canonical":"https:\/\/www.manabi.gob.ec\/index.php\/aviso-de-remate-segundo-llamamiento-de-remate-de-inventarios\/","og_locale":"es_ES","og_type":"article","og_title":"Aviso de remate - Segundo llamamiento de remate de inventarios - Prefectura de Manab\u00ed","og_description":"[vc_row css=\u00bb.vc_custom_1614360116399{margin-top: 20px !important;}\u00bb][vc_column width=\u00bb2\/4&#8243;][vc_column_text el_class=\u00bb\u00bb] RESOLUCION No.EPCMC EP-LIQUIDACI\u00d3N-2021-01 RESOLUCION No.EPCMC EP-LIQUIDACI\u00d3N-2021-04 Bases del Concurso\u00a0 Aviso de remate a) Materiales de SSO b) M. S. DE OFICINA c) M. DE LIMPIEZA d) M. P. ASFALTO e) M.SE\u00d1AL. VIAL f) M. ELECTROMECANICO g) MATERIALES Y OTROS h) M. REPUESTOS Y OTROS i) ACEITES Y GRASAS Cronograma [&hellip;]","og_url":"https:\/\/www.manabi.gob.ec\/index.php\/aviso-de-remate-segundo-llamamiento-de-remate-de-inventarios\/","og_site_name":"Prefectura de Manab\u00ed","article_modified_time":"2021-03-04T21:47:19+00:00","twitter_card":"summary_large_image","twitter_misc":{"Tiempo de lectura":"2 minutos"},"schema":{"@context":"https:\/\/schema.org","@graph":[{"@type":"WebPage","@id":"https:\/\/www.manabi.gob.ec\/index.php\/aviso-de-remate-segundo-llamamiento-de-remate-de-inventarios\/","url":"https:\/\/www.manabi.gob.ec\/index.php\/aviso-de-remate-segundo-llamamiento-de-remate-de-inventarios\/","name":"Aviso de remate - Segundo llamamiento de remate de inventarios - Prefectura de Manab\u00ed","isPartOf":{"@id":"https:\/\/www.manabi.gob.ec\/#website"},"datePublished":"2021-02-26T17:50:49+00:00","dateModified":"2021-03-04T21:47:19+00:00","breadcrumb":{"@id":"https:\/\/www.manabi.gob.ec\/index.php\/aviso-de-remate-segundo-llamamiento-de-remate-de-inventarios\/#breadcrumb"},"inLanguage":"es","potentialAction":[{"@type":"ReadAction","target":["https:\/\/www.manabi.gob.ec\/index.php\/aviso-de-remate-segundo-llamamiento-de-remate-de-inventarios\/"]}]},{"@type":"BreadcrumbList","@id":"https:\/\/www.manabi.gob.ec\/index.php\/aviso-de-remate-segundo-llamamiento-de-remate-de-inventarios\/#breadcrumb","itemListElement":[{"@type":"ListItem","position":1,"name":"Portada","item":"https:\/\/www.manabi.gob.ec\/"},{"@type":"ListItem","position":2,"name":"Aviso de remate &#8211; Segundo llamamiento de remate de inventarios"}]},{"@type":"WebSite","@id":"https:\/\/www.manabi.gob.ec\/#website","url":"https:\/\/www.manabi.gob.ec\/","name":"Prefectura de Manab\u00ed","description":"P\u00e1gina web de la prefectura","potentialAction":[{"@type":"SearchAction","target":{"@type":"EntryPoint","urlTemplate":"https:\/\/www.manabi.gob.ec\/?s={search_term_string}"},"query-input":{"@type":"PropertyValueSpecification","valueRequired":true,"valueName":"search_term_string"}}],"inLanguage":"es"}]}},"_links":{"self":[{"href":"https:\/\/www.manabi.gob.ec\/index.php\/wp-json\/wp\/v2\/pages\/15955","targetHints":{"allow":["GET"]}}],"collection":[{"href":"https:\/\/www.manabi.gob.ec\/index.php\/wp-json\/wp\/v2\/pages"}],"about":[{"href":"https:\/\/www.manabi.gob.ec\/index.php\/wp-json\/wp\/v2\/types\/page"}],"author":[{"embeddable":true,"href":"https:\/\/www.manabi.gob.ec\/index.php\/wp-json\/wp\/v2\/users\/1"}],"replies":[{"embeddable":true,"href":"https:\/\/www.manabi.gob.ec\/index.php\/wp-json\/wp\/v2\/comments?post=15955"}],"version-history":[{"count":0,"href":"https:\/\/www.manabi.gob.ec\/index.php\/wp-json\/wp\/v2\/pages\/15955\/revisions"}],"wp:attachment":[{"href":"https:\/\/www.manabi.gob.ec\/index.php\/wp-json\/wp\/v2\/media?parent=15955"}],"curies":[{"name":"wp","href":"https:\/\/api.w.org\/{rel}","templated":true}]}}