{"id":17056,"date":"2021-04-27T17:30:31","date_gmt":"2021-04-27T17:30:31","guid":{"rendered":"https:\/\/www.manabi.gob.ec\/?page_id=17056"},"modified":"2021-04-29T17:06:27","modified_gmt":"2021-04-29T17:06:27","slug":"solicitar-servicio-para-tu-comunidad","status":"publish","type":"page","link":"https:\/\/www.manabi.gob.ec\/index.php\/solicitar-servicio-para-tu-comunidad\/","title":{"rendered":"Solicitar servicio para tu comunidad"},"content":{"rendered":"<p>[vc_row el_class=\u00bb\u00bb css=\u00bb.vc_custom_1619715982360{border-top-width: 2px !important;border-bottom-width: 6px !important;background: #ededed url(https:\/\/www.manabi.gob.ec\/wp-content\/uploads\/2021\/04\/solicitu.jpg?id=17124) !important;border-top-color: #0b0011 !important;border-top-style: solid !important;border-bottom-color: #0b0011 !important;border-bottom-style: solid !important;}\u00bb][vc_column][gsf_space desktop=\u00bb250&#8243; tablet=\u00bb70&#8243; tablet_portrait=\u00bb60&#8243; mobile_landscape=\u00bb50&#8243; mobile=\u00bb40&#8243;][\/vc_column][\/vc_row][vc_row disable_element=\u00bbyes\u00bb css=\u00bb.vc_custom_1619715961719{background-color: #0b000f !important;background-position: center !important;background-repeat: no-repeat !important;background-size: cover !important;}\u00bb][vc_column][gsf_space desktop=\u00bb20&#8243; tablet=\u00bb70&#8243; tablet_portrait=\u00bb60&#8243; mobile_landscape=\u00bb50&#8243; mobile=\u00bb40&#8243;][\/vc_column][\/vc_row][vc_row gap=\u00bb35&#8243; css=\u00bb.vc_custom_1619640775119{margin-top: 0px !important;margin-right: 0px !important;margin-bottom: 0px !important;margin-left: 0px !important;padding-top: 0px !important;padding-right: 0px !important;padding-bottom: 0px !important;padding-left: 0px !important;}\u00bb][vc_column][vc_column_text]<\/p>\n<h4>Solicitar servicio para tu comunidad<\/h4>\n<p>Ponemos a su disposici\u00f3n el Formulario en l\u00ednea para hacernos conocer sus requerimientos exclusivamente de necesidades de Obras, Vialidad, Salud, Riego y Drenaje, Ambiente, Desarrollo Social, y Fomento Productivo.<\/p>\n<p>Puede acudir a nuestras oficinas y presentar su solicitud f\u00edsicamente o utilizar el formulario en l\u00ednea. No es necesario presentar la solicitud por ambos medios.<\/p>\n<p>Se responder\u00e1n solicitudes exclusivamente de las necesidades detalladas anteriormente.<\/p>\n<p>[\/vc_column_text][\/vc_column][\/vc_row][vc_row gap=\u00bb35&#8243; css=\u00bb.vc_custom_1619640775119{margin-top: 0px !important;margin-right: 0px !important;margin-bottom: 0px !important;margin-left: 0px !important;padding-top: 0px !important;padding-right: 0px !important;padding-bottom: 0px !important;padding-left: 0px !important;}\u00bb][vc_column width=\u00bb1\/6&#8243;][\/vc_column][vc_column width=\u00bb1\/6&#8243;][vc_single_image image=\u00bb17075&#8243; img_size=\u00bb100&#215;100&#8243; alignment=\u00bbcenter\u00bb][vc_column_text]<\/p>\n<p style=\"text-align: center;\">Ingresa tu solicitud en f\u00edsico o en l\u00ednea<\/p>\n<p>[\/vc_column_text][\/vc_column][vc_column width=\u00bb1\/6&#8243;][vc_single_image image=\u00bb17076&#8243; img_size=\u00bb100&#215;100&#8243; alignment=\u00bbcenter\u00bb][vc_column_text]<\/p>\n<p style=\"text-align: center;\">Recibir\u00e1s un correo con tu n\u00famero de tr\u00e1mite<\/p>\n<p>[\/vc_column_text][\/vc_column][vc_column width=\u00bb1\/6&#8243;][vc_single_image image=\u00bb17074&#8243; img_size=\u00bb100&#215;100&#8243;][vc_column_text]<\/p>\n<p style=\"text-align: center;\">Usa la herramienta <a href=\"https:\/\/app.manabi.gob.ec\/appreg\/Wfmven_tra.aspx\">consulta de tr\u00e1mite<\/a> para el seguimiento<\/p>\n<p>[\/vc_column_text][\/vc_column][vc_column width=\u00bb1\/6&#8243;][\/vc_column][vc_column width=\u00bb1\/6&#8243;][\/vc_column][\/vc_row][vc_row gap=\u00bb35&#8243; css=\u00bb.vc_custom_1619640775119{margin-top: 0px !important;margin-right: 0px !important;margin-bottom: 0px !important;margin-left: 0px !important;padding-top: 0px !important;padding-right: 0px !important;padding-bottom: 0px !important;padding-left: 0px !important;}\u00bb][vc_column width=\u00bb1\/2&#8243;][vc_column_text]<\/p>\n<h4><strong>Formato de Solicitud F\u00edsica<\/strong><\/h4>\n<ol>\n<li>Fecha<\/li>\n<li>Dirigirla al Prefecto Econ. Leonardo Orlando<\/li>\n<li>Describir la necesidad<\/li>\n<li>Fotos \/evidencia de la necesidad<\/li>\n<li>Direcci\u00f3n donde se encuentra la necesidad (cant\u00f3n, parroquia, sitio, comunidad, referencias del lugar).<\/li>\n<li>Colocar nombres y apellidos, n\u00famero de c\u00e9dula y firma de responsabilidad<\/li>\n<li>Tel\u00e9fono, email de qui\u00e9n solicita la obra<\/li>\n<\/ol>\n<p>[\/vc_column_text][\/vc_column][vc_column width=\u00bb1\/2&#8243;][vc_column_text]<\/p>\n<h4><strong>Formulario en l\u00ednea<\/strong><\/h4>\n<p>[\/vc_column_text]\n<div class=\"wpcf7 no-js\" id=\"wpcf7-f17055-o1\" lang=\"es-ES\" dir=\"ltr\" data-wpcf7-id=\"17055\">\n<div class=\"screen-reader-response\"><p role=\"status\" aria-live=\"polite\" aria-atomic=\"true\"><\/p> <ul><\/ul><\/div>\n<form action=\"\/index.php\/wp-json\/wp\/v2\/pages\/17056#wpcf7-f17055-o1\" method=\"post\" class=\"wpcf7-form init\" aria-label=\"Formulario de contacto\" enctype=\"multipart\/form-data\" novalidate=\"novalidate\" data-status=\"init\">\n<fieldset class=\"hidden-fields-container\"><input type=\"hidden\" name=\"_wpcf7\" value=\"17055\" \/><input type=\"hidden\" name=\"_wpcf7_version\" value=\"6.1.5\" \/><input type=\"hidden\" name=\"_wpcf7_locale\" value=\"es_ES\" \/><input type=\"hidden\" name=\"_wpcf7_unit_tag\" value=\"wpcf7-f17055-o1\" \/><input type=\"hidden\" name=\"_wpcf7_container_post\" value=\"0\" \/><input type=\"hidden\" name=\"_wpcf7_posted_data_hash\" value=\"\" \/>\n<\/fieldset>\n<p>Nombres y apellidos<br \/>\n<span class=\"wpcf7-form-control-wrap\" data-name=\"your-name\"><input size=\"40\" maxlength=\"400\" class=\"wpcf7-form-control wpcf7-text wpcf7-validates-as-required\" aria-required=\"true\" aria-invalid=\"false\" placeholder=\"Nombre y Apellido*\" value=\"\" type=\"text\" name=\"your-name\" \/><\/span>\n<\/p>\n<p>Correo Electr\u00f3nico<br \/>\n<span class=\"wpcf7-form-control-wrap\" data-name=\"your-email\"><input size=\"40\" maxlength=\"400\" class=\"wpcf7-form-control wpcf7-email wpcf7-validates-as-required wpcf7-text wpcf7-validates-as-email\" aria-required=\"true\" aria-invalid=\"false\" placeholder=\"E-mail*\" value=\"\" type=\"email\" name=\"your-email\" \/><\/span>\n<\/p>\n<p>N\u00famero de c\u00e9dula<br \/>\n<span class=\"wpcf7-form-control-wrap\" data-name=\"your-cedula\"><input size=\"40\" maxlength=\"400\" class=\"wpcf7-form-control wpcf7-text wpcf7-validates-as-required\" aria-required=\"true\" aria-invalid=\"false\" placeholder=\"No de Cedula*\" value=\"\" type=\"text\" name=\"your-cedula\" \/><\/span>\n<\/p>\n<p>Tel\u00e9fono de contacto<br \/>\n<span class=\"wpcf7-form-control-wrap\" data-name=\"your-fono\"><input size=\"40\" maxlength=\"400\" class=\"wpcf7-form-control wpcf7-tel wpcf7-validates-as-required wpcf7-text wpcf7-validates-as-tel\" aria-required=\"true\" aria-invalid=\"false\" placeholder=\"Tel\u00e9fono*\" value=\"\" type=\"tel\" name=\"your-fono\" \/><\/span>\n<\/p>\n<p>Tel\u00e9fono 2 (opcional)<br \/>\n<span class=\"wpcf7-form-control-wrap\" data-name=\"Telefono2\"><input size=\"40\" maxlength=\"400\" class=\"wpcf7-form-control wpcf7-tel wpcf7-text wpcf7-validates-as-tel\" aria-invalid=\"false\" value=\"\" type=\"tel\" name=\"Telefono2\" \/><\/span>\n<\/p>\n<p>Cant\u00f3n<br \/>\n<span class=\"wpcf7-form-control-wrap\" data-name=\"menu-canton\"><select class=\"wpcf7-form-control wpcf7-select wpcf7-validates-as-required\" aria-required=\"true\" aria-invalid=\"false\" name=\"menu-canton\"><option value=\"24 de Mayo\">24 de Mayo<\/option><option value=\"Bol\u00edvar\">Bol\u00edvar<\/option><option value=\"Chone\">Chone<\/option><option value=\"El Carmen\">El Carmen<\/option><option value=\"Flavio Alfaro\">Flavio Alfaro<\/option><option value=\"Jama\">Jama<\/option><option value=\"Jaramij\u00f3\">Jaramij\u00f3<\/option><option value=\"Jipijapa\">Jipijapa<\/option><option value=\"Jun\u00edn\">Jun\u00edn<\/option><option value=\"Manta\">Manta<\/option><option value=\"Montecristi\">Montecristi<\/option><option value=\"Olmedo\">Olmedo<\/option><option value=\"Paj\u00e1n\">Paj\u00e1n<\/option><option value=\"Pedernales\">Pedernales<\/option><option value=\"Pichincha\">Pichincha<\/option><option value=\"Portoviejo\">Portoviejo<\/option><option value=\"Puerto L\u00f3pez\">Puerto L\u00f3pez<\/option><option value=\"Rocafuerte\">Rocafuerte<\/option><option value=\"San Vicente\">San Vicente<\/option><option value=\"Santa Ana\">Santa Ana<\/option><option value=\"Sucre\">Sucre<\/option><option value=\"Tosagua\">Tosagua<\/option><option value=\"Otro\">Otro<\/option><\/select><\/span>\n<\/p>\n<p>Parroquia<br \/>\n<span class=\"wpcf7-form-control-wrap\" data-name=\"menu-parroquia\"><select class=\"wpcf7-form-control wpcf7-select wpcf7-validates-as-required\" aria-required=\"true\" aria-invalid=\"false\" name=\"menu-parroquia\"><option value=\"ABDON CALDERON\">ABDON CALDERON<\/option><option value=\"ALAJUELA\">ALAJUELA<\/option><option value=\"CHIRIJOS\">CHIRIJOS<\/option><option value=\"CRUCITA\">CRUCITA<\/option><option value=\"PUEBLO NUEVO\">PUEBLO NUEVO<\/option><option value=\"RIOCHICO\">RIOCHICO<\/option><option value=\"SAN PLACIDO\">SAN PLACIDO<\/option><option value=\"JULCUY\">JULCUY<\/option><option value=\"9 LA AMERICA\">9 LA AMERICA<\/option><option value=\"EL ANEGADO\">EL ANEGADO<\/option><option value=\"LA UNION\">LA UNION<\/option><option value=\"MEMBRILLAL\">MEMBRILLAL<\/option><option value=\"PEDRO PABLO GOMEZ\">PEDRO PABLO GOMEZ<\/option><option value=\"PUERTO CAYO\">PUERTO CAYO<\/option><option value=\"BOYACA\">BOYACA<\/option><option value=\"CONVENTO\">CONVENTO<\/option><option value=\"CANUTO\">CANUTO<\/option><option value=\"ELOY ALFARO\">ELOY ALFARO<\/option><option value=\"RICAURTE\">RICAURTE<\/option><option value=\"SAN ANTONIO\">SAN ANTONIO<\/option><option value=\"CHIBUNGA\">CHIBUNGA<\/option><option value=\"AYACUCHO\">AYACUCHO<\/option><option value=\"HONORATO VASQUEZ\">HONORATO VASQUEZ<\/option><option value=\"LA UNION\">LA UNION<\/option><option value=\"SAN PABLO DE P.NUEVO\">SAN PABLO DE P.NUEVO<\/option><option value=\"CAMPOZANO\">CAMPOZANO<\/option><option value=\"CASCOL\">CASCOL<\/option><option value=\"GUALE\">GUALE<\/option><option value=\"ALEJO LASCANO\">ALEJO LASCANO<\/option><option value=\"NOBOA\">NOBOA<\/option><option value=\"BELLAVISTA\">BELLAVISTA<\/option><option value=\"SIXTO DURAN BALLEN\">SIXTO DURAN BALLEN<\/option><option value=\"COJIMIES\">COJIMIES<\/option><option value=\"ATAHUALPA\">ATAHUALPA<\/option><option value=\"10 DE AGOSTO\">10 DE AGOSTO<\/option><option value=\"MEMBRILLO\">MEMBRILLO<\/option><option value=\"QUIROGA\">QUIROGA<\/option><option value=\"BACHILLERO\">BACHILLERO<\/option><option value=\"ANGEL PEDRO GILER\">ANGEL PEDRO GILER<\/option><option value=\"SAN SEBASTIAN\">SAN SEBASTIAN<\/option><option value=\"BARRAGANETE\">BARRAGANETE<\/option><option value=\"SALANGO\">SALANGO<\/option><option value=\"MACHALILLA\">MACHALILLA<\/option><option value=\"CHARAPOTO\">CHARAPOTO<\/option><option value=\"SAN ISIDRO\">SAN ISIDRO<\/option><option value=\"ZAPALLO\">ZAPALLO<\/option><option value=\"SAN FRANCISCO DE NOVILLO\">SAN FRANCISCO DE NOVILLO<\/option><option value=\"SANTA MARIANITA\">SANTA MARIANITA<\/option><option value=\"SAN LORENZO\">SAN LORENZO<\/option><option value=\"SAN PEDRO DE SUMA\">SAN PEDRO DE SUMA<\/option><option value=\"WILFRIDO LOOR MOREIRA\">WILFRIDO LOOR MOREIRA<\/option><option value=\"SANTA MARIA\">SANTA MARIA<\/option><option value=\"EL PARAISO LA 14\">EL PARAISO LA 14<\/option><option value=\"CANOA\">CANOA<\/option><option value=\"LA PILA\">LA PILA<\/option><\/select><\/span>\n<\/p>\n<p>Sitio<br \/>\n<span class=\"wpcf7-form-control-wrap\" data-name=\"Sitio\"><input size=\"40\" maxlength=\"400\" class=\"wpcf7-form-control wpcf7-text\" aria-invalid=\"false\" placeholder=\"Sitio\" value=\"\" type=\"text\" name=\"Sitio\" \/><\/span>\n<\/p>\n<p>Comunidad<br \/>\n<span class=\"wpcf7-form-control-wrap\" data-name=\"Comunidad\"><input size=\"40\" maxlength=\"400\" class=\"wpcf7-form-control wpcf7-text\" aria-invalid=\"false\" placeholder=\"Comunidad\" value=\"\" type=\"text\" name=\"Comunidad\" \/><\/span>\n<\/p>\n<p>Referencia de ubicaci\u00f3n<br \/>\n<span class=\"wpcf7-form-control-wrap\" data-name=\"Referencia\"><textarea cols=\"40\" rows=\"10\" maxlength=\"2000\" class=\"wpcf7-form-control wpcf7-textarea\" aria-invalid=\"false\" name=\"Referencia\"><\/textarea><\/span>\n<\/p>\n<p>Mensaje o solicitud<br \/>\n<span class=\"wpcf7-form-control-wrap\" data-name=\"your-message\"><textarea cols=\"40\" rows=\"10\" maxlength=\"2000\" class=\"wpcf7-form-control wpcf7-textarea\" aria-invalid=\"false\" placeholder=\"Petici\u00f3n para su comunidad*\" name=\"your-message\"><\/textarea><\/span>\n<\/p>\n<p>Fotos o videos (opcional)<br \/>\n<span class=\"wpcf7-form-control-wrap\" data-name=\"Cargarfotosopcional\"><input size=\"40\" class=\"wpcf7-form-control wpcf7-file\" accept=\".jpg,.png,.gif,.mp4\" aria-invalid=\"false\" type=\"file\" name=\"Cargarfotosopcional\" \/><\/span>\n<\/p>\n<div class=\"integrity-section\">\n\t<h4>Compromiso de Integridad Ciudadana\n\t<\/h4>\n\t<p>El Gobierno Aut\u00f3nomo Descentralizado Provincial de Manab\u00ed promueve tr\u00e1mites transparentes y libres de soborno.\n\t<\/p>\n\t<p>Para continuar, le solicitamos aceptar el Compromiso de Integridad Ciudadana.\n\t<\/p>\n\t<div class=\"checkbox-container\">\n\t\t<p><span class=\"wpcf7-form-control-wrap\" data-name=\"Compromiso\"><span class=\"wpcf7-form-control wpcf7-acceptance\"><span class=\"wpcf7-list-item\"><label><input type=\"checkbox\" name=\"Compromiso\" value=\"1\" aria-invalid=\"false\" \/><span class=\"wpcf7-list-item-label\">\"Declaro que no ofrecer\u00e9 dinero, regalos ni ning\u00fan beneficio indebido para la realizaci\u00f3n de este tr\u00e1mite y acepto el Compromiso de Integridad Ciudadana.\"<\/span><\/label><\/span><\/span><\/span>\n\t\t<\/p>\n\t<\/div>\n\t<p><a href=\"https:\/\/www.manabi.gob.ec\/wp-content\/uploads\/2026\/02\/compromiso-de-integridad-ciudadana.pdf\" target=\"_blank\" class=\"integrity-link\"><br \/>\n<span class=\"dashicons dashicons-media-document\"><\/span> Ver Compromiso de Integridad Ciudadana<br \/>\n<\/a>\n\t<\/p>\n<\/div>\n<p>&nbsp;\n<\/p>\n<p><input class=\"wpcf7-form-control wpcf7-submit has-spinner\" type=\"submit\" value=\"Enviar\" \/>\n<\/p><p style=\"display: none !important;\" class=\"akismet-fields-container\" data-prefix=\"_wpcf7_ak_\"><label>&#916;<textarea name=\"_wpcf7_ak_hp_textarea\" cols=\"45\" rows=\"8\" maxlength=\"100\"><\/textarea><\/label><input type=\"hidden\" id=\"ak_js_1\" name=\"_wpcf7_ak_js\" value=\"50\"\/><script>document.getElementById( \"ak_js_1\" ).setAttribute( \"value\", ( new Date() ).getTime() );<\/script><\/p><div class=\"wpcf7-response-output\" aria-hidden=\"true\"><\/div>\n<\/form>\n<\/div>\n[\/vc_column][vc_column][\/vc_column][\/vc_row]<\/p>\n","protected":false},"excerpt":{"rendered":"<p>[vc_row el_class=\u00bb\u00bb css=\u00bb.vc_custom_1619715982360{border-top-width: 2px !important;border-bottom-width: 6px !important;background: #ededed url(https:\/\/www.manabi.gob.ec\/wp-content\/uploads\/2021\/04\/solicitu.jpg?id=17124) !important;border-top-color: #0b0011 !important;border-top-style: solid !important;border-bottom-color: #0b0011 !important;border-bottom-style: solid !important;}\u00bb][vc_column][gsf_space desktop=\u00bb250&#8243; tablet=\u00bb70&#8243; tablet_portrait=\u00bb60&#8243; mobile_landscape=\u00bb50&#8243; mobile=\u00bb40&#8243;][\/vc_column][\/vc_row][vc_row disable_element=\u00bbyes\u00bb css=\u00bb.vc_custom_1619715961719{background-color: #0b000f !important;background-position: center !important;background-repeat: no-repeat !important;background-size: cover !important;}\u00bb][vc_column][gsf_space desktop=\u00bb20&#8243; tablet=\u00bb70&#8243; tablet_portrait=\u00bb60&#8243; mobile_landscape=\u00bb50&#8243; mobile=\u00bb40&#8243;][\/vc_column][\/vc_row][vc_row gap=\u00bb35&#8243; css=\u00bb.vc_custom_1619640775119{margin-top: 0px !important;margin-right: 0px !important;margin-bottom: 0px !important;margin-left: 0px !important;padding-top: 0px !important;padding-right: 0px !important;padding-bottom: 0px !important;padding-left: 0px [&hellip;]<\/p>\n","protected":false},"author":1,"featured_media":0,"parent":0,"menu_order":0,"comment_status":"closed","ping_status":"closed","template":"","meta":{"_joinchat":[],"footnotes":""},"class_list":["post-17056","page","type-page","status-publish","hentry"],"yoast_head":"<!-- This site is optimized with the Yoast SEO plugin v27.4 - https:\/\/yoast.com\/product\/yoast-seo-wordpress\/ -->\n<title>Solicitar servicio para tu comunidad - Prefectura de Manab\u00ed<\/title>\n<meta name=\"robots\" content=\"index, follow, max-snippet:-1, max-image-preview:large, max-video-preview:-1\" \/>\n<link rel=\"canonical\" href=\"https:\/\/www.manabi.gob.ec\/index.php\/solicitar-servicio-para-tu-comunidad\/\" \/>\n<meta property=\"og:locale\" content=\"es_ES\" \/>\n<meta property=\"og:type\" content=\"article\" \/>\n<meta property=\"og:title\" content=\"Solicitar servicio para tu comunidad - Prefectura de Manab\u00ed\" \/>\n<meta property=\"og:description\" content=\"[vc_row el_class=\u00bb\u00bb css=\u00bb.vc_custom_1619715982360{border-top-width: 2px !important;border-bottom-width: 6px !important;background: #ededed url(https:\/\/www.manabi.gob.ec\/wp-content\/uploads\/2021\/04\/solicitu.jpg?id=17124) !important;border-top-color: #0b0011 !important;border-top-style: solid !important;border-bottom-color: #0b0011 !important;border-bottom-style: solid !important;}\u00bb][vc_column][gsf_space desktop=\u00bb250&#8243; tablet=\u00bb70&#8243; tablet_portrait=\u00bb60&#8243; mobile_landscape=\u00bb50&#8243; mobile=\u00bb40&#8243;][\/vc_column][\/vc_row][vc_row disable_element=\u00bbyes\u00bb css=\u00bb.vc_custom_1619715961719{background-color: #0b000f !important;background-position: center !important;background-repeat: no-repeat !important;background-size: cover !important;}\u00bb][vc_column][gsf_space desktop=\u00bb20&#8243; tablet=\u00bb70&#8243; tablet_portrait=\u00bb60&#8243; mobile_landscape=\u00bb50&#8243; mobile=\u00bb40&#8243;][\/vc_column][\/vc_row][vc_row gap=\u00bb35&#8243; css=\u00bb.vc_custom_1619640775119{margin-top: 0px !important;margin-right: 0px !important;margin-bottom: 0px !important;margin-left: 0px !important;padding-top: 0px !important;padding-right: 0px !important;padding-bottom: 0px !important;padding-left: 0px [&hellip;]\" \/>\n<meta property=\"og:url\" content=\"https:\/\/www.manabi.gob.ec\/index.php\/solicitar-servicio-para-tu-comunidad\/\" \/>\n<meta property=\"og:site_name\" content=\"Prefectura de Manab\u00ed\" \/>\n<meta property=\"article:modified_time\" content=\"2021-04-29T17:06:27+00:00\" \/>\n<meta name=\"twitter:card\" content=\"summary_large_image\" \/>\n<meta name=\"twitter:label1\" content=\"Tiempo de lectura\" \/>\n\t<meta name=\"twitter:data1\" content=\"2 minutos\" \/>\n<script type=\"application\/ld+json\" class=\"yoast-schema-graph\">{\"@context\":\"https:\\\/\\\/schema.org\",\"@graph\":[{\"@type\":\"WebPage\",\"@id\":\"https:\\\/\\\/www.manabi.gob.ec\\\/index.php\\\/solicitar-servicio-para-tu-comunidad\\\/\",\"url\":\"https:\\\/\\\/www.manabi.gob.ec\\\/index.php\\\/solicitar-servicio-para-tu-comunidad\\\/\",\"name\":\"Solicitar servicio para tu comunidad - Prefectura de Manab\u00ed\",\"isPartOf\":{\"@id\":\"https:\\\/\\\/www.manabi.gob.ec\\\/#website\"},\"datePublished\":\"2021-04-27T17:30:31+00:00\",\"dateModified\":\"2021-04-29T17:06:27+00:00\",\"breadcrumb\":{\"@id\":\"https:\\\/\\\/www.manabi.gob.ec\\\/index.php\\\/solicitar-servicio-para-tu-comunidad\\\/#breadcrumb\"},\"inLanguage\":\"es\",\"potentialAction\":[{\"@type\":\"ReadAction\",\"target\":[\"https:\\\/\\\/www.manabi.gob.ec\\\/index.php\\\/solicitar-servicio-para-tu-comunidad\\\/\"]}]},{\"@type\":\"BreadcrumbList\",\"@id\":\"https:\\\/\\\/www.manabi.gob.ec\\\/index.php\\\/solicitar-servicio-para-tu-comunidad\\\/#breadcrumb\",\"itemListElement\":[{\"@type\":\"ListItem\",\"position\":1,\"name\":\"Portada\",\"item\":\"https:\\\/\\\/www.manabi.gob.ec\\\/\"},{\"@type\":\"ListItem\",\"position\":2,\"name\":\"Solicitar servicio para tu comunidad\"}]},{\"@type\":\"WebSite\",\"@id\":\"https:\\\/\\\/www.manabi.gob.ec\\\/#website\",\"url\":\"https:\\\/\\\/www.manabi.gob.ec\\\/\",\"name\":\"Prefectura de Manab\u00ed\",\"description\":\"P\u00e1gina web de la prefectura\",\"potentialAction\":[{\"@type\":\"SearchAction\",\"target\":{\"@type\":\"EntryPoint\",\"urlTemplate\":\"https:\\\/\\\/www.manabi.gob.ec\\\/?s={search_term_string}\"},\"query-input\":{\"@type\":\"PropertyValueSpecification\",\"valueRequired\":true,\"valueName\":\"search_term_string\"}}],\"inLanguage\":\"es\"}]}<\/script>\n<!-- \/ Yoast SEO plugin. -->","yoast_head_json":{"title":"Solicitar servicio para tu comunidad - Prefectura de Manab\u00ed","robots":{"index":"index","follow":"follow","max-snippet":"max-snippet:-1","max-image-preview":"max-image-preview:large","max-video-preview":"max-video-preview:-1"},"canonical":"https:\/\/www.manabi.gob.ec\/index.php\/solicitar-servicio-para-tu-comunidad\/","og_locale":"es_ES","og_type":"article","og_title":"Solicitar servicio para tu comunidad - Prefectura de Manab\u00ed","og_description":"[vc_row el_class=\u00bb\u00bb css=\u00bb.vc_custom_1619715982360{border-top-width: 2px !important;border-bottom-width: 6px !important;background: #ededed url(https:\/\/www.manabi.gob.ec\/wp-content\/uploads\/2021\/04\/solicitu.jpg?id=17124) !important;border-top-color: #0b0011 !important;border-top-style: solid !important;border-bottom-color: #0b0011 !important;border-bottom-style: solid !important;}\u00bb][vc_column][gsf_space desktop=\u00bb250&#8243; tablet=\u00bb70&#8243; tablet_portrait=\u00bb60&#8243; mobile_landscape=\u00bb50&#8243; mobile=\u00bb40&#8243;][\/vc_column][\/vc_row][vc_row disable_element=\u00bbyes\u00bb css=\u00bb.vc_custom_1619715961719{background-color: #0b000f !important;background-position: center !important;background-repeat: no-repeat !important;background-size: cover !important;}\u00bb][vc_column][gsf_space desktop=\u00bb20&#8243; tablet=\u00bb70&#8243; tablet_portrait=\u00bb60&#8243; mobile_landscape=\u00bb50&#8243; mobile=\u00bb40&#8243;][\/vc_column][\/vc_row][vc_row gap=\u00bb35&#8243; css=\u00bb.vc_custom_1619640775119{margin-top: 0px !important;margin-right: 0px !important;margin-bottom: 0px !important;margin-left: 0px !important;padding-top: 0px !important;padding-right: 0px !important;padding-bottom: 0px !important;padding-left: 0px [&hellip;]","og_url":"https:\/\/www.manabi.gob.ec\/index.php\/solicitar-servicio-para-tu-comunidad\/","og_site_name":"Prefectura de Manab\u00ed","article_modified_time":"2021-04-29T17:06:27+00:00","twitter_card":"summary_large_image","twitter_misc":{"Tiempo de lectura":"2 minutos"},"schema":{"@context":"https:\/\/schema.org","@graph":[{"@type":"WebPage","@id":"https:\/\/www.manabi.gob.ec\/index.php\/solicitar-servicio-para-tu-comunidad\/","url":"https:\/\/www.manabi.gob.ec\/index.php\/solicitar-servicio-para-tu-comunidad\/","name":"Solicitar servicio para tu comunidad - Prefectura de Manab\u00ed","isPartOf":{"@id":"https:\/\/www.manabi.gob.ec\/#website"},"datePublished":"2021-04-27T17:30:31+00:00","dateModified":"2021-04-29T17:06:27+00:00","breadcrumb":{"@id":"https:\/\/www.manabi.gob.ec\/index.php\/solicitar-servicio-para-tu-comunidad\/#breadcrumb"},"inLanguage":"es","potentialAction":[{"@type":"ReadAction","target":["https:\/\/www.manabi.gob.ec\/index.php\/solicitar-servicio-para-tu-comunidad\/"]}]},{"@type":"BreadcrumbList","@id":"https:\/\/www.manabi.gob.ec\/index.php\/solicitar-servicio-para-tu-comunidad\/#breadcrumb","itemListElement":[{"@type":"ListItem","position":1,"name":"Portada","item":"https:\/\/www.manabi.gob.ec\/"},{"@type":"ListItem","position":2,"name":"Solicitar servicio para tu comunidad"}]},{"@type":"WebSite","@id":"https:\/\/www.manabi.gob.ec\/#website","url":"https:\/\/www.manabi.gob.ec\/","name":"Prefectura de Manab\u00ed","description":"P\u00e1gina web de la prefectura","potentialAction":[{"@type":"SearchAction","target":{"@type":"EntryPoint","urlTemplate":"https:\/\/www.manabi.gob.ec\/?s={search_term_string}"},"query-input":{"@type":"PropertyValueSpecification","valueRequired":true,"valueName":"search_term_string"}}],"inLanguage":"es"}]}},"_links":{"self":[{"href":"https:\/\/www.manabi.gob.ec\/index.php\/wp-json\/wp\/v2\/pages\/17056","targetHints":{"allow":["GET"]}}],"collection":[{"href":"https:\/\/www.manabi.gob.ec\/index.php\/wp-json\/wp\/v2\/pages"}],"about":[{"href":"https:\/\/www.manabi.gob.ec\/index.php\/wp-json\/wp\/v2\/types\/page"}],"author":[{"embeddable":true,"href":"https:\/\/www.manabi.gob.ec\/index.php\/wp-json\/wp\/v2\/users\/1"}],"replies":[{"embeddable":true,"href":"https:\/\/www.manabi.gob.ec\/index.php\/wp-json\/wp\/v2\/comments?post=17056"}],"version-history":[{"count":1,"href":"https:\/\/www.manabi.gob.ec\/index.php\/wp-json\/wp\/v2\/pages\/17056\/revisions"}],"predecessor-version":[{"id":17065,"href":"https:\/\/www.manabi.gob.ec\/index.php\/wp-json\/wp\/v2\/pages\/17056\/revisions\/17065"}],"wp:attachment":[{"href":"https:\/\/www.manabi.gob.ec\/index.php\/wp-json\/wp\/v2\/media?parent=17056"}],"curies":[{"name":"wp","href":"https:\/\/api.w.org\/{rel}","templated":true}]}}