{"id":18541,"date":"2021-09-14T14:09:52","date_gmt":"2021-09-14T14:09:52","guid":{"rendered":"https:\/\/www.manabi.gob.ec\/?page_id=18541"},"modified":"2021-09-27T20:39:53","modified_gmt":"2021-09-27T20:39:53","slug":"formulario-de-transparencia","status":"publish","type":"page","link":"https:\/\/www.manabi.gob.ec\/index.php\/formulario-de-transparencia\/","title":{"rendered":"Formulario de transparencia"},"content":{"rendered":"<p>[vc_row parallax=\u00bbcontent-moving\u00bb parallax_image=\u00bb18497&#8243; css=\u00bb.vc_custom_1631025779226{background-color: #303030 !important;}\u00bb][vc_column width=\u00bb1\/4&#8243; css=\u00bb.vc_custom_1631650452976{margin: 0px !important;padding: 0px !important;}\u00bb][vc_empty_space height=\u00bb70px\u00bb][vc_icon icon_fontawesome=\u00bbfa fa-envelope-open\u00bb color=\u00bbwhite\u00bb align=\u00bbright\u00bb][\/vc_column][vc_column width=\u00bb3\/4&#8243;][vc_empty_space height=\u00bb70px\u00bb][gsf_heading sub_title=\u00bb\u00bb]<span style=\"color: #ffffff;\"><strong class=\"uppercase\">Buz\u00f3n de transparencia<\/strong><\/span>[\/gsf_heading][vc_empty_space height=\u00bb70px\u00bb][\/vc_column][\/vc_row][vc_row css=\u00bb.vc_custom_1622148209970{background-color: #f4f4f4 !important;}\u00bb][vc_column width=\u00bb2\/12&#8243;][\/vc_column][vc_column width=\u00bb8\/12&#8243;][gsf_space desktop=\u00bb60&#8243; tablet=\u00bb70&#8243; tablet_portrait=\u00bb60&#8243; mobile_landscape=\u00bb60&#8243; mobile=\u00bb60&#8243;][vc_column_text el_class=\u00bb\u00bb]<\/p>\n<p style=\"text-align: center; font-size: 20px;\">El Buz\u00f3n de Transparencia es un canal directo entre el ciudadano y el Gobierno Provincial de Manab\u00ed. Recuerde colocar informaci\u00f3n veraz y fidedigna del caso para poder darle un seguimiento efectivo<\/p>\n<h4 style=\"text-align: center;\">\u00a1Evite denunciar eventos falsos!<\/h4>\n<p>[\/vc_column_text][\/vc_column][vc_column width=\u00bb2\/12&#8243;][\/vc_column][\/vc_row][vc_row color_skin=\u00bbskin-light\u00bb gap=\u00bb5&#8243; parallax=\u00bbcontent-moving\u00bb css=\u00bb.vc_custom_1631650027767{background-color: #f4f4f4 !important;background-position: center;background-repeat: no-repeat !important;background-size: cover !important;}\u00bb][vc_column css=\u00bb.vc_custom_1631650054571{background-color: #f4f4f4 !important;}\u00bb][vc_raw_html]JTNDZGl2JTIwY2xhc3MlM0QlMjJ3cmFwJTIyJTNFJTNDaWZyYW1lJTIwc3JjJTNEJTIyaHR0cCUzQSUyRiUyRmJwbS5tYW5hYmkuZ29iLmVjJTJGYWZsb3dtaW4lMkZhZmxvdzQlMkZjYXB0Y2hhLmpzcCUzRlAlM0QyJTIyJTIwdGl0bGUlM0QlMjJUaXR1bG8lMjIlMjB3aWR0aCUzRCUyMjYwMCUyMiUyMGhlaWdodCUzRCUyMjE1MDAlMjIlMjBzdHlsZSUzRCUyMmJvcmRlciUzQW5vbmUlM0IlMjBtYXJnaW4lM0ElMjAwJTIwYXV0byUzQiUyMiUzRSUzQyUyRmlmcmFtZSUzRSUzQyUyRmRpdiUzRQ==[\/vc_raw_html][\/vc_column][\/vc_row][vc_row css=\u00bb.vc_custom_1622148209970{background-color: #f4f4f4 !important;}\u00bb][vc_column][vc_empty_space height=\u00bb102px\u00bb][\/vc_column][\/vc_row]<\/p>\n","protected":false},"excerpt":{"rendered":"<p>[vc_row parallax=\u00bbcontent-moving\u00bb parallax_image=\u00bb18497&#8243; css=\u00bb.vc_custom_1631025779226{background-color: #303030 !important;}\u00bb][vc_column width=\u00bb1\/4&#8243; css=\u00bb.vc_custom_1631650452976{margin: 0px !important;padding: 0px !important;}\u00bb][vc_empty_space height=\u00bb70px\u00bb][vc_icon icon_fontawesome=\u00bbfa fa-envelope-open\u00bb color=\u00bbwhite\u00bb align=\u00bbright\u00bb][\/vc_column][vc_column width=\u00bb3\/4&#8243;][vc_empty_space height=\u00bb70px\u00bb][gsf_heading sub_title=\u00bb\u00bb]Buz\u00f3n de transparencia[\/gsf_heading][vc_empty_space height=\u00bb70px\u00bb][\/vc_column][\/vc_row][vc_row css=\u00bb.vc_custom_1622148209970{background-color: #f4f4f4 !important;}\u00bb][vc_column width=\u00bb2\/12&#8243;][\/vc_column][vc_column width=\u00bb8\/12&#8243;][gsf_space desktop=\u00bb60&#8243; tablet=\u00bb70&#8243; tablet_portrait=\u00bb60&#8243; mobile_landscape=\u00bb60&#8243; mobile=\u00bb60&#8243;][vc_column_text el_class=\u00bb\u00bb] El Buz\u00f3n de Transparencia es un canal directo entre el ciudadano y el Gobierno Provincial de Manab\u00ed. Recuerde colocar informaci\u00f3n veraz [&hellip;]<\/p>\n","protected":false},"author":1,"featured_media":0,"parent":0,"menu_order":0,"comment_status":"closed","ping_status":"closed","template":"","meta":{"_joinchat":[],"footnotes":""},"class_list":["post-18541","page","type-page","status-publish","hentry"],"yoast_head":"<!-- This site is optimized with the Yoast SEO plugin v27.4 - https:\/\/yoast.com\/product\/yoast-seo-wordpress\/ -->\n<title>Formulario de transparencia - Prefectura de Manab\u00ed<\/title>\n<meta name=\"robots\" content=\"index, follow, max-snippet:-1, max-image-preview:large, max-video-preview:-1\" \/>\n<link rel=\"canonical\" href=\"https:\/\/www.manabi.gob.ec\/index.php\/formulario-de-transparencia\/\" \/>\n<meta property=\"og:locale\" content=\"es_ES\" \/>\n<meta property=\"og:type\" content=\"article\" \/>\n<meta property=\"og:title\" content=\"Formulario de transparencia - Prefectura de Manab\u00ed\" \/>\n<meta property=\"og:description\" content=\"[vc_row parallax=\u00bbcontent-moving\u00bb parallax_image=\u00bb18497&#8243; css=\u00bb.vc_custom_1631025779226{background-color: #303030 !important;}\u00bb][vc_column width=\u00bb1\/4&#8243; css=\u00bb.vc_custom_1631650452976{margin: 0px !important;padding: 0px !important;}\u00bb][vc_empty_space height=\u00bb70px\u00bb][vc_icon icon_fontawesome=\u00bbfa fa-envelope-open\u00bb color=\u00bbwhite\u00bb align=\u00bbright\u00bb][\/vc_column][vc_column width=\u00bb3\/4&#8243;][vc_empty_space height=\u00bb70px\u00bb][gsf_heading sub_title=\u00bb\u00bb]Buz\u00f3n de transparencia[\/gsf_heading][vc_empty_space height=\u00bb70px\u00bb][\/vc_column][\/vc_row][vc_row css=\u00bb.vc_custom_1622148209970{background-color: #f4f4f4 !important;}\u00bb][vc_column width=\u00bb2\/12&#8243;][\/vc_column][vc_column width=\u00bb8\/12&#8243;][gsf_space desktop=\u00bb60&#8243; tablet=\u00bb70&#8243; tablet_portrait=\u00bb60&#8243; mobile_landscape=\u00bb60&#8243; mobile=\u00bb60&#8243;][vc_column_text el_class=\u00bb\u00bb] El Buz\u00f3n de Transparencia es un canal directo entre el ciudadano y el Gobierno Provincial de Manab\u00ed. Recuerde colocar informaci\u00f3n veraz [&hellip;]\" \/>\n<meta property=\"og:url\" content=\"https:\/\/www.manabi.gob.ec\/index.php\/formulario-de-transparencia\/\" \/>\n<meta property=\"og:site_name\" content=\"Prefectura de Manab\u00ed\" \/>\n<meta property=\"article:modified_time\" content=\"2021-09-27T20:39:53+00:00\" \/>\n<meta name=\"twitter:card\" content=\"summary_large_image\" \/>\n<meta name=\"twitter:label1\" content=\"Tiempo de lectura\" \/>\n\t<meta name=\"twitter:data1\" content=\"1 minuto\" \/>\n<script type=\"application\/ld+json\" class=\"yoast-schema-graph\">{\"@context\":\"https:\\\/\\\/schema.org\",\"@graph\":[{\"@type\":\"WebPage\",\"@id\":\"https:\\\/\\\/www.manabi.gob.ec\\\/index.php\\\/formulario-de-transparencia\\\/\",\"url\":\"https:\\\/\\\/www.manabi.gob.ec\\\/index.php\\\/formulario-de-transparencia\\\/\",\"name\":\"Formulario de transparencia - Prefectura de Manab\u00ed\",\"isPartOf\":{\"@id\":\"https:\\\/\\\/www.manabi.gob.ec\\\/#website\"},\"datePublished\":\"2021-09-14T14:09:52+00:00\",\"dateModified\":\"2021-09-27T20:39:53+00:00\",\"breadcrumb\":{\"@id\":\"https:\\\/\\\/www.manabi.gob.ec\\\/index.php\\\/formulario-de-transparencia\\\/#breadcrumb\"},\"inLanguage\":\"es\",\"potentialAction\":[{\"@type\":\"ReadAction\",\"target\":[\"https:\\\/\\\/www.manabi.gob.ec\\\/index.php\\\/formulario-de-transparencia\\\/\"]}]},{\"@type\":\"BreadcrumbList\",\"@id\":\"https:\\\/\\\/www.manabi.gob.ec\\\/index.php\\\/formulario-de-transparencia\\\/#breadcrumb\",\"itemListElement\":[{\"@type\":\"ListItem\",\"position\":1,\"name\":\"Portada\",\"item\":\"https:\\\/\\\/www.manabi.gob.ec\\\/\"},{\"@type\":\"ListItem\",\"position\":2,\"name\":\"Formulario de transparencia\"}]},{\"@type\":\"WebSite\",\"@id\":\"https:\\\/\\\/www.manabi.gob.ec\\\/#website\",\"url\":\"https:\\\/\\\/www.manabi.gob.ec\\\/\",\"name\":\"Prefectura de Manab\u00ed\",\"description\":\"P\u00e1gina web de la prefectura\",\"potentialAction\":[{\"@type\":\"SearchAction\",\"target\":{\"@type\":\"EntryPoint\",\"urlTemplate\":\"https:\\\/\\\/www.manabi.gob.ec\\\/?s={search_term_string}\"},\"query-input\":{\"@type\":\"PropertyValueSpecification\",\"valueRequired\":true,\"valueName\":\"search_term_string\"}}],\"inLanguage\":\"es\"}]}<\/script>\n<!-- \/ Yoast SEO plugin. -->","yoast_head_json":{"title":"Formulario de transparencia - Prefectura de Manab\u00ed","robots":{"index":"index","follow":"follow","max-snippet":"max-snippet:-1","max-image-preview":"max-image-preview:large","max-video-preview":"max-video-preview:-1"},"canonical":"https:\/\/www.manabi.gob.ec\/index.php\/formulario-de-transparencia\/","og_locale":"es_ES","og_type":"article","og_title":"Formulario de transparencia - Prefectura de Manab\u00ed","og_description":"[vc_row parallax=\u00bbcontent-moving\u00bb parallax_image=\u00bb18497&#8243; css=\u00bb.vc_custom_1631025779226{background-color: #303030 !important;}\u00bb][vc_column width=\u00bb1\/4&#8243; css=\u00bb.vc_custom_1631650452976{margin: 0px !important;padding: 0px !important;}\u00bb][vc_empty_space height=\u00bb70px\u00bb][vc_icon icon_fontawesome=\u00bbfa fa-envelope-open\u00bb color=\u00bbwhite\u00bb align=\u00bbright\u00bb][\/vc_column][vc_column width=\u00bb3\/4&#8243;][vc_empty_space height=\u00bb70px\u00bb][gsf_heading sub_title=\u00bb\u00bb]Buz\u00f3n de transparencia[\/gsf_heading][vc_empty_space height=\u00bb70px\u00bb][\/vc_column][\/vc_row][vc_row css=\u00bb.vc_custom_1622148209970{background-color: #f4f4f4 !important;}\u00bb][vc_column width=\u00bb2\/12&#8243;][\/vc_column][vc_column width=\u00bb8\/12&#8243;][gsf_space desktop=\u00bb60&#8243; tablet=\u00bb70&#8243; tablet_portrait=\u00bb60&#8243; mobile_landscape=\u00bb60&#8243; mobile=\u00bb60&#8243;][vc_column_text el_class=\u00bb\u00bb] El Buz\u00f3n de Transparencia es un canal directo entre el ciudadano y el Gobierno Provincial de Manab\u00ed. Recuerde colocar informaci\u00f3n veraz [&hellip;]","og_url":"https:\/\/www.manabi.gob.ec\/index.php\/formulario-de-transparencia\/","og_site_name":"Prefectura de Manab\u00ed","article_modified_time":"2021-09-27T20:39:53+00:00","twitter_card":"summary_large_image","twitter_misc":{"Tiempo de lectura":"1 minuto"},"schema":{"@context":"https:\/\/schema.org","@graph":[{"@type":"WebPage","@id":"https:\/\/www.manabi.gob.ec\/index.php\/formulario-de-transparencia\/","url":"https:\/\/www.manabi.gob.ec\/index.php\/formulario-de-transparencia\/","name":"Formulario de transparencia - Prefectura de Manab\u00ed","isPartOf":{"@id":"https:\/\/www.manabi.gob.ec\/#website"},"datePublished":"2021-09-14T14:09:52+00:00","dateModified":"2021-09-27T20:39:53+00:00","breadcrumb":{"@id":"https:\/\/www.manabi.gob.ec\/index.php\/formulario-de-transparencia\/#breadcrumb"},"inLanguage":"es","potentialAction":[{"@type":"ReadAction","target":["https:\/\/www.manabi.gob.ec\/index.php\/formulario-de-transparencia\/"]}]},{"@type":"BreadcrumbList","@id":"https:\/\/www.manabi.gob.ec\/index.php\/formulario-de-transparencia\/#breadcrumb","itemListElement":[{"@type":"ListItem","position":1,"name":"Portada","item":"https:\/\/www.manabi.gob.ec\/"},{"@type":"ListItem","position":2,"name":"Formulario de transparencia"}]},{"@type":"WebSite","@id":"https:\/\/www.manabi.gob.ec\/#website","url":"https:\/\/www.manabi.gob.ec\/","name":"Prefectura de Manab\u00ed","description":"P\u00e1gina web de la prefectura","potentialAction":[{"@type":"SearchAction","target":{"@type":"EntryPoint","urlTemplate":"https:\/\/www.manabi.gob.ec\/?s={search_term_string}"},"query-input":{"@type":"PropertyValueSpecification","valueRequired":true,"valueName":"search_term_string"}}],"inLanguage":"es"}]}},"_links":{"self":[{"href":"https:\/\/www.manabi.gob.ec\/index.php\/wp-json\/wp\/v2\/pages\/18541","targetHints":{"allow":["GET"]}}],"collection":[{"href":"https:\/\/www.manabi.gob.ec\/index.php\/wp-json\/wp\/v2\/pages"}],"about":[{"href":"https:\/\/www.manabi.gob.ec\/index.php\/wp-json\/wp\/v2\/types\/page"}],"author":[{"embeddable":true,"href":"https:\/\/www.manabi.gob.ec\/index.php\/wp-json\/wp\/v2\/users\/1"}],"replies":[{"embeddable":true,"href":"https:\/\/www.manabi.gob.ec\/index.php\/wp-json\/wp\/v2\/comments?post=18541"}],"version-history":[{"count":0,"href":"https:\/\/www.manabi.gob.ec\/index.php\/wp-json\/wp\/v2\/pages\/18541\/revisions"}],"wp:attachment":[{"href":"https:\/\/www.manabi.gob.ec\/index.php\/wp-json\/wp\/v2\/media?parent=18541"}],"curies":[{"name":"wp","href":"https:\/\/api.w.org\/{rel}","templated":true}]}}