{"id":22449,"date":"2022-10-14T15:35:59","date_gmt":"2022-10-14T15:35:59","guid":{"rendered":"https:\/\/www.manabi.gob.ec\/?page_id=22449"},"modified":"2025-05-30T20:10:38","modified_gmt":"2025-05-30T20:10:38","slug":"politica-de-integridad","status":"publish","type":"page","link":"https:\/\/www.manabi.gob.ec\/index.php\/politica-de-integridad\/","title":{"rendered":"Pol\u00edtica de Integridad"},"content":{"rendered":"<p>[vc_row color_skin=\u00bbskin-dark\u00bb bg_overlay_mode=\u00bbcolor\u00bb bg_overlay_color=\u00bbrgba(3,75,102,0.95)\u00bb css=\u00bb.vc_custom_1659391361993{background-image: url(http:\/\/www.manabi.gob.ec\/wp-content\/uploads\/2020\/06\/09abr.jpg?id=2823) !important;background-position: center !important;background-repeat: no-repeat !important;background-size: cover !important;}\u00bb][vc_column width=\u00bb1\/6&#8243;][\/vc_column][vc_column width=\u00bb4\/6&#8243;][gsf_space desktop=\u00bb35&#8243; tablet=\u00bb80&#8243; tablet_portrait=\u00bb70&#8243; mobile_landscape=\u00bb60&#8243; mobile=\u00bb60&#8243;][vc_column_text css=\u00bb.vc_custom_1665762970060{margin-bottom: 45px !important;}\u00bb]<\/p>\n<p style=\"font-size: 16px; color: white; line-height: 33px; text-align: center;\"><em>La Prefectura de Manab\u00ed inici\u00f3 el proceso de implementaci\u00f3n del Sistema de Gesti\u00f3n Antisoborno, para obtener la Certificaci\u00f3n ISO 37001:2016, que constituir\u00e1 un hito para nuestra instituci\u00f3n y Provincia.<\/em><\/p>\n<p>[\/vc_column_text][\/vc_column][vc_column width=\u00bb1\/6&#8243;][\/vc_column][\/vc_row][vc_row color_skin=\u00bbskin-light\u00bb container_width=\u00bblimit\u00bb css=\u00bb.vc_custom_1659989246018{background-position: center !important;background-repeat: no-repeat !important;background-size: cover !important;}\u00bb][vc_column][gsf_space desktop=\u00bb65&#8243; tablet=\u00bb70&#8243; tablet_portrait=\u00bb60&#8243; mobile_landscape=\u00bb60&#8243; mobile=\u00bb60&#8243;][\/vc_column][\/vc_row][vc_row color_skin=\u00bbskin-light\u00bb container_width=\u00bblimit\u00bb gap=\u00bb30&#8243; css=\u00bb.vc_custom_1659990925883{background-position: center !important;background-repeat: no-repeat !important;background-size: cover !important;}\u00bb][vc_column width=\u00bb2\/3&#8243;][gsf_heading sub_title=\u00bb\u00bb css=\u00bb.vc_custom_1668716852019{margin-bottom: 25px !important;}\u00bb]<strong class=\"uppercase\">pol\u00edtica de integridad<\/strong>[\/gsf_heading][vc_column_text]LIN-DES-002<br \/>\nDirecci\u00f3n de Transparencia mayo &#8211; 2025<br \/>\nVersi\u00f3n 3.0[\/vc_column_text][vc_column_text]El Gobierno Aut\u00f3nomo Descentralizado Provincial de Manab\u00ed a trav\u00e9s de la Direcci\u00f3n de Transparencia , y con el compromiso de cumplir con los principios de integridad y responsabilidad; combate la corrupci\u00f3n y los actos de soborno en la instituci\u00f3n, prohibiendo de manera directa o indirecta actos indebidos que vayan en contra de la misi\u00f3n institucional, conscientes de la importancia de prevenir y combatir el soborno en todas sus formas, establece un marco de referencia s\u00f3lido para el establecimiento, revisi\u00f3n y logro de los objetivos antisoborno. Este marco proporciona las pautas necesarias para prevenir, detectar y enfrentar a trav\u00e9s de sus canales de gesti\u00f3n los actos de soborno, as\u00ed como para cumplir con los requisitos legales aplicables y los establecidos en el Sistema de Gesti\u00f3n Antisoborno.<\/p>\n<p>El Gobierno Aut\u00f3nomo Descentralizado Provincial de Manab\u00ed, est\u00e1 comprometido con los principios y valores que lo caracterizan, aportando de manera \u00edntegra, \u00e9tica y transparente en la lucha contra la corrupci\u00f3n y el soborno, motivando a la ciudadan\u00eda y a todos quienes conforman la instituci\u00f3n el planteamiento de las inquietudes y denuncias de buena fe o sobre la base de una creencia razonable, que permitan la mejora continua del Sistema de Gesti\u00f3n Antisoborno.<\/p>\n<p><span style=\"text-align: justify;\">El Gobierno Aut\u00f3nomo Descentralizado Provincial de Manab\u00ed otorga los recursos, la autoridad, acceso a la Alta Direcci\u00f3n y la independencia a la Funci\u00f3n de Cumplimiento Antisoborno para el desarrollo de sus actividades y para canalizar las necesidades o inquietudes al respecto del soborno o el Sistema de Gesti\u00f3n Antisoborno.<\/span><\/p>\n<p>El Gobierno Aut\u00f3nomo Descentralizado Provincial de Manab\u00ed propende que no existan represalias en contra de los denunciantes y protege la identidad de estos, despu\u00e9s de que ellos, de buena fe o sobre la base de una creencia razonable, hayan planteado o reportado el intento de soborno, supuesto o real o violaciones de la pol\u00edtica antisoborno o del Sistema de Gesti\u00f3n Antisoborno.<\/p>\n<p>El Gobierno Aut\u00f3nomo Descentralizado Provincial de Manab\u00ed y su pol\u00edtica de tolerancia cero frente al soborno o pr\u00e1cticas de corrupci\u00f3n, estar\u00e1 vigilante del cumplimiento de la misma, por lo que, en el caso de inobservancia, se actuar\u00e1 bajo el marco legal correspondiente.[\/vc_column_text][vc_message icon_fontawesome=\u00bbfa fa-file-pdf-o\u00bb]<\/p>\n<h2><a href=\"https:\/\/www.manabi.gob.ec\/wp-content\/uploads\/2025\/05\/POLITICA-DE-INTEGRIDAD-2025.pdf\"><span style=\"color: #ff0000;\"><strong>Descarga el archivo PDF<\/strong><\/span><\/a><\/h2>\n<p>[\/vc_message][vc_empty_space height=\u00bb70px\u00bb][gsf_heading sub_title=\u00bb\u00bb css=\u00bb.vc_custom_1666990763441{margin-bottom: 25px !important;}\u00bb]<strong class=\"uppercase\">Integrity policy<\/strong>[\/gsf_heading][vc_column_text]<span style=\"color: #333333;\"><span style=\"color: #003366;\"><br \/>\nDirecci\u00f3n de Transparencia .may &#8211; 2025<br \/>\nVs 3.0<\/span><\/span>[\/vc_column_text][vc_column_text el_class=\u00bb\u00bb]The Gobierno Aut\u00f3nomo Descentralizado Provincial de Manab\u00ed through the Direcci\u00f3n de Transparencia, and with the commitment to comply with the principles of integrity and responsibility; combat corruption and acts of bribery in the institution, directly or indirectly prohibiting improper acts that go against the institutional mission, aware of the importance of preventing and combating bribery in all its forms, establishes a solid framework of reference for the establishment, review and achievement of anti-bribery objectives. This framework provides the necessary guidelines to prevent, detect and confront acts of bribery through its management channels, as well as to comply with the applicable legal requirements and those established in the Anti-Bribery Management System.<\/p>\n<p>The Gobierno Aut\u00f3nomo Descentralizado Provincial de Manab\u00ed, is committed to the principles and values that characterize it, contributing in an integral, ethical and transparent manner in the fight against corruption and bribery, motivating citizens and all those who make it up, under the authority and independence of the compliance function of our institution, may raise concerns and complaints in good faith or on the basis of a reasonable belief, which allow the continuous improvement of the Anti-Bribery Management System.<\/p>\n<p>The Gobierno Aut\u00f3nomo Descentralizado Provincial de Manab\u00ed, grants the resources, authority, access to Senior Management and independence to the AntiBribery Compliance Function for the development of its activities and to channel needs or concerns regarding bribery or the Management System Anti-bribery. The Gobierno Aut\u00f3nomo Descentralizado Provincial de Manab\u00ed ensures that whistleblowers will not face retaliation and that their identity will be protected, provided they report or raise concerns in good faith or based on a reasonable belief, whether about attempted, suspected, or actual bribery, or violations of the antibribery policy or system.<\/p>\n<p>The Gobierno Aut\u00f3nomo Descentralizado Provincial de Manab\u00ed, and its zero tolerance policy, against bribery or corrupt practices, will be vigilant of compliance with it, therefore, in the event of non-compliance, action will be taken under the corresponding legal framework.[\/vc_column_text][\/vc_column][vc_column width=\u00bb1\/3&#8243; css=\u00bb.vc_custom_1665763128966{padding: 35px !important;}\u00bb][vc_single_image image=\u00bb22445&#8243; img_size=\u00bbfull\u00bb alignment=\u00bbcenter\u00bb onclick=\u00bbcustom_link\u00bb link=\u00bbhttps:\/\/www.manabi.gob.ec\/index.php\/objetivos-de-integridad\/\u00bb][\/vc_column][\/vc_row][vc_row color_skin=\u00bbskin-light\u00bb container_width=\u00bblimit\u00bb css=\u00bb.vc_custom_1659989246018{background-position: center !important;background-repeat: no-repeat !important;background-size: cover !important;}\u00bb][vc_column][gsf_space desktop=\u00bb45&#8243; tablet=\u00bb70&#8243; tablet_portrait=\u00bb60&#8243; mobile_landscape=\u00bb60&#8243; mobile=\u00bb60&#8243;][\/vc_column][\/vc_row][vc_row color_skin=\u00bbskin-light\u00bb container_width=\u00bblimit\u00bb css=\u00bb.vc_custom_1659989246018{background-position: center !important;background-repeat: no-repeat !important;background-size: cover !important;}\u00bb][vc_column width=\u00bb1\/4&#8243;][\/vc_column][vc_column width=\u00bb2\/4&#8243; css=\u00bb.vc_custom_1665758313352{padding-top: 150px !important;padding-bottom: 150px !important;background-image: url(https:\/\/www.manabi.gob.ec\/wp-content\/uploads\/2022\/10\/vlcsnap-2022-10-14-09h33m02s642.png?id=22436) !important;}\u00bb][gsf_video link=\u00bbhttps:\/\/www.manabi.gob.ec\/wp-content\/uploads\/2022\/10\/antisoborno.mp4&#8243; icon_color=\u00bb#ffffff\u00bb css=\u00bb.vc_custom_1665757942412{padding: 5px !important;}\u00bb][\/vc_column][vc_column width=\u00bb1\/4&#8243;][\/vc_column][\/vc_row][vc_row color_skin=\u00bbskin-light\u00bb container_width=\u00bblimit\u00bb css=\u00bb.vc_custom_1659989246018{background-position: center !important;background-repeat: no-repeat !important;background-size: cover !important;}\u00bb][vc_column][gsf_space desktop=\u00bb45&#8243; tablet=\u00bb70&#8243; tablet_portrait=\u00bb60&#8243; mobile_landscape=\u00bb60&#8243; mobile=\u00bb60&#8243;][gsf_space desktop=\u00bb45&#8243; tablet=\u00bb70&#8243; tablet_portrait=\u00bb60&#8243; mobile_landscape=\u00bb60&#8243; mobile=\u00bb60&#8243;][\/vc_column][\/vc_row]<\/p>\n","protected":false},"excerpt":{"rendered":"<p>[vc_row color_skin=\u00bbskin-dark\u00bb bg_overlay_mode=\u00bbcolor\u00bb bg_overlay_color=\u00bbrgba(3,75,102,0.95)\u00bb css=\u00bb.vc_custom_1659391361993{background-image: url(http:\/\/www.manabi.gob.ec\/wp-content\/uploads\/2020\/06\/09abr.jpg?id=2823) !important;background-position: center !important;background-repeat: no-repeat !important;background-size: cover !important;}\u00bb][vc_column width=\u00bb1\/6&#8243;][\/vc_column][vc_column width=\u00bb4\/6&#8243;][gsf_space desktop=\u00bb35&#8243; tablet=\u00bb80&#8243; tablet_portrait=\u00bb70&#8243; mobile_landscape=\u00bb60&#8243; mobile=\u00bb60&#8243;][vc_column_text css=\u00bb.vc_custom_1665762970060{margin-bottom: 45px !important;}\u00bb] La Prefectura de Manab\u00ed inici\u00f3 el proceso de implementaci\u00f3n del Sistema de Gesti\u00f3n Antisoborno, para obtener la Certificaci\u00f3n ISO 37001:2016, que constituir\u00e1 un hito para nuestra instituci\u00f3n y Provincia. [\/vc_column_text][\/vc_column][vc_column width=\u00bb1\/6&#8243;][\/vc_column][\/vc_row][vc_row color_skin=\u00bbskin-light\u00bb [&hellip;]<\/p>\n","protected":false},"author":1,"featured_media":0,"parent":0,"menu_order":0,"comment_status":"closed","ping_status":"closed","template":"","meta":{"_joinchat":[],"footnotes":""},"class_list":["post-22449","page","type-page","status-publish","hentry"],"yoast_head":"<!-- This site is optimized with the Yoast SEO plugin v27.4 - https:\/\/yoast.com\/product\/yoast-seo-wordpress\/ -->\n<title>Pol\u00edtica de Integridad - Prefectura de Manab\u00ed<\/title>\n<meta name=\"robots\" content=\"index, follow, max-snippet:-1, max-image-preview:large, max-video-preview:-1\" \/>\n<link rel=\"canonical\" href=\"https:\/\/www.manabi.gob.ec\/index.php\/politica-de-integridad\/\" \/>\n<meta property=\"og:locale\" content=\"es_ES\" \/>\n<meta property=\"og:type\" content=\"article\" \/>\n<meta property=\"og:title\" content=\"Pol\u00edtica de Integridad - Prefectura de Manab\u00ed\" \/>\n<meta property=\"og:description\" content=\"[vc_row color_skin=\u00bbskin-dark\u00bb bg_overlay_mode=\u00bbcolor\u00bb bg_overlay_color=\u00bbrgba(3,75,102,0.95)\u00bb css=\u00bb.vc_custom_1659391361993{background-image: url(http:\/\/www.manabi.gob.ec\/wp-content\/uploads\/2020\/06\/09abr.jpg?id=2823) !important;background-position: center !important;background-repeat: no-repeat !important;background-size: cover !important;}\u00bb][vc_column width=\u00bb1\/6&#8243;][\/vc_column][vc_column width=\u00bb4\/6&#8243;][gsf_space desktop=\u00bb35&#8243; tablet=\u00bb80&#8243; tablet_portrait=\u00bb70&#8243; mobile_landscape=\u00bb60&#8243; mobile=\u00bb60&#8243;][vc_column_text css=\u00bb.vc_custom_1665762970060{margin-bottom: 45px !important;}\u00bb] La Prefectura de Manab\u00ed inici\u00f3 el proceso de implementaci\u00f3n del Sistema de Gesti\u00f3n Antisoborno, para obtener la Certificaci\u00f3n ISO 37001:2016, que constituir\u00e1 un hito para nuestra instituci\u00f3n y Provincia. [\/vc_column_text][\/vc_column][vc_column width=\u00bb1\/6&#8243;][\/vc_column][\/vc_row][vc_row color_skin=\u00bbskin-light\u00bb [&hellip;]\" \/>\n<meta property=\"og:url\" content=\"https:\/\/www.manabi.gob.ec\/index.php\/politica-de-integridad\/\" \/>\n<meta property=\"og:site_name\" content=\"Prefectura de Manab\u00ed\" \/>\n<meta property=\"article:modified_time\" content=\"2025-05-30T20:10:38+00:00\" \/>\n<meta name=\"twitter:card\" content=\"summary_large_image\" \/>\n<meta name=\"twitter:label1\" content=\"Tiempo de lectura\" \/>\n\t<meta name=\"twitter:data1\" content=\"4 minutos\" \/>\n<script type=\"application\/ld+json\" class=\"yoast-schema-graph\">{\"@context\":\"https:\\\/\\\/schema.org\",\"@graph\":[{\"@type\":\"WebPage\",\"@id\":\"https:\\\/\\\/www.manabi.gob.ec\\\/index.php\\\/politica-de-integridad\\\/\",\"url\":\"https:\\\/\\\/www.manabi.gob.ec\\\/index.php\\\/politica-de-integridad\\\/\",\"name\":\"Pol\u00edtica de Integridad - Prefectura de Manab\u00ed\",\"isPartOf\":{\"@id\":\"https:\\\/\\\/www.manabi.gob.ec\\\/#website\"},\"datePublished\":\"2022-10-14T15:35:59+00:00\",\"dateModified\":\"2025-05-30T20:10:38+00:00\",\"breadcrumb\":{\"@id\":\"https:\\\/\\\/www.manabi.gob.ec\\\/index.php\\\/politica-de-integridad\\\/#breadcrumb\"},\"inLanguage\":\"es\",\"potentialAction\":[{\"@type\":\"ReadAction\",\"target\":[\"https:\\\/\\\/www.manabi.gob.ec\\\/index.php\\\/politica-de-integridad\\\/\"]}]},{\"@type\":\"BreadcrumbList\",\"@id\":\"https:\\\/\\\/www.manabi.gob.ec\\\/index.php\\\/politica-de-integridad\\\/#breadcrumb\",\"itemListElement\":[{\"@type\":\"ListItem\",\"position\":1,\"name\":\"Portada\",\"item\":\"https:\\\/\\\/www.manabi.gob.ec\\\/\"},{\"@type\":\"ListItem\",\"position\":2,\"name\":\"Pol\u00edtica de Integridad\"}]},{\"@type\":\"WebSite\",\"@id\":\"https:\\\/\\\/www.manabi.gob.ec\\\/#website\",\"url\":\"https:\\\/\\\/www.manabi.gob.ec\\\/\",\"name\":\"Prefectura de Manab\u00ed\",\"description\":\"P\u00e1gina web de la prefectura\",\"potentialAction\":[{\"@type\":\"SearchAction\",\"target\":{\"@type\":\"EntryPoint\",\"urlTemplate\":\"https:\\\/\\\/www.manabi.gob.ec\\\/?s={search_term_string}\"},\"query-input\":{\"@type\":\"PropertyValueSpecification\",\"valueRequired\":true,\"valueName\":\"search_term_string\"}}],\"inLanguage\":\"es\"}]}<\/script>\n<!-- \/ Yoast SEO plugin. -->","yoast_head_json":{"title":"Pol\u00edtica de Integridad - Prefectura de Manab\u00ed","robots":{"index":"index","follow":"follow","max-snippet":"max-snippet:-1","max-image-preview":"max-image-preview:large","max-video-preview":"max-video-preview:-1"},"canonical":"https:\/\/www.manabi.gob.ec\/index.php\/politica-de-integridad\/","og_locale":"es_ES","og_type":"article","og_title":"Pol\u00edtica de Integridad - Prefectura de Manab\u00ed","og_description":"[vc_row color_skin=\u00bbskin-dark\u00bb bg_overlay_mode=\u00bbcolor\u00bb bg_overlay_color=\u00bbrgba(3,75,102,0.95)\u00bb css=\u00bb.vc_custom_1659391361993{background-image: url(http:\/\/www.manabi.gob.ec\/wp-content\/uploads\/2020\/06\/09abr.jpg?id=2823) !important;background-position: center !important;background-repeat: no-repeat !important;background-size: cover !important;}\u00bb][vc_column width=\u00bb1\/6&#8243;][\/vc_column][vc_column width=\u00bb4\/6&#8243;][gsf_space desktop=\u00bb35&#8243; tablet=\u00bb80&#8243; tablet_portrait=\u00bb70&#8243; mobile_landscape=\u00bb60&#8243; mobile=\u00bb60&#8243;][vc_column_text css=\u00bb.vc_custom_1665762970060{margin-bottom: 45px !important;}\u00bb] La Prefectura de Manab\u00ed inici\u00f3 el proceso de implementaci\u00f3n del Sistema de Gesti\u00f3n Antisoborno, para obtener la Certificaci\u00f3n ISO 37001:2016, que constituir\u00e1 un hito para nuestra instituci\u00f3n y Provincia. [\/vc_column_text][\/vc_column][vc_column width=\u00bb1\/6&#8243;][\/vc_column][\/vc_row][vc_row color_skin=\u00bbskin-light\u00bb [&hellip;]","og_url":"https:\/\/www.manabi.gob.ec\/index.php\/politica-de-integridad\/","og_site_name":"Prefectura de Manab\u00ed","article_modified_time":"2025-05-30T20:10:38+00:00","twitter_card":"summary_large_image","twitter_misc":{"Tiempo de lectura":"4 minutos"},"schema":{"@context":"https:\/\/schema.org","@graph":[{"@type":"WebPage","@id":"https:\/\/www.manabi.gob.ec\/index.php\/politica-de-integridad\/","url":"https:\/\/www.manabi.gob.ec\/index.php\/politica-de-integridad\/","name":"Pol\u00edtica de Integridad - Prefectura de Manab\u00ed","isPartOf":{"@id":"https:\/\/www.manabi.gob.ec\/#website"},"datePublished":"2022-10-14T15:35:59+00:00","dateModified":"2025-05-30T20:10:38+00:00","breadcrumb":{"@id":"https:\/\/www.manabi.gob.ec\/index.php\/politica-de-integridad\/#breadcrumb"},"inLanguage":"es","potentialAction":[{"@type":"ReadAction","target":["https:\/\/www.manabi.gob.ec\/index.php\/politica-de-integridad\/"]}]},{"@type":"BreadcrumbList","@id":"https:\/\/www.manabi.gob.ec\/index.php\/politica-de-integridad\/#breadcrumb","itemListElement":[{"@type":"ListItem","position":1,"name":"Portada","item":"https:\/\/www.manabi.gob.ec\/"},{"@type":"ListItem","position":2,"name":"Pol\u00edtica de Integridad"}]},{"@type":"WebSite","@id":"https:\/\/www.manabi.gob.ec\/#website","url":"https:\/\/www.manabi.gob.ec\/","name":"Prefectura de Manab\u00ed","description":"P\u00e1gina web de la prefectura","potentialAction":[{"@type":"SearchAction","target":{"@type":"EntryPoint","urlTemplate":"https:\/\/www.manabi.gob.ec\/?s={search_term_string}"},"query-input":{"@type":"PropertyValueSpecification","valueRequired":true,"valueName":"search_term_string"}}],"inLanguage":"es"}]}},"_links":{"self":[{"href":"https:\/\/www.manabi.gob.ec\/index.php\/wp-json\/wp\/v2\/pages\/22449","targetHints":{"allow":["GET"]}}],"collection":[{"href":"https:\/\/www.manabi.gob.ec\/index.php\/wp-json\/wp\/v2\/pages"}],"about":[{"href":"https:\/\/www.manabi.gob.ec\/index.php\/wp-json\/wp\/v2\/types\/page"}],"author":[{"embeddable":true,"href":"https:\/\/www.manabi.gob.ec\/index.php\/wp-json\/wp\/v2\/users\/1"}],"replies":[{"embeddable":true,"href":"https:\/\/www.manabi.gob.ec\/index.php\/wp-json\/wp\/v2\/comments?post=22449"}],"version-history":[{"count":10,"href":"https:\/\/www.manabi.gob.ec\/index.php\/wp-json\/wp\/v2\/pages\/22449\/revisions"}],"predecessor-version":[{"id":30950,"href":"https:\/\/www.manabi.gob.ec\/index.php\/wp-json\/wp\/v2\/pages\/22449\/revisions\/30950"}],"wp:attachment":[{"href":"https:\/\/www.manabi.gob.ec\/index.php\/wp-json\/wp\/v2\/media?parent=22449"}],"curies":[{"name":"wp","href":"https:\/\/api.w.org\/{rel}","templated":true}]}}