{"id":22472,"date":"2022-10-14T16:23:25","date_gmt":"2022-10-14T16:23:25","guid":{"rendered":"https:\/\/www.manabi.gob.ec\/?page_id=22472"},"modified":"2025-11-13T21:20:22","modified_gmt":"2025-11-13T21:20:22","slug":"objetivos-de-integridad","status":"publish","type":"page","link":"https:\/\/www.manabi.gob.ec\/index.php\/objetivos-de-integridad\/","title":{"rendered":"Objetivos de Integridad"},"content":{"rendered":"<p>[vc_row color_skin=\u00bbskin-dark\u00bb bg_overlay_mode=\u00bbcolor\u00bb bg_overlay_color=\u00bbrgba(3,75,102,0.95)\u00bb css=\u00bb.vc_custom_1659391361993{background-image: url(http:\/\/www.manabi.gob.ec\/wp-content\/uploads\/2020\/06\/09abr.jpg?id=2823) !important;background-position: center !important;background-repeat: no-repeat !important;background-size: cover !important;}\u00bb][vc_column width=\u00bb1\/6&#8243;][\/vc_column][vc_column width=\u00bb4\/6&#8243;][gsf_space desktop=\u00bb35&#8243; tablet=\u00bb80&#8243; tablet_portrait=\u00bb70&#8243; mobile_landscape=\u00bb60&#8243; mobile=\u00bb60&#8243;][vc_column_text css=\u00bb.vc_custom_1665762970060{margin-bottom: 45px !important;}\u00bb]<\/p>\n<p style=\"font-size: 16px; color: white; line-height: 33px; text-align: center;\"><em>La Prefectura de Manab\u00ed inici\u00f3 el proceso de implementaci\u00f3n del Sistema de Gesti\u00f3n Antisoborno, para obtener la Certificaci\u00f3n ISO 37001:2016, que constituir\u00e1 un hito para nuestra instituci\u00f3n y Provincia.<\/em><\/p>\n<p>[\/vc_column_text][\/vc_column][vc_column width=\u00bb1\/6&#8243;][\/vc_column][\/vc_row][vc_row color_skin=\u00bbskin-light\u00bb container_width=\u00bblimit\u00bb css=\u00bb.vc_custom_1659989246018{background-position: center !important;background-repeat: no-repeat !important;background-size: cover !important;}\u00bb][vc_column][gsf_space desktop=\u00bb65&#8243; tablet=\u00bb70&#8243; tablet_portrait=\u00bb60&#8243; mobile_landscape=\u00bb60&#8243; mobile=\u00bb60&#8243;][\/vc_column][\/vc_row][vc_row color_skin=\u00bbskin-light\u00bb container_width=\u00bblimit\u00bb gap=\u00bb30&#8243; css=\u00bb.vc_custom_1659990925883{background-position: center !important;background-repeat: no-repeat !important;background-size: cover !important;}\u00bb][vc_column width=\u00bb2\/3&#8243;][gsf_heading sub_title=\u00bb\u00bb local_subtitle=\u00bbsubtitle-bottom\u00bb css=\u00bb.vc_custom_1695174751637{margin-bottom: 25px !important;}\u00bb]<strong class=\"uppercase\">objetivos de integridad<\/strong>[\/gsf_heading][vc_column_text]<\/p>\n<ul>\n<li class=\"MsoNormal\" style=\"text-indent: -0.05pt; line-height: 15.6933px; font-size: 11pt; font-family: Calibri, sans-serif; color: #000000; letter-spacing: normal; text-align: justify;\">\n<h6><span lang=\"ES\" style=\"font-size: 12pt; line-height: 17.12px; font-family: 'century gothic', sans-serif; color: #000000;\">Consolidar la cultura de cumplimiento y aplicaci\u00f3n del Sistema de Gesti\u00f3n Antisoborno en los servidores de la Prefectura de Manab\u00ed<\/span><\/h6>\n<\/li>\n<li class=\"MsoNormal\" style=\"text-indent: -0.05pt; line-height: 15.6933px; font-size: 11pt; font-family: Calibri, sans-serif; color: #000000; letter-spacing: normal; text-align: justify;\">\n<h6><span lang=\"ES\" style=\"font-size: 12pt; line-height: 17.12px; font-family: 'century gothic', sans-serif; color: #000000;\">Fortalecer la eficacia, en los controles de Riesgos de Soborno del Sistema de Gesti\u00f3n Antisoborno en la Prefectura de Manab\u00ed<\/span><\/h6>\n<\/li>\n<li class=\"MsoNormal\" style=\"text-indent: -0.05pt; line-height: 15.6933px; font-size: 11pt; font-family: Calibri, sans-serif; color: #000000; letter-spacing: normal; text-align: justify;\">\n<h6><span lang=\"ES\" style=\"font-size: 12pt; line-height: 17.12px; font-family: 'century gothic', sans-serif; color: #000000;\">Fortalecer la difusi\u00f3n de los canales de denuncias y\/o alertas.<\/span><\/h6>\n<\/li>\n<li>\n<h6><span style=\"color: #000000;\"><strong>Fortalecer y concientizar con las partes interesadas y socios de negocio, el Sistema de Gesti\u00f3n Antisoborno de la Prefectura de Manab\u00ed.<\/strong><\/span><\/h6>\n<\/li>\n<\/ul>\n<p>[\/vc_column_text][vc_single_image image=\u00bb32279&#8243; img_size=\u00bbfull\u00bb alignment=\u00bbcenter\u00bb onclick=\u00bbimg_link_large\u00bb][\/vc_column][vc_column width=\u00bb1\/3&#8243; css=\u00bb.vc_custom_1665763128966{padding: 35px !important;}\u00bb][vc_single_image image=\u00bb22446&#8243; img_size=\u00bbfull\u00bb alignment=\u00bbcenter\u00bb onclick=\u00bbcustom_link\u00bb link=\u00bbhttps:\/\/www.manabi.gob.ec\/index.php\/politica-de-integridad\/\u00bb][\/vc_column][\/vc_row][vc_row color_skin=\u00bbskin-light\u00bb container_width=\u00bblimit\u00bb css=\u00bb.vc_custom_1659989246018{background-position: center !important;background-repeat: no-repeat !important;background-size: cover !important;}\u00bb][vc_column][gsf_space desktop=\u00bb45&#8243; tablet=\u00bb70&#8243; tablet_portrait=\u00bb60&#8243; mobile_landscape=\u00bb60&#8243; mobile=\u00bb60&#8243;][\/vc_column][\/vc_row][vc_row color_skin=\u00bbskin-light\u00bb container_width=\u00bblimit\u00bb el_class=\u00bb\u00bb css=\u00bb.vc_custom_1763068820148{background-position: center !important;background-repeat: no-repeat !important;background-size: cover !important;}\u00bb responsive=\u00bbvc_hidden-lg vc_hidden-md vc_hidden-sm vc_hidden-xs\u00bb][vc_column width=\u00bb1\/4&#8243;][\/vc_column][vc_column width=\u00bb2\/4&#8243; css=\u00bb.vc_custom_1665758313352{padding-top: 150px !important;padding-bottom: 150px !important;background-image: url(https:\/\/www.manabi.gob.ec\/wp-content\/uploads\/2022\/10\/vlcsnap-2022-10-14-09h33m02s642.png?id=22436) !important;}\u00bb][gsf_video link=\u00bbhttps:\/\/www.manabi.gob.ec\/wp-content\/uploads\/2022\/10\/antisoborno.mp4&#8243; icon_color=\u00bb#ffffff\u00bb css=\u00bb.vc_custom_1665757942412{padding: 5px !important;}\u00bb][\/vc_column][vc_column width=\u00bb1\/4&#8243;][\/vc_column][\/vc_row][vc_row color_skin=\u00bbskin-light\u00bb container_width=\u00bblimit\u00bb css=\u00bb.vc_custom_1659989246018{background-position: center !important;background-repeat: no-repeat !important;background-size: cover !important;}\u00bb][vc_column][gsf_space desktop=\u00bb45&#8243; tablet=\u00bb70&#8243; tablet_portrait=\u00bb60&#8243; mobile_landscape=\u00bb60&#8243; mobile=\u00bb60&#8243;][gsf_space desktop=\u00bb45&#8243; tablet=\u00bb70&#8243; tablet_portrait=\u00bb60&#8243; mobile_landscape=\u00bb60&#8243; mobile=\u00bb60&#8243;][\/vc_column][\/vc_row]<\/p>\n","protected":false},"excerpt":{"rendered":"<p>[vc_row color_skin=\u00bbskin-dark\u00bb bg_overlay_mode=\u00bbcolor\u00bb bg_overlay_color=\u00bbrgba(3,75,102,0.95)\u00bb css=\u00bb.vc_custom_1659391361993{background-image: url(http:\/\/www.manabi.gob.ec\/wp-content\/uploads\/2020\/06\/09abr.jpg?id=2823) !important;background-position: center !important;background-repeat: no-repeat !important;background-size: cover !important;}\u00bb][vc_column width=\u00bb1\/6&#8243;][\/vc_column][vc_column width=\u00bb4\/6&#8243;][gsf_space desktop=\u00bb35&#8243; tablet=\u00bb80&#8243; tablet_portrait=\u00bb70&#8243; mobile_landscape=\u00bb60&#8243; mobile=\u00bb60&#8243;][vc_column_text css=\u00bb.vc_custom_1665762970060{margin-bottom: 45px !important;}\u00bb] La Prefectura de Manab\u00ed inici\u00f3 el proceso de implementaci\u00f3n del Sistema de Gesti\u00f3n Antisoborno, para obtener la Certificaci\u00f3n ISO 37001:2016, que constituir\u00e1 un hito para nuestra instituci\u00f3n y Provincia. [\/vc_column_text][\/vc_column][vc_column width=\u00bb1\/6&#8243;][\/vc_column][\/vc_row][vc_row color_skin=\u00bbskin-light\u00bb [&hellip;]<\/p>\n","protected":false},"author":1,"featured_media":0,"parent":0,"menu_order":0,"comment_status":"closed","ping_status":"closed","template":"","meta":{"_joinchat":[],"footnotes":""},"class_list":["post-22472","page","type-page","status-publish","hentry"],"yoast_head":"<!-- This site is optimized with the Yoast SEO plugin v27.4 - https:\/\/yoast.com\/product\/yoast-seo-wordpress\/ -->\n<title>Objetivos de Integridad - Prefectura de Manab\u00ed<\/title>\n<meta name=\"robots\" content=\"index, follow, max-snippet:-1, max-image-preview:large, max-video-preview:-1\" \/>\n<link rel=\"canonical\" href=\"https:\/\/www.manabi.gob.ec\/index.php\/objetivos-de-integridad\/\" \/>\n<meta property=\"og:locale\" content=\"es_ES\" \/>\n<meta property=\"og:type\" content=\"article\" \/>\n<meta property=\"og:title\" content=\"Objetivos de Integridad - Prefectura de Manab\u00ed\" \/>\n<meta property=\"og:description\" content=\"[vc_row color_skin=\u00bbskin-dark\u00bb bg_overlay_mode=\u00bbcolor\u00bb bg_overlay_color=\u00bbrgba(3,75,102,0.95)\u00bb css=\u00bb.vc_custom_1659391361993{background-image: url(http:\/\/www.manabi.gob.ec\/wp-content\/uploads\/2020\/06\/09abr.jpg?id=2823) !important;background-position: center !important;background-repeat: no-repeat !important;background-size: cover !important;}\u00bb][vc_column width=\u00bb1\/6&#8243;][\/vc_column][vc_column width=\u00bb4\/6&#8243;][gsf_space desktop=\u00bb35&#8243; tablet=\u00bb80&#8243; tablet_portrait=\u00bb70&#8243; mobile_landscape=\u00bb60&#8243; mobile=\u00bb60&#8243;][vc_column_text css=\u00bb.vc_custom_1665762970060{margin-bottom: 45px !important;}\u00bb] La Prefectura de Manab\u00ed inici\u00f3 el proceso de implementaci\u00f3n del Sistema de Gesti\u00f3n Antisoborno, para obtener la Certificaci\u00f3n ISO 37001:2016, que constituir\u00e1 un hito para nuestra instituci\u00f3n y Provincia. [\/vc_column_text][\/vc_column][vc_column width=\u00bb1\/6&#8243;][\/vc_column][\/vc_row][vc_row color_skin=\u00bbskin-light\u00bb [&hellip;]\" \/>\n<meta property=\"og:url\" content=\"https:\/\/www.manabi.gob.ec\/index.php\/objetivos-de-integridad\/\" \/>\n<meta property=\"og:site_name\" content=\"Prefectura de Manab\u00ed\" \/>\n<meta property=\"article:modified_time\" content=\"2025-11-13T21:20:22+00:00\" \/>\n<meta name=\"twitter:card\" content=\"summary_large_image\" \/>\n<meta name=\"twitter:label1\" content=\"Tiempo de lectura\" \/>\n\t<meta name=\"twitter:data1\" content=\"2 minutos\" \/>\n<script type=\"application\/ld+json\" class=\"yoast-schema-graph\">{\"@context\":\"https:\\\/\\\/schema.org\",\"@graph\":[{\"@type\":\"WebPage\",\"@id\":\"https:\\\/\\\/www.manabi.gob.ec\\\/index.php\\\/objetivos-de-integridad\\\/\",\"url\":\"https:\\\/\\\/www.manabi.gob.ec\\\/index.php\\\/objetivos-de-integridad\\\/\",\"name\":\"Objetivos de Integridad - Prefectura de Manab\u00ed\",\"isPartOf\":{\"@id\":\"https:\\\/\\\/www.manabi.gob.ec\\\/#website\"},\"datePublished\":\"2022-10-14T16:23:25+00:00\",\"dateModified\":\"2025-11-13T21:20:22+00:00\",\"breadcrumb\":{\"@id\":\"https:\\\/\\\/www.manabi.gob.ec\\\/index.php\\\/objetivos-de-integridad\\\/#breadcrumb\"},\"inLanguage\":\"es\",\"potentialAction\":[{\"@type\":\"ReadAction\",\"target\":[\"https:\\\/\\\/www.manabi.gob.ec\\\/index.php\\\/objetivos-de-integridad\\\/\"]}]},{\"@type\":\"BreadcrumbList\",\"@id\":\"https:\\\/\\\/www.manabi.gob.ec\\\/index.php\\\/objetivos-de-integridad\\\/#breadcrumb\",\"itemListElement\":[{\"@type\":\"ListItem\",\"position\":1,\"name\":\"Portada\",\"item\":\"https:\\\/\\\/www.manabi.gob.ec\\\/\"},{\"@type\":\"ListItem\",\"position\":2,\"name\":\"Objetivos de Integridad\"}]},{\"@type\":\"WebSite\",\"@id\":\"https:\\\/\\\/www.manabi.gob.ec\\\/#website\",\"url\":\"https:\\\/\\\/www.manabi.gob.ec\\\/\",\"name\":\"Prefectura de Manab\u00ed\",\"description\":\"P\u00e1gina web de la prefectura\",\"potentialAction\":[{\"@type\":\"SearchAction\",\"target\":{\"@type\":\"EntryPoint\",\"urlTemplate\":\"https:\\\/\\\/www.manabi.gob.ec\\\/?s={search_term_string}\"},\"query-input\":{\"@type\":\"PropertyValueSpecification\",\"valueRequired\":true,\"valueName\":\"search_term_string\"}}],\"inLanguage\":\"es\"}]}<\/script>\n<!-- \/ Yoast SEO plugin. -->","yoast_head_json":{"title":"Objetivos de Integridad - Prefectura de Manab\u00ed","robots":{"index":"index","follow":"follow","max-snippet":"max-snippet:-1","max-image-preview":"max-image-preview:large","max-video-preview":"max-video-preview:-1"},"canonical":"https:\/\/www.manabi.gob.ec\/index.php\/objetivos-de-integridad\/","og_locale":"es_ES","og_type":"article","og_title":"Objetivos de Integridad - Prefectura de Manab\u00ed","og_description":"[vc_row color_skin=\u00bbskin-dark\u00bb bg_overlay_mode=\u00bbcolor\u00bb bg_overlay_color=\u00bbrgba(3,75,102,0.95)\u00bb css=\u00bb.vc_custom_1659391361993{background-image: url(http:\/\/www.manabi.gob.ec\/wp-content\/uploads\/2020\/06\/09abr.jpg?id=2823) !important;background-position: center !important;background-repeat: no-repeat !important;background-size: cover !important;}\u00bb][vc_column width=\u00bb1\/6&#8243;][\/vc_column][vc_column width=\u00bb4\/6&#8243;][gsf_space desktop=\u00bb35&#8243; tablet=\u00bb80&#8243; tablet_portrait=\u00bb70&#8243; mobile_landscape=\u00bb60&#8243; mobile=\u00bb60&#8243;][vc_column_text css=\u00bb.vc_custom_1665762970060{margin-bottom: 45px !important;}\u00bb] La Prefectura de Manab\u00ed inici\u00f3 el proceso de implementaci\u00f3n del Sistema de Gesti\u00f3n Antisoborno, para obtener la Certificaci\u00f3n ISO 37001:2016, que constituir\u00e1 un hito para nuestra instituci\u00f3n y Provincia. [\/vc_column_text][\/vc_column][vc_column width=\u00bb1\/6&#8243;][\/vc_column][\/vc_row][vc_row color_skin=\u00bbskin-light\u00bb [&hellip;]","og_url":"https:\/\/www.manabi.gob.ec\/index.php\/objetivos-de-integridad\/","og_site_name":"Prefectura de Manab\u00ed","article_modified_time":"2025-11-13T21:20:22+00:00","twitter_card":"summary_large_image","twitter_misc":{"Tiempo de lectura":"2 minutos"},"schema":{"@context":"https:\/\/schema.org","@graph":[{"@type":"WebPage","@id":"https:\/\/www.manabi.gob.ec\/index.php\/objetivos-de-integridad\/","url":"https:\/\/www.manabi.gob.ec\/index.php\/objetivos-de-integridad\/","name":"Objetivos de Integridad - Prefectura de Manab\u00ed","isPartOf":{"@id":"https:\/\/www.manabi.gob.ec\/#website"},"datePublished":"2022-10-14T16:23:25+00:00","dateModified":"2025-11-13T21:20:22+00:00","breadcrumb":{"@id":"https:\/\/www.manabi.gob.ec\/index.php\/objetivos-de-integridad\/#breadcrumb"},"inLanguage":"es","potentialAction":[{"@type":"ReadAction","target":["https:\/\/www.manabi.gob.ec\/index.php\/objetivos-de-integridad\/"]}]},{"@type":"BreadcrumbList","@id":"https:\/\/www.manabi.gob.ec\/index.php\/objetivos-de-integridad\/#breadcrumb","itemListElement":[{"@type":"ListItem","position":1,"name":"Portada","item":"https:\/\/www.manabi.gob.ec\/"},{"@type":"ListItem","position":2,"name":"Objetivos de Integridad"}]},{"@type":"WebSite","@id":"https:\/\/www.manabi.gob.ec\/#website","url":"https:\/\/www.manabi.gob.ec\/","name":"Prefectura de Manab\u00ed","description":"P\u00e1gina web de la prefectura","potentialAction":[{"@type":"SearchAction","target":{"@type":"EntryPoint","urlTemplate":"https:\/\/www.manabi.gob.ec\/?s={search_term_string}"},"query-input":{"@type":"PropertyValueSpecification","valueRequired":true,"valueName":"search_term_string"}}],"inLanguage":"es"}]}},"_links":{"self":[{"href":"https:\/\/www.manabi.gob.ec\/index.php\/wp-json\/wp\/v2\/pages\/22472","targetHints":{"allow":["GET"]}}],"collection":[{"href":"https:\/\/www.manabi.gob.ec\/index.php\/wp-json\/wp\/v2\/pages"}],"about":[{"href":"https:\/\/www.manabi.gob.ec\/index.php\/wp-json\/wp\/v2\/types\/page"}],"author":[{"embeddable":true,"href":"https:\/\/www.manabi.gob.ec\/index.php\/wp-json\/wp\/v2\/users\/1"}],"replies":[{"embeddable":true,"href":"https:\/\/www.manabi.gob.ec\/index.php\/wp-json\/wp\/v2\/comments?post=22472"}],"version-history":[{"count":3,"href":"https:\/\/www.manabi.gob.ec\/index.php\/wp-json\/wp\/v2\/pages\/22472\/revisions"}],"predecessor-version":[{"id":32284,"href":"https:\/\/www.manabi.gob.ec\/index.php\/wp-json\/wp\/v2\/pages\/22472\/revisions\/32284"}],"wp:attachment":[{"href":"https:\/\/www.manabi.gob.ec\/index.php\/wp-json\/wp\/v2\/media?parent=22472"}],"curies":[{"name":"wp","href":"https:\/\/api.w.org\/{rel}","templated":true}]}}