{"id":22577,"date":"2022-10-26T15:20:19","date_gmt":"2022-10-26T15:20:19","guid":{"rendered":"https:\/\/www.manabi.gob.ec\/?page_id=22577"},"modified":"2026-03-09T15:45:10","modified_gmt":"2026-03-09T15:45:10","slug":"instrumentos-normativos-y-politicas","status":"publish","type":"page","link":"https:\/\/www.manabi.gob.ec\/index.php\/instrumentos-normativos-y-politicas\/","title":{"rendered":"Instrumentos Normativos y Pol\u00edticas"},"content":{"rendered":"<p>[vc_row][vc_column][vc_empty_space height=\u00bb50px\u00bb][\/vc_column][\/vc_row][vc_row][vc_column width=\u00bb1\/6&#8243;][\/vc_column][vc_column width=\u00bb4\/6&#8243;][vc_column_text]<\/p>\n<h4 style=\"text-align: center;\"><em><strong>POL\u00cdTICAS Y NORMAS DE LA<br \/>\nPREFECTURA DE MANAB\u00cd<\/strong><\/em><\/h4>\n<p style=\"text-align: center; font-size: 18px;\">En esta secci\u00f3n encontrar\u00e1 toda la normativa para el desarrollo provincial e institucional de la Prefectura de Manab\u00ed en el marco de sus competencias. Puede acceder y consultar proyectos de pol\u00edticas p\u00fablicas e institucionales, ordenanzas ,reglamentos, resoluciones administrativas y resoluciones legislativas.<\/p>\n<p>[\/vc_column_text][\/vc_column][vc_column width=\u00bb1\/6&#8243;][\/vc_column][\/vc_row][vc_row][vc_column][vc_empty_space height=\u00bb55px\u00bb][\/vc_column][\/vc_row][vc_row color_skin=\u00bbskin-light\u00bb gap=\u00bb1&#8243; equal_height=\u00bbyes\u00bb parallax=\u00bbcontent-moving\u00bb css=\u00bb.vc_custom_1636120792766{background-position: center;background-repeat: no-repeat;background-size:cover !important;}\u00bb][vc_column color_skin=\u00bbskin-light\u00bb width=\u00bb1\/4&#8243;][vc_hoverbox image=\u00bb22594&#8243; primary_title=\u00bb\u00bb hover_title=\u00bb\u00bb shape=\u00bbsquare\u00bb hover_background_color=\u00bbsky\u00bb hover_btn_title=\u00bbVer m\u00e1s\u00bb hover_btn_color=\u00bbdefault\u00bb hover_add_button=\u00bbtrue\u00bb hover_btn_link=\u00bburl:https%3A%2F%2Fwww.manabi.gob.ec%2Findex.php%2Fordenanzas-2%2F|||\u00bb]<span style=\"color: #ffffff; font-size: 20px;\"><strong>Ordenanza<\/strong>s<\/span>[\/vc_hoverbox][vc_column_text css=\u00bb.vc_custom_1666798310754{margin-top: 10px !important;}\u00bb]<\/p>\n<p style=\"text-align: center; font-size: 18px;\"><strong>Ordenanzas<\/strong><\/p>\n<p>[\/vc_column_text][\/vc_column][vc_column width=\u00bb1\/4&#8243; css=\u00bb.vc_custom_1622148120192{background-position: center !important;background-repeat: no-repeat !important;background-size: cover !important;}\u00bb offset=\u00bbvc_col-xs-12&#8243;][vc_hoverbox image=\u00bb22593&#8243; primary_title=\u00bb\u00bb hover_title=\u00bb\u00bb shape=\u00bbsquare\u00bb hover_background_color=\u00bbsky\u00bb hover_btn_title=\u00bbVer m\u00e1s\u00bb hover_add_button=\u00bbtrue\u00bb hover_btn_link=\u00bburl:https%3A%2F%2Fwww.manabi.gob.ec%2Findex.php%2Fresoluciones-administrativas%2F|||\u00bb]<strong><span style=\"color: #ffffff; font-size: 18px;\">Resoluciones Administrativas<\/span><\/strong>[\/vc_hoverbox][vc_column_text css=\u00bb.vc_custom_1666798358922{margin-top: 10px !important;}\u00bb]<\/p>\n<p style=\"text-align: center; font-size: 18px;\"><strong>Resoluciones Administrativas<\/strong><\/p>\n<p>[\/vc_column_text][\/vc_column][vc_column width=\u00bb1\/4&#8243;][vc_hoverbox image=\u00bb22591&#8243; primary_title=\u00bb\u00bb hover_title=\u00bb\u00bb shape=\u00bbsquare\u00bb hover_background_color=\u00bbsky\u00bb hover_btn_title=\u00bbVer m\u00e1s\u00bb hover_add_button=\u00bbtrue\u00bb hover_btn_link=\u00bburl:https%3A%2F%2Fwww.manabi.gob.ec%2Findex.php%2Fresoluciones-legislativas%2F|||\u00bb]<strong><span style=\"color: #ffffff; font-size: 18px;\">Resoluciones Legislativas<\/span><\/strong>[\/vc_hoverbox][vc_column_text css=\u00bb.vc_custom_1666874701397{margin-top: 10px !important;}\u00bb]<\/p>\n<p style=\"text-align: center; font-size: 18px;\"><strong>Resoluciones Legislativas<\/strong><\/p>\n<p>[\/vc_column_text][\/vc_column][vc_column width=\u00bb1\/4&#8243;][vc_hoverbox image=\u00bb22592&#8243; primary_title=\u00bb\u00bb hover_title=\u00bb\u00bb shape=\u00bbsquare\u00bb hover_background_color=\u00bbsky\u00bb hover_btn_title=\u00bbVer m\u00e1s\u00bb hover_add_button=\u00bbtrue\u00bb hover_btn_link=\u00bburl:https%3A%2F%2Fwww.manabi.gob.ec%2Findex.php%2Freglamentos-2%2F|||\u00bb]<strong><span style=\"color: #ffffff; font-size: 18px;\">Reglamentos<\/span><\/strong>[\/vc_hoverbox][vc_column_text css=\u00bb.vc_custom_1666798387683{margin-top: 10px !important;}\u00bb]<\/p>\n<p style=\"text-align: center; font-size: 18px;\"><strong>Reglamentos<\/strong><\/p>\n<p>[\/vc_column_text][\/vc_column][\/vc_row][vc_row color_skin=\u00bbskin-light\u00bb gap=\u00bb1&#8243; equal_height=\u00bbyes\u00bb parallax=\u00bbcontent-moving\u00bb css=\u00bb.vc_custom_1636120792766{background-position: center;background-repeat: no-repeat;background-size:cover;}\u00bb][vc_column color_skin=\u00bbskin-light\u00bb width=\u00bb1\/4&#8243;][vc_hoverbox image=\u00bb22590&#8243; primary_title=\u00bb\u00bb hover_title=\u00bb\u00bb shape=\u00bbsquare\u00bb hover_background_color=\u00bbsky\u00bb hover_btn_title=\u00bbVer m\u00e1s\u00bb hover_add_button=\u00bbtrue\u00bb hover_btn_link=\u00bburl:https%3A%2F%2Fwww.manabi.gob.ec%2Findex.php%2Fpoliticas-publicas%2F|||\u00bb]<strong><span style=\"color: #ffffff; font-size: 18px;\">Pol\u00edticas P\u00fablicas<\/span><\/strong>[\/vc_hoverbox][vc_column_text css=\u00bb.vc_custom_1666798405363{margin-top: 10px !important;}\u00bb]<\/p>\n<p style=\"text-align: center; font-size: 18px;\"><strong>Pol\u00edticas P\u00fablicas<\/strong><\/p>\n<p>[\/vc_column_text][\/vc_column][vc_column width=\u00bb1\/4&#8243; css=\u00bb.vc_custom_1622148120192{background-position: center !important;background-repeat: no-repeat !important;background-size: cover !important;}\u00bb offset=\u00bbvc_col-xs-12&#8243;][vc_hoverbox image=\u00bb31064&#8243; primary_title=\u00bb\u00bb hover_title=\u00bb\u00bb shape=\u00bbsquare\u00bb hover_background_color=\u00bbsky\u00bb hover_btn_title=\u00bbVer m\u00e1s\u00bb hover_add_button=\u00bbtrue\u00bb hover_btn_link=\u00bburl:https%3A%2F%2Fwww.manabi.gob.ec%2Findex.php%2Fdeclaratorias%2F|||\u00bb]<strong><span style=\"color: #ffffff; font-size: 18px;\">Declaratorias de Utilidad P\u00fablica<\/span><\/strong>[\/vc_hoverbox][vc_column_text css=\u00bb.vc_custom_1749230993048{margin-top: 10px !important;}\u00bb]<\/p>\n<p style=\"text-align: center; font-size: 18px;\"><strong>Declaratorias de Utilidad P\u00fablica<\/strong><\/p>\n<p>[\/vc_column_text][\/vc_column][vc_column width=\u00bb1\/4&#8243;][vc_hoverbox image=\u00bb33135&#8243; primary_title=\u00bb\u00bb hover_title=\u00bb\u00bb shape=\u00bbsquare\u00bb hover_background_color=\u00bbsky\u00bb hover_btn_title=\u00bbVer m\u00e1s\u00bb hover_btn_el_class=\u00bb\u00bb hover_add_button=\u00bbtrue\u00bb hover_btn_link=\u00bburl:https%3A%2F%2Fwww.manabi.gob.ec%2Findex.php%2Fresoluciones-expropiacion%2F|||\u00bb]<strong><span style=\"color: #ffffff; font-size: 18px;\">Resoluciones de Expropiaci\u00f3n<\/span><\/strong>[\/vc_hoverbox][vc_column_text css=\u00bb.vc_custom_1772644036943{margin-top: 10px !important;}\u00bb]<\/p>\n<p style=\"text-align: center; font-size: 18px;\"><strong>Resoluciones de expropiaci\u00f3n<\/strong><\/p>\n<p>[\/vc_column_text][\/vc_column][vc_column width=\u00bb1\/4&#8243;][\/vc_column][\/vc_row][vc_row][vc_column][vc_empty_space height=\u00bb90px\u00bb][\/vc_column][\/vc_row]<\/p>\n","protected":false},"excerpt":{"rendered":"<p>[vc_row][vc_column][vc_empty_space height=\u00bb50px\u00bb][\/vc_column][\/vc_row][vc_row][vc_column width=\u00bb1\/6&#8243;][\/vc_column][vc_column width=\u00bb4\/6&#8243;][vc_column_text] POL\u00cdTICAS Y NORMAS DE LA PREFECTURA DE MANAB\u00cd En esta secci\u00f3n encontrar\u00e1 toda la normativa para el desarrollo provincial e institucional de la Prefectura de Manab\u00ed en el marco de sus competencias. Puede acceder y consultar proyectos de pol\u00edticas p\u00fablicas e institucionales, ordenanzas ,reglamentos, resoluciones administrativas y resoluciones legislativas. [\/vc_column_text][\/vc_column][vc_column width=\u00bb1\/6&#8243;][\/vc_column][\/vc_row][vc_row][vc_column][vc_empty_space [&hellip;]<\/p>\n","protected":false},"author":1,"featured_media":0,"parent":0,"menu_order":0,"comment_status":"closed","ping_status":"closed","template":"","meta":{"_joinchat":[],"footnotes":""},"class_list":["post-22577","page","type-page","status-publish","hentry"],"yoast_head":"<!-- This site is optimized with the Yoast SEO plugin v27.4 - https:\/\/yoast.com\/product\/yoast-seo-wordpress\/ -->\n<title>Instrumentos Normativos y Pol\u00edticas - Prefectura de Manab\u00ed<\/title>\n<meta name=\"robots\" content=\"index, follow, max-snippet:-1, max-image-preview:large, max-video-preview:-1\" \/>\n<link rel=\"canonical\" href=\"https:\/\/www.manabi.gob.ec\/index.php\/instrumentos-normativos-y-politicas\/\" \/>\n<meta property=\"og:locale\" content=\"es_ES\" \/>\n<meta property=\"og:type\" content=\"article\" \/>\n<meta property=\"og:title\" content=\"Instrumentos Normativos y Pol\u00edticas - Prefectura de Manab\u00ed\" \/>\n<meta property=\"og:description\" content=\"[vc_row][vc_column][vc_empty_space height=\u00bb50px\u00bb][\/vc_column][\/vc_row][vc_row][vc_column width=\u00bb1\/6&#8243;][\/vc_column][vc_column width=\u00bb4\/6&#8243;][vc_column_text] POL\u00cdTICAS Y NORMAS DE LA PREFECTURA DE MANAB\u00cd En esta secci\u00f3n encontrar\u00e1 toda la normativa para el desarrollo provincial e institucional de la Prefectura de Manab\u00ed en el marco de sus competencias. Puede acceder y consultar proyectos de pol\u00edticas p\u00fablicas e institucionales, ordenanzas ,reglamentos, resoluciones administrativas y resoluciones legislativas. [\/vc_column_text][\/vc_column][vc_column width=\u00bb1\/6&#8243;][\/vc_column][\/vc_row][vc_row][vc_column][vc_empty_space [&hellip;]\" \/>\n<meta property=\"og:url\" content=\"https:\/\/www.manabi.gob.ec\/index.php\/instrumentos-normativos-y-politicas\/\" \/>\n<meta property=\"og:site_name\" content=\"Prefectura de Manab\u00ed\" \/>\n<meta property=\"article:modified_time\" content=\"2026-03-09T15:45:10+00:00\" \/>\n<meta name=\"twitter:card\" content=\"summary_large_image\" \/>\n<meta name=\"twitter:label1\" content=\"Tiempo de lectura\" \/>\n\t<meta name=\"twitter:data1\" content=\"2 minutos\" \/>\n<script type=\"application\/ld+json\" class=\"yoast-schema-graph\">{\"@context\":\"https:\\\/\\\/schema.org\",\"@graph\":[{\"@type\":\"WebPage\",\"@id\":\"https:\\\/\\\/www.manabi.gob.ec\\\/index.php\\\/instrumentos-normativos-y-politicas\\\/\",\"url\":\"https:\\\/\\\/www.manabi.gob.ec\\\/index.php\\\/instrumentos-normativos-y-politicas\\\/\",\"name\":\"Instrumentos Normativos y Pol\u00edticas - Prefectura de Manab\u00ed\",\"isPartOf\":{\"@id\":\"https:\\\/\\\/www.manabi.gob.ec\\\/#website\"},\"datePublished\":\"2022-10-26T15:20:19+00:00\",\"dateModified\":\"2026-03-09T15:45:10+00:00\",\"breadcrumb\":{\"@id\":\"https:\\\/\\\/www.manabi.gob.ec\\\/index.php\\\/instrumentos-normativos-y-politicas\\\/#breadcrumb\"},\"inLanguage\":\"es\",\"potentialAction\":[{\"@type\":\"ReadAction\",\"target\":[\"https:\\\/\\\/www.manabi.gob.ec\\\/index.php\\\/instrumentos-normativos-y-politicas\\\/\"]}]},{\"@type\":\"BreadcrumbList\",\"@id\":\"https:\\\/\\\/www.manabi.gob.ec\\\/index.php\\\/instrumentos-normativos-y-politicas\\\/#breadcrumb\",\"itemListElement\":[{\"@type\":\"ListItem\",\"position\":1,\"name\":\"Portada\",\"item\":\"https:\\\/\\\/www.manabi.gob.ec\\\/\"},{\"@type\":\"ListItem\",\"position\":2,\"name\":\"Instrumentos Normativos y Pol\u00edticas\"}]},{\"@type\":\"WebSite\",\"@id\":\"https:\\\/\\\/www.manabi.gob.ec\\\/#website\",\"url\":\"https:\\\/\\\/www.manabi.gob.ec\\\/\",\"name\":\"Prefectura de Manab\u00ed\",\"description\":\"P\u00e1gina web de la prefectura\",\"potentialAction\":[{\"@type\":\"SearchAction\",\"target\":{\"@type\":\"EntryPoint\",\"urlTemplate\":\"https:\\\/\\\/www.manabi.gob.ec\\\/?s={search_term_string}\"},\"query-input\":{\"@type\":\"PropertyValueSpecification\",\"valueRequired\":true,\"valueName\":\"search_term_string\"}}],\"inLanguage\":\"es\"}]}<\/script>\n<!-- \/ Yoast SEO plugin. -->","yoast_head_json":{"title":"Instrumentos Normativos y Pol\u00edticas - Prefectura de Manab\u00ed","robots":{"index":"index","follow":"follow","max-snippet":"max-snippet:-1","max-image-preview":"max-image-preview:large","max-video-preview":"max-video-preview:-1"},"canonical":"https:\/\/www.manabi.gob.ec\/index.php\/instrumentos-normativos-y-politicas\/","og_locale":"es_ES","og_type":"article","og_title":"Instrumentos Normativos y Pol\u00edticas - Prefectura de Manab\u00ed","og_description":"[vc_row][vc_column][vc_empty_space height=\u00bb50px\u00bb][\/vc_column][\/vc_row][vc_row][vc_column width=\u00bb1\/6&#8243;][\/vc_column][vc_column width=\u00bb4\/6&#8243;][vc_column_text] POL\u00cdTICAS Y NORMAS DE LA PREFECTURA DE MANAB\u00cd En esta secci\u00f3n encontrar\u00e1 toda la normativa para el desarrollo provincial e institucional de la Prefectura de Manab\u00ed en el marco de sus competencias. Puede acceder y consultar proyectos de pol\u00edticas p\u00fablicas e institucionales, ordenanzas ,reglamentos, resoluciones administrativas y resoluciones legislativas. [\/vc_column_text][\/vc_column][vc_column width=\u00bb1\/6&#8243;][\/vc_column][\/vc_row][vc_row][vc_column][vc_empty_space [&hellip;]","og_url":"https:\/\/www.manabi.gob.ec\/index.php\/instrumentos-normativos-y-politicas\/","og_site_name":"Prefectura de Manab\u00ed","article_modified_time":"2026-03-09T15:45:10+00:00","twitter_card":"summary_large_image","twitter_misc":{"Tiempo de lectura":"2 minutos"},"schema":{"@context":"https:\/\/schema.org","@graph":[{"@type":"WebPage","@id":"https:\/\/www.manabi.gob.ec\/index.php\/instrumentos-normativos-y-politicas\/","url":"https:\/\/www.manabi.gob.ec\/index.php\/instrumentos-normativos-y-politicas\/","name":"Instrumentos Normativos y Pol\u00edticas - Prefectura de Manab\u00ed","isPartOf":{"@id":"https:\/\/www.manabi.gob.ec\/#website"},"datePublished":"2022-10-26T15:20:19+00:00","dateModified":"2026-03-09T15:45:10+00:00","breadcrumb":{"@id":"https:\/\/www.manabi.gob.ec\/index.php\/instrumentos-normativos-y-politicas\/#breadcrumb"},"inLanguage":"es","potentialAction":[{"@type":"ReadAction","target":["https:\/\/www.manabi.gob.ec\/index.php\/instrumentos-normativos-y-politicas\/"]}]},{"@type":"BreadcrumbList","@id":"https:\/\/www.manabi.gob.ec\/index.php\/instrumentos-normativos-y-politicas\/#breadcrumb","itemListElement":[{"@type":"ListItem","position":1,"name":"Portada","item":"https:\/\/www.manabi.gob.ec\/"},{"@type":"ListItem","position":2,"name":"Instrumentos Normativos y Pol\u00edticas"}]},{"@type":"WebSite","@id":"https:\/\/www.manabi.gob.ec\/#website","url":"https:\/\/www.manabi.gob.ec\/","name":"Prefectura de Manab\u00ed","description":"P\u00e1gina web de la prefectura","potentialAction":[{"@type":"SearchAction","target":{"@type":"EntryPoint","urlTemplate":"https:\/\/www.manabi.gob.ec\/?s={search_term_string}"},"query-input":{"@type":"PropertyValueSpecification","valueRequired":true,"valueName":"search_term_string"}}],"inLanguage":"es"}]}},"_links":{"self":[{"href":"https:\/\/www.manabi.gob.ec\/index.php\/wp-json\/wp\/v2\/pages\/22577","targetHints":{"allow":["GET"]}}],"collection":[{"href":"https:\/\/www.manabi.gob.ec\/index.php\/wp-json\/wp\/v2\/pages"}],"about":[{"href":"https:\/\/www.manabi.gob.ec\/index.php\/wp-json\/wp\/v2\/types\/page"}],"author":[{"embeddable":true,"href":"https:\/\/www.manabi.gob.ec\/index.php\/wp-json\/wp\/v2\/users\/1"}],"replies":[{"embeddable":true,"href":"https:\/\/www.manabi.gob.ec\/index.php\/wp-json\/wp\/v2\/comments?post=22577"}],"version-history":[{"count":10,"href":"https:\/\/www.manabi.gob.ec\/index.php\/wp-json\/wp\/v2\/pages\/22577\/revisions"}],"predecessor-version":[{"id":33328,"href":"https:\/\/www.manabi.gob.ec\/index.php\/wp-json\/wp\/v2\/pages\/22577\/revisions\/33328"}],"wp:attachment":[{"href":"https:\/\/www.manabi.gob.ec\/index.php\/wp-json\/wp\/v2\/media?parent=22577"}],"curies":[{"name":"wp","href":"https:\/\/api.w.org\/{rel}","templated":true}]}}