{"id":23920,"date":"2023-03-29T16:27:42","date_gmt":"2023-03-29T16:27:42","guid":{"rendered":"https:\/\/www.manabi.gob.ec\/?page_id=23920"},"modified":"2024-07-30T20:35:03","modified_gmt":"2024-07-30T20:35:03","slug":"rendicion-de-cuentas-2022","status":"publish","type":"page","link":"https:\/\/www.manabi.gob.ec\/index.php\/rendicion-de-cuentas-2022\/","title":{"rendered":"Rendici\u00f3n de Cuentas 2022"},"content":{"rendered":"<p>[vc_row gap=\u00bb25&#8243; css=\u00bb.vc_custom_1621009670807{border-left-width: 2px !important;border-left-color: #cecece !important;border-left-style: solid !important;}\u00bb][vc_column][gsf_space desktop=\u00bb90&#8243; tablet=\u00bb70&#8243; tablet_portrait=\u00bb60&#8243; mobile_landscape=\u00bb50&#8243; mobile=\u00bb40&#8243;][vc_column_text]<\/p>\n<h5>Documentos<\/h5>\n<p>[\/vc_column_text][gsf_call_to_action title=\u00bbDescargar documento\u00bb style=\u00bb3d\u00bb size=\u00bbxs\u00bb link=\u00bburl:https%3A%2F%2Fwww.manabi.gob.ec%2Fwp-content%2Fuploads%2F2024%2F07%2FViceprefecta-2022.pdf||target:%20_blank|\u00bb css=\u00bb.vc_custom_1722367501970{margin-bottom: 20px !important;}\u00bb]<span style=\"color: #333300;\"><span style=\"color: #333300;\"><b>Viceprefecta 2022<\/b><\/span><\/span>[\/gsf_call_to_action][gsf_call_to_action title=\u00bbDescargar documento\u00bb style=\u00bb3d\u00bb size=\u00bbxs\u00bb link=\u00bburl:https%3A%2F%2Fwww.manabi.gob.ec%2Fwp-content%2Fuploads%2F2024%2F07%2FPRESUPUESTO-PARTICIPATIVO-2022.pdf||target:%20_blank|\u00bb css=\u00bb.vc_custom_1722367444329{margin-bottom: 20px !important;}\u00bb]<span style=\"color: #333300;\"><span style=\"color: #333300;\"><b>PRESUPUESTO PARTICIPATIVO 2022<\/b><\/span><\/span>[\/gsf_call_to_action][gsf_call_to_action title=\u00bbDescargar documento\u00bb style=\u00bb3d\u00bb size=\u00bbxs\u00bb link=\u00bburl:https%3A%2F%2Fwww.manabi.gob.ec%2Fwp-content%2Fuploads%2F2024%2F07%2FPreguntas-Ciudadanas.pdf||target:%20_blank|\u00bb css=\u00bb.vc_custom_1722367419256{margin-bottom: 20px !important;}\u00bb]<span style=\"color: #333300;\"><span style=\"color: #333300;\"><b>Preguntas Ciudadanas<\/b><\/span><\/span>[\/gsf_call_to_action][gsf_call_to_action title=\u00bbDescargar documento\u00bb style=\u00bb3d\u00bb size=\u00bbxs\u00bb link=\u00bburl:https%3A%2F%2Fwww.manabi.gob.ec%2Fwp-content%2Fuploads%2F2024%2F07%2FPrefecto-2022.pdf||target:%20_blank|\u00bb css=\u00bb.vc_custom_1722367389486{margin-bottom: 20px !important;}\u00bb]<span style=\"color: #333300;\"><strong><a style=\"color: #333300;\">Prefecto 2022<\/a><\/strong><\/span>[\/gsf_call_to_action][gsf_call_to_action title=\u00bbDescargar documento\u00bb style=\u00bb3d\u00bb size=\u00bbxs\u00bb link=\u00bburl:https%3A%2F%2Fwww.manabi.gob.ec%2Fwp-content%2Fuploads%2F2024%2F07%2FPOA-2022.pdf||target:%20_blank|\u00bb css=\u00bb.vc_custom_1722367351697{margin-bottom: 20px !important;}\u00bb]<span style=\"color: #333300;\"><strong><a style=\"color: #333300;\">POA 2022<\/a><\/strong><\/span>[\/gsf_call_to_action][gsf_call_to_action title=\u00bbDescargar documento\u00bb style=\u00bb3d\u00bb size=\u00bbxs\u00bb link=\u00bburl:https%3A%2F%2Fwww.manabi.gob.ec%2Fwp-content%2Fuploads%2F2024%2F07%2Fok_Consolidado-de-matriz-formulario-de-informe-RdC-2022-GAD-Manabi.pdf||target:%20_blank|\u00bb css=\u00bb.vc_custom_1722367301163{margin-bottom: 20px !important;}\u00bb]<span style=\"color: #333300;\"><strong><a style=\"color: #333300;\">Consolidado de matriz formulario de informe RdC-2022 GAD Manab\u00ed<\/a><\/strong><\/span>[\/gsf_call_to_action][gsf_call_to_action title=\u00bbDescargar documento\u00bb style=\u00bb3d\u00bb size=\u00bbxs\u00bb link=\u00bburl:https%3A%2F%2Fwww.manabi.gob.ec%2Fwp-content%2Fuploads%2F2024%2F07%2FMANABI-2030-1.pdf||target:%20_blank|\u00bb css=\u00bb.vc_custom_1722367108781{margin-bottom: 20px !important;}\u00bb]<span style=\"color: #333300;\"><strong><a style=\"color: #333300;\">MANABI 2030<\/a><\/strong><\/span>[\/gsf_call_to_action][gsf_call_to_action title=\u00bbDescargar documento\u00bb style=\u00bb3d\u00bb size=\u00bbxs\u00bb link=\u00bburl:https%3A%2F%2Fwww.manabi.gob.ec%2Fwp-content%2Fuploads%2F2024%2F07%2FLiteral-g-Presupuesto-de-la-institucion.pdf||target:%20_blank|\u00bb css=\u00bb.vc_custom_1722367076254{margin-bottom: 20px !important;}\u00bb]<span style=\"color: #333300;\"><strong><a style=\"color: #333300;\">Literal g) Presupuesto de la institucion<\/a><\/strong><\/span>[\/gsf_call_to_action][gsf_call_to_action title=\u00bbDescargar documento\u00bb style=\u00bb3d\u00bb size=\u00bbxs\u00bb link=\u00bburl:https%3A%2F%2Fwww.manabi.gob.ec%2Fwp-content%2Fuploads%2F2024%2F07%2FInvitacion-Deliberacion-Publica.pdf||target:%20_blank|\u00bb css=\u00bb.vc_custom_1722367020238{margin-bottom: 20px !important;}\u00bb]<span style=\"color: #333300;\"><strong><a style=\"color: #333300;\">Invitaci\u00f3n Deliberaci\u00f3n P\u00fablica<\/a><\/strong><\/span>[\/gsf_call_to_action][gsf_call_to_action title=\u00bbDescargar documento\u00bb style=\u00bb3d\u00bb size=\u00bbxs\u00bb link=\u00bburl:https%3A%2F%2Fwww.manabi.gob.ec%2Fwp-content%2Fuploads%2F2024%2F07%2FInformeGad2022.pdf||target:%20_blank|\u00bb css=\u00bb.vc_custom_1722366982149{margin-bottom: 20px !important;}\u00bb]<span style=\"color: #333300;\"><strong><a style=\"color: #333300;\">Informe Gad 2022<\/a><\/strong><\/span>[\/gsf_call_to_action][gsf_call_to_action title=\u00bbDescargar documento\u00bb style=\u00bb3d\u00bb size=\u00bbxs\u00bb link=\u00bburl:https%3A%2F%2Fwww.manabi.gob.ec%2Fwp-content%2Fuploads%2F2024%2F07%2FINFORME-EJECUCION-PRESUPUESTARIADiciembre-2022-vf-signed-signed.pdf||target:%20_blank|\u00bb css=\u00bb.vc_custom_1722366948423{margin-bottom: 20px !important;}\u00bb]<span style=\"color: #333300;\"><strong><a style=\"color: #333300;\">INFORME EJECUCI\u00d3N PRESUPUESTARIA<\/a><\/strong><\/span>[\/gsf_call_to_action][gsf_call_to_action title=\u00bbDescargar documento\u00bb style=\u00bb3d\u00bb size=\u00bbxs\u00bb link=\u00bburl:https%3A%2F%2Fwww.manabi.gob.ec%2Fwp-content%2Fuploads%2F2024%2F07%2FINF-COMPARATIVO-PP-POA2022-FIRMADO.pdf||target:%20_blank|\u00bb css=\u00bb.vc_custom_1722366894444{margin-bottom: 20px !important;}\u00bb]<span style=\"color: #333300;\"><strong><a style=\"color: #333300;\">INF-COMPARATIVO PP-POA2022<\/a><\/strong><\/span>[\/gsf_call_to_action][gsf_call_to_action title=\u00bbDescargar documento\u00bb style=\u00bb3d\u00bb size=\u00bbxs\u00bb link=\u00bburl:https%3A%2F%2Fwww.manabi.gob.ec%2Fwp-content%2Fuploads%2F2024%2F07%2FEntrega-de-respuestas-a-las-preguntas-ciudadanas.pdf||target:%20_blank|\u00bb css=\u00bb.vc_custom_1722357509829{margin-bottom: 20px !important;}\u00bb]<span style=\"color: #333300;\"><strong><a style=\"color: #333300;\">Entrega de respuestas a las preguntas ciudadanas<\/a><\/strong><\/span>[\/gsf_call_to_action][gsf_call_to_action title=\u00bbDescargar documento\u00bb style=\u00bb3d\u00bb size=\u00bbxs\u00bb link=\u00bburl:https%3A%2F%2Fwww.manabi.gob.ec%2Fwp-content%2Fuploads%2F2024%2F07%2FEntrega-de-informe.pdf||target:%20_blank|\u00bb css=\u00bb.vc_custom_1722357392571{margin-bottom: 20px !important;}\u00bb]<span style=\"color: #333300;\"><strong><a style=\"color: #333300;\">Entrega de informes<\/a><\/strong><\/span>[\/gsf_call_to_action][gsf_call_to_action title=\u00bbDescargar documento\u00bb style=\u00bb3d\u00bb size=\u00bbxs\u00bb link=\u00bburl:https%3A%2F%2Fwww.manabi.gob.ec%2Fwp-content%2Fuploads%2F2024%2F07%2FActas.pdf||target:%20_blank|\u00bb css=\u00bb.vc_custom_1722357350377{margin-bottom: 20px !important;}\u00bb]<span style=\"color: #333300;\"><strong><a style=\"color: #333300;\">Actas<\/a><\/strong><\/span>[\/gsf_call_to_action][gsf_call_to_action title=\u00bbDescargar documento\u00bb style=\u00bb3d\u00bb size=\u00bbxs\u00bb link=\u00bburl:https%3A%2F%2Fwww.manabi.gob.ec%2Fwp-content%2Fuploads%2F2024%2F07%2FActa-de-sugerencias.pdf||target:%20_blank|\u00bb css=\u00bb.vc_custom_1722357321017{margin-bottom: 20px !important;}\u00bb]<span style=\"color: #333300;\"><strong><a style=\"color: #333300;\">Acta de sugerencias<\/a><\/strong><\/span>[\/gsf_call_to_action][gsf_call_to_action title=\u00bbDescargar documento\u00bb style=\u00bb3d\u00bb size=\u00bbxs\u00bb link=\u00bburl:https%3A%2F%2Fwww.manabi.gob.ec%2Fwp-content%2Fuploads%2F2024%2F07%2FRevista-Narrativa-de-Gestion.pdf||target:%20_blank|\u00bb css=\u00bb.vc_custom_1722369582399{margin-bottom: 20px !important;}\u00bb]<span style=\"color: #333300;\"><strong><a style=\"color: #333300;\">Informe Narrativo<\/a><\/strong><\/span>[\/gsf_call_to_action][gsf_call_to_action title=\u00bbDescargar documento\u00bb style=\u00bb3d\u00bb size=\u00bbxs\u00bb el_class=\u00bb\u00bb link=\u00bburl:https%3A%2F%2Fwww.manabi.gob.ec%2Fwp-content%2Fuploads%2F2024%2F07%2Fplan-de-trabajo-de-leonardo-orlando-FIRMADO.pdf||target:%20_blank|\u00bb css=\u00bb.vc_custom_1722371697522{margin-bottom: 20px !important;}\u00bb]<span style=\"color: #333300;\"><strong>Plan de Gobierno<\/strong><\/span>[\/gsf_call_to_action][\/vc_column][\/vc_row]<\/p>\n","protected":false},"excerpt":{"rendered":"<p>[vc_row gap=\u00bb25&#8243; css=\u00bb.vc_custom_1621009670807{border-left-width: 2px !important;border-left-color: #cecece !important;border-left-style: solid !important;}\u00bb][vc_column][gsf_space desktop=\u00bb90&#8243; tablet=\u00bb70&#8243; tablet_portrait=\u00bb60&#8243; mobile_landscape=\u00bb50&#8243; mobile=\u00bb40&#8243;][vc_column_text] Documentos [\/vc_column_text][gsf_call_to_action title=\u00bbDescargar documento\u00bb style=\u00bb3d\u00bb size=\u00bbxs\u00bb link=\u00bburl:https%3A%2F%2Fwww.manabi.gob.ec%2Fwp-content%2Fuploads%2F2024%2F07%2FViceprefecta-2022.pdf||target:%20_blank|\u00bb css=\u00bb.vc_custom_1722367501970{margin-bottom: 20px !important;}\u00bb]Viceprefecta 2022[\/gsf_call_to_action][gsf_call_to_action title=\u00bbDescargar documento\u00bb style=\u00bb3d\u00bb size=\u00bbxs\u00bb link=\u00bburl:https%3A%2F%2Fwww.manabi.gob.ec%2Fwp-content%2Fuploads%2F2024%2F07%2FPRESUPUESTO-PARTICIPATIVO-2022.pdf||target:%20_blank|\u00bb css=\u00bb.vc_custom_1722367444329{margin-bottom: 20px !important;}\u00bb]PRESUPUESTO PARTICIPATIVO 2022[\/gsf_call_to_action][gsf_call_to_action title=\u00bbDescargar documento\u00bb style=\u00bb3d\u00bb size=\u00bbxs\u00bb link=\u00bburl:https%3A%2F%2Fwww.manabi.gob.ec%2Fwp-content%2Fuploads%2F2024%2F07%2FPreguntas-Ciudadanas.pdf||target:%20_blank|\u00bb css=\u00bb.vc_custom_1722367419256{margin-bottom: 20px !important;}\u00bb]Preguntas Ciudadanas[\/gsf_call_to_action][gsf_call_to_action title=\u00bbDescargar documento\u00bb style=\u00bb3d\u00bb size=\u00bbxs\u00bb link=\u00bburl:https%3A%2F%2Fwww.manabi.gob.ec%2Fwp-content%2Fuploads%2F2024%2F07%2FPrefecto-2022.pdf||target:%20_blank|\u00bb css=\u00bb.vc_custom_1722367389486{margin-bottom: 20px !important;}\u00bb]Prefecto 2022[\/gsf_call_to_action][gsf_call_to_action title=\u00bbDescargar documento\u00bb [&hellip;]<\/p>\n","protected":false},"author":1,"featured_media":0,"parent":0,"menu_order":0,"comment_status":"closed","ping_status":"closed","template":"","meta":{"_joinchat":[],"footnotes":""},"class_list":["post-23920","page","type-page","status-publish","hentry"],"yoast_head":"<!-- This site is optimized with the Yoast SEO plugin v27.4 - https:\/\/yoast.com\/product\/yoast-seo-wordpress\/ -->\n<title>Rendici\u00f3n de Cuentas 2022 - Prefectura de Manab\u00ed<\/title>\n<meta name=\"robots\" content=\"index, follow, max-snippet:-1, max-image-preview:large, max-video-preview:-1\" \/>\n<link rel=\"canonical\" href=\"https:\/\/www.manabi.gob.ec\/index.php\/rendicion-de-cuentas-2022\/\" \/>\n<meta property=\"og:locale\" content=\"es_ES\" \/>\n<meta property=\"og:type\" content=\"article\" \/>\n<meta property=\"og:title\" content=\"Rendici\u00f3n de Cuentas 2022 - Prefectura de Manab\u00ed\" \/>\n<meta property=\"og:description\" content=\"[vc_row gap=\u00bb25&#8243; css=\u00bb.vc_custom_1621009670807{border-left-width: 2px !important;border-left-color: #cecece !important;border-left-style: solid !important;}\u00bb][vc_column][gsf_space desktop=\u00bb90&#8243; tablet=\u00bb70&#8243; tablet_portrait=\u00bb60&#8243; mobile_landscape=\u00bb50&#8243; mobile=\u00bb40&#8243;][vc_column_text] Documentos [\/vc_column_text][gsf_call_to_action title=\u00bbDescargar documento\u00bb style=\u00bb3d\u00bb size=\u00bbxs\u00bb link=\u00bburl:https%3A%2F%2Fwww.manabi.gob.ec%2Fwp-content%2Fuploads%2F2024%2F07%2FViceprefecta-2022.pdf||target:%20_blank|\u00bb css=\u00bb.vc_custom_1722367501970{margin-bottom: 20px !important;}\u00bb]Viceprefecta 2022[\/gsf_call_to_action][gsf_call_to_action title=\u00bbDescargar documento\u00bb style=\u00bb3d\u00bb size=\u00bbxs\u00bb link=\u00bburl:https%3A%2F%2Fwww.manabi.gob.ec%2Fwp-content%2Fuploads%2F2024%2F07%2FPRESUPUESTO-PARTICIPATIVO-2022.pdf||target:%20_blank|\u00bb css=\u00bb.vc_custom_1722367444329{margin-bottom: 20px !important;}\u00bb]PRESUPUESTO PARTICIPATIVO 2022[\/gsf_call_to_action][gsf_call_to_action title=\u00bbDescargar documento\u00bb style=\u00bb3d\u00bb size=\u00bbxs\u00bb link=\u00bburl:https%3A%2F%2Fwww.manabi.gob.ec%2Fwp-content%2Fuploads%2F2024%2F07%2FPreguntas-Ciudadanas.pdf||target:%20_blank|\u00bb css=\u00bb.vc_custom_1722367419256{margin-bottom: 20px !important;}\u00bb]Preguntas Ciudadanas[\/gsf_call_to_action][gsf_call_to_action title=\u00bbDescargar documento\u00bb style=\u00bb3d\u00bb size=\u00bbxs\u00bb link=\u00bburl:https%3A%2F%2Fwww.manabi.gob.ec%2Fwp-content%2Fuploads%2F2024%2F07%2FPrefecto-2022.pdf||target:%20_blank|\u00bb css=\u00bb.vc_custom_1722367389486{margin-bottom: 20px !important;}\u00bb]Prefecto 2022[\/gsf_call_to_action][gsf_call_to_action title=\u00bbDescargar documento\u00bb [&hellip;]\" \/>\n<meta property=\"og:url\" content=\"https:\/\/www.manabi.gob.ec\/index.php\/rendicion-de-cuentas-2022\/\" \/>\n<meta property=\"og:site_name\" content=\"Prefectura de Manab\u00ed\" \/>\n<meta property=\"article:modified_time\" content=\"2024-07-30T20:35:03+00:00\" \/>\n<meta name=\"twitter:card\" content=\"summary_large_image\" \/>\n<meta name=\"twitter:label1\" content=\"Tiempo de lectura\" \/>\n\t<meta name=\"twitter:data1\" content=\"2 minutos\" \/>\n<script type=\"application\/ld+json\" class=\"yoast-schema-graph\">{\"@context\":\"https:\\\/\\\/schema.org\",\"@graph\":[{\"@type\":\"WebPage\",\"@id\":\"https:\\\/\\\/www.manabi.gob.ec\\\/index.php\\\/rendicion-de-cuentas-2022\\\/\",\"url\":\"https:\\\/\\\/www.manabi.gob.ec\\\/index.php\\\/rendicion-de-cuentas-2022\\\/\",\"name\":\"Rendici\u00f3n de Cuentas 2022 - Prefectura de Manab\u00ed\",\"isPartOf\":{\"@id\":\"https:\\\/\\\/www.manabi.gob.ec\\\/#website\"},\"datePublished\":\"2023-03-29T16:27:42+00:00\",\"dateModified\":\"2024-07-30T20:35:03+00:00\",\"breadcrumb\":{\"@id\":\"https:\\\/\\\/www.manabi.gob.ec\\\/index.php\\\/rendicion-de-cuentas-2022\\\/#breadcrumb\"},\"inLanguage\":\"es\",\"potentialAction\":[{\"@type\":\"ReadAction\",\"target\":[\"https:\\\/\\\/www.manabi.gob.ec\\\/index.php\\\/rendicion-de-cuentas-2022\\\/\"]}]},{\"@type\":\"BreadcrumbList\",\"@id\":\"https:\\\/\\\/www.manabi.gob.ec\\\/index.php\\\/rendicion-de-cuentas-2022\\\/#breadcrumb\",\"itemListElement\":[{\"@type\":\"ListItem\",\"position\":1,\"name\":\"Portada\",\"item\":\"https:\\\/\\\/www.manabi.gob.ec\\\/\"},{\"@type\":\"ListItem\",\"position\":2,\"name\":\"Rendici\u00f3n de Cuentas 2022\"}]},{\"@type\":\"WebSite\",\"@id\":\"https:\\\/\\\/www.manabi.gob.ec\\\/#website\",\"url\":\"https:\\\/\\\/www.manabi.gob.ec\\\/\",\"name\":\"Prefectura de Manab\u00ed\",\"description\":\"P\u00e1gina web de la prefectura\",\"potentialAction\":[{\"@type\":\"SearchAction\",\"target\":{\"@type\":\"EntryPoint\",\"urlTemplate\":\"https:\\\/\\\/www.manabi.gob.ec\\\/?s={search_term_string}\"},\"query-input\":{\"@type\":\"PropertyValueSpecification\",\"valueRequired\":true,\"valueName\":\"search_term_string\"}}],\"inLanguage\":\"es\"}]}<\/script>\n<!-- \/ Yoast SEO plugin. -->","yoast_head_json":{"title":"Rendici\u00f3n de Cuentas 2022 - Prefectura de Manab\u00ed","robots":{"index":"index","follow":"follow","max-snippet":"max-snippet:-1","max-image-preview":"max-image-preview:large","max-video-preview":"max-video-preview:-1"},"canonical":"https:\/\/www.manabi.gob.ec\/index.php\/rendicion-de-cuentas-2022\/","og_locale":"es_ES","og_type":"article","og_title":"Rendici\u00f3n de Cuentas 2022 - Prefectura de Manab\u00ed","og_description":"[vc_row gap=\u00bb25&#8243; css=\u00bb.vc_custom_1621009670807{border-left-width: 2px !important;border-left-color: #cecece !important;border-left-style: solid !important;}\u00bb][vc_column][gsf_space desktop=\u00bb90&#8243; tablet=\u00bb70&#8243; tablet_portrait=\u00bb60&#8243; mobile_landscape=\u00bb50&#8243; mobile=\u00bb40&#8243;][vc_column_text] Documentos [\/vc_column_text][gsf_call_to_action title=\u00bbDescargar documento\u00bb style=\u00bb3d\u00bb size=\u00bbxs\u00bb link=\u00bburl:https%3A%2F%2Fwww.manabi.gob.ec%2Fwp-content%2Fuploads%2F2024%2F07%2FViceprefecta-2022.pdf||target:%20_blank|\u00bb css=\u00bb.vc_custom_1722367501970{margin-bottom: 20px !important;}\u00bb]Viceprefecta 2022[\/gsf_call_to_action][gsf_call_to_action title=\u00bbDescargar documento\u00bb style=\u00bb3d\u00bb size=\u00bbxs\u00bb link=\u00bburl:https%3A%2F%2Fwww.manabi.gob.ec%2Fwp-content%2Fuploads%2F2024%2F07%2FPRESUPUESTO-PARTICIPATIVO-2022.pdf||target:%20_blank|\u00bb css=\u00bb.vc_custom_1722367444329{margin-bottom: 20px !important;}\u00bb]PRESUPUESTO PARTICIPATIVO 2022[\/gsf_call_to_action][gsf_call_to_action title=\u00bbDescargar documento\u00bb style=\u00bb3d\u00bb size=\u00bbxs\u00bb link=\u00bburl:https%3A%2F%2Fwww.manabi.gob.ec%2Fwp-content%2Fuploads%2F2024%2F07%2FPreguntas-Ciudadanas.pdf||target:%20_blank|\u00bb css=\u00bb.vc_custom_1722367419256{margin-bottom: 20px !important;}\u00bb]Preguntas Ciudadanas[\/gsf_call_to_action][gsf_call_to_action title=\u00bbDescargar documento\u00bb style=\u00bb3d\u00bb size=\u00bbxs\u00bb link=\u00bburl:https%3A%2F%2Fwww.manabi.gob.ec%2Fwp-content%2Fuploads%2F2024%2F07%2FPrefecto-2022.pdf||target:%20_blank|\u00bb css=\u00bb.vc_custom_1722367389486{margin-bottom: 20px !important;}\u00bb]Prefecto 2022[\/gsf_call_to_action][gsf_call_to_action title=\u00bbDescargar documento\u00bb [&hellip;]","og_url":"https:\/\/www.manabi.gob.ec\/index.php\/rendicion-de-cuentas-2022\/","og_site_name":"Prefectura de Manab\u00ed","article_modified_time":"2024-07-30T20:35:03+00:00","twitter_card":"summary_large_image","twitter_misc":{"Tiempo de lectura":"2 minutos"},"schema":{"@context":"https:\/\/schema.org","@graph":[{"@type":"WebPage","@id":"https:\/\/www.manabi.gob.ec\/index.php\/rendicion-de-cuentas-2022\/","url":"https:\/\/www.manabi.gob.ec\/index.php\/rendicion-de-cuentas-2022\/","name":"Rendici\u00f3n de Cuentas 2022 - Prefectura de Manab\u00ed","isPartOf":{"@id":"https:\/\/www.manabi.gob.ec\/#website"},"datePublished":"2023-03-29T16:27:42+00:00","dateModified":"2024-07-30T20:35:03+00:00","breadcrumb":{"@id":"https:\/\/www.manabi.gob.ec\/index.php\/rendicion-de-cuentas-2022\/#breadcrumb"},"inLanguage":"es","potentialAction":[{"@type":"ReadAction","target":["https:\/\/www.manabi.gob.ec\/index.php\/rendicion-de-cuentas-2022\/"]}]},{"@type":"BreadcrumbList","@id":"https:\/\/www.manabi.gob.ec\/index.php\/rendicion-de-cuentas-2022\/#breadcrumb","itemListElement":[{"@type":"ListItem","position":1,"name":"Portada","item":"https:\/\/www.manabi.gob.ec\/"},{"@type":"ListItem","position":2,"name":"Rendici\u00f3n de Cuentas 2022"}]},{"@type":"WebSite","@id":"https:\/\/www.manabi.gob.ec\/#website","url":"https:\/\/www.manabi.gob.ec\/","name":"Prefectura de Manab\u00ed","description":"P\u00e1gina web de la prefectura","potentialAction":[{"@type":"SearchAction","target":{"@type":"EntryPoint","urlTemplate":"https:\/\/www.manabi.gob.ec\/?s={search_term_string}"},"query-input":{"@type":"PropertyValueSpecification","valueRequired":true,"valueName":"search_term_string"}}],"inLanguage":"es"}]}},"_links":{"self":[{"href":"https:\/\/www.manabi.gob.ec\/index.php\/wp-json\/wp\/v2\/pages\/23920","targetHints":{"allow":["GET"]}}],"collection":[{"href":"https:\/\/www.manabi.gob.ec\/index.php\/wp-json\/wp\/v2\/pages"}],"about":[{"href":"https:\/\/www.manabi.gob.ec\/index.php\/wp-json\/wp\/v2\/types\/page"}],"author":[{"embeddable":true,"href":"https:\/\/www.manabi.gob.ec\/index.php\/wp-json\/wp\/v2\/users\/1"}],"replies":[{"embeddable":true,"href":"https:\/\/www.manabi.gob.ec\/index.php\/wp-json\/wp\/v2\/comments?post=23920"}],"version-history":[{"count":9,"href":"https:\/\/www.manabi.gob.ec\/index.php\/wp-json\/wp\/v2\/pages\/23920\/revisions"}],"predecessor-version":[{"id":28567,"href":"https:\/\/www.manabi.gob.ec\/index.php\/wp-json\/wp\/v2\/pages\/23920\/revisions\/28567"}],"wp:attachment":[{"href":"https:\/\/www.manabi.gob.ec\/index.php\/wp-json\/wp\/v2\/media?parent=23920"}],"curies":[{"name":"wp","href":"https:\/\/api.w.org\/{rel}","templated":true}]}}