{"id":26722,"date":"2023-12-13T19:47:15","date_gmt":"2023-12-13T19:47:15","guid":{"rendered":"https:\/\/www.manabi.gob.ec\/?page_id=26722"},"modified":"2023-12-13T20:37:09","modified_gmt":"2023-12-13T20:37:09","slug":"guia-ciudadana-para-el-acceso-a-la-informacion-publica","status":"publish","type":"page","link":"https:\/\/www.manabi.gob.ec\/index.php\/guia-ciudadana-para-el-acceso-a-la-informacion-publica\/","title":{"rendered":"GUIA CIUDADANA PARA EL ACCESO A LA INFORMACI\u00d3N P\u00daBLICA"},"content":{"rendered":"<p>[vc_row][vc_column][vc_column_text][\/vc_column_text][\/vc_column][\/vc_row][vc_row css=\u00bb.vc_custom_1630103050682{background-color: #f4f4f4 !important;}\u00bb][vc_column][vc_empty_space height=\u00bb102px\u00bb][\/vc_column][\/vc_row][vc_row color_skin=\u00bbskin-light\u00bb full_height=\u00bbyes\u00bb equal_height=\u00bbyes\u00bb parallax=\u00bbcontent-moving\u00bb css=\u00bb.vc_custom_1659474191602{background-color: #f4f4f4 !important;background-position: center;background-repeat: no-repeat !important;background-size: cover !important;}\u00bb][vc_column color_skin=\u00bbskin-light\u00bb width=\u00bb1\/4&#8243; css=\u00bb.vc_custom_1629243021998{border-right-width: 2px !important;background-color: #f4f4f4 !important;border-right-color: #cecece !important;border-right-style: solid !important;}\u00bb][gsf_icon_box icon_font=\u00bbfa fa-file-pdf-o\u00bb box_shadow_hover=\u00bb\u00bb link=\u00bburl:https%3A%2F%2Fwww.manabi.gob.ec%2Fwp-content%2Fuploads%2F2021%2F08%2FPDOT_Manabi_2021-2030_Borrador.pdf|||\u00bb icon_size=\u00bbicon-large\u00bb icon_align=\u00bbalign-top-left\u00bb][gsf_heading sub_title=\u00bb\u00bb]<\/p>\r\n\r\n<p>&nbsp;<\/p>\r\n\r\n<h5 class=\"wp-block-heading\">GUIA CIUDADANA PARA EL ACCESO A LA INFORMACI\u00d3N P\u00daBLICA<\/h5>\r\n<p>[\/gsf_heading][gsf_button title=\u00bbDescargar\u00bb link=\u00bburl:https%3A%2F%2Fwww.manabi.gob.ec\/wp-content\/uploads\/2023\/12\/GUIA-CIUDADANA-PARA-EL-ACCESO-A-LA-INFORMACION-PUBLICA_ok2-1.pdf|||\u00bb][\/vc_column][vc_column width=\u00bb3\/4&#8243; css=\u00bb.vc_custom_1622148120192{background-position: center !important;background-repeat: no-repeat !important;background-size: cover !important;}\u00bb offset=\u00bbvc_col-xs-12&#8243;][vc_raw_html el_class=\u00bb\u00bb]JTVCZGZsaXAlMjBpZCUzRCUyMjI2NzI1JTIyJTIwJTVEJTVCJTJGZGZsaXAlNUQ=[\/vc_raw_html][\/vc_column][\/vc_row][vc_row css=\u00bb.vc_custom_1622148209970{background-color: #f4f4f4 !important;}\u00bb][vc_column][vc_empty_space height=\u00bb102px\u00bb][\/vc_column][\/vc_row]<\/p>","protected":false},"excerpt":{"rendered":"<p>[vc_row][vc_column][vc_column_text][\/vc_column_text][\/vc_column][\/vc_row][vc_row css=\u00bb.vc_custom_1630103050682{background-color: #f4f4f4 !important;}\u00bb][vc_column][vc_empty_space height=\u00bb102px\u00bb][\/vc_column][\/vc_row][vc_row color_skin=\u00bbskin-light\u00bb full_height=\u00bbyes\u00bb equal_height=\u00bbyes\u00bb parallax=\u00bbcontent-moving\u00bb css=\u00bb.vc_custom_1659474191602{background-color: #f4f4f4 !important;background-position: center;background-repeat: no-repeat !important;background-size: cover !important;}\u00bb][vc_column color_skin=\u00bbskin-light\u00bb width=\u00bb1\/4&#8243; css=\u00bb.vc_custom_1629243021998{border-right-width: 2px !important;background-color: #f4f4f4 !important;border-right-color: #cecece !important;border-right-style: solid !important;}\u00bb][gsf_icon_box icon_font=\u00bbfa fa-file-pdf-o\u00bb box_shadow_hover=\u00bb\u00bb link=\u00bburl:https%3A%2F%2Fwww.manabi.gob.ec%2Fwp-content%2Fuploads%2F2021%2F08%2FPDOT_Manabi_2021-2030_Borrador.pdf|||\u00bb icon_size=\u00bbicon-large\u00bb icon_align=\u00bbalign-top-left\u00bb][gsf_heading sub_title=\u00bb\u00bb] &nbsp; GUIA CIUDADANA PARA EL ACCESO A LA INFORMACI\u00d3N P\u00daBLICA [\/gsf_heading][gsf_button title=\u00bbDescargar\u00bb link=\u00bburl:https%3A%2F%2Fwww.manabi.gob.ec\/wp-content\/uploads\/2023\/12\/GUIA-CIUDADANA-PARA-EL-ACCESO-A-LA-INFORMACION-PUBLICA_ok2-1.pdf|||\u00bb][\/vc_column][vc_column width=\u00bb3\/4&#8243; css=\u00bb.vc_custom_1622148120192{background-position: center !important;background-repeat: no-repeat !important;background-size: cover [&hellip;]<\/p>\n","protected":false},"author":10,"featured_media":0,"parent":0,"menu_order":0,"comment_status":"closed","ping_status":"closed","template":"","meta":{"_joinchat":[],"footnotes":""},"class_list":["post-26722","page","type-page","status-publish","hentry"],"yoast_head":"<!-- This site is optimized with the Yoast SEO plugin v27.4 - https:\/\/yoast.com\/product\/yoast-seo-wordpress\/ -->\n<title>GUIA CIUDADANA PARA EL ACCESO A LA INFORMACI\u00d3N P\u00daBLICA - Prefectura de Manab\u00ed<\/title>\n<meta name=\"robots\" content=\"index, follow, max-snippet:-1, max-image-preview:large, max-video-preview:-1\" \/>\n<link rel=\"canonical\" href=\"https:\/\/www.manabi.gob.ec\/index.php\/guia-ciudadana-para-el-acceso-a-la-informacion-publica\/\" \/>\n<meta property=\"og:locale\" content=\"es_ES\" \/>\n<meta property=\"og:type\" content=\"article\" \/>\n<meta property=\"og:title\" content=\"GUIA CIUDADANA PARA EL ACCESO A LA INFORMACI\u00d3N P\u00daBLICA - Prefectura de Manab\u00ed\" \/>\n<meta property=\"og:description\" content=\"[vc_row][vc_column][vc_column_text][\/vc_column_text][\/vc_column][\/vc_row][vc_row css=\u00bb.vc_custom_1630103050682{background-color: #f4f4f4 !important;}\u00bb][vc_column][vc_empty_space height=\u00bb102px\u00bb][\/vc_column][\/vc_row][vc_row color_skin=\u00bbskin-light\u00bb full_height=\u00bbyes\u00bb equal_height=\u00bbyes\u00bb parallax=\u00bbcontent-moving\u00bb css=\u00bb.vc_custom_1659474191602{background-color: #f4f4f4 !important;background-position: center;background-repeat: no-repeat !important;background-size: cover !important;}\u00bb][vc_column color_skin=\u00bbskin-light\u00bb width=\u00bb1\/4&#8243; css=\u00bb.vc_custom_1629243021998{border-right-width: 2px !important;background-color: #f4f4f4 !important;border-right-color: #cecece !important;border-right-style: solid !important;}\u00bb][gsf_icon_box icon_font=\u00bbfa fa-file-pdf-o\u00bb box_shadow_hover=\u00bb\u00bb link=\u00bburl:https%3A%2F%2Fwww.manabi.gob.ec%2Fwp-content%2Fuploads%2F2021%2F08%2FPDOT_Manabi_2021-2030_Borrador.pdf|||\u00bb icon_size=\u00bbicon-large\u00bb icon_align=\u00bbalign-top-left\u00bb][gsf_heading sub_title=\u00bb\u00bb] &nbsp; GUIA CIUDADANA PARA EL ACCESO A LA INFORMACI\u00d3N P\u00daBLICA [\/gsf_heading][gsf_button title=\u00bbDescargar\u00bb link=\u00bburl:https%3A%2F%2Fwww.manabi.gob.ec\/wp-content\/uploads\/2023\/12\/GUIA-CIUDADANA-PARA-EL-ACCESO-A-LA-INFORMACION-PUBLICA_ok2-1.pdf|||\u00bb][\/vc_column][vc_column width=\u00bb3\/4&#8243; css=\u00bb.vc_custom_1622148120192{background-position: center !important;background-repeat: no-repeat !important;background-size: cover [&hellip;]\" \/>\n<meta property=\"og:url\" content=\"https:\/\/www.manabi.gob.ec\/index.php\/guia-ciudadana-para-el-acceso-a-la-informacion-publica\/\" \/>\n<meta property=\"og:site_name\" content=\"Prefectura de Manab\u00ed\" \/>\n<meta property=\"article:modified_time\" content=\"2023-12-13T20:37:09+00:00\" \/>\n<meta name=\"twitter:card\" content=\"summary_large_image\" \/>\n<meta name=\"twitter:label1\" content=\"Tiempo de lectura\" \/>\n\t<meta name=\"twitter:data1\" content=\"1 minuto\" \/>\n<script type=\"application\/ld+json\" class=\"yoast-schema-graph\">{\"@context\":\"https:\\\/\\\/schema.org\",\"@graph\":[{\"@type\":\"WebPage\",\"@id\":\"https:\\\/\\\/www.manabi.gob.ec\\\/index.php\\\/guia-ciudadana-para-el-acceso-a-la-informacion-publica\\\/\",\"url\":\"https:\\\/\\\/www.manabi.gob.ec\\\/index.php\\\/guia-ciudadana-para-el-acceso-a-la-informacion-publica\\\/\",\"name\":\"GUIA CIUDADANA PARA EL ACCESO A LA INFORMACI\u00d3N P\u00daBLICA - Prefectura de Manab\u00ed\",\"isPartOf\":{\"@id\":\"https:\\\/\\\/www.manabi.gob.ec\\\/#website\"},\"datePublished\":\"2023-12-13T19:47:15+00:00\",\"dateModified\":\"2023-12-13T20:37:09+00:00\",\"breadcrumb\":{\"@id\":\"https:\\\/\\\/www.manabi.gob.ec\\\/index.php\\\/guia-ciudadana-para-el-acceso-a-la-informacion-publica\\\/#breadcrumb\"},\"inLanguage\":\"es\",\"potentialAction\":[{\"@type\":\"ReadAction\",\"target\":[\"https:\\\/\\\/www.manabi.gob.ec\\\/index.php\\\/guia-ciudadana-para-el-acceso-a-la-informacion-publica\\\/\"]}]},{\"@type\":\"BreadcrumbList\",\"@id\":\"https:\\\/\\\/www.manabi.gob.ec\\\/index.php\\\/guia-ciudadana-para-el-acceso-a-la-informacion-publica\\\/#breadcrumb\",\"itemListElement\":[{\"@type\":\"ListItem\",\"position\":1,\"name\":\"Portada\",\"item\":\"https:\\\/\\\/www.manabi.gob.ec\\\/\"},{\"@type\":\"ListItem\",\"position\":2,\"name\":\"GUIA CIUDADANA PARA EL ACCESO A LA INFORMACI\u00d3N P\u00daBLICA\"}]},{\"@type\":\"WebSite\",\"@id\":\"https:\\\/\\\/www.manabi.gob.ec\\\/#website\",\"url\":\"https:\\\/\\\/www.manabi.gob.ec\\\/\",\"name\":\"Prefectura de Manab\u00ed\",\"description\":\"P\u00e1gina web de la prefectura\",\"potentialAction\":[{\"@type\":\"SearchAction\",\"target\":{\"@type\":\"EntryPoint\",\"urlTemplate\":\"https:\\\/\\\/www.manabi.gob.ec\\\/?s={search_term_string}\"},\"query-input\":{\"@type\":\"PropertyValueSpecification\",\"valueRequired\":true,\"valueName\":\"search_term_string\"}}],\"inLanguage\":\"es\"}]}<\/script>\n<!-- \/ Yoast SEO plugin. -->","yoast_head_json":{"title":"GUIA CIUDADANA PARA EL ACCESO A LA INFORMACI\u00d3N P\u00daBLICA - Prefectura de Manab\u00ed","robots":{"index":"index","follow":"follow","max-snippet":"max-snippet:-1","max-image-preview":"max-image-preview:large","max-video-preview":"max-video-preview:-1"},"canonical":"https:\/\/www.manabi.gob.ec\/index.php\/guia-ciudadana-para-el-acceso-a-la-informacion-publica\/","og_locale":"es_ES","og_type":"article","og_title":"GUIA CIUDADANA PARA EL ACCESO A LA INFORMACI\u00d3N P\u00daBLICA - Prefectura de Manab\u00ed","og_description":"[vc_row][vc_column][vc_column_text][\/vc_column_text][\/vc_column][\/vc_row][vc_row css=\u00bb.vc_custom_1630103050682{background-color: #f4f4f4 !important;}\u00bb][vc_column][vc_empty_space height=\u00bb102px\u00bb][\/vc_column][\/vc_row][vc_row color_skin=\u00bbskin-light\u00bb full_height=\u00bbyes\u00bb equal_height=\u00bbyes\u00bb parallax=\u00bbcontent-moving\u00bb css=\u00bb.vc_custom_1659474191602{background-color: #f4f4f4 !important;background-position: center;background-repeat: no-repeat !important;background-size: cover !important;}\u00bb][vc_column color_skin=\u00bbskin-light\u00bb width=\u00bb1\/4&#8243; css=\u00bb.vc_custom_1629243021998{border-right-width: 2px !important;background-color: #f4f4f4 !important;border-right-color: #cecece !important;border-right-style: solid !important;}\u00bb][gsf_icon_box icon_font=\u00bbfa fa-file-pdf-o\u00bb box_shadow_hover=\u00bb\u00bb link=\u00bburl:https%3A%2F%2Fwww.manabi.gob.ec%2Fwp-content%2Fuploads%2F2021%2F08%2FPDOT_Manabi_2021-2030_Borrador.pdf|||\u00bb icon_size=\u00bbicon-large\u00bb icon_align=\u00bbalign-top-left\u00bb][gsf_heading sub_title=\u00bb\u00bb] &nbsp; GUIA CIUDADANA PARA EL ACCESO A LA INFORMACI\u00d3N P\u00daBLICA [\/gsf_heading][gsf_button title=\u00bbDescargar\u00bb link=\u00bburl:https%3A%2F%2Fwww.manabi.gob.ec\/wp-content\/uploads\/2023\/12\/GUIA-CIUDADANA-PARA-EL-ACCESO-A-LA-INFORMACION-PUBLICA_ok2-1.pdf|||\u00bb][\/vc_column][vc_column width=\u00bb3\/4&#8243; css=\u00bb.vc_custom_1622148120192{background-position: center !important;background-repeat: no-repeat !important;background-size: cover [&hellip;]","og_url":"https:\/\/www.manabi.gob.ec\/index.php\/guia-ciudadana-para-el-acceso-a-la-informacion-publica\/","og_site_name":"Prefectura de Manab\u00ed","article_modified_time":"2023-12-13T20:37:09+00:00","twitter_card":"summary_large_image","twitter_misc":{"Tiempo de lectura":"1 minuto"},"schema":{"@context":"https:\/\/schema.org","@graph":[{"@type":"WebPage","@id":"https:\/\/www.manabi.gob.ec\/index.php\/guia-ciudadana-para-el-acceso-a-la-informacion-publica\/","url":"https:\/\/www.manabi.gob.ec\/index.php\/guia-ciudadana-para-el-acceso-a-la-informacion-publica\/","name":"GUIA CIUDADANA PARA EL ACCESO A LA INFORMACI\u00d3N P\u00daBLICA - Prefectura de Manab\u00ed","isPartOf":{"@id":"https:\/\/www.manabi.gob.ec\/#website"},"datePublished":"2023-12-13T19:47:15+00:00","dateModified":"2023-12-13T20:37:09+00:00","breadcrumb":{"@id":"https:\/\/www.manabi.gob.ec\/index.php\/guia-ciudadana-para-el-acceso-a-la-informacion-publica\/#breadcrumb"},"inLanguage":"es","potentialAction":[{"@type":"ReadAction","target":["https:\/\/www.manabi.gob.ec\/index.php\/guia-ciudadana-para-el-acceso-a-la-informacion-publica\/"]}]},{"@type":"BreadcrumbList","@id":"https:\/\/www.manabi.gob.ec\/index.php\/guia-ciudadana-para-el-acceso-a-la-informacion-publica\/#breadcrumb","itemListElement":[{"@type":"ListItem","position":1,"name":"Portada","item":"https:\/\/www.manabi.gob.ec\/"},{"@type":"ListItem","position":2,"name":"GUIA CIUDADANA PARA EL ACCESO A LA INFORMACI\u00d3N P\u00daBLICA"}]},{"@type":"WebSite","@id":"https:\/\/www.manabi.gob.ec\/#website","url":"https:\/\/www.manabi.gob.ec\/","name":"Prefectura de Manab\u00ed","description":"P\u00e1gina web de la prefectura","potentialAction":[{"@type":"SearchAction","target":{"@type":"EntryPoint","urlTemplate":"https:\/\/www.manabi.gob.ec\/?s={search_term_string}"},"query-input":{"@type":"PropertyValueSpecification","valueRequired":true,"valueName":"search_term_string"}}],"inLanguage":"es"}]}},"_links":{"self":[{"href":"https:\/\/www.manabi.gob.ec\/index.php\/wp-json\/wp\/v2\/pages\/26722","targetHints":{"allow":["GET"]}}],"collection":[{"href":"https:\/\/www.manabi.gob.ec\/index.php\/wp-json\/wp\/v2\/pages"}],"about":[{"href":"https:\/\/www.manabi.gob.ec\/index.php\/wp-json\/wp\/v2\/types\/page"}],"author":[{"embeddable":true,"href":"https:\/\/www.manabi.gob.ec\/index.php\/wp-json\/wp\/v2\/users\/10"}],"replies":[{"embeddable":true,"href":"https:\/\/www.manabi.gob.ec\/index.php\/wp-json\/wp\/v2\/comments?post=26722"}],"version-history":[{"count":10,"href":"https:\/\/www.manabi.gob.ec\/index.php\/wp-json\/wp\/v2\/pages\/26722\/revisions"}],"predecessor-version":[{"id":26744,"href":"https:\/\/www.manabi.gob.ec\/index.php\/wp-json\/wp\/v2\/pages\/26722\/revisions\/26744"}],"wp:attachment":[{"href":"https:\/\/www.manabi.gob.ec\/index.php\/wp-json\/wp\/v2\/media?parent=26722"}],"curies":[{"name":"wp","href":"https:\/\/api.w.org\/{rel}","templated":true}]}}