{"id":27470,"date":"2024-03-18T16:23:29","date_gmt":"2024-03-18T16:23:29","guid":{"rendered":"https:\/\/www.manabi.gob.ec\/?page_id=27470"},"modified":"2024-03-18T17:42:15","modified_gmt":"2024-03-18T17:42:15","slug":"denuncia-de-contaminacion-ambiental","status":"publish","type":"page","link":"https:\/\/www.manabi.gob.ec\/index.php\/denuncia-de-contaminacion-ambiental\/","title":{"rendered":"Denuncia de Contaminaci\u00f3n Ambiental"},"content":{"rendered":"<p>[vc_row parallax=\u00bbcontent-moving\u00bb parallax_image=\u00bb18497&#8243; css=\u00bb.vc_custom_1631025779226{background-color: #303030 !important;}\u00bb][vc_column width=\u00bb1\/4&#8243;][vc_empty_space height=\u00bb70px\u00bb][vc_icon icon_fontawesome=\u00bbfa fa-envelope-open\u00bb color=\u00bbwhite\u00bb align=\u00bbright\u00bb][\/vc_column][vc_column width=\u00bb3\/4&#8243;][vc_empty_space height=\u00bb70px\u00bb][gsf_heading sub_title=\u00bb\u00bb]<span style=\"color: #ffffff;\"><strong class=\"uppercase\">Denuncia de contaminaci\u00f3n ambiental<\/strong><\/span>[\/gsf_heading][vc_empty_space height=\u00bb70px\u00bb][\/vc_column][\/vc_row][vc_row css=\u00bb.vc_custom_1622148209970{background-color: #f4f4f4 !important;}\u00bb][vc_column][vc_empty_space height=\u00bb102px\u00bb][\/vc_column][\/vc_row][vc_row color_skin=\u00bbskin-light\u00bb equal_height=\u00bbyes\u00bb parallax=\u00bbcontent-moving\u00bb css=\u00bb.vc_custom_1622148044878{background-color: #f4f4f4 !important;background-position: center;background-repeat: no-repeat;background-size:cover;}\u00bb][vc_column color_skin=\u00bbskin-light\u00bb width=\u00bb1\/2&#8243; css=\u00bb.vc_custom_1622148157694{background-color: #f4f4f4 !important;}\u00bb][gsf_space desktop=\u00bb0&#8243; tablet=\u00bb70&#8243; tablet_portrait=\u00bb60&#8243; mobile_landscape=\u00bb60&#8243; mobile=\u00bb60&#8243;][vc_column_text]<\/p>\n<div style=\"text-align: left;\">La <strong>Direcci\u00f3n de Ambiente y Riesgos de la Provincia de Manab\u00ed<\/strong>, a trav\u00e9s de su Unidad de <strong>Comisar\u00eda Ambiental<\/strong>, est\u00e1 comprometida con la protecci\u00f3n y preservaci\u00f3n del ambiente de la provincia de Manab\u00ed. Como parte de este compromiso, hemos habilitado este espacio para recibir denuncias por presunta contaminaci\u00f3n ambiental en nuestra jurisdicci\u00f3n provincial.<\/div>\n<p>[\/vc_column_text][gsf_heading sub_title=\u00bb\u00bb local_subtitle=\u00bbsubtitle-bottom\u00bb text_align=\u00bbtext-center\u00bb title=\u00bbCertificates of RubyBuild\u00bb]<\/p>\n<h3 style=\"font-size: 20px;\"><em><strong>Si has sido testigo o tienes conocimiento de actividades que afecten negativamente al ambiente, y que sus pr\u00e1cticas son perjudiciales para el ecosistema, te alentamos a que nos informes.<\/strong><\/em><\/h3>\n<p>[\/gsf_heading][vc_column_text el_class=\u00bb\u00bb]<\/p>\n<div>Nuestra Unidad por intermedio de sus especialistas en materia ambiental son quienes recibir\u00e1n, atender\u00e1n e inspeccionar\u00e1n cada denuncia conforme lo determina la Normativa Ambiental vigente en el \u00e1mbito de nuestras competencias como Autoridad Ambiental Competente Provincial y tomar\u00e1 las medidas necesarias para investigar y abordar a todas las actividades productivas de acuerdo con la normativa ambiental vigente. Mantendremos la confidencialidad de tu informaci\u00f3n personal, si as\u00ed lo requiere.<\/div>\n<div><\/div>\n<div>Juntos, podemos trabajar para proteger y preservar el medio ambiente de nuestra provincia de Manab\u00ed para las generaciones presentes y futuras.<\/div>\n<div><\/div>\n<div>\u00a1Gracias por tu colaboraci\u00f3n!<\/div>\n<p>[\/vc_column_text][vc_column_text el_class=\u00bb\u00bb css=\u00bb.vc_custom_1710783730543{margin-top: 15px !important;}\u00bb]<\/p>\n<div style=\"text-align: center;\"><strong>Para presentar una denuncia, puedes llenar el formulario que se encuentra a continuaci\u00f3n.<\/strong><\/div>\n<p>[\/vc_column_text][gsf_space desktop=\u00bb35&#8243; tablet=\u00bb70&#8243; tablet_portrait=\u00bb60&#8243; mobile_landscape=\u00bb60&#8243; mobile=\u00bb60&#8243;][gsf_button title=\u00bbIr al formulario\u00bb size=\u00bblg\u00bb align=\u00bbcenter\u00bb link=\u00bburl:http%3A%2F%2Fbpm.manabi.gob.ec%2Faflowmin%2Faflow4%2Fcaptcha.jsp%3FP%3D2||target:%20_blank|\u00bb][gsf_space desktop=\u00bb100&#8243; tablet=\u00bb70&#8243; tablet_portrait=\u00bb60&#8243; mobile_landscape=\u00bb60&#8243; mobile=\u00bb60&#8243;][\/vc_column][vc_column width=\u00bb1\/2&#8243; css=\u00bb.vc_custom_1622148120192{background-position: center !important;background-repeat: no-repeat !important;background-size: cover !important;}\u00bb offset=\u00bbvc_col-xs-12&#8243;][vc_single_image image=\u00bb18489&#8243; img_size=\u00bbfull\u00bb css=\u00bb.vc_custom_1655136118137{margin-bottom: 0px !important;padding-bottom: 0px !important;}\u00bb][vc_single_image image=\u00bb21053&#8243; img_size=\u00bbfull\u00bb onclick=\u00bbcustom_link\u00bb img_link_target=\u00bb_blank\u00bb link=\u00bbhttps:\/\/www.youtube.com\/watch?v=DoLVpphsLwA\u00bb css=\u00bb.vc_custom_1655136577296{padding-right: 30px !important;padding-left: 30px !important;}\u00bb][\/vc_column][\/vc_row][vc_row css=\u00bb.vc_custom_1622148209970{background-color: #f4f4f4 !important;}\u00bb][vc_column][vc_empty_space height=\u00bb102px\u00bb][\/vc_column][\/vc_row]<\/p>\n","protected":false},"excerpt":{"rendered":"<p>[vc_row parallax=\u00bbcontent-moving\u00bb parallax_image=\u00bb18497&#8243; css=\u00bb.vc_custom_1631025779226{background-color: #303030 !important;}\u00bb][vc_column width=\u00bb1\/4&#8243;][vc_empty_space height=\u00bb70px\u00bb][vc_icon icon_fontawesome=\u00bbfa fa-envelope-open\u00bb color=\u00bbwhite\u00bb align=\u00bbright\u00bb][\/vc_column][vc_column width=\u00bb3\/4&#8243;][vc_empty_space height=\u00bb70px\u00bb][gsf_heading sub_title=\u00bb\u00bb]Denuncia de contaminaci\u00f3n ambiental[\/gsf_heading][vc_empty_space height=\u00bb70px\u00bb][\/vc_column][\/vc_row][vc_row css=\u00bb.vc_custom_1622148209970{background-color: #f4f4f4 !important;}\u00bb][vc_column][vc_empty_space height=\u00bb102px\u00bb][\/vc_column][\/vc_row][vc_row color_skin=\u00bbskin-light\u00bb equal_height=\u00bbyes\u00bb parallax=\u00bbcontent-moving\u00bb css=\u00bb.vc_custom_1622148044878{background-color: #f4f4f4 !important;background-position: center;background-repeat: no-repeat;background-size:cover;}\u00bb][vc_column color_skin=\u00bbskin-light\u00bb width=\u00bb1\/2&#8243; css=\u00bb.vc_custom_1622148157694{background-color: #f4f4f4 !important;}\u00bb][gsf_space desktop=\u00bb0&#8243; tablet=\u00bb70&#8243; tablet_portrait=\u00bb60&#8243; mobile_landscape=\u00bb60&#8243; mobile=\u00bb60&#8243;][vc_column_text] La Direcci\u00f3n de Ambiente y Riesgos de la Provincia de Manab\u00ed, a trav\u00e9s de [&hellip;]<\/p>\n","protected":false},"author":1,"featured_media":0,"parent":0,"menu_order":0,"comment_status":"closed","ping_status":"closed","template":"","meta":{"_joinchat":[],"footnotes":""},"class_list":["post-27470","page","type-page","status-publish","hentry"],"yoast_head":"<!-- This site is optimized with the Yoast SEO plugin v27.4 - https:\/\/yoast.com\/product\/yoast-seo-wordpress\/ -->\n<title>Denuncia de Contaminaci\u00f3n Ambiental - Prefectura de Manab\u00ed<\/title>\n<meta name=\"robots\" content=\"index, follow, max-snippet:-1, max-image-preview:large, max-video-preview:-1\" \/>\n<link rel=\"canonical\" href=\"https:\/\/www.manabi.gob.ec\/index.php\/denuncia-de-contaminacion-ambiental\/\" \/>\n<meta property=\"og:locale\" content=\"es_ES\" \/>\n<meta property=\"og:type\" content=\"article\" \/>\n<meta property=\"og:title\" content=\"Denuncia de Contaminaci\u00f3n Ambiental - Prefectura de Manab\u00ed\" \/>\n<meta property=\"og:description\" content=\"[vc_row parallax=\u00bbcontent-moving\u00bb parallax_image=\u00bb18497&#8243; css=\u00bb.vc_custom_1631025779226{background-color: #303030 !important;}\u00bb][vc_column width=\u00bb1\/4&#8243;][vc_empty_space height=\u00bb70px\u00bb][vc_icon icon_fontawesome=\u00bbfa fa-envelope-open\u00bb color=\u00bbwhite\u00bb align=\u00bbright\u00bb][\/vc_column][vc_column width=\u00bb3\/4&#8243;][vc_empty_space height=\u00bb70px\u00bb][gsf_heading sub_title=\u00bb\u00bb]Denuncia de contaminaci\u00f3n ambiental[\/gsf_heading][vc_empty_space height=\u00bb70px\u00bb][\/vc_column][\/vc_row][vc_row css=\u00bb.vc_custom_1622148209970{background-color: #f4f4f4 !important;}\u00bb][vc_column][vc_empty_space height=\u00bb102px\u00bb][\/vc_column][\/vc_row][vc_row color_skin=\u00bbskin-light\u00bb equal_height=\u00bbyes\u00bb parallax=\u00bbcontent-moving\u00bb css=\u00bb.vc_custom_1622148044878{background-color: #f4f4f4 !important;background-position: center;background-repeat: no-repeat;background-size:cover;}\u00bb][vc_column color_skin=\u00bbskin-light\u00bb width=\u00bb1\/2&#8243; css=\u00bb.vc_custom_1622148157694{background-color: #f4f4f4 !important;}\u00bb][gsf_space desktop=\u00bb0&#8243; tablet=\u00bb70&#8243; tablet_portrait=\u00bb60&#8243; mobile_landscape=\u00bb60&#8243; mobile=\u00bb60&#8243;][vc_column_text] La Direcci\u00f3n de Ambiente y Riesgos de la Provincia de Manab\u00ed, a trav\u00e9s de [&hellip;]\" \/>\n<meta property=\"og:url\" content=\"https:\/\/www.manabi.gob.ec\/index.php\/denuncia-de-contaminacion-ambiental\/\" \/>\n<meta property=\"og:site_name\" content=\"Prefectura de Manab\u00ed\" \/>\n<meta property=\"article:modified_time\" content=\"2024-03-18T17:42:15+00:00\" \/>\n<meta name=\"twitter:card\" content=\"summary_large_image\" \/>\n<meta name=\"twitter:label1\" content=\"Tiempo de lectura\" \/>\n\t<meta name=\"twitter:data1\" content=\"2 minutos\" \/>\n<script type=\"application\/ld+json\" class=\"yoast-schema-graph\">{\"@context\":\"https:\\\/\\\/schema.org\",\"@graph\":[{\"@type\":\"WebPage\",\"@id\":\"https:\\\/\\\/www.manabi.gob.ec\\\/index.php\\\/denuncia-de-contaminacion-ambiental\\\/\",\"url\":\"https:\\\/\\\/www.manabi.gob.ec\\\/index.php\\\/denuncia-de-contaminacion-ambiental\\\/\",\"name\":\"Denuncia de Contaminaci\u00f3n Ambiental - Prefectura de Manab\u00ed\",\"isPartOf\":{\"@id\":\"https:\\\/\\\/www.manabi.gob.ec\\\/#website\"},\"datePublished\":\"2024-03-18T16:23:29+00:00\",\"dateModified\":\"2024-03-18T17:42:15+00:00\",\"breadcrumb\":{\"@id\":\"https:\\\/\\\/www.manabi.gob.ec\\\/index.php\\\/denuncia-de-contaminacion-ambiental\\\/#breadcrumb\"},\"inLanguage\":\"es\",\"potentialAction\":[{\"@type\":\"ReadAction\",\"target\":[\"https:\\\/\\\/www.manabi.gob.ec\\\/index.php\\\/denuncia-de-contaminacion-ambiental\\\/\"]}]},{\"@type\":\"BreadcrumbList\",\"@id\":\"https:\\\/\\\/www.manabi.gob.ec\\\/index.php\\\/denuncia-de-contaminacion-ambiental\\\/#breadcrumb\",\"itemListElement\":[{\"@type\":\"ListItem\",\"position\":1,\"name\":\"Portada\",\"item\":\"https:\\\/\\\/www.manabi.gob.ec\\\/\"},{\"@type\":\"ListItem\",\"position\":2,\"name\":\"Denuncia de Contaminaci\u00f3n Ambiental\"}]},{\"@type\":\"WebSite\",\"@id\":\"https:\\\/\\\/www.manabi.gob.ec\\\/#website\",\"url\":\"https:\\\/\\\/www.manabi.gob.ec\\\/\",\"name\":\"Prefectura de Manab\u00ed\",\"description\":\"P\u00e1gina web de la prefectura\",\"potentialAction\":[{\"@type\":\"SearchAction\",\"target\":{\"@type\":\"EntryPoint\",\"urlTemplate\":\"https:\\\/\\\/www.manabi.gob.ec\\\/?s={search_term_string}\"},\"query-input\":{\"@type\":\"PropertyValueSpecification\",\"valueRequired\":true,\"valueName\":\"search_term_string\"}}],\"inLanguage\":\"es\"}]}<\/script>\n<!-- \/ Yoast SEO plugin. -->","yoast_head_json":{"title":"Denuncia de Contaminaci\u00f3n Ambiental - Prefectura de Manab\u00ed","robots":{"index":"index","follow":"follow","max-snippet":"max-snippet:-1","max-image-preview":"max-image-preview:large","max-video-preview":"max-video-preview:-1"},"canonical":"https:\/\/www.manabi.gob.ec\/index.php\/denuncia-de-contaminacion-ambiental\/","og_locale":"es_ES","og_type":"article","og_title":"Denuncia de Contaminaci\u00f3n Ambiental - Prefectura de Manab\u00ed","og_description":"[vc_row parallax=\u00bbcontent-moving\u00bb parallax_image=\u00bb18497&#8243; css=\u00bb.vc_custom_1631025779226{background-color: #303030 !important;}\u00bb][vc_column width=\u00bb1\/4&#8243;][vc_empty_space height=\u00bb70px\u00bb][vc_icon icon_fontawesome=\u00bbfa fa-envelope-open\u00bb color=\u00bbwhite\u00bb align=\u00bbright\u00bb][\/vc_column][vc_column width=\u00bb3\/4&#8243;][vc_empty_space height=\u00bb70px\u00bb][gsf_heading sub_title=\u00bb\u00bb]Denuncia de contaminaci\u00f3n ambiental[\/gsf_heading][vc_empty_space height=\u00bb70px\u00bb][\/vc_column][\/vc_row][vc_row css=\u00bb.vc_custom_1622148209970{background-color: #f4f4f4 !important;}\u00bb][vc_column][vc_empty_space height=\u00bb102px\u00bb][\/vc_column][\/vc_row][vc_row color_skin=\u00bbskin-light\u00bb equal_height=\u00bbyes\u00bb parallax=\u00bbcontent-moving\u00bb css=\u00bb.vc_custom_1622148044878{background-color: #f4f4f4 !important;background-position: center;background-repeat: no-repeat;background-size:cover;}\u00bb][vc_column color_skin=\u00bbskin-light\u00bb width=\u00bb1\/2&#8243; css=\u00bb.vc_custom_1622148157694{background-color: #f4f4f4 !important;}\u00bb][gsf_space desktop=\u00bb0&#8243; tablet=\u00bb70&#8243; tablet_portrait=\u00bb60&#8243; mobile_landscape=\u00bb60&#8243; mobile=\u00bb60&#8243;][vc_column_text] La Direcci\u00f3n de Ambiente y Riesgos de la Provincia de Manab\u00ed, a trav\u00e9s de [&hellip;]","og_url":"https:\/\/www.manabi.gob.ec\/index.php\/denuncia-de-contaminacion-ambiental\/","og_site_name":"Prefectura de Manab\u00ed","article_modified_time":"2024-03-18T17:42:15+00:00","twitter_card":"summary_large_image","twitter_misc":{"Tiempo de lectura":"2 minutos"},"schema":{"@context":"https:\/\/schema.org","@graph":[{"@type":"WebPage","@id":"https:\/\/www.manabi.gob.ec\/index.php\/denuncia-de-contaminacion-ambiental\/","url":"https:\/\/www.manabi.gob.ec\/index.php\/denuncia-de-contaminacion-ambiental\/","name":"Denuncia de Contaminaci\u00f3n Ambiental - Prefectura de Manab\u00ed","isPartOf":{"@id":"https:\/\/www.manabi.gob.ec\/#website"},"datePublished":"2024-03-18T16:23:29+00:00","dateModified":"2024-03-18T17:42:15+00:00","breadcrumb":{"@id":"https:\/\/www.manabi.gob.ec\/index.php\/denuncia-de-contaminacion-ambiental\/#breadcrumb"},"inLanguage":"es","potentialAction":[{"@type":"ReadAction","target":["https:\/\/www.manabi.gob.ec\/index.php\/denuncia-de-contaminacion-ambiental\/"]}]},{"@type":"BreadcrumbList","@id":"https:\/\/www.manabi.gob.ec\/index.php\/denuncia-de-contaminacion-ambiental\/#breadcrumb","itemListElement":[{"@type":"ListItem","position":1,"name":"Portada","item":"https:\/\/www.manabi.gob.ec\/"},{"@type":"ListItem","position":2,"name":"Denuncia de Contaminaci\u00f3n Ambiental"}]},{"@type":"WebSite","@id":"https:\/\/www.manabi.gob.ec\/#website","url":"https:\/\/www.manabi.gob.ec\/","name":"Prefectura de Manab\u00ed","description":"P\u00e1gina web de la prefectura","potentialAction":[{"@type":"SearchAction","target":{"@type":"EntryPoint","urlTemplate":"https:\/\/www.manabi.gob.ec\/?s={search_term_string}"},"query-input":{"@type":"PropertyValueSpecification","valueRequired":true,"valueName":"search_term_string"}}],"inLanguage":"es"}]}},"_links":{"self":[{"href":"https:\/\/www.manabi.gob.ec\/index.php\/wp-json\/wp\/v2\/pages\/27470","targetHints":{"allow":["GET"]}}],"collection":[{"href":"https:\/\/www.manabi.gob.ec\/index.php\/wp-json\/wp\/v2\/pages"}],"about":[{"href":"https:\/\/www.manabi.gob.ec\/index.php\/wp-json\/wp\/v2\/types\/page"}],"author":[{"embeddable":true,"href":"https:\/\/www.manabi.gob.ec\/index.php\/wp-json\/wp\/v2\/users\/1"}],"replies":[{"embeddable":true,"href":"https:\/\/www.manabi.gob.ec\/index.php\/wp-json\/wp\/v2\/comments?post=27470"}],"version-history":[{"count":10,"href":"https:\/\/www.manabi.gob.ec\/index.php\/wp-json\/wp\/v2\/pages\/27470\/revisions"}],"predecessor-version":[{"id":27486,"href":"https:\/\/www.manabi.gob.ec\/index.php\/wp-json\/wp\/v2\/pages\/27470\/revisions\/27486"}],"wp:attachment":[{"href":"https:\/\/www.manabi.gob.ec\/index.php\/wp-json\/wp\/v2\/media?parent=27470"}],"curies":[{"name":"wp","href":"https:\/\/api.w.org\/{rel}","templated":true}]}}