{"id":29694,"date":"2024-12-31T14:21:34","date_gmt":"2024-12-31T14:21:34","guid":{"rendered":"https:\/\/www.manabi.gob.ec\/?page_id=29694"},"modified":"2025-10-20T20:55:48","modified_gmt":"2025-10-20T20:55:48","slug":"buzon-de-quejas","status":"publish","type":"page","link":"https:\/\/www.manabi.gob.ec\/index.php\/buzon-de-quejas\/","title":{"rendered":"Buz\u00f3n de quejas"},"content":{"rendered":"<p>[vc_row parallax=\u00bbcontent-moving\u00bb parallax_image=\u00bb18497&#8243; css=\u00bb.vc_custom_1631025779226{background-color: #303030 !important;}\u00bb][vc_column width=\u00bb1\/4&#8243;][vc_empty_space height=\u00bb70px\u00bb][vc_icon icon_fontawesome=\u00bbfa fa-envelope-open\u00bb color=\u00bbwhite\u00bb align=\u00bbright\u00bb][\/vc_column][vc_column width=\u00bb3\/4&#8243;][vc_empty_space height=\u00bb70px\u00bb][gsf_heading sub_title=\u00bb\u00bb]<span style=\"color: #ffffff;\"><strong class=\"uppercase\">Buz\u00f3n de Quejas<\/strong><\/span>[\/gsf_heading][vc_empty_space height=\u00bb70px\u00bb][\/vc_column][\/vc_row][vc_row css=\u00bb.vc_custom_1622148209970{background-color: #f4f4f4 !important;}\u00bb][vc_column][vc_empty_space height=\u00bb102px\u00bb][\/vc_column][\/vc_row][vc_row color_skin=\u00bbskin-light\u00bb equal_height=\u00bbyes\u00bb parallax=\u00bbcontent-moving\u00bb css=\u00bb.vc_custom_1622148044878{background-color: #f4f4f4 !important;background-position: center;background-repeat: no-repeat;background-size:cover;}\u00bb][vc_column color_skin=\u00bbskin-light\u00bb width=\u00bb1\/2&#8243; css=\u00bb.vc_custom_1622148157694{background-color: #f4f4f4 !important;}\u00bb][gsf_space desktop=\u00bb50&#8243; tablet=\u00bb70&#8243; tablet_portrait=\u00bb60&#8243; mobile_landscape=\u00bb60&#8243; mobile=\u00bb60&#8243;][vc_column_text]<\/p>\n<p style=\"text-align: center; font-size: 20px;\">Atender requerimientos de los ciudadanos sobre requisitos, solicitudes, an\u00e1lisis y tratamiento de las preguntas, quejas, sugerencias, pedidos de informaci\u00f3n y felicitaciones \u201cPQSIF\u201d a trav\u00e9s de diferentes canales de Atenci\u00f3n al Ciudadano e informar sobre el estado del tr\u00e1mite de las solicitudes ingresadas y entregar la informaci\u00f3n solicitada.<\/p>\n<p>[\/vc_column_text][gsf_space desktop=\u00bb35&#8243; tablet=\u00bb70&#8243; tablet_portrait=\u00bb60&#8243; mobile_landscape=\u00bb60&#8243; mobile=\u00bb60&#8243;][gsf_button title=\u00bbIr al formulario\u00bb size=\u00bblg\u00bb align=\u00bbcenter\u00bb el_class=\u00bb\u00bb link=\u00bburl:https%3A%2F%2Fbpm.manabi.gob.ec%2Faflowmin%2Faflow4%2Fcaptcha.jsp%3FP%3D2||target:%20_blank|\u00bb][gsf_space desktop=\u00bb100&#8243; tablet=\u00bb70&#8243; tablet_portrait=\u00bb60&#8243; mobile_landscape=\u00bb60&#8243; mobile=\u00bb60&#8243;][\/vc_column][vc_column width=\u00bb1\/2&#8243; css=\u00bb.vc_custom_1622148120192{background-position: center !important;background-repeat: no-repeat !important;background-size: cover !important;}\u00bb offset=\u00bbvc_col-xs-12&#8243;][vc_single_image image=\u00bb29699&#8243; img_size=\u00bbfull\u00bb css=\u00bb.vc_custom_1735655376501{margin-bottom: 0px !important;padding-bottom: 0px !important;}\u00bb][\/vc_column][\/vc_row][vc_row css=\u00bb.vc_custom_1622148209970{background-color: #f4f4f4 !important;}\u00bb][vc_column][vc_video link=\u00bbhttps:\/\/youtu.be\/lqfrMCObDKA?si=pv9PMaGsnsWpSE-c\u00bb][vc_empty_space height=\u00bb102px\u00bb][\/vc_column][\/vc_row]<\/p>\n","protected":false},"excerpt":{"rendered":"<p>[vc_row parallax=\u00bbcontent-moving\u00bb parallax_image=\u00bb18497&#8243; css=\u00bb.vc_custom_1631025779226{background-color: #303030 !important;}\u00bb][vc_column width=\u00bb1\/4&#8243;][vc_empty_space height=\u00bb70px\u00bb][vc_icon icon_fontawesome=\u00bbfa fa-envelope-open\u00bb color=\u00bbwhite\u00bb align=\u00bbright\u00bb][\/vc_column][vc_column width=\u00bb3\/4&#8243;][vc_empty_space height=\u00bb70px\u00bb][gsf_heading sub_title=\u00bb\u00bb]Buz\u00f3n de Quejas[\/gsf_heading][vc_empty_space height=\u00bb70px\u00bb][\/vc_column][\/vc_row][vc_row css=\u00bb.vc_custom_1622148209970{background-color: #f4f4f4 !important;}\u00bb][vc_column][vc_empty_space height=\u00bb102px\u00bb][\/vc_column][\/vc_row][vc_row color_skin=\u00bbskin-light\u00bb equal_height=\u00bbyes\u00bb parallax=\u00bbcontent-moving\u00bb css=\u00bb.vc_custom_1622148044878{background-color: #f4f4f4 !important;background-position: center;background-repeat: no-repeat;background-size:cover;}\u00bb][vc_column color_skin=\u00bbskin-light\u00bb width=\u00bb1\/2&#8243; css=\u00bb.vc_custom_1622148157694{background-color: #f4f4f4 !important;}\u00bb][gsf_space desktop=\u00bb50&#8243; tablet=\u00bb70&#8243; tablet_portrait=\u00bb60&#8243; mobile_landscape=\u00bb60&#8243; mobile=\u00bb60&#8243;][vc_column_text] Atender requerimientos de los ciudadanos sobre requisitos, solicitudes, an\u00e1lisis y tratamiento de las preguntas, quejas, [&hellip;]<\/p>\n","protected":false},"author":1,"featured_media":0,"parent":0,"menu_order":0,"comment_status":"closed","ping_status":"closed","template":"","meta":{"_joinchat":[],"footnotes":""},"class_list":["post-29694","page","type-page","status-publish","hentry"],"yoast_head":"<!-- This site is optimized with the Yoast SEO plugin v27.4 - https:\/\/yoast.com\/product\/yoast-seo-wordpress\/ -->\n<title>Buz\u00f3n de quejas - Prefectura de Manab\u00ed<\/title>\n<meta name=\"robots\" content=\"index, follow, max-snippet:-1, max-image-preview:large, max-video-preview:-1\" \/>\n<link rel=\"canonical\" href=\"https:\/\/www.manabi.gob.ec\/index.php\/buzon-de-quejas\/\" \/>\n<meta property=\"og:locale\" content=\"es_ES\" \/>\n<meta property=\"og:type\" content=\"article\" \/>\n<meta property=\"og:title\" content=\"Buz\u00f3n de quejas - Prefectura de Manab\u00ed\" \/>\n<meta property=\"og:description\" content=\"[vc_row parallax=\u00bbcontent-moving\u00bb parallax_image=\u00bb18497&#8243; css=\u00bb.vc_custom_1631025779226{background-color: #303030 !important;}\u00bb][vc_column width=\u00bb1\/4&#8243;][vc_empty_space height=\u00bb70px\u00bb][vc_icon icon_fontawesome=\u00bbfa fa-envelope-open\u00bb color=\u00bbwhite\u00bb align=\u00bbright\u00bb][\/vc_column][vc_column width=\u00bb3\/4&#8243;][vc_empty_space height=\u00bb70px\u00bb][gsf_heading sub_title=\u00bb\u00bb]Buz\u00f3n de Quejas[\/gsf_heading][vc_empty_space height=\u00bb70px\u00bb][\/vc_column][\/vc_row][vc_row css=\u00bb.vc_custom_1622148209970{background-color: #f4f4f4 !important;}\u00bb][vc_column][vc_empty_space height=\u00bb102px\u00bb][\/vc_column][\/vc_row][vc_row color_skin=\u00bbskin-light\u00bb equal_height=\u00bbyes\u00bb parallax=\u00bbcontent-moving\u00bb css=\u00bb.vc_custom_1622148044878{background-color: #f4f4f4 !important;background-position: center;background-repeat: no-repeat;background-size:cover;}\u00bb][vc_column color_skin=\u00bbskin-light\u00bb width=\u00bb1\/2&#8243; css=\u00bb.vc_custom_1622148157694{background-color: #f4f4f4 !important;}\u00bb][gsf_space desktop=\u00bb50&#8243; tablet=\u00bb70&#8243; tablet_portrait=\u00bb60&#8243; mobile_landscape=\u00bb60&#8243; mobile=\u00bb60&#8243;][vc_column_text] Atender requerimientos de los ciudadanos sobre requisitos, solicitudes, an\u00e1lisis y tratamiento de las preguntas, quejas, [&hellip;]\" \/>\n<meta property=\"og:url\" content=\"https:\/\/www.manabi.gob.ec\/index.php\/buzon-de-quejas\/\" \/>\n<meta property=\"og:site_name\" content=\"Prefectura de Manab\u00ed\" \/>\n<meta property=\"article:modified_time\" content=\"2025-10-20T20:55:48+00:00\" \/>\n<meta name=\"twitter:card\" content=\"summary_large_image\" \/>\n<meta name=\"twitter:label1\" content=\"Tiempo de lectura\" \/>\n\t<meta name=\"twitter:data1\" content=\"1 minuto\" \/>\n<script type=\"application\/ld+json\" class=\"yoast-schema-graph\">{\"@context\":\"https:\\\/\\\/schema.org\",\"@graph\":[{\"@type\":\"WebPage\",\"@id\":\"https:\\\/\\\/www.manabi.gob.ec\\\/index.php\\\/buzon-de-quejas\\\/\",\"url\":\"https:\\\/\\\/www.manabi.gob.ec\\\/index.php\\\/buzon-de-quejas\\\/\",\"name\":\"Buz\u00f3n de quejas - Prefectura de Manab\u00ed\",\"isPartOf\":{\"@id\":\"https:\\\/\\\/www.manabi.gob.ec\\\/#website\"},\"datePublished\":\"2024-12-31T14:21:34+00:00\",\"dateModified\":\"2025-10-20T20:55:48+00:00\",\"breadcrumb\":{\"@id\":\"https:\\\/\\\/www.manabi.gob.ec\\\/index.php\\\/buzon-de-quejas\\\/#breadcrumb\"},\"inLanguage\":\"es\",\"potentialAction\":[{\"@type\":\"ReadAction\",\"target\":[\"https:\\\/\\\/www.manabi.gob.ec\\\/index.php\\\/buzon-de-quejas\\\/\"]}]},{\"@type\":\"BreadcrumbList\",\"@id\":\"https:\\\/\\\/www.manabi.gob.ec\\\/index.php\\\/buzon-de-quejas\\\/#breadcrumb\",\"itemListElement\":[{\"@type\":\"ListItem\",\"position\":1,\"name\":\"Portada\",\"item\":\"https:\\\/\\\/www.manabi.gob.ec\\\/\"},{\"@type\":\"ListItem\",\"position\":2,\"name\":\"Buz\u00f3n de quejas\"}]},{\"@type\":\"WebSite\",\"@id\":\"https:\\\/\\\/www.manabi.gob.ec\\\/#website\",\"url\":\"https:\\\/\\\/www.manabi.gob.ec\\\/\",\"name\":\"Prefectura de Manab\u00ed\",\"description\":\"P\u00e1gina web de la prefectura\",\"potentialAction\":[{\"@type\":\"SearchAction\",\"target\":{\"@type\":\"EntryPoint\",\"urlTemplate\":\"https:\\\/\\\/www.manabi.gob.ec\\\/?s={search_term_string}\"},\"query-input\":{\"@type\":\"PropertyValueSpecification\",\"valueRequired\":true,\"valueName\":\"search_term_string\"}}],\"inLanguage\":\"es\"}]}<\/script>\n<!-- \/ Yoast SEO plugin. -->","yoast_head_json":{"title":"Buz\u00f3n de quejas - Prefectura de Manab\u00ed","robots":{"index":"index","follow":"follow","max-snippet":"max-snippet:-1","max-image-preview":"max-image-preview:large","max-video-preview":"max-video-preview:-1"},"canonical":"https:\/\/www.manabi.gob.ec\/index.php\/buzon-de-quejas\/","og_locale":"es_ES","og_type":"article","og_title":"Buz\u00f3n de quejas - Prefectura de Manab\u00ed","og_description":"[vc_row parallax=\u00bbcontent-moving\u00bb parallax_image=\u00bb18497&#8243; css=\u00bb.vc_custom_1631025779226{background-color: #303030 !important;}\u00bb][vc_column width=\u00bb1\/4&#8243;][vc_empty_space height=\u00bb70px\u00bb][vc_icon icon_fontawesome=\u00bbfa fa-envelope-open\u00bb color=\u00bbwhite\u00bb align=\u00bbright\u00bb][\/vc_column][vc_column width=\u00bb3\/4&#8243;][vc_empty_space height=\u00bb70px\u00bb][gsf_heading sub_title=\u00bb\u00bb]Buz\u00f3n de Quejas[\/gsf_heading][vc_empty_space height=\u00bb70px\u00bb][\/vc_column][\/vc_row][vc_row css=\u00bb.vc_custom_1622148209970{background-color: #f4f4f4 !important;}\u00bb][vc_column][vc_empty_space height=\u00bb102px\u00bb][\/vc_column][\/vc_row][vc_row color_skin=\u00bbskin-light\u00bb equal_height=\u00bbyes\u00bb parallax=\u00bbcontent-moving\u00bb css=\u00bb.vc_custom_1622148044878{background-color: #f4f4f4 !important;background-position: center;background-repeat: no-repeat;background-size:cover;}\u00bb][vc_column color_skin=\u00bbskin-light\u00bb width=\u00bb1\/2&#8243; css=\u00bb.vc_custom_1622148157694{background-color: #f4f4f4 !important;}\u00bb][gsf_space desktop=\u00bb50&#8243; tablet=\u00bb70&#8243; tablet_portrait=\u00bb60&#8243; mobile_landscape=\u00bb60&#8243; mobile=\u00bb60&#8243;][vc_column_text] Atender requerimientos de los ciudadanos sobre requisitos, solicitudes, an\u00e1lisis y tratamiento de las preguntas, quejas, [&hellip;]","og_url":"https:\/\/www.manabi.gob.ec\/index.php\/buzon-de-quejas\/","og_site_name":"Prefectura de Manab\u00ed","article_modified_time":"2025-10-20T20:55:48+00:00","twitter_card":"summary_large_image","twitter_misc":{"Tiempo de lectura":"1 minuto"},"schema":{"@context":"https:\/\/schema.org","@graph":[{"@type":"WebPage","@id":"https:\/\/www.manabi.gob.ec\/index.php\/buzon-de-quejas\/","url":"https:\/\/www.manabi.gob.ec\/index.php\/buzon-de-quejas\/","name":"Buz\u00f3n de quejas - Prefectura de Manab\u00ed","isPartOf":{"@id":"https:\/\/www.manabi.gob.ec\/#website"},"datePublished":"2024-12-31T14:21:34+00:00","dateModified":"2025-10-20T20:55:48+00:00","breadcrumb":{"@id":"https:\/\/www.manabi.gob.ec\/index.php\/buzon-de-quejas\/#breadcrumb"},"inLanguage":"es","potentialAction":[{"@type":"ReadAction","target":["https:\/\/www.manabi.gob.ec\/index.php\/buzon-de-quejas\/"]}]},{"@type":"BreadcrumbList","@id":"https:\/\/www.manabi.gob.ec\/index.php\/buzon-de-quejas\/#breadcrumb","itemListElement":[{"@type":"ListItem","position":1,"name":"Portada","item":"https:\/\/www.manabi.gob.ec\/"},{"@type":"ListItem","position":2,"name":"Buz\u00f3n de quejas"}]},{"@type":"WebSite","@id":"https:\/\/www.manabi.gob.ec\/#website","url":"https:\/\/www.manabi.gob.ec\/","name":"Prefectura de Manab\u00ed","description":"P\u00e1gina web de la prefectura","potentialAction":[{"@type":"SearchAction","target":{"@type":"EntryPoint","urlTemplate":"https:\/\/www.manabi.gob.ec\/?s={search_term_string}"},"query-input":{"@type":"PropertyValueSpecification","valueRequired":true,"valueName":"search_term_string"}}],"inLanguage":"es"}]}},"_links":{"self":[{"href":"https:\/\/www.manabi.gob.ec\/index.php\/wp-json\/wp\/v2\/pages\/29694","targetHints":{"allow":["GET"]}}],"collection":[{"href":"https:\/\/www.manabi.gob.ec\/index.php\/wp-json\/wp\/v2\/pages"}],"about":[{"href":"https:\/\/www.manabi.gob.ec\/index.php\/wp-json\/wp\/v2\/types\/page"}],"author":[{"embeddable":true,"href":"https:\/\/www.manabi.gob.ec\/index.php\/wp-json\/wp\/v2\/users\/1"}],"replies":[{"embeddable":true,"href":"https:\/\/www.manabi.gob.ec\/index.php\/wp-json\/wp\/v2\/comments?post=29694"}],"version-history":[{"count":8,"href":"https:\/\/www.manabi.gob.ec\/index.php\/wp-json\/wp\/v2\/pages\/29694\/revisions"}],"predecessor-version":[{"id":32100,"href":"https:\/\/www.manabi.gob.ec\/index.php\/wp-json\/wp\/v2\/pages\/29694\/revisions\/32100"}],"wp:attachment":[{"href":"https:\/\/www.manabi.gob.ec\/index.php\/wp-json\/wp\/v2\/media?parent=29694"}],"curies":[{"name":"wp","href":"https:\/\/api.w.org\/{rel}","templated":true}]}}