{"id":32672,"date":"2026-01-16T15:07:12","date_gmt":"2026-01-16T15:07:12","guid":{"rendered":"https:\/\/www.manabi.gob.ec\/?page_id=32672"},"modified":"2026-01-16T15:24:20","modified_gmt":"2026-01-16T15:24:20","slug":"rendicion-de-cuentas-2024-fase-3","status":"publish","type":"page","link":"https:\/\/www.manabi.gob.ec\/index.php\/rendicion-de-cuentas-2024-fase-3\/","title":{"rendered":"Rendici\u00f3n de Cuentas 2024 &#8211; Fase 3"},"content":{"rendered":"<p>[vc_row gap=\u00bb25&#8243; css=\u00bb.vc_custom_1621009670807{border-left-width: 2px !important;border-left-color: #cecece !important;border-left-style: solid !important;}\u00bb][vc_column][gsf_space desktop=\u00bb90&#8243; tablet=\u00bb70&#8243; tablet_portrait=\u00bb60&#8243; mobile_landscape=\u00bb50&#8243; mobile=\u00bb40&#8243;][vc_column_text]<\/p>\n<h5>Documentos<\/h5>\n<p>[\/vc_column_text][gsf_call_to_action title=\u00bbDescargar documento\u00bb style=\u00bb3d\u00bb size=\u00bbxs\u00bb link=\u00bburl:https%3A%2F%2Fwww.manabi.gob.ec%2Fwp-content%2Fuploads%2F2026%2F01%2FActa-de-las-sugerencias-2024.pdf||target:%20_blank|\u00bb css=\u00bb.vc_custom_1768576109673{margin-bottom: 20px !important;}\u00bb]<span style=\"color: #333300;\"><strong><a style=\"color: #333300;\">0. Acta de las sugerencias 2024<\/a><\/strong><\/span>[\/gsf_call_to_action][gsf_call_to_action title=\u00bbDescargar documento\u00bb style=\u00bb3d\u00bb size=\u00bbxs\u00bb link=\u00bburl:https%3A%2F%2Fwww.manabi.gob.ec%2Fwp-content%2Fuploads%2F2026%2F01%2FOficio-de-entrega-de-documentos-aprobados.pdf||target:%20_blank|\u00bb css=\u00bb.vc_custom_1768576301057{margin-bottom: 20px !important;}\u00bb]<\/p>\n<ol>\n<li><span style=\"color: #333300;\"><strong><a style=\"color: #333300;\">Oficio de entrega de documentos aprobados<br \/>\n<\/a><\/strong><\/span><\/li>\n<\/ol>\n<p>[\/gsf_call_to_action][gsf_call_to_action title=\u00bbDescargar documento\u00bb style=\u00bb3d\u00bb size=\u00bbxs\u00bb link=\u00bburl:https%3A%2F%2Fwww.manabi.gob.ec%2Fwp-content%2Fuploads%2F2026%2F01%2FRENDICION-2024-1-1.pdf||target:%20_blank|\u00bb css=\u00bb.vc_custom_1768576328492{margin-bottom: 20px !important;}\u00bb]<span style=\"color: #333300;\"><strong><a style=\"color: #333300;\">2. RENDICION-2024-1<\/a><\/strong><\/span>[\/gsf_call_to_action][gsf_call_to_action title=\u00bbDescargar documento\u00bb style=\u00bb3d\u00bb size=\u00bbxs\u00bb link=\u00bburl:https%3A%2F%2Fwww.manabi.gob.ec%2Fwp-content%2Fuploads%2F2026%2F01%2FRespuestas-ciudadanas.pdf||target:%20_blank|\u00bb css=\u00bb.vc_custom_1768576357967{margin-bottom: 20px !important;}\u00bb]<span style=\"color: #333300;\"><strong><a style=\"color: #333300;\">3. Respuestas ciudadanas<\/a><\/strong><\/span>[\/gsf_call_to_action][gsf_call_to_action title=\u00bbDescargar documento\u00bb style=\u00bb3d\u00bb size=\u00bbxs\u00bb link=\u00bburl:https%3A%2F%2Fwww.manabi.gob.ec%2Fwp-content%2Fuploads%2F2026%2F01%2FRDC2024.jpeg||target:%20_blank|\u00bb css=\u00bb.vc_custom_1768576393887{margin-bottom: 20px !important;}\u00bb]<span style=\"color: #333300;\"><strong><a style=\"color: #333300;\">3. Invitaci\u00f3n<\/a><\/strong><\/span>[\/gsf_call_to_action][gsf_call_to_action title=\u00bbDescargar documento\u00bb style=\u00bb3d\u00bb size=\u00bbxs\u00bb el_class=\u00bb\u00bb link=\u00bburl:https%3A%2F%2Fwww.manabi.gob.ec%2Fwp-content%2Fuploads%2F2026%2F01%2FActa-de-reunion-de-revision-de-informacion-del-informe-de-rendicion-de-cuentas-signed-signed-signed-signed.pdf||target:%20_blank|\u00bb css=\u00bb.vc_custom_1768577056838{margin-bottom: 20px !important;}\u00bb]<span style=\"color: #333300;\"><strong><a style=\"color: #333300;\">3. Acta de reuni\u00f3n de revisi\u00f3n de informaci\u00f3n del informe de rendici\u00f3n de cuentas<\/a><\/strong><\/span>[\/gsf_call_to_action][\/vc_column][\/vc_row]<\/p>\n","protected":false},"excerpt":{"rendered":"<p>[vc_row gap=\u00bb25&#8243; css=\u00bb.vc_custom_1621009670807{border-left-width: 2px !important;border-left-color: #cecece !important;border-left-style: solid !important;}\u00bb][vc_column][gsf_space desktop=\u00bb90&#8243; tablet=\u00bb70&#8243; tablet_portrait=\u00bb60&#8243; mobile_landscape=\u00bb50&#8243; mobile=\u00bb40&#8243;][vc_column_text] Documentos [\/vc_column_text][gsf_call_to_action title=\u00bbDescargar documento\u00bb style=\u00bb3d\u00bb size=\u00bbxs\u00bb link=\u00bburl:https%3A%2F%2Fwww.manabi.gob.ec%2Fwp-content%2Fuploads%2F2026%2F01%2FActa-de-las-sugerencias-2024.pdf||target:%20_blank|\u00bb css=\u00bb.vc_custom_1768576109673{margin-bottom: 20px !important;}\u00bb]0. Acta de las sugerencias 2024[\/gsf_call_to_action][gsf_call_to_action title=\u00bbDescargar documento\u00bb style=\u00bb3d\u00bb size=\u00bbxs\u00bb link=\u00bburl:https%3A%2F%2Fwww.manabi.gob.ec%2Fwp-content%2Fuploads%2F2026%2F01%2FOficio-de-entrega-de-documentos-aprobados.pdf||target:%20_blank|\u00bb css=\u00bb.vc_custom_1768576301057{margin-bottom: 20px !important;}\u00bb] Oficio de entrega de documentos aprobados [\/gsf_call_to_action][gsf_call_to_action title=\u00bbDescargar documento\u00bb style=\u00bb3d\u00bb size=\u00bbxs\u00bb link=\u00bburl:https%3A%2F%2Fwww.manabi.gob.ec%2Fwp-content%2Fuploads%2F2026%2F01%2FRENDICION-2024-1-1.pdf||target:%20_blank|\u00bb css=\u00bb.vc_custom_1768576328492{margin-bottom: 20px !important;}\u00bb]2. RENDICION-2024-1[\/gsf_call_to_action][gsf_call_to_action title=\u00bbDescargar documento\u00bb [&hellip;]<\/p>\n","protected":false},"author":1,"featured_media":0,"parent":0,"menu_order":0,"comment_status":"closed","ping_status":"closed","template":"","meta":{"_joinchat":[],"footnotes":""},"class_list":["post-32672","page","type-page","status-publish","hentry"],"yoast_head":"<!-- This site is optimized with the Yoast SEO plugin v27.4 - https:\/\/yoast.com\/product\/yoast-seo-wordpress\/ -->\n<title>Rendici\u00f3n de Cuentas 2024 - Fase 3 - Prefectura de Manab\u00ed<\/title>\n<meta name=\"robots\" content=\"index, follow, max-snippet:-1, max-image-preview:large, max-video-preview:-1\" \/>\n<link rel=\"canonical\" href=\"https:\/\/www.manabi.gob.ec\/index.php\/rendicion-de-cuentas-2024-fase-3\/\" \/>\n<meta property=\"og:locale\" content=\"es_ES\" \/>\n<meta property=\"og:type\" content=\"article\" \/>\n<meta property=\"og:title\" content=\"Rendici\u00f3n de Cuentas 2024 - Fase 3 - Prefectura de Manab\u00ed\" \/>\n<meta property=\"og:description\" content=\"[vc_row gap=\u00bb25&#8243; css=\u00bb.vc_custom_1621009670807{border-left-width: 2px !important;border-left-color: #cecece !important;border-left-style: solid !important;}\u00bb][vc_column][gsf_space desktop=\u00bb90&#8243; tablet=\u00bb70&#8243; tablet_portrait=\u00bb60&#8243; mobile_landscape=\u00bb50&#8243; mobile=\u00bb40&#8243;][vc_column_text] Documentos [\/vc_column_text][gsf_call_to_action title=\u00bbDescargar documento\u00bb style=\u00bb3d\u00bb size=\u00bbxs\u00bb link=\u00bburl:https%3A%2F%2Fwww.manabi.gob.ec%2Fwp-content%2Fuploads%2F2026%2F01%2FActa-de-las-sugerencias-2024.pdf||target:%20_blank|\u00bb css=\u00bb.vc_custom_1768576109673{margin-bottom: 20px !important;}\u00bb]0. Acta de las sugerencias 2024[\/gsf_call_to_action][gsf_call_to_action title=\u00bbDescargar documento\u00bb style=\u00bb3d\u00bb size=\u00bbxs\u00bb link=\u00bburl:https%3A%2F%2Fwww.manabi.gob.ec%2Fwp-content%2Fuploads%2F2026%2F01%2FOficio-de-entrega-de-documentos-aprobados.pdf||target:%20_blank|\u00bb css=\u00bb.vc_custom_1768576301057{margin-bottom: 20px !important;}\u00bb] Oficio de entrega de documentos aprobados [\/gsf_call_to_action][gsf_call_to_action title=\u00bbDescargar documento\u00bb style=\u00bb3d\u00bb size=\u00bbxs\u00bb link=\u00bburl:https%3A%2F%2Fwww.manabi.gob.ec%2Fwp-content%2Fuploads%2F2026%2F01%2FRENDICION-2024-1-1.pdf||target:%20_blank|\u00bb css=\u00bb.vc_custom_1768576328492{margin-bottom: 20px !important;}\u00bb]2. RENDICION-2024-1[\/gsf_call_to_action][gsf_call_to_action title=\u00bbDescargar documento\u00bb [&hellip;]\" \/>\n<meta property=\"og:url\" content=\"https:\/\/www.manabi.gob.ec\/index.php\/rendicion-de-cuentas-2024-fase-3\/\" \/>\n<meta property=\"og:site_name\" content=\"Prefectura de Manab\u00ed\" \/>\n<meta property=\"article:modified_time\" content=\"2026-01-16T15:24:20+00:00\" \/>\n<meta name=\"twitter:card\" content=\"summary_large_image\" \/>\n<meta name=\"twitter:label1\" content=\"Tiempo de lectura\" \/>\n\t<meta name=\"twitter:data1\" content=\"1 minuto\" \/>\n<script type=\"application\/ld+json\" class=\"yoast-schema-graph\">{\"@context\":\"https:\\\/\\\/schema.org\",\"@graph\":[{\"@type\":\"WebPage\",\"@id\":\"https:\\\/\\\/www.manabi.gob.ec\\\/index.php\\\/rendicion-de-cuentas-2024-fase-3\\\/\",\"url\":\"https:\\\/\\\/www.manabi.gob.ec\\\/index.php\\\/rendicion-de-cuentas-2024-fase-3\\\/\",\"name\":\"Rendici\u00f3n de Cuentas 2024 - Fase 3 - Prefectura de Manab\u00ed\",\"isPartOf\":{\"@id\":\"https:\\\/\\\/www.manabi.gob.ec\\\/#website\"},\"datePublished\":\"2026-01-16T15:07:12+00:00\",\"dateModified\":\"2026-01-16T15:24:20+00:00\",\"breadcrumb\":{\"@id\":\"https:\\\/\\\/www.manabi.gob.ec\\\/index.php\\\/rendicion-de-cuentas-2024-fase-3\\\/#breadcrumb\"},\"inLanguage\":\"es\",\"potentialAction\":[{\"@type\":\"ReadAction\",\"target\":[\"https:\\\/\\\/www.manabi.gob.ec\\\/index.php\\\/rendicion-de-cuentas-2024-fase-3\\\/\"]}]},{\"@type\":\"BreadcrumbList\",\"@id\":\"https:\\\/\\\/www.manabi.gob.ec\\\/index.php\\\/rendicion-de-cuentas-2024-fase-3\\\/#breadcrumb\",\"itemListElement\":[{\"@type\":\"ListItem\",\"position\":1,\"name\":\"Portada\",\"item\":\"https:\\\/\\\/www.manabi.gob.ec\\\/\"},{\"@type\":\"ListItem\",\"position\":2,\"name\":\"Rendici\u00f3n de Cuentas 2024 &#8211; Fase 3\"}]},{\"@type\":\"WebSite\",\"@id\":\"https:\\\/\\\/www.manabi.gob.ec\\\/#website\",\"url\":\"https:\\\/\\\/www.manabi.gob.ec\\\/\",\"name\":\"Prefectura de Manab\u00ed\",\"description\":\"P\u00e1gina web de la prefectura\",\"potentialAction\":[{\"@type\":\"SearchAction\",\"target\":{\"@type\":\"EntryPoint\",\"urlTemplate\":\"https:\\\/\\\/www.manabi.gob.ec\\\/?s={search_term_string}\"},\"query-input\":{\"@type\":\"PropertyValueSpecification\",\"valueRequired\":true,\"valueName\":\"search_term_string\"}}],\"inLanguage\":\"es\"}]}<\/script>\n<!-- \/ Yoast SEO plugin. -->","yoast_head_json":{"title":"Rendici\u00f3n de Cuentas 2024 - Fase 3 - Prefectura de Manab\u00ed","robots":{"index":"index","follow":"follow","max-snippet":"max-snippet:-1","max-image-preview":"max-image-preview:large","max-video-preview":"max-video-preview:-1"},"canonical":"https:\/\/www.manabi.gob.ec\/index.php\/rendicion-de-cuentas-2024-fase-3\/","og_locale":"es_ES","og_type":"article","og_title":"Rendici\u00f3n de Cuentas 2024 - Fase 3 - Prefectura de Manab\u00ed","og_description":"[vc_row gap=\u00bb25&#8243; css=\u00bb.vc_custom_1621009670807{border-left-width: 2px !important;border-left-color: #cecece !important;border-left-style: solid !important;}\u00bb][vc_column][gsf_space desktop=\u00bb90&#8243; tablet=\u00bb70&#8243; tablet_portrait=\u00bb60&#8243; mobile_landscape=\u00bb50&#8243; mobile=\u00bb40&#8243;][vc_column_text] Documentos [\/vc_column_text][gsf_call_to_action title=\u00bbDescargar documento\u00bb style=\u00bb3d\u00bb size=\u00bbxs\u00bb link=\u00bburl:https%3A%2F%2Fwww.manabi.gob.ec%2Fwp-content%2Fuploads%2F2026%2F01%2FActa-de-las-sugerencias-2024.pdf||target:%20_blank|\u00bb css=\u00bb.vc_custom_1768576109673{margin-bottom: 20px !important;}\u00bb]0. Acta de las sugerencias 2024[\/gsf_call_to_action][gsf_call_to_action title=\u00bbDescargar documento\u00bb style=\u00bb3d\u00bb size=\u00bbxs\u00bb link=\u00bburl:https%3A%2F%2Fwww.manabi.gob.ec%2Fwp-content%2Fuploads%2F2026%2F01%2FOficio-de-entrega-de-documentos-aprobados.pdf||target:%20_blank|\u00bb css=\u00bb.vc_custom_1768576301057{margin-bottom: 20px !important;}\u00bb] Oficio de entrega de documentos aprobados [\/gsf_call_to_action][gsf_call_to_action title=\u00bbDescargar documento\u00bb style=\u00bb3d\u00bb size=\u00bbxs\u00bb link=\u00bburl:https%3A%2F%2Fwww.manabi.gob.ec%2Fwp-content%2Fuploads%2F2026%2F01%2FRENDICION-2024-1-1.pdf||target:%20_blank|\u00bb css=\u00bb.vc_custom_1768576328492{margin-bottom: 20px !important;}\u00bb]2. RENDICION-2024-1[\/gsf_call_to_action][gsf_call_to_action title=\u00bbDescargar documento\u00bb [&hellip;]","og_url":"https:\/\/www.manabi.gob.ec\/index.php\/rendicion-de-cuentas-2024-fase-3\/","og_site_name":"Prefectura de Manab\u00ed","article_modified_time":"2026-01-16T15:24:20+00:00","twitter_card":"summary_large_image","twitter_misc":{"Tiempo de lectura":"1 minuto"},"schema":{"@context":"https:\/\/schema.org","@graph":[{"@type":"WebPage","@id":"https:\/\/www.manabi.gob.ec\/index.php\/rendicion-de-cuentas-2024-fase-3\/","url":"https:\/\/www.manabi.gob.ec\/index.php\/rendicion-de-cuentas-2024-fase-3\/","name":"Rendici\u00f3n de Cuentas 2024 - Fase 3 - Prefectura de Manab\u00ed","isPartOf":{"@id":"https:\/\/www.manabi.gob.ec\/#website"},"datePublished":"2026-01-16T15:07:12+00:00","dateModified":"2026-01-16T15:24:20+00:00","breadcrumb":{"@id":"https:\/\/www.manabi.gob.ec\/index.php\/rendicion-de-cuentas-2024-fase-3\/#breadcrumb"},"inLanguage":"es","potentialAction":[{"@type":"ReadAction","target":["https:\/\/www.manabi.gob.ec\/index.php\/rendicion-de-cuentas-2024-fase-3\/"]}]},{"@type":"BreadcrumbList","@id":"https:\/\/www.manabi.gob.ec\/index.php\/rendicion-de-cuentas-2024-fase-3\/#breadcrumb","itemListElement":[{"@type":"ListItem","position":1,"name":"Portada","item":"https:\/\/www.manabi.gob.ec\/"},{"@type":"ListItem","position":2,"name":"Rendici\u00f3n de Cuentas 2024 &#8211; Fase 3"}]},{"@type":"WebSite","@id":"https:\/\/www.manabi.gob.ec\/#website","url":"https:\/\/www.manabi.gob.ec\/","name":"Prefectura de Manab\u00ed","description":"P\u00e1gina web de la prefectura","potentialAction":[{"@type":"SearchAction","target":{"@type":"EntryPoint","urlTemplate":"https:\/\/www.manabi.gob.ec\/?s={search_term_string}"},"query-input":{"@type":"PropertyValueSpecification","valueRequired":true,"valueName":"search_term_string"}}],"inLanguage":"es"}]}},"_links":{"self":[{"href":"https:\/\/www.manabi.gob.ec\/index.php\/wp-json\/wp\/v2\/pages\/32672","targetHints":{"allow":["GET"]}}],"collection":[{"href":"https:\/\/www.manabi.gob.ec\/index.php\/wp-json\/wp\/v2\/pages"}],"about":[{"href":"https:\/\/www.manabi.gob.ec\/index.php\/wp-json\/wp\/v2\/types\/page"}],"author":[{"embeddable":true,"href":"https:\/\/www.manabi.gob.ec\/index.php\/wp-json\/wp\/v2\/users\/1"}],"replies":[{"embeddable":true,"href":"https:\/\/www.manabi.gob.ec\/index.php\/wp-json\/wp\/v2\/comments?post=32672"}],"version-history":[{"count":5,"href":"https:\/\/www.manabi.gob.ec\/index.php\/wp-json\/wp\/v2\/pages\/32672\/revisions"}],"predecessor-version":[{"id":32693,"href":"https:\/\/www.manabi.gob.ec\/index.php\/wp-json\/wp\/v2\/pages\/32672\/revisions\/32693"}],"wp:attachment":[{"href":"https:\/\/www.manabi.gob.ec\/index.php\/wp-json\/wp\/v2\/media?parent=32672"}],"curies":[{"name":"wp","href":"https:\/\/api.w.org\/{rel}","templated":true}]}}