{"id":32716,"date":"2026-01-20T21:25:06","date_gmt":"2026-01-20T21:25:06","guid":{"rendered":"https:\/\/www.manabi.gob.ec\/?page_id=32716"},"modified":"2026-01-27T17:12:30","modified_gmt":"2026-01-27T17:12:30","slug":"informe-inversion-publicidad","status":"publish","type":"page","link":"https:\/\/www.manabi.gob.ec\/index.php\/informe-inversion-publicidad\/","title":{"rendered":"Informe de inversi\u00f3n p\u00fablica en publicidad y propaganda"},"content":{"rendered":"<p>[vc_row bg_overlay_mode=\u00bbcolor\u00bb css=\u00bb.vc_custom_1630102865600{background-color: #424242 !important;}\u00bb bg_overlay_color=\u00bb#191919&#8243;][vc_column][gsf_space desktop=\u00bb90&#8243; tablet=\u00bb70&#8243; tablet_portrait=\u00bb60&#8243; mobile_landscape=\u00bb50&#8243; mobile=\u00bb40&#8243;][gsf_page_title font_container=\u00bbfont_size:45|text_align:center|color:%23f7f7f7&#8243;][vc_column_text]<\/p>\n<p style=\"text-align: center;\"><span style=\"color: #ffffff;\">\u00a0<a style=\"color: #ffffff;\" href=\"https:\/\/www.manabi.gob.ec\/index.php\/transparencia-en-los-procesos\/\">Presupuesto participativo<\/a><\/span><\/p>\n<p>[\/vc_column_text][\/vc_column][\/vc_row][vc_row color_skin=\u00bbskin-light\u00bb equal_height=\u00bbyes\u00bb parallax=\u00bbcontent-moving\u00bb css=\u00bb.vc_custom_1634327151884{background-color: #efefef !important;background-position: center;background-repeat: no-repeat !important;background-size: cover !important;}\u00bb][vc_column css=\u00bb.vc_custom_1622148120192{background-position: center !important;background-repeat: no-repeat !important;background-size: cover !important;}\u00bb offset=\u00bbvc_col-xs-12&#8243;][gsf_space desktop=\u00bb70&#8243; tablet=\u00bb70&#8243; tablet_portrait=\u00bb60&#8243; mobile_landscape=\u00bb50&#8243; mobile=\u00bb40&#8243;][vc_tta_tabs active_section=\u00bb1&#8243; css=\u00bb.vc_custom_1736547117291{padding-top: 10px !important;padding-right: 0px !important;padding-bottom: 50px !important;padding-left: 0px !important;}\u00bb][vc_tta_section title=\u00bb2021&#8243; tab_id=\u00bb1768944817859-65b9e434-379c\u00bb][vc_row_inner css=\u00bb.vc_custom_1686675750402{background-color: #dbdbdb !important;}\u00bb][vc_column_inner width=\u00bb1\/6&#8243;][\/vc_column_inner][vc_column_inner width=\u00bb4\/6&#8243;][vc_column_text css=\u00bb.vc_custom_1768944873634{padding-top: 1px !important;padding-right: 10px !important;padding-bottom: 1px !important;padding-left: 10px !important;}\u00bb]<\/p>\n<h6 style=\"text-align: center; font-size: 21px;\"><span style=\"color: #000000;\"><strong>informe de inversi\u00f3n p\u00fablica en publicIdad y propaganda 2021<\/strong><\/span><\/h6>\n<p>[\/vc_column_text][vc_single_image image=\u00bb21689&#8243; img_size=\u00bbfull\u00bb alignment=\u00bbcenter\u00bb][gsf_button title=\u00bbVer Documento\u00bb align=\u00bbcenter\u00bb el_class=\u00bb\u00bb link=\u00bburl:https%3A%2F%2Fwww.manabi.gob.ec%2Fwp-content%2Fuploads%2F2026%2F01%2FINFORME-No.-007-KVMB-DIRCOM-2022-INFORME-SOBRE-MEDIOS-DE-COMUNICACION-signed2021.pdf|||\u00bb][gsf_space desktop=\u00bb30&#8243; tablet=\u00bb70&#8243; tablet_portrait=\u00bb60&#8243; mobile_landscape=\u00bb50&#8243; mobile=\u00bb40&#8243;][\/vc_column_inner][vc_column_inner width=\u00bb1\/6&#8243;][\/vc_column_inner][\/vc_row_inner][\/vc_tta_section][vc_tta_section title=\u00bb2022&#8243; tab_id=\u00bb1768944817723-53afec2e-7c4f\u00bb][vc_row_inner css=\u00bb.vc_custom_1686675750402{background-color: #dbdbdb !important;}\u00bb][vc_column_inner width=\u00bb1\/6&#8243;][\/vc_column_inner][vc_column_inner width=\u00bb4\/6&#8243;][vc_column_text css=\u00bb.vc_custom_1768944856571{padding-top: 1px !important;padding-right: 10px !important;padding-bottom: 1px !important;padding-left: 10px !important;}\u00bb]<\/p>\n<h6 style=\"text-align: center; font-size: 21px;\"><span style=\"color: #000000;\"><strong>informe de inversi\u00f3n p\u00fablica en publicIdad y propaganda 2022<\/strong><\/span><\/h6>\n<p>[\/vc_column_text][vc_single_image image=\u00bb21689&#8243; img_size=\u00bbfull\u00bb alignment=\u00bbcenter\u00bb][gsf_button title=\u00bbVer Documento\u00bb align=\u00bbcenter\u00bb el_class=\u00bb\u00bb link=\u00bburl:https%3A%2F%2Fwww.manabi.gob.ec%2Fwp-content%2Fuploads%2F2026%2F01%2FGPM-DCOI-KVMB-2023-001-MEM-INFORME-MEDIOS-DE-COMUNICACION-2022-RENDICION-DE-CUENTAS-signed-signed-2022.pdf|||\u00bb][gsf_space desktop=\u00bb30&#8243; tablet=\u00bb70&#8243; tablet_portrait=\u00bb60&#8243; mobile_landscape=\u00bb50&#8243; mobile=\u00bb40&#8243;][\/vc_column_inner][vc_column_inner width=\u00bb1\/6&#8243;][\/vc_column_inner][\/vc_row_inner][\/vc_tta_section][vc_tta_section title=\u00bb2023&#8243; tab_id=\u00bb1768944817488-e9cb6019-17e2&#8243;][vc_row_inner css=\u00bb.vc_custom_1686675750402{background-color: #dbdbdb !important;}\u00bb][vc_column_inner width=\u00bb1\/6&#8243;][\/vc_column_inner][vc_column_inner width=\u00bb4\/6&#8243;][vc_column_text css=\u00bb.vc_custom_1768944836100{padding-top: 1px !important;padding-right: 10px !important;padding-bottom: 1px !important;padding-left: 10px !important;}\u00bb]<\/p>\n<h6 style=\"text-align: center; font-size: 21px;\"><span style=\"color: #000000;\"><strong>informe de inversi\u00f3n p\u00fablica en publicIdad y propaganda 2023<\/strong><\/span><\/h6>\n<p>[\/vc_column_text][vc_single_image image=\u00bb21689&#8243; img_size=\u00bbfull\u00bb alignment=\u00bbcenter\u00bb][gsf_button title=\u00bbVer Documento\u00bb align=\u00bbcenter\u00bb el_class=\u00bb\u00bb link=\u00bburl:https%3A%2F%2Fwww.manabi.gob.ec%2Fwp-content%2Fuploads%2F2026%2F01%2FGPM-DCOM-KVMB-2024-001-MEM-INFORME-DE-MEDIOS-RDC-2023.pdf|||\u00bb][gsf_space desktop=\u00bb30&#8243; tablet=\u00bb70&#8243; tablet_portrait=\u00bb60&#8243; mobile_landscape=\u00bb50&#8243; mobile=\u00bb40&#8243;][\/vc_column_inner][vc_column_inner width=\u00bb1\/6&#8243;][\/vc_column_inner][\/vc_row_inner][\/vc_tta_section][vc_tta_section title=\u00bb2024&#8243; tab_id=\u00bb1768944816963-8083e0d3-3f1c\u00bb][vc_row_inner css=\u00bb.vc_custom_1686675750402{background-color: #dbdbdb !important;}\u00bb][vc_column_inner width=\u00bb1\/6&#8243;][\/vc_column_inner][vc_column_inner width=\u00bb4\/6&#8243;][vc_column_text css=\u00bb.vc_custom_1768944668484{padding-top: 1px !important;padding-right: 10px !important;padding-bottom: 1px !important;padding-left: 10px !important;}\u00bb]<\/p>\n<h6 style=\"text-align: center; font-size: 21px;\"><span style=\"color: #000000;\"><strong>informe de inversi\u00f3n p\u00fablica en publicIdad y propaganda 2024<\/strong><\/span><\/h6>\n<p>[\/vc_column_text][vc_single_image image=\u00bb21689&#8243; img_size=\u00bbfull\u00bb alignment=\u00bbcenter\u00bb][gsf_button title=\u00bbVer Documento\u00bb align=\u00bbcenter\u00bb link=\u00bburl:https%3A%2F%2Fwww.manabi.gob.ec%2Fwp-content%2Fuploads%2F2026%2F01%2Finforme-publicidad-medios2024.pdf|||\u00bb][gsf_space desktop=\u00bb30&#8243; tablet=\u00bb70&#8243; tablet_portrait=\u00bb60&#8243; mobile_landscape=\u00bb50&#8243; mobile=\u00bb40&#8243;][\/vc_column_inner][vc_column_inner width=\u00bb1\/6&#8243;][\/vc_column_inner][\/vc_row_inner][\/vc_tta_section][vc_tta_section title=\u00bb2025&#8243; tab_id=\u00bb1769200366068-219fdd70-3f43&#8243;][vc_row_inner css=\u00bb.vc_custom_1686675750402{background-color: #dbdbdb !important;}\u00bb][vc_column_inner width=\u00bb1\/6&#8243;][\/vc_column_inner][vc_column_inner width=\u00bb4\/6&#8243;][vc_column_text css=\u00bb.vc_custom_1769200385795{padding-top: 1px !important;padding-right: 10px !important;padding-bottom: 1px !important;padding-left: 10px !important;}\u00bb]<\/p>\n<h6 style=\"text-align: center; font-size: 21px;\"><span style=\"color: #000000;\"><strong>informe de inversi\u00f3n p\u00fablica en publicIdad y propaganda 2025<\/strong><\/span><\/h6>\n<p>[\/vc_column_text][vc_single_image image=\u00bb21689&#8243; img_size=\u00bbfull\u00bb alignment=\u00bbcenter\u00bb][gsf_button title=\u00bbVer Documento\u00bb align=\u00bbcenter\u00bb link=\u00bburl:https%3A%2F%2Fwww.manabi.gob.ec%2Fwp-content%2Fuploads%2F2026%2F01%2FINFORME-DISTRIBUCION-RECURSOS-MEDIOS-CS-2025-2-signed-1-signed.pdf|||\u00bb][gsf_space desktop=\u00bb30&#8243; tablet=\u00bb70&#8243; tablet_portrait=\u00bb60&#8243; mobile_landscape=\u00bb50&#8243; mobile=\u00bb40&#8243;][\/vc_column_inner][vc_column_inner width=\u00bb1\/6&#8243;][\/vc_column_inner][\/vc_row_inner][\/vc_tta_section][\/vc_tta_tabs][\/vc_column][\/vc_row]<\/p>\n","protected":false},"excerpt":{"rendered":"<p>[vc_row bg_overlay_mode=\u00bbcolor\u00bb css=\u00bb.vc_custom_1630102865600{background-color: #424242 !important;}\u00bb bg_overlay_color=\u00bb#191919&#8243;][vc_column][gsf_space desktop=\u00bb90&#8243; tablet=\u00bb70&#8243; tablet_portrait=\u00bb60&#8243; mobile_landscape=\u00bb50&#8243; mobile=\u00bb40&#8243;][gsf_page_title font_container=\u00bbfont_size:45|text_align:center|color:%23f7f7f7&#8243;][vc_column_text] \u00a0Presupuesto participativo [\/vc_column_text][\/vc_column][\/vc_row][vc_row color_skin=\u00bbskin-light\u00bb equal_height=\u00bbyes\u00bb parallax=\u00bbcontent-moving\u00bb css=\u00bb.vc_custom_1634327151884{background-color: #efefef !important;background-position: center;background-repeat: no-repeat !important;background-size: cover !important;}\u00bb][vc_column css=\u00bb.vc_custom_1622148120192{background-position: center !important;background-repeat: no-repeat !important;background-size: cover !important;}\u00bb offset=\u00bbvc_col-xs-12&#8243;][gsf_space desktop=\u00bb70&#8243; tablet=\u00bb70&#8243; tablet_portrait=\u00bb60&#8243; mobile_landscape=\u00bb50&#8243; mobile=\u00bb40&#8243;][vc_tta_tabs active_section=\u00bb1&#8243; css=\u00bb.vc_custom_1736547117291{padding-top: 10px !important;padding-right: 0px !important;padding-bottom: 50px !important;padding-left: 0px !important;}\u00bb][vc_tta_section title=\u00bb2021&#8243; tab_id=\u00bb1768944817859-65b9e434-379c\u00bb][vc_row_inner css=\u00bb.vc_custom_1686675750402{background-color: #dbdbdb !important;}\u00bb][vc_column_inner width=\u00bb1\/6&#8243;][\/vc_column_inner][vc_column_inner [&hellip;]<\/p>\n","protected":false},"author":1,"featured_media":0,"parent":0,"menu_order":0,"comment_status":"closed","ping_status":"closed","template":"","meta":{"_joinchat":[],"footnotes":""},"class_list":["post-32716","page","type-page","status-publish","hentry"],"yoast_head":"<!-- This site is optimized with the Yoast SEO plugin v27.4 - https:\/\/yoast.com\/product\/yoast-seo-wordpress\/ -->\n<title>Informe de inversi\u00f3n p\u00fablica en publicidad y propaganda - Prefectura de Manab\u00ed<\/title>\n<meta name=\"robots\" content=\"index, follow, max-snippet:-1, max-image-preview:large, max-video-preview:-1\" \/>\n<link rel=\"canonical\" href=\"https:\/\/www.manabi.gob.ec\/index.php\/informe-inversion-publicidad\/\" \/>\n<meta property=\"og:locale\" content=\"es_ES\" \/>\n<meta property=\"og:type\" content=\"article\" \/>\n<meta property=\"og:title\" content=\"Informe de inversi\u00f3n p\u00fablica en publicidad y propaganda - Prefectura de Manab\u00ed\" \/>\n<meta property=\"og:description\" content=\"[vc_row bg_overlay_mode=\u00bbcolor\u00bb css=\u00bb.vc_custom_1630102865600{background-color: #424242 !important;}\u00bb bg_overlay_color=\u00bb#191919&#8243;][vc_column][gsf_space desktop=\u00bb90&#8243; tablet=\u00bb70&#8243; tablet_portrait=\u00bb60&#8243; mobile_landscape=\u00bb50&#8243; mobile=\u00bb40&#8243;][gsf_page_title font_container=\u00bbfont_size:45|text_align:center|color:%23f7f7f7&#8243;][vc_column_text] \u00a0Presupuesto participativo [\/vc_column_text][\/vc_column][\/vc_row][vc_row color_skin=\u00bbskin-light\u00bb equal_height=\u00bbyes\u00bb parallax=\u00bbcontent-moving\u00bb css=\u00bb.vc_custom_1634327151884{background-color: #efefef !important;background-position: center;background-repeat: no-repeat !important;background-size: cover !important;}\u00bb][vc_column css=\u00bb.vc_custom_1622148120192{background-position: center !important;background-repeat: no-repeat !important;background-size: cover !important;}\u00bb offset=\u00bbvc_col-xs-12&#8243;][gsf_space desktop=\u00bb70&#8243; tablet=\u00bb70&#8243; tablet_portrait=\u00bb60&#8243; mobile_landscape=\u00bb50&#8243; mobile=\u00bb40&#8243;][vc_tta_tabs active_section=\u00bb1&#8243; css=\u00bb.vc_custom_1736547117291{padding-top: 10px !important;padding-right: 0px !important;padding-bottom: 50px !important;padding-left: 0px !important;}\u00bb][vc_tta_section title=\u00bb2021&#8243; tab_id=\u00bb1768944817859-65b9e434-379c\u00bb][vc_row_inner css=\u00bb.vc_custom_1686675750402{background-color: #dbdbdb !important;}\u00bb][vc_column_inner width=\u00bb1\/6&#8243;][\/vc_column_inner][vc_column_inner [&hellip;]\" \/>\n<meta property=\"og:url\" content=\"https:\/\/www.manabi.gob.ec\/index.php\/informe-inversion-publicidad\/\" \/>\n<meta property=\"og:site_name\" content=\"Prefectura de Manab\u00ed\" \/>\n<meta property=\"article:modified_time\" content=\"2026-01-27T17:12:30+00:00\" \/>\n<meta name=\"twitter:card\" content=\"summary_large_image\" \/>\n<meta name=\"twitter:label1\" content=\"Tiempo de lectura\" \/>\n\t<meta name=\"twitter:data1\" content=\"2 minutos\" \/>\n<script type=\"application\/ld+json\" class=\"yoast-schema-graph\">{\"@context\":\"https:\\\/\\\/schema.org\",\"@graph\":[{\"@type\":\"WebPage\",\"@id\":\"https:\\\/\\\/www.manabi.gob.ec\\\/index.php\\\/informe-inversion-publicidad\\\/\",\"url\":\"https:\\\/\\\/www.manabi.gob.ec\\\/index.php\\\/informe-inversion-publicidad\\\/\",\"name\":\"Informe de inversi\u00f3n p\u00fablica en publicidad y propaganda - Prefectura de Manab\u00ed\",\"isPartOf\":{\"@id\":\"https:\\\/\\\/www.manabi.gob.ec\\\/#website\"},\"datePublished\":\"2026-01-20T21:25:06+00:00\",\"dateModified\":\"2026-01-27T17:12:30+00:00\",\"breadcrumb\":{\"@id\":\"https:\\\/\\\/www.manabi.gob.ec\\\/index.php\\\/informe-inversion-publicidad\\\/#breadcrumb\"},\"inLanguage\":\"es\",\"potentialAction\":[{\"@type\":\"ReadAction\",\"target\":[\"https:\\\/\\\/www.manabi.gob.ec\\\/index.php\\\/informe-inversion-publicidad\\\/\"]}]},{\"@type\":\"BreadcrumbList\",\"@id\":\"https:\\\/\\\/www.manabi.gob.ec\\\/index.php\\\/informe-inversion-publicidad\\\/#breadcrumb\",\"itemListElement\":[{\"@type\":\"ListItem\",\"position\":1,\"name\":\"Portada\",\"item\":\"https:\\\/\\\/www.manabi.gob.ec\\\/\"},{\"@type\":\"ListItem\",\"position\":2,\"name\":\"Informe de inversi\u00f3n p\u00fablica en publicidad y propaganda\"}]},{\"@type\":\"WebSite\",\"@id\":\"https:\\\/\\\/www.manabi.gob.ec\\\/#website\",\"url\":\"https:\\\/\\\/www.manabi.gob.ec\\\/\",\"name\":\"Prefectura de Manab\u00ed\",\"description\":\"P\u00e1gina web de la prefectura\",\"potentialAction\":[{\"@type\":\"SearchAction\",\"target\":{\"@type\":\"EntryPoint\",\"urlTemplate\":\"https:\\\/\\\/www.manabi.gob.ec\\\/?s={search_term_string}\"},\"query-input\":{\"@type\":\"PropertyValueSpecification\",\"valueRequired\":true,\"valueName\":\"search_term_string\"}}],\"inLanguage\":\"es\"}]}<\/script>\n<!-- \/ Yoast SEO plugin. -->","yoast_head_json":{"title":"Informe de inversi\u00f3n p\u00fablica en publicidad y propaganda - Prefectura de Manab\u00ed","robots":{"index":"index","follow":"follow","max-snippet":"max-snippet:-1","max-image-preview":"max-image-preview:large","max-video-preview":"max-video-preview:-1"},"canonical":"https:\/\/www.manabi.gob.ec\/index.php\/informe-inversion-publicidad\/","og_locale":"es_ES","og_type":"article","og_title":"Informe de inversi\u00f3n p\u00fablica en publicidad y propaganda - Prefectura de Manab\u00ed","og_description":"[vc_row bg_overlay_mode=\u00bbcolor\u00bb css=\u00bb.vc_custom_1630102865600{background-color: #424242 !important;}\u00bb bg_overlay_color=\u00bb#191919&#8243;][vc_column][gsf_space desktop=\u00bb90&#8243; tablet=\u00bb70&#8243; tablet_portrait=\u00bb60&#8243; mobile_landscape=\u00bb50&#8243; mobile=\u00bb40&#8243;][gsf_page_title font_container=\u00bbfont_size:45|text_align:center|color:%23f7f7f7&#8243;][vc_column_text] \u00a0Presupuesto participativo [\/vc_column_text][\/vc_column][\/vc_row][vc_row color_skin=\u00bbskin-light\u00bb equal_height=\u00bbyes\u00bb parallax=\u00bbcontent-moving\u00bb css=\u00bb.vc_custom_1634327151884{background-color: #efefef !important;background-position: center;background-repeat: no-repeat !important;background-size: cover !important;}\u00bb][vc_column css=\u00bb.vc_custom_1622148120192{background-position: center !important;background-repeat: no-repeat !important;background-size: cover !important;}\u00bb offset=\u00bbvc_col-xs-12&#8243;][gsf_space desktop=\u00bb70&#8243; tablet=\u00bb70&#8243; tablet_portrait=\u00bb60&#8243; mobile_landscape=\u00bb50&#8243; mobile=\u00bb40&#8243;][vc_tta_tabs active_section=\u00bb1&#8243; css=\u00bb.vc_custom_1736547117291{padding-top: 10px !important;padding-right: 0px !important;padding-bottom: 50px !important;padding-left: 0px !important;}\u00bb][vc_tta_section title=\u00bb2021&#8243; tab_id=\u00bb1768944817859-65b9e434-379c\u00bb][vc_row_inner css=\u00bb.vc_custom_1686675750402{background-color: #dbdbdb !important;}\u00bb][vc_column_inner width=\u00bb1\/6&#8243;][\/vc_column_inner][vc_column_inner [&hellip;]","og_url":"https:\/\/www.manabi.gob.ec\/index.php\/informe-inversion-publicidad\/","og_site_name":"Prefectura de Manab\u00ed","article_modified_time":"2026-01-27T17:12:30+00:00","twitter_card":"summary_large_image","twitter_misc":{"Tiempo de lectura":"2 minutos"},"schema":{"@context":"https:\/\/schema.org","@graph":[{"@type":"WebPage","@id":"https:\/\/www.manabi.gob.ec\/index.php\/informe-inversion-publicidad\/","url":"https:\/\/www.manabi.gob.ec\/index.php\/informe-inversion-publicidad\/","name":"Informe de inversi\u00f3n p\u00fablica en publicidad y propaganda - Prefectura de Manab\u00ed","isPartOf":{"@id":"https:\/\/www.manabi.gob.ec\/#website"},"datePublished":"2026-01-20T21:25:06+00:00","dateModified":"2026-01-27T17:12:30+00:00","breadcrumb":{"@id":"https:\/\/www.manabi.gob.ec\/index.php\/informe-inversion-publicidad\/#breadcrumb"},"inLanguage":"es","potentialAction":[{"@type":"ReadAction","target":["https:\/\/www.manabi.gob.ec\/index.php\/informe-inversion-publicidad\/"]}]},{"@type":"BreadcrumbList","@id":"https:\/\/www.manabi.gob.ec\/index.php\/informe-inversion-publicidad\/#breadcrumb","itemListElement":[{"@type":"ListItem","position":1,"name":"Portada","item":"https:\/\/www.manabi.gob.ec\/"},{"@type":"ListItem","position":2,"name":"Informe de inversi\u00f3n p\u00fablica en publicidad y propaganda"}]},{"@type":"WebSite","@id":"https:\/\/www.manabi.gob.ec\/#website","url":"https:\/\/www.manabi.gob.ec\/","name":"Prefectura de Manab\u00ed","description":"P\u00e1gina web de la prefectura","potentialAction":[{"@type":"SearchAction","target":{"@type":"EntryPoint","urlTemplate":"https:\/\/www.manabi.gob.ec\/?s={search_term_string}"},"query-input":{"@type":"PropertyValueSpecification","valueRequired":true,"valueName":"search_term_string"}}],"inLanguage":"es"}]}},"_links":{"self":[{"href":"https:\/\/www.manabi.gob.ec\/index.php\/wp-json\/wp\/v2\/pages\/32716","targetHints":{"allow":["GET"]}}],"collection":[{"href":"https:\/\/www.manabi.gob.ec\/index.php\/wp-json\/wp\/v2\/pages"}],"about":[{"href":"https:\/\/www.manabi.gob.ec\/index.php\/wp-json\/wp\/v2\/types\/page"}],"author":[{"embeddable":true,"href":"https:\/\/www.manabi.gob.ec\/index.php\/wp-json\/wp\/v2\/users\/1"}],"replies":[{"embeddable":true,"href":"https:\/\/www.manabi.gob.ec\/index.php\/wp-json\/wp\/v2\/comments?post=32716"}],"version-history":[{"count":10,"href":"https:\/\/www.manabi.gob.ec\/index.php\/wp-json\/wp\/v2\/pages\/32716\/revisions"}],"predecessor-version":[{"id":32800,"href":"https:\/\/www.manabi.gob.ec\/index.php\/wp-json\/wp\/v2\/pages\/32716\/revisions\/32800"}],"wp:attachment":[{"href":"https:\/\/www.manabi.gob.ec\/index.php\/wp-json\/wp\/v2\/media?parent=32716"}],"curies":[{"name":"wp","href":"https:\/\/api.w.org\/{rel}","templated":true}]}}