{"id":33548,"date":"2026-03-20T13:39:56","date_gmt":"2026-03-20T13:39:56","guid":{"rendered":"https:\/\/www.manabi.gob.ec\/?page_id=33548"},"modified":"2026-03-23T14:48:42","modified_gmt":"2026-03-23T14:48:42","slug":"comite-de-transparencia","status":"publish","type":"page","link":"https:\/\/www.manabi.gob.ec\/index.php\/comite-de-transparencia\/","title":{"rendered":"Comit\u00e9 de Transparencia"},"content":{"rendered":"<p>[vc_row parallax=\u00bbcontent-moving\u00bb parallax_image=\u00bb18497&#8243; css=\u00bb.vc_custom_1631025779226{background-color: #303030 !important;}\u00bb][vc_column width=\u00bb1\/4&#8243;][vc_empty_space height=\u00bb70px\u00bb][vc_icon icon_fontawesome=\u00bbfa fa-search-plus\u00bb color=\u00bbwhite\u00bb align=\u00bbright\u00bb][\/vc_column][vc_column width=\u00bb3\/4&#8243;][vc_empty_space height=\u00bb70px\u00bb][gsf_heading sub_title=\u00bb\u00bb]<span style=\"color: #ffffff;\"><strong class=\"uppercase\">Comit\u00e9 de transparencia<\/strong><\/span>[\/gsf_heading][vc_empty_space height=\u00bb70px\u00bb][\/vc_column][\/vc_row][vc_row css=\u00bb.vc_custom_1622148209970{background-color: #f4f4f4 !important;}\u00bb][vc_column][vc_empty_space height=\u00bb102px\u00bb][\/vc_column][\/vc_row][vc_row color_skin=\u00bbskin-light\u00bb equal_height=\u00bbyes\u00bb parallax=\u00bbcontent-moving\u00bb css=\u00bb.vc_custom_1622148044878{background-color: #f4f4f4 !important;background-position: center;background-repeat: no-repeat;background-size:cover;}\u00bb][vc_column color_skin=\u00bbskin-light\u00bb width=\u00bb1\/2&#8243; css=\u00bb.vc_custom_1622148157694{background-color: #f4f4f4 !important;}\u00bb][gsf_space desktop=\u00bb50&#8243; tablet=\u00bb70&#8243; tablet_portrait=\u00bb60&#8243; mobile_landscape=\u00bb60&#8243; mobile=\u00bb60&#8243;][vc_column_text]<\/p>\n<p style=\"text-align: center; font-size: 20px;\">El Comit\u00e9 de Transparencia tiene como objetivo principal garantizar que todas las actividades del Gobierno Aut\u00f3nomo Descentralizado Provincial de Manab\u00ed se realicen con transparencia y en cumplimiento de la Ley Org\u00e1nica de Transparencia y Acceso a la Informaci\u00f3n P\u00fablica (LOTAIP). A trav\u00e9s de \u00e9l, se promueve la rendici\u00f3n de cuentas y el acceso a la informaci\u00f3n p\u00fablica, asegurando as\u00ed una gesti\u00f3n p\u00fablica m\u00e1s abierta y responsable en beneficio de todos los ciudadanos.<\/p>\n<p>[\/vc_column_text][gsf_space desktop=\u00bb35&#8243; tablet=\u00bb70&#8243; tablet_portrait=\u00bb60&#8243; mobile_landscape=\u00bb60&#8243; mobile=\u00bb60&#8243;][gsf_space desktop=\u00bb100&#8243; tablet=\u00bb70&#8243; tablet_portrait=\u00bb60&#8243; mobile_landscape=\u00bb60&#8243; mobile=\u00bb60&#8243;][\/vc_column][vc_column width=\u00bb1\/2&#8243; css=\u00bb.vc_custom_1622148120192{background-position: center !important;background-repeat: no-repeat !important;background-size: cover !important;}\u00bb offset=\u00bbvc_col-xs-12&#8243;][vc_single_image image=\u00bb33553&#8243; img_size=\u00bbfull\u00bb onclick=\u00bbcustom_link\u00bb img_link_target=\u00bb_blank\u00bb css=\u00bb.vc_custom_1774041351864{margin-bottom: 0px !important;padding-bottom: 0px !important;}\u00bb link=\u00bbhttps:\/\/drive.manabi.gob.ec\/index.php\/s\/8PTbWS6RBjp6f5T\u00bb][\/vc_column][\/vc_row][vc_row css=\u00bb.vc_custom_1622148209970{background-color: #f4f4f4 !important;}\u00bb][vc_column][vc_empty_space height=\u00bb102px\u00bb][\/vc_column][\/vc_row]<\/p>\n","protected":false},"excerpt":{"rendered":"<p>[vc_row parallax=\u00bbcontent-moving\u00bb parallax_image=\u00bb18497&#8243; css=\u00bb.vc_custom_1631025779226{background-color: #303030 !important;}\u00bb][vc_column width=\u00bb1\/4&#8243;][vc_empty_space height=\u00bb70px\u00bb][vc_icon icon_fontawesome=\u00bbfa fa-search-plus\u00bb color=\u00bbwhite\u00bb align=\u00bbright\u00bb][\/vc_column][vc_column width=\u00bb3\/4&#8243;][vc_empty_space height=\u00bb70px\u00bb][gsf_heading sub_title=\u00bb\u00bb]Comit\u00e9 de transparencia[\/gsf_heading][vc_empty_space height=\u00bb70px\u00bb][\/vc_column][\/vc_row][vc_row css=\u00bb.vc_custom_1622148209970{background-color: #f4f4f4 !important;}\u00bb][vc_column][vc_empty_space height=\u00bb102px\u00bb][\/vc_column][\/vc_row][vc_row color_skin=\u00bbskin-light\u00bb equal_height=\u00bbyes\u00bb parallax=\u00bbcontent-moving\u00bb css=\u00bb.vc_custom_1622148044878{background-color: #f4f4f4 !important;background-position: center;background-repeat: no-repeat;background-size:cover;}\u00bb][vc_column color_skin=\u00bbskin-light\u00bb width=\u00bb1\/2&#8243; css=\u00bb.vc_custom_1622148157694{background-color: #f4f4f4 !important;}\u00bb][gsf_space desktop=\u00bb50&#8243; tablet=\u00bb70&#8243; tablet_portrait=\u00bb60&#8243; mobile_landscape=\u00bb60&#8243; mobile=\u00bb60&#8243;][vc_column_text] El Comit\u00e9 de Transparencia tiene como objetivo principal garantizar que todas las actividades del Gobierno [&hellip;]<\/p>\n","protected":false},"author":1,"featured_media":0,"parent":0,"menu_order":0,"comment_status":"closed","ping_status":"closed","template":"","meta":{"_joinchat":[],"footnotes":""},"class_list":["post-33548","page","type-page","status-publish","hentry"],"yoast_head":"<!-- This site is optimized with the Yoast SEO plugin v27.4 - https:\/\/yoast.com\/product\/yoast-seo-wordpress\/ -->\n<title>Comit\u00e9 de Transparencia - Prefectura de Manab\u00ed<\/title>\n<meta name=\"robots\" content=\"index, follow, max-snippet:-1, max-image-preview:large, max-video-preview:-1\" \/>\n<link rel=\"canonical\" href=\"https:\/\/www.manabi.gob.ec\/index.php\/comite-de-transparencia\/\" \/>\n<meta property=\"og:locale\" content=\"es_ES\" \/>\n<meta property=\"og:type\" content=\"article\" \/>\n<meta property=\"og:title\" content=\"Comit\u00e9 de Transparencia - Prefectura de Manab\u00ed\" \/>\n<meta property=\"og:description\" content=\"[vc_row parallax=\u00bbcontent-moving\u00bb parallax_image=\u00bb18497&#8243; css=\u00bb.vc_custom_1631025779226{background-color: #303030 !important;}\u00bb][vc_column width=\u00bb1\/4&#8243;][vc_empty_space height=\u00bb70px\u00bb][vc_icon icon_fontawesome=\u00bbfa fa-search-plus\u00bb color=\u00bbwhite\u00bb align=\u00bbright\u00bb][\/vc_column][vc_column width=\u00bb3\/4&#8243;][vc_empty_space height=\u00bb70px\u00bb][gsf_heading sub_title=\u00bb\u00bb]Comit\u00e9 de transparencia[\/gsf_heading][vc_empty_space height=\u00bb70px\u00bb][\/vc_column][\/vc_row][vc_row css=\u00bb.vc_custom_1622148209970{background-color: #f4f4f4 !important;}\u00bb][vc_column][vc_empty_space height=\u00bb102px\u00bb][\/vc_column][\/vc_row][vc_row color_skin=\u00bbskin-light\u00bb equal_height=\u00bbyes\u00bb parallax=\u00bbcontent-moving\u00bb css=\u00bb.vc_custom_1622148044878{background-color: #f4f4f4 !important;background-position: center;background-repeat: no-repeat;background-size:cover;}\u00bb][vc_column color_skin=\u00bbskin-light\u00bb width=\u00bb1\/2&#8243; css=\u00bb.vc_custom_1622148157694{background-color: #f4f4f4 !important;}\u00bb][gsf_space desktop=\u00bb50&#8243; tablet=\u00bb70&#8243; tablet_portrait=\u00bb60&#8243; mobile_landscape=\u00bb60&#8243; mobile=\u00bb60&#8243;][vc_column_text] El Comit\u00e9 de Transparencia tiene como objetivo principal garantizar que todas las actividades del Gobierno [&hellip;]\" \/>\n<meta property=\"og:url\" content=\"https:\/\/www.manabi.gob.ec\/index.php\/comite-de-transparencia\/\" \/>\n<meta property=\"og:site_name\" content=\"Prefectura de Manab\u00ed\" \/>\n<meta property=\"article:modified_time\" content=\"2026-03-23T14:48:42+00:00\" \/>\n<meta name=\"twitter:card\" content=\"summary_large_image\" \/>\n<meta name=\"twitter:label1\" content=\"Tiempo de lectura\" \/>\n\t<meta name=\"twitter:data1\" content=\"1 minuto\" \/>\n<script type=\"application\/ld+json\" class=\"yoast-schema-graph\">{\"@context\":\"https:\\\/\\\/schema.org\",\"@graph\":[{\"@type\":\"WebPage\",\"@id\":\"https:\\\/\\\/www.manabi.gob.ec\\\/index.php\\\/comite-de-transparencia\\\/\",\"url\":\"https:\\\/\\\/www.manabi.gob.ec\\\/index.php\\\/comite-de-transparencia\\\/\",\"name\":\"Comit\u00e9 de Transparencia - Prefectura de Manab\u00ed\",\"isPartOf\":{\"@id\":\"https:\\\/\\\/www.manabi.gob.ec\\\/#website\"},\"datePublished\":\"2026-03-20T13:39:56+00:00\",\"dateModified\":\"2026-03-23T14:48:42+00:00\",\"breadcrumb\":{\"@id\":\"https:\\\/\\\/www.manabi.gob.ec\\\/index.php\\\/comite-de-transparencia\\\/#breadcrumb\"},\"inLanguage\":\"es\",\"potentialAction\":[{\"@type\":\"ReadAction\",\"target\":[\"https:\\\/\\\/www.manabi.gob.ec\\\/index.php\\\/comite-de-transparencia\\\/\"]}]},{\"@type\":\"BreadcrumbList\",\"@id\":\"https:\\\/\\\/www.manabi.gob.ec\\\/index.php\\\/comite-de-transparencia\\\/#breadcrumb\",\"itemListElement\":[{\"@type\":\"ListItem\",\"position\":1,\"name\":\"Portada\",\"item\":\"https:\\\/\\\/www.manabi.gob.ec\\\/\"},{\"@type\":\"ListItem\",\"position\":2,\"name\":\"Comit\u00e9 de Transparencia\"}]},{\"@type\":\"WebSite\",\"@id\":\"https:\\\/\\\/www.manabi.gob.ec\\\/#website\",\"url\":\"https:\\\/\\\/www.manabi.gob.ec\\\/\",\"name\":\"Prefectura de Manab\u00ed\",\"description\":\"P\u00e1gina web de la prefectura\",\"potentialAction\":[{\"@type\":\"SearchAction\",\"target\":{\"@type\":\"EntryPoint\",\"urlTemplate\":\"https:\\\/\\\/www.manabi.gob.ec\\\/?s={search_term_string}\"},\"query-input\":{\"@type\":\"PropertyValueSpecification\",\"valueRequired\":true,\"valueName\":\"search_term_string\"}}],\"inLanguage\":\"es\"}]}<\/script>\n<!-- \/ Yoast SEO plugin. -->","yoast_head_json":{"title":"Comit\u00e9 de Transparencia - Prefectura de Manab\u00ed","robots":{"index":"index","follow":"follow","max-snippet":"max-snippet:-1","max-image-preview":"max-image-preview:large","max-video-preview":"max-video-preview:-1"},"canonical":"https:\/\/www.manabi.gob.ec\/index.php\/comite-de-transparencia\/","og_locale":"es_ES","og_type":"article","og_title":"Comit\u00e9 de Transparencia - Prefectura de Manab\u00ed","og_description":"[vc_row parallax=\u00bbcontent-moving\u00bb parallax_image=\u00bb18497&#8243; css=\u00bb.vc_custom_1631025779226{background-color: #303030 !important;}\u00bb][vc_column width=\u00bb1\/4&#8243;][vc_empty_space height=\u00bb70px\u00bb][vc_icon icon_fontawesome=\u00bbfa fa-search-plus\u00bb color=\u00bbwhite\u00bb align=\u00bbright\u00bb][\/vc_column][vc_column width=\u00bb3\/4&#8243;][vc_empty_space height=\u00bb70px\u00bb][gsf_heading sub_title=\u00bb\u00bb]Comit\u00e9 de transparencia[\/gsf_heading][vc_empty_space height=\u00bb70px\u00bb][\/vc_column][\/vc_row][vc_row css=\u00bb.vc_custom_1622148209970{background-color: #f4f4f4 !important;}\u00bb][vc_column][vc_empty_space height=\u00bb102px\u00bb][\/vc_column][\/vc_row][vc_row color_skin=\u00bbskin-light\u00bb equal_height=\u00bbyes\u00bb parallax=\u00bbcontent-moving\u00bb css=\u00bb.vc_custom_1622148044878{background-color: #f4f4f4 !important;background-position: center;background-repeat: no-repeat;background-size:cover;}\u00bb][vc_column color_skin=\u00bbskin-light\u00bb width=\u00bb1\/2&#8243; css=\u00bb.vc_custom_1622148157694{background-color: #f4f4f4 !important;}\u00bb][gsf_space desktop=\u00bb50&#8243; tablet=\u00bb70&#8243; tablet_portrait=\u00bb60&#8243; mobile_landscape=\u00bb60&#8243; mobile=\u00bb60&#8243;][vc_column_text] El Comit\u00e9 de Transparencia tiene como objetivo principal garantizar que todas las actividades del Gobierno [&hellip;]","og_url":"https:\/\/www.manabi.gob.ec\/index.php\/comite-de-transparencia\/","og_site_name":"Prefectura de Manab\u00ed","article_modified_time":"2026-03-23T14:48:42+00:00","twitter_card":"summary_large_image","twitter_misc":{"Tiempo de lectura":"1 minuto"},"schema":{"@context":"https:\/\/schema.org","@graph":[{"@type":"WebPage","@id":"https:\/\/www.manabi.gob.ec\/index.php\/comite-de-transparencia\/","url":"https:\/\/www.manabi.gob.ec\/index.php\/comite-de-transparencia\/","name":"Comit\u00e9 de Transparencia - Prefectura de Manab\u00ed","isPartOf":{"@id":"https:\/\/www.manabi.gob.ec\/#website"},"datePublished":"2026-03-20T13:39:56+00:00","dateModified":"2026-03-23T14:48:42+00:00","breadcrumb":{"@id":"https:\/\/www.manabi.gob.ec\/index.php\/comite-de-transparencia\/#breadcrumb"},"inLanguage":"es","potentialAction":[{"@type":"ReadAction","target":["https:\/\/www.manabi.gob.ec\/index.php\/comite-de-transparencia\/"]}]},{"@type":"BreadcrumbList","@id":"https:\/\/www.manabi.gob.ec\/index.php\/comite-de-transparencia\/#breadcrumb","itemListElement":[{"@type":"ListItem","position":1,"name":"Portada","item":"https:\/\/www.manabi.gob.ec\/"},{"@type":"ListItem","position":2,"name":"Comit\u00e9 de Transparencia"}]},{"@type":"WebSite","@id":"https:\/\/www.manabi.gob.ec\/#website","url":"https:\/\/www.manabi.gob.ec\/","name":"Prefectura de Manab\u00ed","description":"P\u00e1gina web de la prefectura","potentialAction":[{"@type":"SearchAction","target":{"@type":"EntryPoint","urlTemplate":"https:\/\/www.manabi.gob.ec\/?s={search_term_string}"},"query-input":{"@type":"PropertyValueSpecification","valueRequired":true,"valueName":"search_term_string"}}],"inLanguage":"es"}]}},"_links":{"self":[{"href":"https:\/\/www.manabi.gob.ec\/index.php\/wp-json\/wp\/v2\/pages\/33548","targetHints":{"allow":["GET"]}}],"collection":[{"href":"https:\/\/www.manabi.gob.ec\/index.php\/wp-json\/wp\/v2\/pages"}],"about":[{"href":"https:\/\/www.manabi.gob.ec\/index.php\/wp-json\/wp\/v2\/types\/page"}],"author":[{"embeddable":true,"href":"https:\/\/www.manabi.gob.ec\/index.php\/wp-json\/wp\/v2\/users\/1"}],"replies":[{"embeddable":true,"href":"https:\/\/www.manabi.gob.ec\/index.php\/wp-json\/wp\/v2\/comments?post=33548"}],"version-history":[{"count":9,"href":"https:\/\/www.manabi.gob.ec\/index.php\/wp-json\/wp\/v2\/pages\/33548\/revisions"}],"predecessor-version":[{"id":33560,"href":"https:\/\/www.manabi.gob.ec\/index.php\/wp-json\/wp\/v2\/pages\/33548\/revisions\/33560"}],"wp:attachment":[{"href":"https:\/\/www.manabi.gob.ec\/index.php\/wp-json\/wp\/v2\/media?parent=33548"}],"curies":[{"name":"wp","href":"https:\/\/api.w.org\/{rel}","templated":true}]}}